{"id":1878,"date":"2024-11-26T14:16:33","date_gmt":"2024-11-26T13:16:33","guid":{"rendered":"https:\/\/kvg-bus.de\/stade\/?page_id=1878"},"modified":"2024-11-26T14:20:19","modified_gmt":"2024-11-26T13:20:19","slug":"%d0%bf%d0%b5%d1%80%d0%b5%d1%81%d1%8b%d0%bb%d0%ba%d0%b0-%d0%bd%d0%b5-%d0%b8%d0%b4%d0%b5%d0%bd%d1%82%d0%b8%d1%84%d0%b8%d1%86%d0%b8%d1%80%d1%83%d0%b5%d1%82%d1%81%d1%8f","status":"publish","type":"page","link":"https:\/\/kvg-bus.de\/stade\/ru\/mitarbeitenden-apps\/weiterleitung-nicht-identifizierbar\/","title":{"rendered":"\u041f\u0435\u0440\u0435\u0441\u044b\u043b\u043a\u0430 \u043d\u0435 \u0438\u0434\u0435\u043d\u0442\u0438\u0444\u0438\u0446\u0438\u0440\u0443\u0435\u0442\u0441\u044f"},"content":{"rendered":"<div data-elementor-type=\"wp-page\" data-elementor-id=\"1878\" class=\"elementor elementor-1878\" data-elementor-post-type=\"page\">\n\t\t\t\t<div class=\"elementor-element elementor-element-60aa40d e-flex e-con-boxed wpr-particle-no wpr-jarallax-no wpr-parallax-no wpr-sticky-section-no wpr-equal-height-no e-con e-parent\" data-id=\"60aa40d\" data-element_type=\"container\" data-e-type=\"container\">\n\t\t\t\t\t<div class=\"e-con-inner\">\n\t\t\t\t<div class=\"elementor-element elementor-element-6e8128e elementor-widget elementor-widget-heading\" data-id=\"6e8128e\" data-element_type=\"widget\" data-e-type=\"widget\" data-widget_type=\"heading.default\">\n\t\t\t\t<div class=\"elementor-widget-container\">\n\t\t\t\t\t<h2 class=\"elementor-heading-title elementor-size-default\">\u0417\u0410\u0413\u0420\u0423\u0417\u0418\u0422\u0415 \u041f\u0420\u0418\u041b\u041e\u0416\u0415\u041d\u0418\u042f \u0414\u041b\u042f \u0421\u0412\u041e\u0418\u0425 \u041a\u041e\u041b\u041b\u0415\u0413!<\/h2>\t\t\t\t<\/div>\n\t\t\t\t<\/div>\n\t\t\t\t<div class=\"elementor-element elementor-element-3e80d64 elementor-widget elementor-widget-text-editor\" data-id=\"3e80d64\" data-element_type=\"widget\" data-e-type=\"widget\" data-widget_type=\"text-editor.default\">\n\t\t\t\t<div class=\"elementor-widget-container\">\n\t\t\t\t\t\t\t\t\t<p>\u041a \u0441\u043e\u0436\u0430\u043b\u0435\u043d\u0438\u044e, \u043d\u0438 \u043e\u0434\u043d\u043e \u0438\u0437 \u043d\u0430\u0448\u0438\u0445 \u043d\u043e\u0432\u044b\u0445 \u043f\u0440\u0438\u043b\u043e\u0436\u0435\u043d\u0438\u0439 \u043d\u0435 \u0434\u043e\u0441\u0442\u0443\u043f\u043d\u043e \u0434\u043b\u044f \u0432\u0430\u0448\u0435\u0439 \u043e\u043f\u0435\u0440\u0430\u0446\u0438\u043e\u043d\u043d\u043e\u0439 \u0441\u0438\u0441\u0442\u0435\u043c\u044b. \u0421\u0441\u044b\u043b\u043a\u0438 \u0434\u043b\u044f Android \u0438 iOS \u043c\u043e\u0436\u043d\u043e \u043d\u0430\u0439\u0442\u0438 \u0437\u0434\u0435\u0441\u044c. <span class=\"external-link\" dir=\"ltr\">\u041a\u0440\u043e\u043c\u0435 \u0442\u043e\u0433\u043e, \u0432\u044b \u043c\u043e\u0436\u0435\u0442\u0435 \u0437\u0430\u0439\u0442\u0438 \u0432 \u043d\u0430\u0448 \u0447\u0430\u0442 \u0438\u043b\u0438 \u043f\u043e\u0447\u0442\u043e\u0432\u044b\u0439 \u044f\u0449\u0438\u043a \u043f\u0440\u044f\u043c\u043e \u043d\u0430 \u0441\u0430\u0439\u0442\u0435 \u043f\u043e \u0441\u043b\u0435\u0434\u0443\u044e\u0449\u0438\u043c \u0441\u0441\u044b\u043b\u043a\u0430\u043c.<\/span><\/p>\t\t\t\t\t\t\t\t<\/div>\n\t\t\t\t<\/div>\n\t\t\t\t<div class=\"elementor-element elementor-element-976a9e0 elementor-icon-list--layout-traditional elementor-list-item-link-full_width elementor-widget elementor-widget-icon-list\" data-id=\"976a9e0\" data-element_type=\"widget\" data-e-type=\"widget\" data-widget_type=\"icon-list.default\">\n\t\t\t\t<div class=\"elementor-widget-container\">\n\t\t\t\t\t\t\t<ul class=\"elementor-icon-list-items\">\n\t\t\t\t\t\t\t<li class=\"elementor-icon-list-item\">\n\t\t\t\t\t\t\t\t\t\t\t<a href=\"https:\/\/kvg-bus.de\/stade\/%d0%bf%d1%80%d0%b8%d0%bb%d0%be%d0%b6%d0%b5%d0%bd%d0%b8%d1%8f-%d0%b4%d0%bb%d1%8f-%d1%81%d0%be%d0%b2%d0%bc%d0%b5%d1%81%d1%82%d0%bd%d0%be%d0%b9-%d1%80%d0%b0%d0%b1%d0%be%d1%82%d1%8b\/%d0%bf%d0%b5%d1%80%d0%b5%d0%b0%d0%b4%d1%80%d0%b5%d1%81%d0%b0%d1%86%d0%b8%d1%8f-android-2\/\">\n\n\t\t\t\t\t\t\t\t\t\t\t\t<span class=\"elementor-icon-list-icon\">\n\t\t\t\t\t\t\t<i aria-hidden=\"true\" class=\"fab fa-google-play\"><\/i>\t\t\t\t\t\t<\/span>\n\t\t\t\t\t\t\t\t\t\t<span class=\"elementor-icon-list-text\">\u0417\u0434\u0435\u0441\u044c \u0434\u043b\u044f Android<\/span>\n\t\t\t\t\t\t\t\t\t\t\t<\/a>\n\t\t\t\t\t\t\t\t\t<\/li>\n\t\t\t\t\t\t\t\t<li class=\"elementor-icon-list-item\">\n\t\t\t\t\t\t\t\t\t\t\t<a href=\"https:\/\/kvg-bus.de\/stade\/%d0%bf%d1%80%d0%b8%d0%bb%d0%be%d0%b6%d0%b5%d0%bd%d0%b8%d1%8f-%d0%b4%d0%bb%d1%8f-%d1%81%d0%be%d0%b2%d0%bc%d0%b5%d1%81%d1%82%d0%bd%d0%be%d0%b9-%d1%80%d0%b0%d0%b1%d0%be%d1%82%d1%8b\/weiterleitung-android\/\">\n\n\t\t\t\t\t\t\t\t\t\t\t\t<span class=\"elementor-icon-list-icon\">\n\t\t\t\t\t\t\t<i aria-hidden=\"true\" class=\"fab fa-apple\"><\/i>\t\t\t\t\t\t<\/span>\n\t\t\t\t\t\t\t\t\t\t<span class=\"elementor-icon-list-text\">\u0417\u0434\u0435\u0441\u044c \u0434\u043e iOS<\/span>\n\t\t\t\t\t\t\t\t\t\t\t<\/a>\n\t\t\t\t\t\t\t\t\t<\/li>\n\t\t\t\t\t\t<\/ul>\n\t\t\t\t\t\t<\/div>\n\t\t\t\t<\/div>\n\t\t\t\t<div class=\"elementor-element elementor-element-be8177b elementor-widget elementor-widget-spacer\" data-id=\"be8177b\" data-element_type=\"widget\" data-e-type=\"widget\" data-widget_type=\"spacer.default\">\n\t\t\t\t<div class=\"elementor-widget-container\">\n\t\t\t\t\t\t\t<div class=\"elementor-spacer\">\n\t\t\t<div class=\"elementor-spacer-inner\"><\/div>\n\t\t<\/div>\n\t\t\t\t\t\t<\/div>\n\t\t\t\t<\/div>\n\t\t\t\t<div class=\"elementor-element elementor-element-5d8a83f elementor-widget elementor-widget-text-editor\" data-id=\"5d8a83f\" data-element_type=\"widget\" data-e-type=\"widget\" data-widget_type=\"text-editor.default\">\n\t\t\t\t<div class=\"elementor-widget-container\">\n\t\t\t\t\t\t\t\t\t<h3>\u041a\u0430\u043a \u0437\u0430\u0440\u0435\u0433\u0438\u0441\u0442\u0440\u0438\u0440\u043e\u0432\u0430\u0442\u044c\u0441\u044f?<\/h3><div class=\"accordion-content\"><div id=\"c3876\" class=\"frame frame-default frame-type-textmedia frame-layout-0\"><div class=\"ce-textpic ce-left ce-above\"><div class=\"ce-bodytext\"><p>\u0412\u043e\u0439\u0434\u0438\u0442\u0435 \u0432 \u043f\u0440\u0438\u043b\u043e\u0436\u0435\u043d\u0438\u0435 \u0441\u043b\u0435\u0434\u0443\u044e\u0449\u0438\u043c \u043e\u0431\u0440\u0430\u0437\u043e\u043c:<\/p><ul class=\"icons\"><li><strong>\u041f\u043e\u043b\u044c\u0437\u043e\u0432\u0430\u0442\u0435\u043b\u044c:<\/strong> BusGroup_123456 (BusGroup_Personnel_Number)<\/li><li><strong>\u041f\u0430\u0440\u043e\u043b\u044c:<\/strong> \u0444\u0438\u0437\u0438\u0447\u0435\u0441\u043a\u043e\u0435 \u043b\u0438\u0446\u043e (\u0434\u0430\u0442\u0430 \u0440\u043e\u0436\u0434\u0435\u043d\u0438\u044f \u0431\u0435\u0437 \u0442\u043e\u0447\u0435\u043a, \u0444\u043e\u0440\u043c\u0430\u0442 \u0414\u0414\u041c\u041c\u0413\u0413\u0413\u0413, \u043d\u0430\u043f\u0440\u0438\u043c\u0435\u0440, 01011980 \u0434\u043b\u044f 1 \u044f\u043d\u0432\u0430\u0440\u044f 1980 \u0433\u043e\u0434\u0430)<\/li><\/ul><p><strong>\u0412\u0430\u0436\u043d\u043e:<\/strong> \u0421\u043e\u0442\u0440\u0443\u0434\u043d\u0438\u043a\u0438 \u0430\u0434\u043c\u0438\u043d\u0438\u0441\u0442\u0440\u0430\u0446\u0438\u0438 \u043c\u043e\u0433\u0443\u0442 \u0432\u043e\u0439\u0442\u0438 \u0432 \u0441\u0438\u0441\u0442\u0435\u043c\u0443 \u043f\u043e\u0434 \u0441\u0432\u043e\u0438\u043c \u043f\u0440\u0438\u0432\u044b\u0447\u043d\u044b\u043c \u043b\u043e\u0433\u0438\u043d\u043e\u043c Windows (user@domain + password)!<\/p><\/div><\/div><\/div><\/div>\t\t\t\t\t\t\t\t<\/div>\n\t\t\t\t<\/div>\n\t\t\t\t<div class=\"elementor-element elementor-element-ab6c434 elementor-widget__width-initial elementor-widget elementor-widget-button\" data-id=\"ab6c434\" data-element_type=\"widget\" data-e-type=\"widget\" data-widget_type=\"button.default\">\n\t\t\t\t<div class=\"elementor-widget-container\">\n\t\t\t\t\t\t\t\t\t<div class=\"elementor-button-wrapper\">\n\t\t\t\t\t<a class=\"elementor-button elementor-button-link elementor-size-sm\" href=\"https:\/\/plaudern.kvg-bus.de\/keycloak\/realms\/Chat\/protocol\/openid-connect\/auth?response_type=code&#038;client_id=synapse&#038;redirect_uri=https%3A%2F%2Fplaudern.kvg-bus.de%2F_synapse%2Fclient%2Foidc%2Fcallback&#038;scope=openid+profile&#038;state=yobxKIzy1xff9ZSv0VPhAzWD5GzDU2&#038;nonce=vQr9e2zgCDLdXBog8vLhxZEZPVvMlG&#038;code_challenge_method=S256&#038;code_challenge=bdYgcnYsvUsQklkjjzlhByZnKHoklgmjVZdg4BX3EWY\">\n\t\t\t\t\t\t<span class=\"elementor-button-content-wrapper\">\n\t\t\t\t\t\t<span class=\"elementor-button-icon\">\n\t\t\t\t<i aria-hidden=\"true\" class=\"fas fa-arrow-alt-circle-right\"><\/i>\t\t\t<\/span>\n\t\t\t\t\t\t\t\t\t<span class=\"elementor-button-text\">BUS2GETHER - \u041d\u0410\u0428\u0415 \u041f\u0420\u0418\u041b\u041e\u0416\u0415\u041d\u0418\u0415<\/span>\n\t\t\t\t\t<\/span>\n\t\t\t\t\t<\/a>\n\t\t\t\t<\/div>\n\t\t\t\t\t\t\t\t<\/div>\n\t\t\t\t<\/div>\n\t\t\t\t<div class=\"elementor-element elementor-element-6cb04c4 elementor-widget__width-initial elementor-widget elementor-widget-button\" data-id=\"6cb04c4\" data-element_type=\"widget\" data-e-type=\"widget\" data-widget_type=\"button.default\">\n\t\t\t\t<div class=\"elementor-widget-container\">\n\t\t\t\t\t\t\t\t\t<div class=\"elementor-button-wrapper\">\n\t\t\t\t\t<a class=\"elementor-button elementor-button-link elementor-size-sm\" href=\"https:\/\/postbox.foxdox.de\/login?next=%2F\">\n\t\t\t\t\t\t<span class=\"elementor-button-content-wrapper\">\n\t\t\t\t\t\t<span class=\"elementor-button-icon\">\n\t\t\t\t<i aria-hidden=\"true\" class=\"fas fa-arrow-alt-circle-right\"><\/i>\t\t\t<\/span>\n\t\t\t\t\t\t\t\t\t<span class=\"elementor-button-text\">\u041f\u041e\u0427\u0422\u041e\u0412\u042b\u0419 \u042f\u0429\u0418\u041a - \u0412\u0410\u0428 \u0426\u0418\u0424\u0420\u041e\u0412\u041e\u0419 \u041f\u041e\u0427\u0422\u041e\u0412\u042b\u0419 \u042f\u0429\u0418\u041a<\/span>\n\t\t\t\t\t<\/span>\n\t\t\t\t\t<\/a>\n\t\t\t\t<\/div>\n\t\t\t\t\t\t\t\t<\/div>\n\t\t\t\t<\/div>\n\t\t\t\t<div class=\"elementor-element elementor-element-e8f7fa4 elementor-widget elementor-widget-spacer\" data-id=\"e8f7fa4\" data-element_type=\"widget\" data-e-type=\"widget\" data-widget_type=\"spacer.default\">\n\t\t\t\t<div class=\"elementor-widget-container\">\n\t\t\t\t\t\t\t<div class=\"elementor-spacer\">\n\t\t\t<div class=\"elementor-spacer-inner\"><\/div>\n\t\t<\/div>\n\t\t\t\t\t\t<\/div>\n\t\t\t\t<\/div>\n\t\t\t\t<div class=\"elementor-element elementor-element-0be1d13 elementor-widget elementor-widget-spacer\" data-id=\"0be1d13\" data-element_type=\"widget\" data-e-type=\"widget\" data-widget_type=\"spacer.default\">\n\t\t\t\t<div class=\"elementor-widget-container\">\n\t\t\t\t\t\t\t<div class=\"elementor-spacer\">\n\t\t\t<div class=\"elementor-spacer-inner\"><\/div>\n\t\t<\/div>\n\t\t\t\t\t\t<\/div>\n\t\t\t\t<\/div>\n\t\t\t\t\t<\/div>\n\t\t\t\t<\/div>\n\t\t\t\t<\/div>","protected":false},"excerpt":{"rendered":"<p>\u0417\u0410\u0413\u0420\u0423\u0417\u0418\u0422\u0415 \u041f\u0420\u0418\u041b\u041e\u0416\u0415\u041d\u0418\u042f \u0414\u041b\u042f \u0421\u0412\u041e\u0418\u0425 \u041a\u041e\u041b\u041b\u0415\u0413! \u041a \u0441\u043e\u0436\u0430\u043b\u0435\u043d\u0438\u044e, \u043d\u0438 \u043e\u0434\u043d\u043e \u0438\u0437 \u043d\u0430\u0448\u0438\u0445 \u043d\u043e\u0432\u044b\u0445 \u043f\u0440\u0438\u043b\u043e\u0436\u0435\u043d\u0438\u0439 \u043d\u0435 \u0434\u043e\u0441\u0442\u0443\u043f\u043d\u043e \u0434\u043b\u044f \u0432\u0430\u0448\u0435\u0439 \u043e\u043f\u0435\u0440\u0430\u0446\u0438\u043e\u043d\u043d\u043e\u0439 \u0441\u0438\u0441\u0442\u0435\u043c\u044b. \u0421\u0441\u044b\u043b\u043a\u0438 \u0434\u043b\u044f Android \u0438 iOS \u0432\u044b \u043c\u043e\u0436\u0435\u0442\u0435 \u043d\u0430\u0439\u0442\u0438 \u0437\u0434\u0435\u0441\u044c. \u041a\u0440\u043e\u043c\u0435 \u0442\u043e\u0433\u043e, \u0432\u044b \u043c\u043e\u0436\u0435\u0442\u0435 \u0437\u0430\u0439\u0442\u0438 \u0432 \u043d\u0430\u0448 \u0447\u0430\u0442 \u0438\u043b\u0438 \u043f\u043e\u0447\u0442\u043e\u0432\u044b\u0439 \u044f\u0449\u0438\u043a \u043f\u0440\u044f\u043c\u043e \u0432 \u0418\u043d\u0442\u0435\u0440\u043d\u0435\u0442\u0435 \u043f\u043e \u0441\u043b\u0435\u0434\u0443\u044e\u0449\u0438\u043c \u0441\u0441\u044b\u043b\u043a\u0430\u043c. \u0417\u0434\u0435\u0441\u044c \u043d\u0430 Android \u0417\u0434\u0435\u0441\u044c \u043d\u0430 iOS \u041a\u0430\u043a \u0432\u043e\u0439\u0442\u0438 \u0432 \u0441\u0438\u0441\u0442\u0435\u043c\u0443? \u0412\u043e\u0439\u0434\u0438\u0442\u0435 \u0432 \u043f\u0440\u0438\u043b\u043e\u0436\u0435\u043d\u0438\u044f \u0441\u043b\u0435\u0434\u0443\u044e\u0449\u0438\u043c \u043e\u0431\u0440\u0430\u0437\u043e\u043c: \u041f\u043e\u043b\u044c\u0437\u043e\u0432\u0430\u0442\u0435\u043b\u044c: BusGruppe_123456 (BusGruppe_Personalnummer) \u041f\u0430\u0440\u043e\u043b\u044c: \u0438\u043d\u0434\u0438\u0432\u0438\u0434\u0443\u0430\u043b\u044c\u043d\u044b\u0439 (\u0434\u0430\u0442\u0430 \u0440\u043e\u0436\u0434\u0435\u043d\u0438\u044f \u0431\u0435\u0437 \u0442\u043e\u0447\u0435\u043a, \u0444\u043e\u0440\u043c\u0430\u0442 \u0414\u0414\u041c\u041c\u0413\u0413\u0413\u0413, \u043d\u0430\u043f\u0440\u0438\u043c\u0435\u0440, 01011980 \u0434\u043b\u044f 01\/01\/1980) \u0412\u0430\u0436\u043d\u043e: \u0421\u043e\u0442\u0440\u0443\u0434\u043d\u0438\u043a\u0438 \u0430\u0434\u043c\u0438\u043d\u0438\u0441\u0442\u0440\u0430\u0446\u0438\u0438 \u043c\u043e\u0433\u0443\u0442 \u0432\u0445\u043e\u0434\u0438\u0442\u044c \u043f\u043e\u0434 \u0441\u0432\u043e\u0438\u043c \u0438\u0437\u0432\u0435\u0441\u0442\u043d\u044b\u043c \u043b\u043e\u0433\u0438\u043d\u043e\u043c Windows (user@domain + \u043f\u0430\u0440\u043e\u043b\u044c)! BUS2GETHER - \u041d\u0410\u0428\u0415 \u041f\u0420\u0418\u041b\u041e\u0416\u0415\u041d\u0418\u0415 POSTBOX - \u0412\u0410\u0428 \u0426\u0418\u0424\u0420\u041e\u0412\u041e\u0419 \u041f\u041e\u0427\u0422\u041e\u0412\u042b\u0419 \u042f\u0429\u0418\u041a<\/p>","protected":false},"author":4,"featured_media":1775,"parent":1872,"menu_order":10,"comment_status":"closed","ping_status":"closed","template":"","meta":{"footnotes":""},"class_list":["post-1878","page","type-page","status-publish","has-post-thumbnail","hentry"],"yoast_head":"<!-- This site is optimized with the Yoast SEO plugin v27.4 - https:\/\/yoast.com\/product\/yoast-seo-wordpress\/ -->\n<title>Weiterleitung nicht identifizierbar - KVG Stade<\/title>\n<meta name=\"robots\" content=\"index, follow, max-snippet:-1, max-image-preview:large, max-video-preview:-1\" \/>\n<link rel=\"canonical\" href=\"https:\/\/kvg-bus.de\/stade\/\u043f\u0440\u0438\u043b\u043e\u0436\u0435\u043d\u0438\u044f-\u0434\u043b\u044f-\u0441\u043e\u0432\u043c\u0435\u0441\u0442\u043d\u043e\u0439-\u0440\u0430\u0431\u043e\u0442\u044b\/\u043f\u0435\u0440\u0435\u0441\u044b\u043b\u043a\u0430-\u043d\u0435-\u0438\u0434\u0435\u043d\u0442\u0438\u0444\u0438\u0446\u0438\u0440\u0443\u0435\u0442\u0441\u044f\/\" \/>\n<meta property=\"og:locale\" content=\"ru_RU\" \/>\n<meta property=\"og:type\" content=\"article\" \/>\n<meta property=\"og:title\" content=\"Weiterleitung nicht identifizierbar - KVG Stade\" \/>\n<meta property=\"og:description\" content=\"DOWNLOAD DEINER MITARBEITENDEN-APPS! Leider steht f\u00fcr dein Betriebssystem keine unserer neuen Apps zur Verf\u00fcgung. Hier findest du die Links von Android und iOS. Alternativ kannst du unseren Chat oder die Postbox \u00fcber folgende Links direkt im Web erreichen. Hier zu Android Hier zu iOS Wie melde ich mich an? Du meldest dich wie folgt in den Apps an: Benutzer: BusGruppe_123456 (BusGruppe_Personalnummer) Passwort: individuell (Geburtsdatum ohne Punkte, Format TTMMJJJJ, z.B. 01011980 f\u00fcr den 01.01.1980) Wichtig: Mitarbeitende aus der Verwaltung k\u00f6nnen sich mit ihrem bekannten Windows-Login (Benutzer@Dom\u00e4ne + Passwort) anmelden! ZUR BUS2GETHER &#8211; UNSERE APP POSTBOX &#8211; DEIN DIGITALES POSTFACH\" \/>\n<meta property=\"og:url\" content=\"https:\/\/kvg-bus.de\/stade\/\u043f\u0440\u0438\u043b\u043e\u0436\u0435\u043d\u0438\u044f-\u0434\u043b\u044f-\u0441\u043e\u0432\u043c\u0435\u0441\u0442\u043d\u043e\u0439-\u0440\u0430\u0431\u043e\u0442\u044b\/\u043f\u0435\u0440\u0435\u0441\u044b\u043b\u043a\u0430-\u043d\u0435-\u0438\u0434\u0435\u043d\u0442\u0438\u0444\u0438\u0446\u0438\u0440\u0443\u0435\u0442\u0441\u044f\/\" \/>\n<meta property=\"og:site_name\" content=\"KVG Stade\" \/>\n<meta property=\"article:modified_time\" content=\"2024-11-26T13:20:19+00:00\" \/>\n<meta property=\"og:image\" content=\"https:\/\/kvg-bus.de\/stade\/wp-content\/uploads\/sites\/14\/header_karriere_home-1.png\" \/>\n\t<meta property=\"og:image:width\" content=\"1920\" \/>\n\t<meta property=\"og:image:height\" content=\"600\" \/>\n\t<meta property=\"og:image:type\" content=\"image\/png\" \/>\n<meta name=\"twitter:card\" content=\"summary_large_image\" \/>\n<meta name=\"twitter:label1\" content=\"\u041f\u0440\u0438\u043c\u0435\u0440\u043d\u043e\u0435 \u0432\u0440\u0435\u043c\u044f \u0434\u043b\u044f \u0447\u0442\u0435\u043d\u0438\u044f\" \/>\n\t<meta name=\"twitter:data1\" content=\"1 \u043c\u0438\u043d\u0443\u0442\u0430\" \/>\n<script type=\"application\/ld+json\" class=\"yoast-schema-graph\">{\"@context\":\"https:\\\/\\\/schema.org\",\"@graph\":[{\"@type\":\"WebPage\",\"@id\":\"https:\\\/\\\/kvg-bus.de\\\/stade\\\/mitarbeitenden-apps\\\/weiterleitung-nicht-identifizierbar\\\/\",\"url\":\"https:\\\/\\\/kvg-bus.de\\\/stade\\\/mitarbeitenden-apps\\\/weiterleitung-nicht-identifizierbar\\\/\",\"name\":\"Weiterleitung nicht identifizierbar - KVG Stade\",\"isPartOf\":{\"@id\":\"https:\\\/\\\/kvg-bus.de\\\/stade\\\/#website\"},\"primaryImageOfPage\":{\"@id\":\"https:\\\/\\\/kvg-bus.de\\\/stade\\\/mitarbeitenden-apps\\\/weiterleitung-nicht-identifizierbar\\\/#primaryimage\"},\"image\":{\"@id\":\"https:\\\/\\\/kvg-bus.de\\\/stade\\\/mitarbeitenden-apps\\\/weiterleitung-nicht-identifizierbar\\\/#primaryimage\"},\"thumbnailUrl\":\"https:\\\/\\\/kvg-bus.de\\\/stade\\\/wp-content\\\/uploads\\\/sites\\\/14\\\/header_karriere_home-1.png\",\"datePublished\":\"2024-11-26T13:16:33+00:00\",\"dateModified\":\"2024-11-26T13:20:19+00:00\",\"breadcrumb\":{\"@id\":\"https:\\\/\\\/kvg-bus.de\\\/stade\\\/mitarbeitenden-apps\\\/weiterleitung-nicht-identifizierbar\\\/#breadcrumb\"},\"inLanguage\":\"ru-RU\",\"potentialAction\":[{\"@type\":\"ReadAction\",\"target\":[\"https:\\\/\\\/kvg-bus.de\\\/stade\\\/mitarbeitenden-apps\\\/weiterleitung-nicht-identifizierbar\\\/\"]}]},{\"@type\":\"ImageObject\",\"inLanguage\":\"ru-RU\",\"@id\":\"https:\\\/\\\/kvg-bus.de\\\/stade\\\/mitarbeitenden-apps\\\/weiterleitung-nicht-identifizierbar\\\/#primaryimage\",\"url\":\"https:\\\/\\\/kvg-bus.de\\\/stade\\\/wp-content\\\/uploads\\\/sites\\\/14\\\/header_karriere_home-1.png\",\"contentUrl\":\"https:\\\/\\\/kvg-bus.de\\\/stade\\\/wp-content\\\/uploads\\\/sites\\\/14\\\/header_karriere_home-1.png\",\"width\":1920,\"height\":600},{\"@type\":\"BreadcrumbList\",\"@id\":\"https:\\\/\\\/kvg-bus.de\\\/stade\\\/mitarbeitenden-apps\\\/weiterleitung-nicht-identifizierbar\\\/#breadcrumb\",\"itemListElement\":[{\"@type\":\"ListItem\",\"position\":1,\"name\":\"Startseite\",\"item\":\"https:\\\/\\\/kvg-bus.de\\\/stade\\\/\"},{\"@type\":\"ListItem\",\"position\":2,\"name\":\"Mitarbeitenden-Apps\",\"item\":\"https:\\\/\\\/kvg-bus.de\\\/stade\\\/mitarbeitenden-apps\\\/\"},{\"@type\":\"ListItem\",\"position\":3,\"name\":\"Weiterleitung nicht identifizierbar\"}]},{\"@type\":\"WebSite\",\"@id\":\"https:\\\/\\\/kvg-bus.de\\\/stade\\\/#website\",\"url\":\"https:\\\/\\\/kvg-bus.de\\\/stade\\\/\",\"name\":\"KVG Stade\",\"description\":\"\",\"publisher\":{\"@id\":\"https:\\\/\\\/kvg-bus.de\\\/stade\\\/#organization\"},\"potentialAction\":[{\"@type\":\"SearchAction\",\"target\":{\"@type\":\"EntryPoint\",\"urlTemplate\":\"https:\\\/\\\/kvg-bus.de\\\/stade\\\/?s={search_term_string}\"},\"query-input\":{\"@type\":\"PropertyValueSpecification\",\"valueRequired\":true,\"valueName\":\"search_term_string\"}}],\"inLanguage\":\"ru-RU\"},{\"@type\":\"Organization\",\"@id\":\"https:\\\/\\\/kvg-bus.de\\\/stade\\\/#organization\",\"name\":\"KVG Stade\",\"url\":\"https:\\\/\\\/kvg-bus.de\\\/stade\\\/\",\"logo\":{\"@type\":\"ImageObject\",\"inLanguage\":\"ru-RU\",\"@id\":\"https:\\\/\\\/kvg-bus.de\\\/stade\\\/#\\\/schema\\\/logo\\\/image\\\/\",\"url\":\"https:\\\/\\\/kvg-bus.de\\\/stade\\\/wp-content\\\/uploads\\\/sites\\\/14\\\/kvg_logo-1.svg\",\"contentUrl\":\"https:\\\/\\\/kvg-bus.de\\\/stade\\\/wp-content\\\/uploads\\\/sites\\\/14\\\/kvg_logo-1.svg\",\"width\":1322,\"height\":404,\"caption\":\"KVG Stade\"},\"image\":{\"@id\":\"https:\\\/\\\/kvg-bus.de\\\/stade\\\/#\\\/schema\\\/logo\\\/image\\\/\"}}]}<\/script>\n<!-- \/ Yoast SEO plugin. -->","yoast_head_json":{"title":"\u042d\u043a\u0441\u043f\u0435\u0434\u0438\u0442\u043e\u0440 \u043d\u0435 \u0438\u0434\u0435\u043d\u0442\u0438\u0444\u0438\u0446\u0438\u0440\u0443\u0435\u0442\u0441\u044f - KVG Stade","robots":{"index":"index","follow":"follow","max-snippet":"max-snippet:-1","max-image-preview":"max-image-preview:large","max-video-preview":"max-video-preview:-1"},"canonical":"https:\/\/kvg-bus.de\/stade\/\u043f\u0440\u0438\u043b\u043e\u0436\u0435\u043d\u0438\u044f-\u0434\u043b\u044f-\u0441\u043e\u0432\u043c\u0435\u0441\u0442\u043d\u043e\u0439-\u0440\u0430\u0431\u043e\u0442\u044b\/\u043f\u0435\u0440\u0435\u0441\u044b\u043b\u043a\u0430-\u043d\u0435-\u0438\u0434\u0435\u043d\u0442\u0438\u0444\u0438\u0446\u0438\u0440\u0443\u0435\u0442\u0441\u044f\/","og_locale":"ru_RU","og_type":"article","og_title":"Weiterleitung nicht identifizierbar - KVG Stade","og_description":"DOWNLOAD DEINER MITARBEITENDEN-APPS! Leider steht f\u00fcr dein Betriebssystem keine unserer neuen Apps zur Verf\u00fcgung. Hier findest du die Links von Android und iOS. Alternativ kannst du unseren Chat oder die Postbox \u00fcber folgende Links direkt im Web erreichen. Hier zu Android Hier zu iOS Wie melde ich mich an? Du meldest dich wie folgt in den Apps an: Benutzer: BusGruppe_123456 (BusGruppe_Personalnummer) Passwort: individuell (Geburtsdatum ohne Punkte, Format TTMMJJJJ, z.B. 01011980 f\u00fcr den 01.01.1980) Wichtig: Mitarbeitende aus der Verwaltung k\u00f6nnen sich mit ihrem bekannten Windows-Login (Benutzer@Dom\u00e4ne + Passwort) anmelden! ZUR BUS2GETHER &#8211; UNSERE APP POSTBOX &#8211; DEIN DIGITALES POSTFACH","og_url":"https:\/\/kvg-bus.de\/stade\/\u043f\u0440\u0438\u043b\u043e\u0436\u0435\u043d\u0438\u044f-\u0434\u043b\u044f-\u0441\u043e\u0432\u043c\u0435\u0441\u0442\u043d\u043e\u0439-\u0440\u0430\u0431\u043e\u0442\u044b\/\u043f\u0435\u0440\u0435\u0441\u044b\u043b\u043a\u0430-\u043d\u0435-\u0438\u0434\u0435\u043d\u0442\u0438\u0444\u0438\u0446\u0438\u0440\u0443\u0435\u0442\u0441\u044f\/","og_site_name":"KVG Stade","article_modified_time":"2024-11-26T13:20:19+00:00","og_image":[{"width":1920,"height":600,"url":"https:\/\/kvg-bus.de\/stade\/wp-content\/uploads\/sites\/14\/header_karriere_home-1.png","type":"image\/png"}],"twitter_card":"summary_large_image","twitter_misc":{"\u041f\u0440\u0438\u043c\u0435\u0440\u043d\u043e\u0435 \u0432\u0440\u0435\u043c\u044f \u0434\u043b\u044f \u0447\u0442\u0435\u043d\u0438\u044f":"1 \u043c\u0438\u043d\u0443\u0442\u0430"},"schema":{"@context":"https:\/\/schema.org","@graph":[{"@type":"WebPage","@id":"https:\/\/kvg-bus.de\/stade\/mitarbeitenden-apps\/weiterleitung-nicht-identifizierbar\/","url":"https:\/\/kvg-bus.de\/stade\/mitarbeitenden-apps\/weiterleitung-nicht-identifizierbar\/","name":"\u042d\u043a\u0441\u043f\u0435\u0434\u0438\u0442\u043e\u0440 \u043d\u0435 \u0438\u0434\u0435\u043d\u0442\u0438\u0444\u0438\u0446\u0438\u0440\u0443\u0435\u0442\u0441\u044f - KVG Stade","isPartOf":{"@id":"https:\/\/kvg-bus.de\/stade\/#website"},"primaryImageOfPage":{"@id":"https:\/\/kvg-bus.de\/stade\/mitarbeitenden-apps\/weiterleitung-nicht-identifizierbar\/#primaryimage"},"image":{"@id":"https:\/\/kvg-bus.de\/stade\/mitarbeitenden-apps\/weiterleitung-nicht-identifizierbar\/#primaryimage"},"thumbnailUrl":"https:\/\/kvg-bus.de\/stade\/wp-content\/uploads\/sites\/14\/header_karriere_home-1.png","datePublished":"2024-11-26T13:16:33+00:00","dateModified":"2024-11-26T13:20:19+00:00","breadcrumb":{"@id":"https:\/\/kvg-bus.de\/stade\/mitarbeitenden-apps\/weiterleitung-nicht-identifizierbar\/#breadcrumb"},"inLanguage":"ru-RU","potentialAction":[{"@type":"ReadAction","target":["https:\/\/kvg-bus.de\/stade\/mitarbeitenden-apps\/weiterleitung-nicht-identifizierbar\/"]}]},{"@type":"ImageObject","inLanguage":"ru-RU","@id":"https:\/\/kvg-bus.de\/stade\/mitarbeitenden-apps\/weiterleitung-nicht-identifizierbar\/#primaryimage","url":"https:\/\/kvg-bus.de\/stade\/wp-content\/uploads\/sites\/14\/header_karriere_home-1.png","contentUrl":"https:\/\/kvg-bus.de\/stade\/wp-content\/uploads\/sites\/14\/header_karriere_home-1.png","width":1920,"height":600},{"@type":"BreadcrumbList","@id":"https:\/\/kvg-bus.de\/stade\/mitarbeitenden-apps\/weiterleitung-nicht-identifizierbar\/#breadcrumb","itemListElement":[{"@type":"ListItem","position":1,"name":"Startseite","item":"https:\/\/kvg-bus.de\/stade\/"},{"@type":"ListItem","position":2,"name":"Mitarbeitenden-Apps","item":"https:\/\/kvg-bus.de\/stade\/mitarbeitenden-apps\/"},{"@type":"ListItem","position":3,"name":"Weiterleitung nicht identifizierbar"}]},{"@type":"WebSite","@id":"https:\/\/kvg-bus.de\/stade\/#website","url":"https:\/\/kvg-bus.de\/stade\/","name":"KVG Stade","description":"","publisher":{"@id":"https:\/\/kvg-bus.de\/stade\/#organization"},"potentialAction":[{"@type":"SearchAction","target":{"@type":"EntryPoint","urlTemplate":"https:\/\/kvg-bus.de\/stade\/?s={search_term_string}"},"query-input":{"@type":"PropertyValueSpecification","valueRequired":true,"valueName":"search_term_string"}}],"inLanguage":"ru-RU"},{"@type":"Organization","@id":"https:\/\/kvg-bus.de\/stade\/#organization","name":"KVG Stade","url":"https:\/\/kvg-bus.de\/stade\/","logo":{"@type":"ImageObject","inLanguage":"ru-RU","@id":"https:\/\/kvg-bus.de\/stade\/#\/schema\/logo\/image\/","url":"https:\/\/kvg-bus.de\/stade\/wp-content\/uploads\/sites\/14\/kvg_logo-1.svg","contentUrl":"https:\/\/kvg-bus.de\/stade\/wp-content\/uploads\/sites\/14\/kvg_logo-1.svg","width":1322,"height":404,"caption":"KVG Stade"},"image":{"@id":"https:\/\/kvg-bus.de\/stade\/#\/schema\/logo\/image\/"}}]}},"_links":{"self":[{"href":"https:\/\/kvg-bus.de\/stade\/ru\/wp-json\/wp\/v2\/pages\/1878","targetHints":{"allow":["GET"]}}],"collection":[{"href":"https:\/\/kvg-bus.de\/stade\/ru\/wp-json\/wp\/v2\/pages"}],"about":[{"href":"https:\/\/kvg-bus.de\/stade\/ru\/wp-json\/wp\/v2\/types\/page"}],"author":[{"embeddable":true,"href":"https:\/\/kvg-bus.de\/stade\/ru\/wp-json\/wp\/v2\/users\/4"}],"replies":[{"embeddable":true,"href":"https:\/\/kvg-bus.de\/stade\/ru\/wp-json\/wp\/v2\/comments?post=1878"}],"version-history":[{"count":0,"href":"https:\/\/kvg-bus.de\/stade\/ru\/wp-json\/wp\/v2\/pages\/1878\/revisions"}],"up":[{"embeddable":true,"href":"https:\/\/kvg-bus.de\/stade\/ru\/wp-json\/wp\/v2\/pages\/1872"}],"wp:featuredmedia":[{"embeddable":true,"href":"https:\/\/kvg-bus.de\/stade\/ru\/wp-json\/wp\/v2\/media\/1775"}],"wp:attachment":[{"href":"https:\/\/kvg-bus.de\/stade\/ru\/wp-json\/wp\/v2\/media?parent=1878"}],"curies":[{"name":"wp","href":"https:\/\/api.w.org\/{rel}","templated":true}]}}