{"id":1877,"date":"2024-11-26T14:17:54","date_gmt":"2024-11-26T13:17:54","guid":{"rendered":"https:\/\/kvg-bus.de\/stade\/?page_id=1877"},"modified":"2025-06-04T09:24:42","modified_gmt":"2025-06-04T07:24:42","slug":"przekierowanie-android-2","status":"publish","type":"page","link":"https:\/\/kvg-bus.de\/stade\/pl\/mitarbeitenden-apps\/weiterleitung-android-2\/","title":{"rendered":"Przekierowanie Android"},"content":{"rendered":"<div data-elementor-type=\"wp-page\" data-elementor-id=\"1877\" class=\"elementor elementor-1877\" data-elementor-post-type=\"page\">\n\t\t\t\t<div class=\"elementor-element elementor-element-60aa40d e-flex e-con-boxed wpr-particle-no wpr-jarallax-no wpr-parallax-no wpr-sticky-section-no wpr-equal-height-no e-con e-parent\" data-id=\"60aa40d\" data-element_type=\"container\" data-e-type=\"container\">\n\t\t\t\t\t<div class=\"e-con-inner\">\n\t\t\t\t<div class=\"elementor-element elementor-element-6e8128e elementor-widget elementor-widget-heading\" data-id=\"6e8128e\" data-element_type=\"widget\" data-e-type=\"widget\" data-widget_type=\"heading.default\">\n\t\t\t\t<div class=\"elementor-widget-container\">\n\t\t\t\t\t<h2 class=\"elementor-heading-title elementor-size-default\">POBIERZ APLIKACJE DLA WSP\u00d3\u0141PRACOWNIK\u00d3W!<\/h2>\t\t\t\t<\/div>\n\t\t\t\t<\/div>\n\t\t\t\t<div class=\"elementor-element elementor-element-3e80d64 elementor-widget elementor-widget-text-editor\" data-id=\"3e80d64\" data-element_type=\"widget\" data-e-type=\"widget\" data-widget_type=\"text-editor.default\">\n\t\t\t\t<div class=\"elementor-widget-container\">\n\t\t\t\t\t\t\t\t\t<p>Tutaj mo\u017cna znale\u017a\u0107 wszystkie nowe aplikacje do pobrania w sklepie Google Play! Wystarczy klikn\u0105\u0107 poni\u017cszy obraz, aby pobra\u0107 aplikacje.<\/p>\t\t\t\t\t\t\t\t<\/div>\n\t\t\t\t<\/div>\n\t\t\t\t<div class=\"elementor-element elementor-element-976a9e0 elementor-icon-list--layout-traditional elementor-list-item-link-full_width elementor-widget elementor-widget-icon-list\" data-id=\"976a9e0\" data-element_type=\"widget\" data-e-type=\"widget\" data-widget_type=\"icon-list.default\">\n\t\t\t\t<div class=\"elementor-widget-container\">\n\t\t\t\t\t\t\t<ul class=\"elementor-icon-list-items\">\n\t\t\t\t\t\t\t<li class=\"elementor-icon-list-item\">\n\t\t\t\t\t\t\t\t\t\t\t<a href=\"https:\/\/play.google.com\/store\/apps\/details?id=de.kvg.bus.mitarbeiterapp.android&#038;gl=DE\">\n\n\t\t\t\t\t\t\t\t\t\t\t\t<span class=\"elementor-icon-list-icon\">\n\t\t\t\t\t\t\t<i aria-hidden=\"true\" class=\"fas fa-check\"><\/i>\t\t\t\t\t\t<\/span>\n\t\t\t\t\t\t\t\t\t\t<span class=\"elementor-icon-list-text\">bus2go: harmonogramy dy\u017cur\u00f3w, wiadomo\u015bci, powiadomienia i wiele wi\u0119cej!<\/span>\n\t\t\t\t\t\t\t\t\t\t\t<\/a>\n\t\t\t\t\t\t\t\t\t<\/li>\n\t\t\t\t\t\t\t\t<li class=\"elementor-icon-list-item\">\n\t\t\t\t\t\t\t\t\t\t\t<a href=\"https:\/\/play.google.com\/store\/apps\/details?id=de.kvg.bus.plaudern.android&#038;gl=DE\">\n\n\t\t\t\t\t\t\t\t\t\t\t\t<span class=\"elementor-icon-list-icon\">\n\t\t\t\t\t\t\t<i aria-hidden=\"true\" class=\"fas fa-check\"><\/i>\t\t\t\t\t\t<\/span>\n\t\t\t\t\t\t\t\t\t\t<span class=\"elementor-icon-list-text\">bus2gether: Szyfrowane czaty ze wsp\u00f3\u0142pracownikami<\/span>\n\t\t\t\t\t\t\t\t\t\t\t<\/a>\n\t\t\t\t\t\t\t\t\t<\/li>\n\t\t\t\t\t\t\t\t<li class=\"elementor-icon-list-item\">\n\t\t\t\t\t\t\t\t\t\t\t<a href=\"https:\/\/play.google.com\/store\/apps\/details?id=de.foxdox.postbox&#038;gl=DE\">\n\n\t\t\t\t\t\t\t\t\t\t\t\t<span class=\"elementor-icon-list-icon\">\n\t\t\t\t\t\t\t<i aria-hidden=\"true\" class=\"fas fa-check\"><\/i>\t\t\t\t\t\t<\/span>\n\t\t\t\t\t\t\t\t\t\t<span class=\"elementor-icon-list-text\">Skrzynka pocztowa: Cyfrowa skrzynka pocztowa z osobistymi odcinkami wyp\u0142at itp.<\/span>\n\t\t\t\t\t\t\t\t\t\t\t<\/a>\n\t\t\t\t\t\t\t\t\t<\/li>\n\t\t\t\t\t\t<\/ul>\n\t\t\t\t\t\t<\/div>\n\t\t\t\t<\/div>\n\t\t\t\t<div class=\"elementor-element elementor-element-be8177b elementor-widget elementor-widget-spacer\" data-id=\"be8177b\" data-element_type=\"widget\" data-e-type=\"widget\" data-widget_type=\"spacer.default\">\n\t\t\t\t<div class=\"elementor-widget-container\">\n\t\t\t\t\t\t\t<div class=\"elementor-spacer\">\n\t\t\t<div class=\"elementor-spacer-inner\"><\/div>\n\t\t<\/div>\n\t\t\t\t\t\t<\/div>\n\t\t\t\t<\/div>\n\t\t\t\t<div class=\"elementor-element elementor-element-5d8a83f elementor-widget elementor-widget-text-editor\" data-id=\"5d8a83f\" data-element_type=\"widget\" data-e-type=\"widget\" data-widget_type=\"text-editor.default\">\n\t\t\t\t<div class=\"elementor-widget-container\">\n\t\t\t\t\t\t\t\t\t<h3>Jak si\u0119 zarejestrowa\u0107?<\/h3><div class=\"accordion-content\"><div id=\"c3876\" class=\"frame frame-default frame-type-textmedia frame-layout-0\"><div class=\"ce-textpic ce-left ce-above\"><div class=\"ce-bodytext\"><p>Zaloguj si\u0119 do aplikacji w nast\u0119puj\u0105cy spos\u00f3b:<\/p><ul class=\"icons\"><li><strong>U\u017cytkownik:<\/strong> BusGroup_123456 (BusGroup_Personnel_Number)<\/li><li><strong>Has\u0142o:<\/strong> osoba fizyczna (data urodzenia bez kropek, format DDMMRRRR, np. 01011980 dla 1 stycznia 1980 r.)<\/li><\/ul><p><strong>Wa\u017cne:<\/strong> Pracownicy administracji mog\u0105 zalogowa\u0107 si\u0119 za pomoc\u0105 znanego loginu Windows (u\u017cytkownik@domena + has\u0142o)!<\/p><\/div><\/div><\/div><\/div>\t\t\t\t\t\t\t\t<\/div>\n\t\t\t\t<\/div>\n\t\t\t\t<div class=\"elementor-element elementor-element-ab6c434 elementor-widget__width-initial elementor-widget elementor-widget-button\" data-id=\"ab6c434\" data-element_type=\"widget\" data-e-type=\"widget\" data-widget_type=\"button.default\">\n\t\t\t\t<div class=\"elementor-widget-container\">\n\t\t\t\t\t\t\t\t\t<div class=\"elementor-button-wrapper\">\n\t\t\t\t\t<a class=\"elementor-button elementor-button-link elementor-size-sm\" href=\"https:\/\/play.google.com\/store\/apps\/details?id=de.kvg.bus.mitarbeiterapp.android&#038;gl=DE\">\n\t\t\t\t\t\t<span class=\"elementor-button-content-wrapper\">\n\t\t\t\t\t\t<span class=\"elementor-button-icon\">\n\t\t\t\t<i aria-hidden=\"true\" class=\"fab fa-google-play\"><\/i>\t\t\t<\/span>\n\t\t\t\t\t\t\t\t\t<span class=\"elementor-button-text\">DO BUS2GO - TWOJA APLIKACJA<\/span>\n\t\t\t\t\t<\/span>\n\t\t\t\t\t<\/a>\n\t\t\t\t<\/div>\n\t\t\t\t\t\t\t\t<\/div>\n\t\t\t\t<\/div>\n\t\t\t\t<div class=\"elementor-element elementor-element-955a480 elementor-widget__width-initial elementor-widget elementor-widget-button\" data-id=\"955a480\" data-element_type=\"widget\" data-e-type=\"widget\" data-widget_type=\"button.default\">\n\t\t\t\t<div class=\"elementor-widget-container\">\n\t\t\t\t\t\t\t\t\t<div class=\"elementor-button-wrapper\">\n\t\t\t\t\t<a class=\"elementor-button elementor-button-link elementor-size-sm\" href=\"https:\/\/play.google.com\/store\/apps\/details?id=de.kvg.bus.plaudern.android&#038;gl=DE\">\n\t\t\t\t\t\t<span class=\"elementor-button-content-wrapper\">\n\t\t\t\t\t\t<span class=\"elementor-button-icon\">\n\t\t\t\t<i aria-hidden=\"true\" class=\"fab fa-google-play\"><\/i>\t\t\t<\/span>\n\t\t\t\t\t\t\t\t\t<span class=\"elementor-button-text\">DO BUS2GETHER - NASZEJ APLIKACJI<\/span>\n\t\t\t\t\t<\/span>\n\t\t\t\t\t<\/a>\n\t\t\t\t<\/div>\n\t\t\t\t\t\t\t\t<\/div>\n\t\t\t\t<\/div>\n\t\t\t\t<div class=\"elementor-element elementor-element-aaa2852 elementor-widget__width-initial elementor-widget elementor-widget-button\" data-id=\"aaa2852\" data-element_type=\"widget\" data-e-type=\"widget\" data-widget_type=\"button.default\">\n\t\t\t\t<div class=\"elementor-widget-container\">\n\t\t\t\t\t\t\t\t\t<div class=\"elementor-button-wrapper\">\n\t\t\t\t\t<a class=\"elementor-button elementor-button-link elementor-size-sm\" href=\"https:\/\/play.google.com\/store\/apps\/details?id=de.foxdox.postbox&#038;gl=DE\">\n\t\t\t\t\t\t<span class=\"elementor-button-content-wrapper\">\n\t\t\t\t\t\t<span class=\"elementor-button-icon\">\n\t\t\t\t<i aria-hidden=\"true\" class=\"fab fa-google-play\"><\/i>\t\t\t<\/span>\n\t\t\t\t\t\t\t\t\t<span class=\"elementor-button-text\">DO SKRZYNKI POCZTOWEJ - TWOJA CYFROWA SKRZYNKA POCZTOWA<\/span>\n\t\t\t\t\t<\/span>\n\t\t\t\t\t<\/a>\n\t\t\t\t<\/div>\n\t\t\t\t\t\t\t\t<\/div>\n\t\t\t\t<\/div>\n\t\t\t\t<div class=\"elementor-element elementor-element-e8f7fa4 elementor-widget elementor-widget-spacer\" data-id=\"e8f7fa4\" data-element_type=\"widget\" data-e-type=\"widget\" data-widget_type=\"spacer.default\">\n\t\t\t\t<div class=\"elementor-widget-container\">\n\t\t\t\t\t\t\t<div class=\"elementor-spacer\">\n\t\t\t<div class=\"elementor-spacer-inner\"><\/div>\n\t\t<\/div>\n\t\t\t\t\t\t<\/div>\n\t\t\t\t<\/div>\n\t\t\t\t<div class=\"elementor-element elementor-element-0be1d13 elementor-widget elementor-widget-spacer\" data-id=\"0be1d13\" data-element_type=\"widget\" data-e-type=\"widget\" data-widget_type=\"spacer.default\">\n\t\t\t\t<div class=\"elementor-widget-container\">\n\t\t\t\t\t\t\t<div class=\"elementor-spacer\">\n\t\t\t<div class=\"elementor-spacer-inner\"><\/div>\n\t\t<\/div>\n\t\t\t\t\t\t<\/div>\n\t\t\t\t<\/div>\n\t\t\t\t\t<\/div>\n\t\t\t\t<\/div>\n\t\t\t\t<\/div>","protected":false},"excerpt":{"rendered":"<p>POBIERZ APLIKACJE DLA WSP\u00d3\u0141PRACOWNIK\u00d3W! Tutaj znajdziesz wszystkie nowe aplikacje do pobrania w sklepie Google Play! Wystarczy klikn\u0105\u0107 na poni\u017cszy obrazek, aby pobra\u0107 aplikacje. bus2go: Dy\u017cury, wiadomo\u015bci, powiadomienia i wiele wi\u0119cej! bus2gether: Szyfrowane czaty z kolegami Postbox: Cyfrowa skrzynka pocztowa z osobistymi odcinkami wyp\u0142at itp. Jak si\u0119 zarejestrowa\u0107? Zaloguj si\u0119 do aplikacji w nast\u0119puj\u0105cy spos\u00f3b: U\u017cytkownik: BusGruppe_123456 (BusGruppe_Personalnummer) Has\u0142o: indywidualne (data urodzenia bez kropek, format DDMMRRRR, np. 01011980 dla 1 stycznia 1980 r.) Wa\u017cne: Pracownicy administracji mog\u0105 zalogowa\u0107 si\u0119 za pomoc\u0105 znanego im loginu Windows (user@domain + has\u0142o)! DO BUS2GO - TWOJA APLIKACJA DO BUS2GETHER - NASZA APLIKACJA DO POSTBOX - TWOJA CYFROWA SKRZYNKA POCZTOWA<\/p>","protected":false},"author":4,"featured_media":1775,"parent":1872,"menu_order":8,"comment_status":"closed","ping_status":"closed","template":"","meta":{"footnotes":""},"class_list":["post-1877","page","type-page","status-publish","has-post-thumbnail","hentry"],"yoast_head":"<!-- This site is optimized with the Yoast SEO plugin v27.4 - https:\/\/yoast.com\/product\/yoast-seo-wordpress\/ -->\n<title>Weiterleitung Android - KVG Stade<\/title>\n<meta name=\"robots\" content=\"index, follow, max-snippet:-1, max-image-preview:large, max-video-preview:-1\" \/>\n<link rel=\"canonical\" href=\"https:\/\/kvg-bus.de\/stade\/wspolpracujace-aplikacje\/przekierowanie-android-2\/\" \/>\n<meta property=\"og:locale\" content=\"pl_PL\" \/>\n<meta property=\"og:type\" content=\"article\" \/>\n<meta property=\"og:title\" content=\"Weiterleitung Android - KVG Stade\" \/>\n<meta property=\"og:description\" content=\"DOWNLOAD DEINER MITARBEITENDEN-APPS! Hier findest du alle deine neuen Apps zum Download in deinem Google Play Store! Klick einfach weiter unten auf das Bild und schon kannst du die Apps herunterladen. bus2go: Dienstpl\u00e4ne, News, Aush\u00e4nge und vieles mehr! bus2gether: Verschl\u00fcsselte Chats mit deinen Kolleg\/-innen Postbox: Dein digitales Postfach mit deinen pers\u00f6nlichen Gehaltsabrechnungen usw. Wie melde ich mich an? Du meldest dich wie folgt in den Apps an: Benutzer: BusGruppe_123456 (BusGruppe_Personalnummer) Passwort: individuell (Geburtsdatum ohne Punkte, Format TTMMJJJJ, z.B. 01011980 f\u00fcr den 01.01.1980) Wichtig: Mitarbeitende aus der Verwaltung k\u00f6nnen sich mit ihrem bekannten Windows-Login (Benutzer@Dom\u00e4ne + Passwort) anmelden! ZUR BUS2GO &#8211; DEINE APP ZUR BUS2GETHER &#8211; UNSERE APP ZUR POSTBOX &#8211; DEIN DIGITALTES POSTFACH\" \/>\n<meta property=\"og:url\" content=\"https:\/\/kvg-bus.de\/stade\/wspolpracujace-aplikacje\/przekierowanie-android-2\/\" \/>\n<meta property=\"og:site_name\" content=\"KVG Stade\" \/>\n<meta property=\"article:modified_time\" content=\"2025-06-04T07:24:42+00:00\" \/>\n<meta property=\"og:image\" content=\"https:\/\/kvg-bus.de\/stade\/wp-content\/uploads\/sites\/14\/header_karriere_home-1.png\" \/>\n\t<meta property=\"og:image:width\" content=\"1920\" \/>\n\t<meta property=\"og:image:height\" content=\"600\" \/>\n\t<meta property=\"og:image:type\" content=\"image\/png\" \/>\n<meta name=\"twitter:card\" content=\"summary_large_image\" \/>\n<meta name=\"twitter:label1\" content=\"Szacowany czas czytania\" \/>\n\t<meta name=\"twitter:data1\" content=\"1 minuta\" \/>\n<script type=\"application\/ld+json\" class=\"yoast-schema-graph\">{\"@context\":\"https:\\\/\\\/schema.org\",\"@graph\":[{\"@type\":\"WebPage\",\"@id\":\"https:\\\/\\\/kvg-bus.de\\\/stade\\\/mitarbeitenden-apps\\\/weiterleitung-android-2\\\/\",\"url\":\"https:\\\/\\\/kvg-bus.de\\\/stade\\\/mitarbeitenden-apps\\\/weiterleitung-android-2\\\/\",\"name\":\"Weiterleitung Android - KVG Stade\",\"isPartOf\":{\"@id\":\"https:\\\/\\\/kvg-bus.de\\\/stade\\\/#website\"},\"primaryImageOfPage\":{\"@id\":\"https:\\\/\\\/kvg-bus.de\\\/stade\\\/mitarbeitenden-apps\\\/weiterleitung-android-2\\\/#primaryimage\"},\"image\":{\"@id\":\"https:\\\/\\\/kvg-bus.de\\\/stade\\\/mitarbeitenden-apps\\\/weiterleitung-android-2\\\/#primaryimage\"},\"thumbnailUrl\":\"https:\\\/\\\/kvg-bus.de\\\/stade\\\/wp-content\\\/uploads\\\/sites\\\/14\\\/header_karriere_home-1.png\",\"datePublished\":\"2024-11-26T13:17:54+00:00\",\"dateModified\":\"2025-06-04T07:24:42+00:00\",\"breadcrumb\":{\"@id\":\"https:\\\/\\\/kvg-bus.de\\\/stade\\\/mitarbeitenden-apps\\\/weiterleitung-android-2\\\/#breadcrumb\"},\"inLanguage\":\"pl-PL\",\"potentialAction\":[{\"@type\":\"ReadAction\",\"target\":[\"https:\\\/\\\/kvg-bus.de\\\/stade\\\/mitarbeitenden-apps\\\/weiterleitung-android-2\\\/\"]}]},{\"@type\":\"ImageObject\",\"inLanguage\":\"pl-PL\",\"@id\":\"https:\\\/\\\/kvg-bus.de\\\/stade\\\/mitarbeitenden-apps\\\/weiterleitung-android-2\\\/#primaryimage\",\"url\":\"https:\\\/\\\/kvg-bus.de\\\/stade\\\/wp-content\\\/uploads\\\/sites\\\/14\\\/header_karriere_home-1.png\",\"contentUrl\":\"https:\\\/\\\/kvg-bus.de\\\/stade\\\/wp-content\\\/uploads\\\/sites\\\/14\\\/header_karriere_home-1.png\",\"width\":1920,\"height\":600},{\"@type\":\"BreadcrumbList\",\"@id\":\"https:\\\/\\\/kvg-bus.de\\\/stade\\\/mitarbeitenden-apps\\\/weiterleitung-android-2\\\/#breadcrumb\",\"itemListElement\":[{\"@type\":\"ListItem\",\"position\":1,\"name\":\"Startseite\",\"item\":\"https:\\\/\\\/kvg-bus.de\\\/stade\\\/\"},{\"@type\":\"ListItem\",\"position\":2,\"name\":\"Mitarbeitenden-Apps\",\"item\":\"https:\\\/\\\/kvg-bus.de\\\/stade\\\/mitarbeitenden-apps\\\/\"},{\"@type\":\"ListItem\",\"position\":3,\"name\":\"Weiterleitung Android\"}]},{\"@type\":\"WebSite\",\"@id\":\"https:\\\/\\\/kvg-bus.de\\\/stade\\\/#website\",\"url\":\"https:\\\/\\\/kvg-bus.de\\\/stade\\\/\",\"name\":\"KVG Stade\",\"description\":\"\",\"publisher\":{\"@id\":\"https:\\\/\\\/kvg-bus.de\\\/stade\\\/#organization\"},\"potentialAction\":[{\"@type\":\"SearchAction\",\"target\":{\"@type\":\"EntryPoint\",\"urlTemplate\":\"https:\\\/\\\/kvg-bus.de\\\/stade\\\/?s={search_term_string}\"},\"query-input\":{\"@type\":\"PropertyValueSpecification\",\"valueRequired\":true,\"valueName\":\"search_term_string\"}}],\"inLanguage\":\"pl-PL\"},{\"@type\":\"Organization\",\"@id\":\"https:\\\/\\\/kvg-bus.de\\\/stade\\\/#organization\",\"name\":\"KVG Stade\",\"url\":\"https:\\\/\\\/kvg-bus.de\\\/stade\\\/\",\"logo\":{\"@type\":\"ImageObject\",\"inLanguage\":\"pl-PL\",\"@id\":\"https:\\\/\\\/kvg-bus.de\\\/stade\\\/#\\\/schema\\\/logo\\\/image\\\/\",\"url\":\"https:\\\/\\\/kvg-bus.de\\\/stade\\\/wp-content\\\/uploads\\\/sites\\\/14\\\/kvg_logo-1.svg\",\"contentUrl\":\"https:\\\/\\\/kvg-bus.de\\\/stade\\\/wp-content\\\/uploads\\\/sites\\\/14\\\/kvg_logo-1.svg\",\"width\":1322,\"height\":404,\"caption\":\"KVG Stade\"},\"image\":{\"@id\":\"https:\\\/\\\/kvg-bus.de\\\/stade\\\/#\\\/schema\\\/logo\\\/image\\\/\"}}]}<\/script>\n<!-- \/ Yoast SEO plugin. -->","yoast_head_json":{"title":"Spedytor Android - KVG Stade","robots":{"index":"index","follow":"follow","max-snippet":"max-snippet:-1","max-image-preview":"max-image-preview:large","max-video-preview":"max-video-preview:-1"},"canonical":"https:\/\/kvg-bus.de\/stade\/wspolpracujace-aplikacje\/przekierowanie-android-2\/","og_locale":"pl_PL","og_type":"article","og_title":"Weiterleitung Android - KVG Stade","og_description":"DOWNLOAD DEINER MITARBEITENDEN-APPS! Hier findest du alle deine neuen Apps zum Download in deinem Google Play Store! Klick einfach weiter unten auf das Bild und schon kannst du die Apps herunterladen. bus2go: Dienstpl\u00e4ne, News, Aush\u00e4nge und vieles mehr! bus2gether: Verschl\u00fcsselte Chats mit deinen Kolleg\/-innen Postbox: Dein digitales Postfach mit deinen pers\u00f6nlichen Gehaltsabrechnungen usw. Wie melde ich mich an? Du meldest dich wie folgt in den Apps an: Benutzer: BusGruppe_123456 (BusGruppe_Personalnummer) Passwort: individuell (Geburtsdatum ohne Punkte, Format TTMMJJJJ, z.B. 01011980 f\u00fcr den 01.01.1980) Wichtig: Mitarbeitende aus der Verwaltung k\u00f6nnen sich mit ihrem bekannten Windows-Login (Benutzer@Dom\u00e4ne + Passwort) anmelden! ZUR BUS2GO &#8211; DEINE APP ZUR BUS2GETHER &#8211; UNSERE APP ZUR POSTBOX &#8211; DEIN DIGITALTES POSTFACH","og_url":"https:\/\/kvg-bus.de\/stade\/wspolpracujace-aplikacje\/przekierowanie-android-2\/","og_site_name":"KVG Stade","article_modified_time":"2025-06-04T07:24:42+00:00","og_image":[{"width":1920,"height":600,"url":"https:\/\/kvg-bus.de\/stade\/wp-content\/uploads\/sites\/14\/header_karriere_home-1.png","type":"image\/png"}],"twitter_card":"summary_large_image","twitter_misc":{"Szacowany czas czytania":"1 minuta"},"schema":{"@context":"https:\/\/schema.org","@graph":[{"@type":"WebPage","@id":"https:\/\/kvg-bus.de\/stade\/mitarbeitenden-apps\/weiterleitung-android-2\/","url":"https:\/\/kvg-bus.de\/stade\/mitarbeitenden-apps\/weiterleitung-android-2\/","name":"Spedytor Android - KVG Stade","isPartOf":{"@id":"https:\/\/kvg-bus.de\/stade\/#website"},"primaryImageOfPage":{"@id":"https:\/\/kvg-bus.de\/stade\/mitarbeitenden-apps\/weiterleitung-android-2\/#primaryimage"},"image":{"@id":"https:\/\/kvg-bus.de\/stade\/mitarbeitenden-apps\/weiterleitung-android-2\/#primaryimage"},"thumbnailUrl":"https:\/\/kvg-bus.de\/stade\/wp-content\/uploads\/sites\/14\/header_karriere_home-1.png","datePublished":"2024-11-26T13:17:54+00:00","dateModified":"2025-06-04T07:24:42+00:00","breadcrumb":{"@id":"https:\/\/kvg-bus.de\/stade\/mitarbeitenden-apps\/weiterleitung-android-2\/#breadcrumb"},"inLanguage":"pl-PL","potentialAction":[{"@type":"ReadAction","target":["https:\/\/kvg-bus.de\/stade\/mitarbeitenden-apps\/weiterleitung-android-2\/"]}]},{"@type":"ImageObject","inLanguage":"pl-PL","@id":"https:\/\/kvg-bus.de\/stade\/mitarbeitenden-apps\/weiterleitung-android-2\/#primaryimage","url":"https:\/\/kvg-bus.de\/stade\/wp-content\/uploads\/sites\/14\/header_karriere_home-1.png","contentUrl":"https:\/\/kvg-bus.de\/stade\/wp-content\/uploads\/sites\/14\/header_karriere_home-1.png","width":1920,"height":600},{"@type":"BreadcrumbList","@id":"https:\/\/kvg-bus.de\/stade\/mitarbeitenden-apps\/weiterleitung-android-2\/#breadcrumb","itemListElement":[{"@type":"ListItem","position":1,"name":"Startseite","item":"https:\/\/kvg-bus.de\/stade\/"},{"@type":"ListItem","position":2,"name":"Mitarbeitenden-Apps","item":"https:\/\/kvg-bus.de\/stade\/mitarbeitenden-apps\/"},{"@type":"ListItem","position":3,"name":"Weiterleitung Android"}]},{"@type":"WebSite","@id":"https:\/\/kvg-bus.de\/stade\/#website","url":"https:\/\/kvg-bus.de\/stade\/","name":"KVG Stade","description":"","publisher":{"@id":"https:\/\/kvg-bus.de\/stade\/#organization"},"potentialAction":[{"@type":"SearchAction","target":{"@type":"EntryPoint","urlTemplate":"https:\/\/kvg-bus.de\/stade\/?s={search_term_string}"},"query-input":{"@type":"PropertyValueSpecification","valueRequired":true,"valueName":"search_term_string"}}],"inLanguage":"pl-PL"},{"@type":"Organization","@id":"https:\/\/kvg-bus.de\/stade\/#organization","name":"KVG Stade","url":"https:\/\/kvg-bus.de\/stade\/","logo":{"@type":"ImageObject","inLanguage":"pl-PL","@id":"https:\/\/kvg-bus.de\/stade\/#\/schema\/logo\/image\/","url":"https:\/\/kvg-bus.de\/stade\/wp-content\/uploads\/sites\/14\/kvg_logo-1.svg","contentUrl":"https:\/\/kvg-bus.de\/stade\/wp-content\/uploads\/sites\/14\/kvg_logo-1.svg","width":1322,"height":404,"caption":"KVG Stade"},"image":{"@id":"https:\/\/kvg-bus.de\/stade\/#\/schema\/logo\/image\/"}}]}},"_links":{"self":[{"href":"https:\/\/kvg-bus.de\/stade\/pl\/wp-json\/wp\/v2\/pages\/1877","targetHints":{"allow":["GET"]}}],"collection":[{"href":"https:\/\/kvg-bus.de\/stade\/pl\/wp-json\/wp\/v2\/pages"}],"about":[{"href":"https:\/\/kvg-bus.de\/stade\/pl\/wp-json\/wp\/v2\/types\/page"}],"author":[{"embeddable":true,"href":"https:\/\/kvg-bus.de\/stade\/pl\/wp-json\/wp\/v2\/users\/4"}],"replies":[{"embeddable":true,"href":"https:\/\/kvg-bus.de\/stade\/pl\/wp-json\/wp\/v2\/comments?post=1877"}],"version-history":[{"count":0,"href":"https:\/\/kvg-bus.de\/stade\/pl\/wp-json\/wp\/v2\/pages\/1877\/revisions"}],"up":[{"embeddable":true,"href":"https:\/\/kvg-bus.de\/stade\/pl\/wp-json\/wp\/v2\/pages\/1872"}],"wp:featuredmedia":[{"embeddable":true,"href":"https:\/\/kvg-bus.de\/stade\/pl\/wp-json\/wp\/v2\/media\/1775"}],"wp:attachment":[{"href":"https:\/\/kvg-bus.de\/stade\/pl\/wp-json\/wp\/v2\/media?parent=1877"}],"curies":[{"name":"wp","href":"https:\/\/api.w.org\/{rel}","templated":true}]}}