{"id":1869,"date":"2024-11-25T14:59:07","date_gmt":"2024-11-25T13:59:07","guid":{"rendered":"https:\/\/kvg-bus.de\/stade\/?page_id=1869"},"modified":"2024-11-25T15:11:23","modified_gmt":"2024-11-25T14:11:23","slug":"ochrona-danych-rufmobil","status":"publish","type":"page","link":"https:\/\/kvg-bus.de\/stade\/pl\/mobilitaet\/rufmobil\/datenschutz-rufmobil\/","title":{"rendered":"Ochrona danych RufMobil"},"content":{"rendered":"<div data-elementor-type=\"wp-page\" data-elementor-id=\"1869\" class=\"elementor elementor-1869\" data-elementor-post-type=\"page\">\n\t\t\t\t<div class=\"elementor-element elementor-element-603037f e-flex e-con-boxed wpr-particle-no wpr-jarallax-no wpr-parallax-no wpr-sticky-section-no wpr-equal-height-no e-con e-parent\" data-id=\"603037f\" data-element_type=\"container\" data-e-type=\"container\">\n\t\t\t\t\t<div class=\"e-con-inner\">\n\t\t\t\t<div class=\"elementor-element elementor-element-bd0d98e elementor-widget elementor-widget-text-editor\" data-id=\"bd0d98e\" data-element_type=\"widget\" data-e-type=\"widget\" data-widget_type=\"text-editor.default\">\n\t\t\t\t<div class=\"elementor-widget-container\">\n\t\t\t\t\t\t\t\t\t<div class=\"content-item-spaceAfter content-item-white\"><div class=\"box-content\"><div id=\"c4837\" class=\"frame frame-default frame-type-textmedia frame-layout-0\"><header><h1 class=\"\">INFORMACJE O OCHRONIE DANYCH W APLIKACJI RUFMOBIL<\/h1><\/header><div class=\"ce-textpic ce-left ce-above\"><div class=\"ce-bodytext\"><p>Aplikacja s\u0142u\u017cy pasa\u017cerom zar\u00f3wno jako narz\u0119dzie informacyjne, jak i do rezerwacji podr\u00f3\u017cy. Rejestracja nie jest wymagana, aby uzyska\u0107 informacje o czasie podr\u00f3\u017cy i przystankach autobusu na wezwanie lub klasycznych us\u0142ugach rozk\u0142adowych. Z kolei rezerwacja jest mo\u017cliwa tylko wtedy, gdy pasa\u017cer zarejestruje si\u0119 w aplikacji.<\/p><h2>\u00a0<br \/>Jakie dane s\u0105 gromadzone?<\/h2><p>Rezerwacja jest spersonalizowana. W tym celu wymagane dane osobowe s\u0105 przechowywane w systemie. Zapisywany jest r\u00f3wnie\u017c czas ostatniej rejestracji.<\/p><p>Personel przetwarzaj\u0105cy mo\u017ce przegl\u0105da\u0107 nast\u0119puj\u0105ce dane:<\/p><ul class=\"icons\"><li>Imi\u0119, nazwisko<\/li><li>Adres e-mail<\/li><li>Numer telefonu<\/li><li>ostatnia rejestracja<\/li><\/ul><p>Dost\u0119p pasa\u017cera do systemu mo\u017ce zosta\u0107 zablokowany w dowolnym momencie przez centrum rezerwacji (dy\u017curne centrum autobusowe). Pasa\u017cer zostanie poinformowany o zablokowaniu za pomoc\u0105 powiadomienia przy nast\u0119pnej rejestracji. Ponowna rejestracja jest w\u00f3wczas mo\u017cliwa wy\u0142\u0105cznie po telefonicznym skontaktowaniu si\u0119 z dy\u017curnym centrum autobusowym.<\/p><p>Dane te s\u0105 wykorzystywane wy\u0142\u0105cznie w celu przetwarzania zam\u00f3wie\u0144 na przejazdy i statystycznej oceny autobusu. Dane nie s\u0105 sprzedawane stronom trzecim ani wprowadzane do obrotu w \u017caden inny spos\u00f3b.<\/p><p>Ponadto pewne wymagane informacje s\u0105 przekazywane do sklepu z aplikacjami wybranego przez u\u017cytkownika (np. Google Play lub Apple App Store) podczas pobierania aplikacji \"Mein RufMobil\". Przetwarzane mog\u0105 by\u0107 nazwa u\u017cytkownika, adres e-mail podany w odpowiednim sklepie z aplikacjami, godzina pobrania oraz indywidualny numer identyfikacyjny urz\u0105dzenia. Dane te s\u0105 przetwarzane wy\u0142\u0105cznie przez odpowiedni sklep z aplikacjami i s\u0105 poza nasz\u0105 kontrol\u0105.<\/p><h4>Czas przechowywania:<\/h4><p>Je\u015bli pasa\u017cer nie korzysta z konta przez ponad trzy miesi\u0105ce, rejestracja i dane osobowe s\u0105 automatycznie usuwane.<\/p><h4>Mo\u017cliwo\u015b\u0107 sprzeciwu i usuni\u0119cia:<\/h4><p>U\u017cytkownik mo\u017ce odwo\u0142a\u0107 swoj\u0105 zgod\u0119 na przechowywanie danych w dowolnym momencie. <a class=\"internal-link\" title=\"Otwiera link wewn\u0119trzny w bie\u017c\u0105cym oknie\" href=\"https:\/\/kvg-bus.de\/stade\/kontakt\/\">Formularz kontaktowy <\/a>odwo\u0142any.<br \/>\u00a0<\/p><h2>Wydawca<\/h2><p>Eckardt Software Management ESM GmbH<\/p><\/div><\/div><\/div><\/div><\/div>\t\t\t\t\t\t\t\t<\/div>\n\t\t\t\t<\/div>\n\t\t\t\t\t<\/div>\n\t\t\t\t<\/div>\n\t\t\t\t<\/div>","protected":false},"excerpt":{"rendered":"<p>DATENSCHUTZHINWEISE ZUR RUFMOBIL-APP Die Rufbus-App\u00a0 dient dem Fahrgast sowohl als Auskunftstool als auch zur Buchung des Fahrtangebots. Allein zur Auskunft \u00fcber die Fahrzeiten und Haltestellen des Rufbusses oder der klassischen Linienverkehre ist keine Registrierung notwendig. Die Buchung hingegen ist nur mit einer Registrierung des Fahrgastes in der Fahrgast-App m\u00f6glich. \u00a0Welche Daten werden erhoben? Die Buchung ist personengebunden. Daf\u00fcr werden die abgefragten pers\u00f6nlichen Daten im System gespeichert. Zus\u00e4tzlich wird der Zeitpunkt der letzten Anmeldung gespeichert. Das bearbeitende Personal kann folgende Daten einsehen: Vorname, Name E-Mail-Adresse Telefonnummer letzte Anmeldung Der Zugang des Fahrgastes zum System kann jederzeit durch die Buchungszentrale (Rufbuszentrale) gesperrt werden. Die Sperrung wird dem Fahrgast bei der n\u00e4chsten Anmeldung \u00fcber einen Hinweis bekannt gegeben. Eine erneute Anmeldung erfolgt dann nur nach telefonischer Kontaktaufnahme mit der Rufbuszentrale. Die Daten dienen ausschlie\u00dflich dem Zweck der Abwicklung der Fahrtauftr\u00e4ge und der statistischen Auswertung des Rufbusses. Die Daten werden weder an Dritte verkauft noch anderweitig vermarktet. Zus\u00e4tzlich werden beim Download der Rufbus-App &#8222;Mein RufMobil&#8220; bestimmte erforderliche Informationen an den vom Nutzer ausgew\u00e4hlten App-Store (z.B. Google Play oder Apple App Store) \u00fcbermittelt. Dabei k\u00f6nnen der Nutzername, die im jeweiligen App-Store angegebene E-Mail-Adresse, der Zeitpunkt des Downloads sowie die individuelle Ger\u00e4tekennziffer verarbeitet werden. Die Verarbeitung dieser Daten erfolgt ausschlie\u00dflich durch den jeweiligen App-Store und liegt au\u00dferhalb unseres Einflussbereiches. Speicherdauer: Wird der Zugang vom Fahrgast l\u00e4nger als drei Monate nicht benutzt, werden die Registrierung und die pers\u00f6nlichen Daten automatisch gel\u00f6scht. Widerspruchs- und Beseitigungsm\u00f6glichkeit: Sie k\u00f6nnen Ihre Einwilligung zur Speicherung der Daten jederzeit Kontaktformular widerrufen.\u00a0 Herausgeber Eckardt Software Management ESM GmbH<\/p>","protected":false},"author":4,"featured_media":1480,"parent":1327,"menu_order":27,"comment_status":"closed","ping_status":"closed","template":"","meta":{"footnotes":""},"class_list":["post-1869","page","type-page","status-publish","has-post-thumbnail","hentry"],"yoast_head":"<!-- This site is optimized with the Yoast SEO plugin v27.4 - https:\/\/yoast.com\/product\/yoast-seo-wordpress\/ -->\n<title>Datenschutz RufMobil - KVG Stade<\/title>\n<meta name=\"robots\" content=\"index, follow, max-snippet:-1, max-image-preview:large, max-video-preview:-1\" \/>\n<link rel=\"canonical\" href=\"https:\/\/kvg-bus.de\/stade\/mobilnosc\/rufmobil\/ochrona-danych-rufmobil\/\" \/>\n<meta property=\"og:locale\" content=\"pl_PL\" \/>\n<meta property=\"og:type\" content=\"article\" \/>\n<meta property=\"og:title\" content=\"Datenschutz RufMobil - KVG Stade\" \/>\n<meta property=\"og:description\" content=\"DATENSCHUTZHINWEISE ZUR RUFMOBIL-APP Die Rufbus-App\u00a0 dient dem Fahrgast sowohl als Auskunftstool als auch zur Buchung des Fahrtangebots. Allein zur Auskunft \u00fcber die Fahrzeiten und Haltestellen des Rufbusses oder der klassischen Linienverkehre ist keine Registrierung notwendig. Die Buchung hingegen ist nur mit einer Registrierung des Fahrgastes in der Fahrgast-App m\u00f6glich. \u00a0Welche Daten werden erhoben? Die Buchung ist personengebunden. Daf\u00fcr werden die abgefragten pers\u00f6nlichen Daten im System gespeichert. Zus\u00e4tzlich wird der Zeitpunkt der letzten Anmeldung gespeichert. Das bearbeitende Personal kann folgende Daten einsehen: Vorname, Name E-Mail-Adresse Telefonnummer letzte Anmeldung Der Zugang des Fahrgastes zum System kann jederzeit durch die Buchungszentrale (Rufbuszentrale) gesperrt werden. Die Sperrung wird dem Fahrgast bei der n\u00e4chsten Anmeldung \u00fcber einen Hinweis bekannt gegeben. Eine erneute Anmeldung erfolgt dann nur nach telefonischer Kontaktaufnahme mit der Rufbuszentrale. Die Daten dienen ausschlie\u00dflich dem Zweck der Abwicklung der Fahrtauftr\u00e4ge und der statistischen Auswertung des Rufbusses. Die Daten werden weder an Dritte verkauft noch anderweitig vermarktet. Zus\u00e4tzlich werden beim Download der Rufbus-App &#8222;Mein RufMobil&#8220; bestimmte erforderliche Informationen an den vom Nutzer ausgew\u00e4hlten App-Store (z.B. Google Play oder Apple App Store) \u00fcbermittelt. Dabei k\u00f6nnen der Nutzername, die im jeweiligen App-Store angegebene E-Mail-Adresse, der Zeitpunkt des Downloads sowie die individuelle Ger\u00e4tekennziffer verarbeitet werden. Die Verarbeitung dieser Daten erfolgt ausschlie\u00dflich durch den jeweiligen App-Store und liegt au\u00dferhalb unseres Einflussbereiches. Speicherdauer: Wird der Zugang vom Fahrgast l\u00e4nger als drei Monate nicht benutzt, werden die Registrierung und die pers\u00f6nlichen Daten automatisch gel\u00f6scht. Widerspruchs- und Beseitigungsm\u00f6glichkeit: Sie k\u00f6nnen Ihre Einwilligung zur Speicherung der Daten jederzeit Kontaktformular widerrufen.\u00a0 Herausgeber Eckardt Software Management ESM GmbH\" \/>\n<meta property=\"og:url\" content=\"https:\/\/kvg-bus.de\/stade\/mobilnosc\/rufmobil\/ochrona-danych-rufmobil\/\" \/>\n<meta property=\"og:site_name\" content=\"KVG Stade\" \/>\n<meta property=\"article:modified_time\" content=\"2024-11-25T14:11:23+00:00\" \/>\n<meta property=\"og:image\" content=\"https:\/\/kvg-bus.de\/stade\/wp-content\/uploads\/sites\/14\/header_rufmobil_subsite.png\" \/>\n\t<meta property=\"og:image:width\" content=\"1920\" \/>\n\t<meta property=\"og:image:height\" content=\"600\" \/>\n\t<meta property=\"og:image:type\" content=\"image\/png\" \/>\n<meta name=\"twitter:card\" content=\"summary_large_image\" \/>\n<meta name=\"twitter:label1\" content=\"Szacowany czas czytania\" \/>\n\t<meta name=\"twitter:data1\" content=\"2 minuty\" \/>\n<script type=\"application\/ld+json\" class=\"yoast-schema-graph\">{\"@context\":\"https:\\\/\\\/schema.org\",\"@graph\":[{\"@type\":\"WebPage\",\"@id\":\"https:\\\/\\\/kvg-bus.de\\\/stade\\\/mobilitaet\\\/rufmobil\\\/datenschutz-rufmobil\\\/\",\"url\":\"https:\\\/\\\/kvg-bus.de\\\/stade\\\/mobilitaet\\\/rufmobil\\\/datenschutz-rufmobil\\\/\",\"name\":\"Datenschutz RufMobil - KVG Stade\",\"isPartOf\":{\"@id\":\"https:\\\/\\\/kvg-bus.de\\\/stade\\\/#website\"},\"primaryImageOfPage\":{\"@id\":\"https:\\\/\\\/kvg-bus.de\\\/stade\\\/mobilitaet\\\/rufmobil\\\/datenschutz-rufmobil\\\/#primaryimage\"},\"image\":{\"@id\":\"https:\\\/\\\/kvg-bus.de\\\/stade\\\/mobilitaet\\\/rufmobil\\\/datenschutz-rufmobil\\\/#primaryimage\"},\"thumbnailUrl\":\"https:\\\/\\\/kvg-bus.de\\\/stade\\\/wp-content\\\/uploads\\\/sites\\\/14\\\/header_rufmobil_subsite.png\",\"datePublished\":\"2024-11-25T13:59:07+00:00\",\"dateModified\":\"2024-11-25T14:11:23+00:00\",\"breadcrumb\":{\"@id\":\"https:\\\/\\\/kvg-bus.de\\\/stade\\\/mobilitaet\\\/rufmobil\\\/datenschutz-rufmobil\\\/#breadcrumb\"},\"inLanguage\":\"pl-PL\",\"potentialAction\":[{\"@type\":\"ReadAction\",\"target\":[\"https:\\\/\\\/kvg-bus.de\\\/stade\\\/mobilitaet\\\/rufmobil\\\/datenschutz-rufmobil\\\/\"]}]},{\"@type\":\"ImageObject\",\"inLanguage\":\"pl-PL\",\"@id\":\"https:\\\/\\\/kvg-bus.de\\\/stade\\\/mobilitaet\\\/rufmobil\\\/datenschutz-rufmobil\\\/#primaryimage\",\"url\":\"https:\\\/\\\/kvg-bus.de\\\/stade\\\/wp-content\\\/uploads\\\/sites\\\/14\\\/header_rufmobil_subsite.png\",\"contentUrl\":\"https:\\\/\\\/kvg-bus.de\\\/stade\\\/wp-content\\\/uploads\\\/sites\\\/14\\\/header_rufmobil_subsite.png\",\"width\":1920,\"height\":600},{\"@type\":\"BreadcrumbList\",\"@id\":\"https:\\\/\\\/kvg-bus.de\\\/stade\\\/mobilitaet\\\/rufmobil\\\/datenschutz-rufmobil\\\/#breadcrumb\",\"itemListElement\":[{\"@type\":\"ListItem\",\"position\":1,\"name\":\"Startseite\",\"item\":\"https:\\\/\\\/kvg-bus.de\\\/stade\\\/\"},{\"@type\":\"ListItem\",\"position\":2,\"name\":\"Mobilit\u00e4t\",\"item\":\"https:\\\/\\\/kvg-bus.de\\\/stade\\\/mobilitaet\\\/\"},{\"@type\":\"ListItem\",\"position\":3,\"name\":\"RufMobil\",\"item\":\"https:\\\/\\\/kvg-bus.de\\\/stade\\\/mobilitaet\\\/rufmobil\\\/\"},{\"@type\":\"ListItem\",\"position\":4,\"name\":\"Datenschutz RufMobil\"}]},{\"@type\":\"WebSite\",\"@id\":\"https:\\\/\\\/kvg-bus.de\\\/stade\\\/#website\",\"url\":\"https:\\\/\\\/kvg-bus.de\\\/stade\\\/\",\"name\":\"KVG Stade\",\"description\":\"\",\"publisher\":{\"@id\":\"https:\\\/\\\/kvg-bus.de\\\/stade\\\/#organization\"},\"potentialAction\":[{\"@type\":\"SearchAction\",\"target\":{\"@type\":\"EntryPoint\",\"urlTemplate\":\"https:\\\/\\\/kvg-bus.de\\\/stade\\\/?s={search_term_string}\"},\"query-input\":{\"@type\":\"PropertyValueSpecification\",\"valueRequired\":true,\"valueName\":\"search_term_string\"}}],\"inLanguage\":\"pl-PL\"},{\"@type\":\"Organization\",\"@id\":\"https:\\\/\\\/kvg-bus.de\\\/stade\\\/#organization\",\"name\":\"KVG Stade\",\"url\":\"https:\\\/\\\/kvg-bus.de\\\/stade\\\/\",\"logo\":{\"@type\":\"ImageObject\",\"inLanguage\":\"pl-PL\",\"@id\":\"https:\\\/\\\/kvg-bus.de\\\/stade\\\/#\\\/schema\\\/logo\\\/image\\\/\",\"url\":\"https:\\\/\\\/kvg-bus.de\\\/stade\\\/wp-content\\\/uploads\\\/sites\\\/14\\\/kvg_logo-1.svg\",\"contentUrl\":\"https:\\\/\\\/kvg-bus.de\\\/stade\\\/wp-content\\\/uploads\\\/sites\\\/14\\\/kvg_logo-1.svg\",\"width\":1322,\"height\":404,\"caption\":\"KVG Stade\"},\"image\":{\"@id\":\"https:\\\/\\\/kvg-bus.de\\\/stade\\\/#\\\/schema\\\/logo\\\/image\\\/\"}}]}<\/script>\n<!-- \/ Yoast SEO plugin. -->","yoast_head_json":{"title":"Ochrona danych RufMobil - KVG Stade","robots":{"index":"index","follow":"follow","max-snippet":"max-snippet:-1","max-image-preview":"max-image-preview:large","max-video-preview":"max-video-preview:-1"},"canonical":"https:\/\/kvg-bus.de\/stade\/mobilnosc\/rufmobil\/ochrona-danych-rufmobil\/","og_locale":"pl_PL","og_type":"article","og_title":"Datenschutz RufMobil - KVG Stade","og_description":"DATENSCHUTZHINWEISE ZUR RUFMOBIL-APP Die Rufbus-App\u00a0 dient dem Fahrgast sowohl als Auskunftstool als auch zur Buchung des Fahrtangebots. Allein zur Auskunft \u00fcber die Fahrzeiten und Haltestellen des Rufbusses oder der klassischen Linienverkehre ist keine Registrierung notwendig. Die Buchung hingegen ist nur mit einer Registrierung des Fahrgastes in der Fahrgast-App m\u00f6glich. \u00a0Welche Daten werden erhoben? Die Buchung ist personengebunden. Daf\u00fcr werden die abgefragten pers\u00f6nlichen Daten im System gespeichert. Zus\u00e4tzlich wird der Zeitpunkt der letzten Anmeldung gespeichert. Das bearbeitende Personal kann folgende Daten einsehen: Vorname, Name E-Mail-Adresse Telefonnummer letzte Anmeldung Der Zugang des Fahrgastes zum System kann jederzeit durch die Buchungszentrale (Rufbuszentrale) gesperrt werden. Die Sperrung wird dem Fahrgast bei der n\u00e4chsten Anmeldung \u00fcber einen Hinweis bekannt gegeben. Eine erneute Anmeldung erfolgt dann nur nach telefonischer Kontaktaufnahme mit der Rufbuszentrale. Die Daten dienen ausschlie\u00dflich dem Zweck der Abwicklung der Fahrtauftr\u00e4ge und der statistischen Auswertung des Rufbusses. Die Daten werden weder an Dritte verkauft noch anderweitig vermarktet. Zus\u00e4tzlich werden beim Download der Rufbus-App &#8222;Mein RufMobil&#8220; bestimmte erforderliche Informationen an den vom Nutzer ausgew\u00e4hlten App-Store (z.B. Google Play oder Apple App Store) \u00fcbermittelt. Dabei k\u00f6nnen der Nutzername, die im jeweiligen App-Store angegebene E-Mail-Adresse, der Zeitpunkt des Downloads sowie die individuelle Ger\u00e4tekennziffer verarbeitet werden. Die Verarbeitung dieser Daten erfolgt ausschlie\u00dflich durch den jeweiligen App-Store und liegt au\u00dferhalb unseres Einflussbereiches. Speicherdauer: Wird der Zugang vom Fahrgast l\u00e4nger als drei Monate nicht benutzt, werden die Registrierung und die pers\u00f6nlichen Daten automatisch gel\u00f6scht. Widerspruchs- und Beseitigungsm\u00f6glichkeit: Sie k\u00f6nnen Ihre Einwilligung zur Speicherung der Daten jederzeit Kontaktformular widerrufen.\u00a0 Herausgeber Eckardt Software Management ESM GmbH","og_url":"https:\/\/kvg-bus.de\/stade\/mobilnosc\/rufmobil\/ochrona-danych-rufmobil\/","og_site_name":"KVG Stade","article_modified_time":"2024-11-25T14:11:23+00:00","og_image":[{"width":1920,"height":600,"url":"https:\/\/kvg-bus.de\/stade\/wp-content\/uploads\/sites\/14\/header_rufmobil_subsite.png","type":"image\/png"}],"twitter_card":"summary_large_image","twitter_misc":{"Szacowany czas czytania":"2 minuty"},"schema":{"@context":"https:\/\/schema.org","@graph":[{"@type":"WebPage","@id":"https:\/\/kvg-bus.de\/stade\/mobilitaet\/rufmobil\/datenschutz-rufmobil\/","url":"https:\/\/kvg-bus.de\/stade\/mobilitaet\/rufmobil\/datenschutz-rufmobil\/","name":"Ochrona danych RufMobil - KVG Stade","isPartOf":{"@id":"https:\/\/kvg-bus.de\/stade\/#website"},"primaryImageOfPage":{"@id":"https:\/\/kvg-bus.de\/stade\/mobilitaet\/rufmobil\/datenschutz-rufmobil\/#primaryimage"},"image":{"@id":"https:\/\/kvg-bus.de\/stade\/mobilitaet\/rufmobil\/datenschutz-rufmobil\/#primaryimage"},"thumbnailUrl":"https:\/\/kvg-bus.de\/stade\/wp-content\/uploads\/sites\/14\/header_rufmobil_subsite.png","datePublished":"2024-11-25T13:59:07+00:00","dateModified":"2024-11-25T14:11:23+00:00","breadcrumb":{"@id":"https:\/\/kvg-bus.de\/stade\/mobilitaet\/rufmobil\/datenschutz-rufmobil\/#breadcrumb"},"inLanguage":"pl-PL","potentialAction":[{"@type":"ReadAction","target":["https:\/\/kvg-bus.de\/stade\/mobilitaet\/rufmobil\/datenschutz-rufmobil\/"]}]},{"@type":"ImageObject","inLanguage":"pl-PL","@id":"https:\/\/kvg-bus.de\/stade\/mobilitaet\/rufmobil\/datenschutz-rufmobil\/#primaryimage","url":"https:\/\/kvg-bus.de\/stade\/wp-content\/uploads\/sites\/14\/header_rufmobil_subsite.png","contentUrl":"https:\/\/kvg-bus.de\/stade\/wp-content\/uploads\/sites\/14\/header_rufmobil_subsite.png","width":1920,"height":600},{"@type":"BreadcrumbList","@id":"https:\/\/kvg-bus.de\/stade\/mobilitaet\/rufmobil\/datenschutz-rufmobil\/#breadcrumb","itemListElement":[{"@type":"ListItem","position":1,"name":"Startseite","item":"https:\/\/kvg-bus.de\/stade\/"},{"@type":"ListItem","position":2,"name":"Mobilit\u00e4t","item":"https:\/\/kvg-bus.de\/stade\/mobilitaet\/"},{"@type":"ListItem","position":3,"name":"RufMobil","item":"https:\/\/kvg-bus.de\/stade\/mobilitaet\/rufmobil\/"},{"@type":"ListItem","position":4,"name":"Datenschutz RufMobil"}]},{"@type":"WebSite","@id":"https:\/\/kvg-bus.de\/stade\/#website","url":"https:\/\/kvg-bus.de\/stade\/","name":"KVG Stade","description":"","publisher":{"@id":"https:\/\/kvg-bus.de\/stade\/#organization"},"potentialAction":[{"@type":"SearchAction","target":{"@type":"EntryPoint","urlTemplate":"https:\/\/kvg-bus.de\/stade\/?s={search_term_string}"},"query-input":{"@type":"PropertyValueSpecification","valueRequired":true,"valueName":"search_term_string"}}],"inLanguage":"pl-PL"},{"@type":"Organization","@id":"https:\/\/kvg-bus.de\/stade\/#organization","name":"KVG Stade","url":"https:\/\/kvg-bus.de\/stade\/","logo":{"@type":"ImageObject","inLanguage":"pl-PL","@id":"https:\/\/kvg-bus.de\/stade\/#\/schema\/logo\/image\/","url":"https:\/\/kvg-bus.de\/stade\/wp-content\/uploads\/sites\/14\/kvg_logo-1.svg","contentUrl":"https:\/\/kvg-bus.de\/stade\/wp-content\/uploads\/sites\/14\/kvg_logo-1.svg","width":1322,"height":404,"caption":"KVG Stade"},"image":{"@id":"https:\/\/kvg-bus.de\/stade\/#\/schema\/logo\/image\/"}}]}},"_links":{"self":[{"href":"https:\/\/kvg-bus.de\/stade\/pl\/wp-json\/wp\/v2\/pages\/1869","targetHints":{"allow":["GET"]}}],"collection":[{"href":"https:\/\/kvg-bus.de\/stade\/pl\/wp-json\/wp\/v2\/pages"}],"about":[{"href":"https:\/\/kvg-bus.de\/stade\/pl\/wp-json\/wp\/v2\/types\/page"}],"author":[{"embeddable":true,"href":"https:\/\/kvg-bus.de\/stade\/pl\/wp-json\/wp\/v2\/users\/4"}],"replies":[{"embeddable":true,"href":"https:\/\/kvg-bus.de\/stade\/pl\/wp-json\/wp\/v2\/comments?post=1869"}],"version-history":[{"count":0,"href":"https:\/\/kvg-bus.de\/stade\/pl\/wp-json\/wp\/v2\/pages\/1869\/revisions"}],"up":[{"embeddable":true,"href":"https:\/\/kvg-bus.de\/stade\/pl\/wp-json\/wp\/v2\/pages\/1327"}],"wp:featuredmedia":[{"embeddable":true,"href":"https:\/\/kvg-bus.de\/stade\/pl\/wp-json\/wp\/v2\/media\/1480"}],"wp:attachment":[{"href":"https:\/\/kvg-bus.de\/stade\/pl\/wp-json\/wp\/v2\/media?parent=1869"}],"curies":[{"name":"wp","href":"https:\/\/api.w.org\/{rel}","templated":true}]}}