{"id":1867,"date":"2024-11-25T13:49:23","date_gmt":"2024-11-25T12:49:23","guid":{"rendered":"https:\/\/kvg-bus.de\/stade\/?page_id=1867"},"modified":"2024-11-25T13:52:29","modified_gmt":"2024-11-25T12:52:29","slug":"dziekuje","status":"publish","type":"page","link":"https:\/\/kvg-bus.de\/stade\/pl\/danke\/","title":{"rendered":"DZI\u0118KUJ\u0118!"},"content":{"rendered":"<div data-elementor-type=\"wp-page\" data-elementor-id=\"1867\" class=\"elementor elementor-1867\" data-elementor-post-type=\"page\">\n\t\t\t\t<div class=\"elementor-element elementor-element-19df828 e-flex e-con-boxed wpr-particle-no wpr-jarallax-no wpr-parallax-no wpr-sticky-section-no wpr-equal-height-no e-con e-parent\" data-id=\"19df828\" data-element_type=\"container\" data-e-type=\"container\">\n\t\t\t\t\t<div class=\"e-con-inner\">\n\t\t\t\t<div class=\"elementor-element elementor-element-208da06 elementor-widget elementor-widget-text-editor\" data-id=\"208da06\" data-element_type=\"widget\" data-e-type=\"widget\" data-widget_type=\"text-editor.default\">\n\t\t\t\t<div class=\"elementor-widget-container\">\n\t\t\t\t\t\t\t\t\t<h1>M\u00f3wimy DZI\u0118KUJEMY<\/h1><p>\u015awi\u0119ta Bo\u017cego Narodzenia s\u0105 tu\u017c za rogiem, a rok zbli\u017ca si\u0119 ku ko\u0144cowi. Chcieliby\u015bmy skorzysta\u0107 z tej okazji, aby powiedzie\u0107 DZI\u0118KUJEMY.<\/p><p>DZI\u0118KUJEMY za lojalno\u015b\u0107 i zaufanie. Doceniamy ka\u017cde mi\u0142e s\u0142owo i ka\u017cdy przyjazny gest okazywany naszym kierowcom autobus\u00f3w.<\/p><p>DZI\u0118KUJEMY r\u00f3wnie\u017c za wyrozumia\u0142o\u015b\u0107, gdy autobus by\u0142 op\u00f3\u017aniony, poniewa\u017c utkn\u0105\u0142 w korku lub musia\u0142 skorzysta\u0107 z objazdu.<\/p><p>DZI\u0118KUJEMY za wsparcie w ankietach pasa\u017cerskich i DZI\u0118KUJEMY za sugestie i krytyk\u0119. Pomaga nam to dostosowa\u0107 nasze us\u0142ugi do Pa\u0144stwa potrzeb.<\/p><p>DZI\u0118KUJEMY z ca\u0142ego serca. Jako wyraz naszej wdzi\u0119czno\u015bci, niniejszym prezentujemy s\u0142odki upominek.<\/p><p>Twoje zaufanie i wsparcie s\u0105 dla nas bardzo wa\u017cne. Z niecierpliwo\u015bci\u0105 czekamy na dalsze powitanie Ci\u0119 jako pasa\u017cera.<\/p><p>Z ca\u0142ego serca \u017cyczymy Weso\u0142ych \u015awi\u0105t! Ciesz si\u0119 okresem \u015bwi\u0105tecznym z najbli\u017cszymi i \u017cyczymy udanego startu w nowy rok!<\/p><p>DZI\u0118KUJEMY,<\/p><p>Tw\u00f3j zesp\u00f3\u0142 KVG<\/p>\t\t\t\t\t\t\t\t<\/div>\n\t\t\t\t<\/div>\n\t\t\t\t\t<\/div>\n\t\t\t\t<\/div>\n\t\t<div class=\"elementor-element elementor-element-27994f8 e-con-full e-flex wpr-particle-no wpr-jarallax-no wpr-parallax-no wpr-sticky-section-no wpr-equal-height-no e-con e-parent\" data-id=\"27994f8\" data-element_type=\"container\" data-e-type=\"container\">\n\t\t\t\t<div class=\"elementor-element elementor-element-7b3306a elementor-widget elementor-widget-video\" data-id=\"7b3306a\" data-element_type=\"widget\" data-e-type=\"widget\" data-settings=\"{&quot;youtube_url&quot;:&quot;https:\\\/\\\/www.youtube.com\\\/embed\\\/vby-5GqzYe4?si=zIsj6jbPE_8HcC9p&quot;,&quot;video_type&quot;:&quot;youtube&quot;,&quot;controls&quot;:&quot;yes&quot;}\" data-widget_type=\"video.default\">\n\t\t\t\t<div class=\"elementor-widget-container\">\n\t\t\t\t\t\t\t<div class=\"elementor-wrapper elementor-open-inline\">\n\t\t\t<div class=\"elementor-video\"> <div class=\"brlbs-cmpnt-container brlbs-cmpnt-content-blocker brlbs-cmpnt-with-individual-styles\" data-borlabs-cookie-content-blocker-id=\"youtube-content-blocker\" data-borlabs-cookie-content=\"PHNjcmlwdD4KKGZ1bmN0aW9uKCkgewogICAgbGV0IGQgPSBudWxsOwoKICAgIC8vIGlmIHdlIGFyZSBpbiBhIGxvb3AsIHdlIG5lZWQgdG8gc2VsZWN0IHRoZSBjb3JyZWN0IHZpZGVvIGVsZW1lbnQsIHNpbmNlIFdpZGdldCBJRCBvY2N1cnMgbXVsdGlwbGUgdGltZXMgb24gcGFnZQogICAgY29uc3QgZWxlbXNJbkxvb3AgPSBkb2N1bWVudC5xdWVyeVNlbGVjdG9yQWxsKCc6aXMoZGl2W2RhdGEtZWxlbWVudG9yLXR5cGU9Imxvb3AtaXRlbSJdLGRpdltkYXRhLWVsZW1lbnRvci10eXBlPSJqZXQtbGlzdGluZy1pdGVtcyJdLGRpdltkYXRhLXdpZGdldF90eXBlXj0icHJlbWl1bS1hZGRvbi10YWJzLiJdKSBkaXYuZWxlbWVudG9yLWVsZW1lbnQtN2IzMzA2YScpOwogICAgaWYgKGVsZW1zSW5Mb29wLmxlbmd0aCA9PT0gMSkgewogICAgICAgIGQgPSBlbGVtc0luTG9vcFswXTsKICAgIH0gZWxzZSBpZiAoZWxlbXNJbkxvb3AubGVuZ3RoID4gMSkgewogICAgICAgIGlmICh0eXBlb2YgZG9jdW1lbnQuY3VycmVudFNjcmlwdCA9PT0gJ3VuZGVmaW5lZCcgfHwgZG9jdW1lbnQuY3VycmVudFNjcmlwdCA9PSBudWxsKSB7CiAgICAgICAgICAgIHJldHVybjsKICAgICAgICB9CiAgICAgICAgY29uc3QgdG1wVmlkZW9XaWRnZXQgPSBkb2N1bWVudC5jdXJyZW50U2NyaXB0LmNsb3Nlc3QoJ1tkYXRhLXdpZGdldF90eXBlPSJicmxic192aWRlby5kZWZhdWx0Il0nKTsKICAgICAgICBpZiAodG1wVmlkZW9XaWRnZXQpIHsKICAgICAgICAgICAgZCA9IHRtcFZpZGVvV2lkZ2V0OwogICAgICAgIH0KICAgIH0KCiAgICBpZiAoZCA9PSBudWxsKSB7CiAgICAgICAgZCA9IGRvY3VtZW50LnF1ZXJ5U2VsZWN0b3IoJ2Rpdi5lbGVtZW50b3ItZWxlbWVudC03YjMzMDZhJyk7CiAgICB9CgogICAgaWYgKGQgPT0gbnVsbCkgewogICAgICAgIHJldHVybjsKICAgIH0KICAgIGQuZGF0YXNldC53aWRnZXRfdHlwZSA9IGQuZGF0YXNldC53aWRnZXRfdHlwZS5yZXBsYWNlKCdicmxic18nLCAnJyk7CiAgICBkLmRhdGFzZXQuYnJsYnNVbmJsb2NrZWQgPSAndHJ1ZSc7CgogICAgY29uc3QgaW50ZXJ2YWwgPSBzZXRJbnRlcnZhbCgoKSA9PiB7CiAgICAgICAgaWYgKHR5cGVvZiBlbGVtZW50b3JGcm9udGVuZCAhPT0gJ3VuZGVmaW5lZCcgJiYgdHlwZW9mIGVsZW1lbnRvckZyb250ZW5kLmhvb2tzICE9PSAndW5kZWZpbmVkJykgewogICAgICAgICAgICBjbGVhckludGVydmFsKGludGVydmFsKTsKICAgICAgICAgICAgZWxlbWVudG9yRnJvbnRlbmQuaG9va3MuZG9BY3Rpb24oJ2Zyb250ZW5kL2VsZW1lbnRfcmVhZHkvdmlkZW8uZGVmYXVsdCcsIGpRdWVyeShkKSwgalF1ZXJ5KQogICAgICAgIH0KICAgIH0sIDMwKQp9KSgpOwo8L3NjcmlwdD4=\"><div class=\"brlbs-cmpnt-cb-preset-c brlbs-cmpnt-cb-youtube\"> <div class=\"brlbs-cmpnt-cb-thumbnail\" style=\"background-image: url('https:\/\/kvg-bus.de\/stade\/wp-content\/uploads\/borlabs-cookie\/14\/yt_vby-5GqzYe4_hqdefault.jpg')\"><\/div> <div class=\"brlbs-cmpnt-cb-main\"> <div class=\"brlbs-cmpnt-cb-play-button\"><\/div> <div class=\"brlbs-cmpnt-cb-content\"> <p class=\"brlbs-cmpnt-cb-description\">Aktualnie wy\u015bwietlana jest zawarto\u015b\u0107 zast\u0119pcza z <strong>YouTube<\/strong>. Aby uzyska\u0107 dost\u0119p do rzeczywistej zawarto\u015bci, kliknij poni\u017cszy przycisk. Nale\u017cy pami\u0119ta\u0107, \u017ce spowoduje to udost\u0119pnienie danych zewn\u0119trznym dostawcom.<\/p> <a class=\"brlbs-cmpnt-cb-provider-toggle\" href=\"#\" data-borlabs-cookie-show-provider-information role=\"button\">Wi\u0119cej informacji<\/a> <\/div> <div class=\"brlbs-cmpnt-cb-buttons\"> <a class=\"brlbs-cmpnt-cb-btn\" href=\"#\" data-borlabs-cookie-unblock role=\"button\">Odblokowywanie zawarto\u015bci<\/a> <a class=\"brlbs-cmpnt-cb-btn\" href=\"#\" data-borlabs-cookie-accept-service role=\"button\" style=\"display: inherit\">Zaakceptuj wymagan\u0105 us\u0142ug\u0119 i odblokuj zawarto\u015b\u0107<\/a> <\/div> <\/div> <\/div><\/div><\/div>\t\t<\/div>\n\t\t\t\t\t\t<\/div>\n\t\t\t\t<\/div>\n\t\t\t\t<div class=\"elementor-element elementor-element-e9b2320 elementor-widget elementor-widget-spacer\" data-id=\"e9b2320\" data-element_type=\"widget\" data-e-type=\"widget\" data-widget_type=\"spacer.default\">\n\t\t\t\t<div class=\"elementor-widget-container\">\n\t\t\t\t\t\t\t<div class=\"elementor-spacer\">\n\t\t\t<div class=\"elementor-spacer-inner\"><\/div>\n\t\t<\/div>\n\t\t\t\t\t\t<\/div>\n\t\t\t\t<\/div>\n\t\t\t\t<\/div>\n\t\t\t\t<\/div>","protected":false},"excerpt":{"rendered":"<p>M\u00f3wimy DZI\u0118KUJEMY \u015awi\u0119ta Bo\u017cego Narodzenia s\u0105 tu\u017c za rogiem, a rok zbli\u017ca si\u0119 ku ko\u0144cowi. Chcieliby\u015bmy skorzysta\u0107 z tej okazji, aby powiedzie\u0107 DZI\u0118KUJEMY. DZI\u0118KUJEMY za lojalno\u015b\u0107 i zaufanie. Doceniamy ka\u017cde mi\u0142e s\u0142owo i ka\u017cdy przyjazny gest okazywany naszym kierowcom autobus\u00f3w. DZI\u0118KUJEMY r\u00f3wnie\u017c za wyrozumia\u0142o\u015b\u0107, gdy autobus by\u0142 op\u00f3\u017aniony, poniewa\u017c utkn\u0105\u0142 w korku lub musia\u0142 skorzysta\u0107 z objazdu. DZI\u0118KUJEMY za wsparcie w przeprowadzaniu ankiet w\u015br\u00f3d pasa\u017cer\u00f3w i DZI\u0118KUJEMY za sugestie i krytyk\u0119. Pomaga nam to dostosowa\u0107 nasze us\u0142ugi do potrzeb pasa\u017cer\u00f3w. DZI\u0118KUJEMY z ca\u0142ego serca. W dow\u00f3d naszej wdzi\u0119czno\u015bci chcieliby\u015bmy podarowa\u0107 Pa\u0144stwu s\u0142odki upominek. Twoje zaufanie i wsparcie s\u0105 dla nas bardzo wa\u017cne. Z niecierpliwo\u015bci\u0105 czekamy na dalsze powitanie Ci\u0119 jako pasa\u017cera. Z ca\u0142ego serca \u017cyczymy Weso\u0142ych \u015awi\u0105t! Ciesz si\u0119 okresem \u015bwi\u0105tecznym z najbli\u017cszymi i \u017cyczymy dobrego pocz\u0105tku Nowego Roku! DZI\u0118KUJEMY, zesp\u00f3\u0142 KVG https:\/\/www.youtube.com\/embed\/vby-5GqzYe4?si=zIsj6jbPE_8HcC9p<\/p>","protected":false},"author":4,"featured_media":1462,"parent":0,"menu_order":17,"comment_status":"closed","ping_status":"closed","template":"","meta":{"footnotes":""},"class_list":["post-1867","page","type-page","status-publish","has-post-thumbnail","hentry"],"yoast_head":"<!-- This site is optimized with the Yoast SEO plugin v27.4 - https:\/\/yoast.com\/product\/yoast-seo-wordpress\/ -->\n<title>DANKE! - KVG Stade<\/title>\n<meta name=\"robots\" content=\"index, follow, max-snippet:-1, max-image-preview:large, max-video-preview:-1\" \/>\n<link rel=\"canonical\" href=\"https:\/\/kvg-bus.de\/stade\/dziekuje\/\" \/>\n<meta property=\"og:locale\" content=\"pl_PL\" \/>\n<meta property=\"og:type\" content=\"article\" \/>\n<meta property=\"og:title\" content=\"DANKE! - KVG Stade\" \/>\n<meta property=\"og:description\" content=\"Wir sagen DANKE Weihnachten steht vor der T\u00fcr und das Jahr neigt sich dem Ende zu. Das m\u00f6chten wir zum Anlass nehmen, um dir DANKE zu sagen. DANKE f\u00fcr deine Treue und dein Vertrauen in uns. Wir freuen uns \u00fcber jedes nette Wort und jede freundliche Geste, die du unseren Busfahrerinnen und Busfahrern entgegenbringst. DANKE auch f\u00fcr dein Verst\u00e4ndnis, wenn der Bus einmal Versp\u00e4tung hatte, weil er im Stau stand oder eine Umleitung fahren musste. DANKE f\u00fcr deine Unterst\u00fctzung bei Fahrgastbefragungen und DANKE f\u00fcr deine Anregungen und Kritik. Damit hilfst du uns, unser Angebot an deine Bed\u00fcrfnisse anzupassen. DANKE von ganzem Herzen. Als Zeichen unserer Wertsch\u00e4tzung \u00fcberreichen wir dir hiermit eine s\u00fc\u00dfe Aufmerksamkeit. Dein Vertrauen und deine Unterst\u00fctzung sind uns sehr wichtig. Wir freuen uns darauf, dich auch weiterhin als Fahrgast begr\u00fc\u00dfen zu d\u00fcrfen. Wir w\u00fcnschen dir von Herzen frohe Weihnachten! Genie\u00dfe die Festtage im Kreise deiner Lieben und komme gut ins neue Jahr! DANKE, dein KVG-Team https:\/\/www.youtube.com\/embed\/vby-5GqzYe4?si=zIsj6jbPE_8HcC9p\" \/>\n<meta property=\"og:url\" content=\"https:\/\/kvg-bus.de\/stade\/dziekuje\/\" \/>\n<meta property=\"og:site_name\" content=\"KVG Stade\" \/>\n<meta property=\"article:modified_time\" content=\"2024-11-25T12:52:29+00:00\" \/>\n<meta property=\"og:image\" content=\"https:\/\/kvg-bus.de\/stade\/wp-content\/uploads\/sites\/14\/header_bus-aufstellung-2-scaled.jpg\" \/>\n\t<meta property=\"og:image:width\" content=\"2560\" \/>\n\t<meta property=\"og:image:height\" content=\"1709\" \/>\n\t<meta property=\"og:image:type\" content=\"image\/jpeg\" \/>\n<meta name=\"twitter:card\" content=\"summary_large_image\" \/>\n<meta name=\"twitter:label1\" content=\"Szacowany czas czytania\" \/>\n\t<meta name=\"twitter:data1\" content=\"1 minuta\" \/>\n<script type=\"application\/ld+json\" class=\"yoast-schema-graph\">{\"@context\":\"https:\\\/\\\/schema.org\",\"@graph\":[{\"@type\":\"WebPage\",\"@id\":\"https:\\\/\\\/kvg-bus.de\\\/stade\\\/danke\\\/\",\"url\":\"https:\\\/\\\/kvg-bus.de\\\/stade\\\/danke\\\/\",\"name\":\"DANKE! - KVG Stade\",\"isPartOf\":{\"@id\":\"https:\\\/\\\/kvg-bus.de\\\/stade\\\/#website\"},\"primaryImageOfPage\":{\"@id\":\"https:\\\/\\\/kvg-bus.de\\\/stade\\\/danke\\\/#primaryimage\"},\"image\":{\"@id\":\"https:\\\/\\\/kvg-bus.de\\\/stade\\\/danke\\\/#primaryimage\"},\"thumbnailUrl\":\"https:\\\/\\\/kvg-bus.de\\\/stade\\\/wp-content\\\/uploads\\\/sites\\\/14\\\/header_bus-aufstellung-2-scaled.jpg\",\"datePublished\":\"2024-11-25T12:49:23+00:00\",\"dateModified\":\"2024-11-25T12:52:29+00:00\",\"breadcrumb\":{\"@id\":\"https:\\\/\\\/kvg-bus.de\\\/stade\\\/danke\\\/#breadcrumb\"},\"inLanguage\":\"pl-PL\",\"potentialAction\":[{\"@type\":\"ReadAction\",\"target\":[\"https:\\\/\\\/kvg-bus.de\\\/stade\\\/danke\\\/\"]}]},{\"@type\":\"ImageObject\",\"inLanguage\":\"pl-PL\",\"@id\":\"https:\\\/\\\/kvg-bus.de\\\/stade\\\/danke\\\/#primaryimage\",\"url\":\"https:\\\/\\\/kvg-bus.de\\\/stade\\\/wp-content\\\/uploads\\\/sites\\\/14\\\/header_bus-aufstellung-2-scaled.jpg\",\"contentUrl\":\"https:\\\/\\\/kvg-bus.de\\\/stade\\\/wp-content\\\/uploads\\\/sites\\\/14\\\/header_bus-aufstellung-2-scaled.jpg\",\"width\":2560,\"height\":1709},{\"@type\":\"BreadcrumbList\",\"@id\":\"https:\\\/\\\/kvg-bus.de\\\/stade\\\/danke\\\/#breadcrumb\",\"itemListElement\":[{\"@type\":\"ListItem\",\"position\":1,\"name\":\"Startseite\",\"item\":\"https:\\\/\\\/kvg-bus.de\\\/stade\\\/\"},{\"@type\":\"ListItem\",\"position\":2,\"name\":\"DANKE!\"}]},{\"@type\":\"WebSite\",\"@id\":\"https:\\\/\\\/kvg-bus.de\\\/stade\\\/#website\",\"url\":\"https:\\\/\\\/kvg-bus.de\\\/stade\\\/\",\"name\":\"KVG Stade\",\"description\":\"\",\"publisher\":{\"@id\":\"https:\\\/\\\/kvg-bus.de\\\/stade\\\/#organization\"},\"potentialAction\":[{\"@type\":\"SearchAction\",\"target\":{\"@type\":\"EntryPoint\",\"urlTemplate\":\"https:\\\/\\\/kvg-bus.de\\\/stade\\\/?s={search_term_string}\"},\"query-input\":{\"@type\":\"PropertyValueSpecification\",\"valueRequired\":true,\"valueName\":\"search_term_string\"}}],\"inLanguage\":\"pl-PL\"},{\"@type\":\"Organization\",\"@id\":\"https:\\\/\\\/kvg-bus.de\\\/stade\\\/#organization\",\"name\":\"KVG Stade\",\"url\":\"https:\\\/\\\/kvg-bus.de\\\/stade\\\/\",\"logo\":{\"@type\":\"ImageObject\",\"inLanguage\":\"pl-PL\",\"@id\":\"https:\\\/\\\/kvg-bus.de\\\/stade\\\/#\\\/schema\\\/logo\\\/image\\\/\",\"url\":\"https:\\\/\\\/kvg-bus.de\\\/stade\\\/wp-content\\\/uploads\\\/sites\\\/14\\\/kvg_logo-1.svg\",\"contentUrl\":\"https:\\\/\\\/kvg-bus.de\\\/stade\\\/wp-content\\\/uploads\\\/sites\\\/14\\\/kvg_logo-1.svg\",\"width\":1322,\"height\":404,\"caption\":\"KVG Stade\"},\"image\":{\"@id\":\"https:\\\/\\\/kvg-bus.de\\\/stade\\\/#\\\/schema\\\/logo\\\/image\\\/\"}}]}<\/script>\n<!-- \/ Yoast SEO plugin. -->","yoast_head_json":{"title":"DZI\u0118KUJEMY! - KVG Stade","robots":{"index":"index","follow":"follow","max-snippet":"max-snippet:-1","max-image-preview":"max-image-preview:large","max-video-preview":"max-video-preview:-1"},"canonical":"https:\/\/kvg-bus.de\/stade\/dziekuje\/","og_locale":"pl_PL","og_type":"article","og_title":"DANKE! - KVG Stade","og_description":"Wir sagen DANKE Weihnachten steht vor der T\u00fcr und das Jahr neigt sich dem Ende zu. Das m\u00f6chten wir zum Anlass nehmen, um dir DANKE zu sagen. DANKE f\u00fcr deine Treue und dein Vertrauen in uns. Wir freuen uns \u00fcber jedes nette Wort und jede freundliche Geste, die du unseren Busfahrerinnen und Busfahrern entgegenbringst. DANKE auch f\u00fcr dein Verst\u00e4ndnis, wenn der Bus einmal Versp\u00e4tung hatte, weil er im Stau stand oder eine Umleitung fahren musste. DANKE f\u00fcr deine Unterst\u00fctzung bei Fahrgastbefragungen und DANKE f\u00fcr deine Anregungen und Kritik. Damit hilfst du uns, unser Angebot an deine Bed\u00fcrfnisse anzupassen. DANKE von ganzem Herzen. Als Zeichen unserer Wertsch\u00e4tzung \u00fcberreichen wir dir hiermit eine s\u00fc\u00dfe Aufmerksamkeit. Dein Vertrauen und deine Unterst\u00fctzung sind uns sehr wichtig. Wir freuen uns darauf, dich auch weiterhin als Fahrgast begr\u00fc\u00dfen zu d\u00fcrfen. Wir w\u00fcnschen dir von Herzen frohe Weihnachten! Genie\u00dfe die Festtage im Kreise deiner Lieben und komme gut ins neue Jahr! DANKE, dein KVG-Team https:\/\/www.youtube.com\/embed\/vby-5GqzYe4?si=zIsj6jbPE_8HcC9p","og_url":"https:\/\/kvg-bus.de\/stade\/dziekuje\/","og_site_name":"KVG Stade","article_modified_time":"2024-11-25T12:52:29+00:00","og_image":[{"width":2560,"height":1709,"url":"https:\/\/kvg-bus.de\/stade\/wp-content\/uploads\/sites\/14\/header_bus-aufstellung-2-scaled.jpg","type":"image\/jpeg"}],"twitter_card":"summary_large_image","twitter_misc":{"Szacowany czas czytania":"1 minuta"},"schema":{"@context":"https:\/\/schema.org","@graph":[{"@type":"WebPage","@id":"https:\/\/kvg-bus.de\/stade\/danke\/","url":"https:\/\/kvg-bus.de\/stade\/danke\/","name":"DZI\u0118KUJEMY! - KVG Stade","isPartOf":{"@id":"https:\/\/kvg-bus.de\/stade\/#website"},"primaryImageOfPage":{"@id":"https:\/\/kvg-bus.de\/stade\/danke\/#primaryimage"},"image":{"@id":"https:\/\/kvg-bus.de\/stade\/danke\/#primaryimage"},"thumbnailUrl":"https:\/\/kvg-bus.de\/stade\/wp-content\/uploads\/sites\/14\/header_bus-aufstellung-2-scaled.jpg","datePublished":"2024-11-25T12:49:23+00:00","dateModified":"2024-11-25T12:52:29+00:00","breadcrumb":{"@id":"https:\/\/kvg-bus.de\/stade\/danke\/#breadcrumb"},"inLanguage":"pl-PL","potentialAction":[{"@type":"ReadAction","target":["https:\/\/kvg-bus.de\/stade\/danke\/"]}]},{"@type":"ImageObject","inLanguage":"pl-PL","@id":"https:\/\/kvg-bus.de\/stade\/danke\/#primaryimage","url":"https:\/\/kvg-bus.de\/stade\/wp-content\/uploads\/sites\/14\/header_bus-aufstellung-2-scaled.jpg","contentUrl":"https:\/\/kvg-bus.de\/stade\/wp-content\/uploads\/sites\/14\/header_bus-aufstellung-2-scaled.jpg","width":2560,"height":1709},{"@type":"BreadcrumbList","@id":"https:\/\/kvg-bus.de\/stade\/danke\/#breadcrumb","itemListElement":[{"@type":"ListItem","position":1,"name":"Startseite","item":"https:\/\/kvg-bus.de\/stade\/"},{"@type":"ListItem","position":2,"name":"DANKE!"}]},{"@type":"WebSite","@id":"https:\/\/kvg-bus.de\/stade\/#website","url":"https:\/\/kvg-bus.de\/stade\/","name":"KVG Stade","description":"","publisher":{"@id":"https:\/\/kvg-bus.de\/stade\/#organization"},"potentialAction":[{"@type":"SearchAction","target":{"@type":"EntryPoint","urlTemplate":"https:\/\/kvg-bus.de\/stade\/?s={search_term_string}"},"query-input":{"@type":"PropertyValueSpecification","valueRequired":true,"valueName":"search_term_string"}}],"inLanguage":"pl-PL"},{"@type":"Organization","@id":"https:\/\/kvg-bus.de\/stade\/#organization","name":"KVG Stade","url":"https:\/\/kvg-bus.de\/stade\/","logo":{"@type":"ImageObject","inLanguage":"pl-PL","@id":"https:\/\/kvg-bus.de\/stade\/#\/schema\/logo\/image\/","url":"https:\/\/kvg-bus.de\/stade\/wp-content\/uploads\/sites\/14\/kvg_logo-1.svg","contentUrl":"https:\/\/kvg-bus.de\/stade\/wp-content\/uploads\/sites\/14\/kvg_logo-1.svg","width":1322,"height":404,"caption":"KVG Stade"},"image":{"@id":"https:\/\/kvg-bus.de\/stade\/#\/schema\/logo\/image\/"}}]}},"_links":{"self":[{"href":"https:\/\/kvg-bus.de\/stade\/pl\/wp-json\/wp\/v2\/pages\/1867","targetHints":{"allow":["GET"]}}],"collection":[{"href":"https:\/\/kvg-bus.de\/stade\/pl\/wp-json\/wp\/v2\/pages"}],"about":[{"href":"https:\/\/kvg-bus.de\/stade\/pl\/wp-json\/wp\/v2\/types\/page"}],"author":[{"embeddable":true,"href":"https:\/\/kvg-bus.de\/stade\/pl\/wp-json\/wp\/v2\/users\/4"}],"replies":[{"embeddable":true,"href":"https:\/\/kvg-bus.de\/stade\/pl\/wp-json\/wp\/v2\/comments?post=1867"}],"version-history":[{"count":0,"href":"https:\/\/kvg-bus.de\/stade\/pl\/wp-json\/wp\/v2\/pages\/1867\/revisions"}],"wp:featuredmedia":[{"embeddable":true,"href":"https:\/\/kvg-bus.de\/stade\/pl\/wp-json\/wp\/v2\/media\/1462"}],"wp:attachment":[{"href":"https:\/\/kvg-bus.de\/stade\/pl\/wp-json\/wp\/v2\/media?parent=1867"}],"curies":[{"name":"wp","href":"https:\/\/api.w.org\/{rel}","templated":true}]}}