{"id":1937,"date":"2025-01-08T08:35:21","date_gmt":"2025-01-08T07:35:21","guid":{"rendered":"https:\/\/kvg-bus.de\/stade\/?page_id=1937"},"modified":"2026-03-13T09:56:20","modified_gmt":"2026-03-13T08:56:20","slug":"imprimir","status":"publish","type":"page","link":"https:\/\/kvg-bus.de\/stade\/es\/impressum\/","title":{"rendered":"Pie de imprenta"},"content":{"rendered":"<div data-elementor-type=\"wp-page\" data-elementor-id=\"1937\" class=\"elementor elementor-1937\" data-elementor-post-type=\"page\">\n\t\t\t\t<div class=\"elementor-element elementor-element-5c21956 e-flex e-con-boxed wpr-particle-no wpr-jarallax-no wpr-parallax-no wpr-sticky-section-no wpr-equal-height-no e-con e-parent\" data-id=\"5c21956\" data-element_type=\"container\" data-e-type=\"container\">\n\t\t\t\t\t<div class=\"e-con-inner\">\n\t\t<div class=\"elementor-element elementor-element-70f0c0e e-con-full e-flex wpr-particle-no wpr-jarallax-no wpr-parallax-no wpr-sticky-section-no wpr-equal-height-no e-con e-child\" data-id=\"70f0c0e\" data-element_type=\"container\" data-e-type=\"container\">\n\t\t\t\t<div class=\"elementor-element elementor-element-483b16b elementor-widget elementor-widget-heading\" data-id=\"483b16b\" data-element_type=\"widget\" data-e-type=\"widget\" data-widget_type=\"heading.default\">\n\t\t\t\t<div class=\"elementor-widget-container\">\n\t\t\t\t\t<h2 class=\"elementor-heading-title elementor-size-default\">IMPRIMIR<\/h2>\t\t\t\t<\/div>\n\t\t\t\t<\/div>\n\t\t\t\t<\/div>\n\t\t\t\t\t<\/div>\n\t\t\t\t<\/div>\n\t\t<div class=\"elementor-element elementor-element-83b9976 e-flex e-con-boxed wpr-particle-no wpr-jarallax-no wpr-parallax-no wpr-sticky-section-no wpr-equal-height-no e-con e-parent\" data-id=\"83b9976\" data-element_type=\"container\" data-e-type=\"container\">\n\t\t\t\t\t<div class=\"e-con-inner\">\n\t\t<div class=\"elementor-element elementor-element-6bb05a8 e-con-full e-flex wpr-particle-no wpr-jarallax-no wpr-parallax-no wpr-sticky-section-no wpr-equal-height-no e-con e-child\" data-id=\"6bb05a8\" data-element_type=\"container\" data-e-type=\"container\">\n\t\t\t\t<div class=\"elementor-element elementor-element-c36a01e mb-1 elementor-widget elementor-widget-text-editor\" data-id=\"c36a01e\" data-element_type=\"widget\" data-e-type=\"widget\" data-widget_type=\"text-editor.default\">\n\t\t\t\t<div class=\"elementor-widget-container\">\n\t\t\t\t\t\t\t\t\t<h4>KVG Stade GmbH &amp; Co. KG<\/h4>\n<p>Calle Harburger 96<br \/>21680 Stade<\/p>\t\t\t\t\t\t\t\t<\/div>\n\t\t\t\t<\/div>\n\t\t\t\t<div class=\"elementor-element elementor-element-1f99a20 elementor-align-start elementor-list-item-link-inline elementor-mobile-align-start elementor-icon-list--layout-traditional elementor-widget elementor-widget-icon-list\" data-id=\"1f99a20\" data-element_type=\"widget\" data-e-type=\"widget\" data-widget_type=\"icon-list.default\">\n\t\t\t\t<div class=\"elementor-widget-container\">\n\t\t\t\t\t\t\t<ul class=\"elementor-icon-list-items\">\n\t\t\t\t\t\t\t<li class=\"elementor-icon-list-item\">\n\t\t\t\t\t\t\t\t\t\t\t<a href=\"tel:041415250\">\n\n\t\t\t\t\t\t\t\t\t\t\t\t<span class=\"elementor-icon-list-icon\">\n\t\t\t\t\t\t\t<i aria-hidden=\"true\" class=\"fas fa-phone-alt\"><\/i>\t\t\t\t\t\t<\/span>\n\t\t\t\t\t\t\t\t\t\t<span class=\"elementor-icon-list-text\">04141 525-0<\/span>\n\t\t\t\t\t\t\t\t\t\t\t<\/a>\n\t\t\t\t\t\t\t\t\t<\/li>\n\t\t\t\t\t\t\t\t<li class=\"elementor-icon-list-item\">\n\t\t\t\t\t\t\t\t\t\t\t<a href=\"fax:04141525105\">\n\n\t\t\t\t\t\t\t\t\t\t\t\t<span class=\"elementor-icon-list-icon\">\n\t\t\t\t\t\t\t<i aria-hidden=\"true\" class=\"fas fa-fax\"><\/i>\t\t\t\t\t\t<\/span>\n\t\t\t\t\t\t\t\t\t\t<span class=\"elementor-icon-list-text\">04141 525-105<\/span>\n\t\t\t\t\t\t\t\t\t\t\t<\/a>\n\t\t\t\t\t\t\t\t\t<\/li>\n\t\t\t\t\t\t\t\t<li class=\"elementor-icon-list-item\">\n\t\t\t\t\t\t\t\t\t\t\t<a href=\"mailto:info@kvg-bus.de\">\n\n\t\t\t\t\t\t\t\t\t\t\t\t<span class=\"elementor-icon-list-icon\">\n\t\t\t\t\t\t\t<i aria-hidden=\"true\" class=\"fas fa-paper-plane\"><\/i>\t\t\t\t\t\t<\/span>\n\t\t\t\t\t\t\t\t\t\t<span class=\"elementor-icon-list-text\">info@kvg-bus.de<\/span>\n\t\t\t\t\t\t\t\t\t\t\t<\/a>\n\t\t\t\t\t\t\t\t\t<\/li>\n\t\t\t\t\t\t<\/ul>\n\t\t\t\t\t\t<\/div>\n\t\t\t\t<\/div>\n\t\t\t\t<div class=\"elementor-element elementor-element-7d871e1 elementor-widget elementor-widget-text-editor\" data-id=\"7d871e1\" data-element_type=\"widget\" data-e-type=\"widget\" data-widget_type=\"text-editor.default\">\n\t\t\t\t<div class=\"elementor-widget-container\">\n\t\t\t\t\t\t\t\t\t<p><strong>Gesti\u00f3n<\/strong><br \/>Dipl.-Kfm. Jan Behrendt, Economista de empresa (VWA) Michael Fastert<\/p>\n<p><strong>Inscripci\u00f3n en el registro mercantil<\/strong><br \/>Tribunal local de Tostedt, HRA 100974<br \/>Empresa personalmente responsable: KVG Stade Verwaltungs-GmbH, HRB 101223<\/p>\n<p><strong>N\u00famero de identificaci\u00f3n fiscal<\/strong><br \/>DE233071449<\/p>\t\t\t\t\t\t\t\t<\/div>\n\t\t\t\t<\/div>\n\t\t\t\t<\/div>\n\t\t<div class=\"elementor-element elementor-element-9bbe093 e-con-full e-flex wpr-particle-no wpr-jarallax-no wpr-parallax-no wpr-sticky-section-no wpr-equal-height-no e-con e-child\" data-id=\"9bbe093\" data-element_type=\"container\" data-e-type=\"container\">\n\t\t\t\t<div class=\"elementor-element elementor-element-97f62d0 mb-1 elementor-widget elementor-widget-text-editor\" data-id=\"97f62d0\" data-element_type=\"widget\" data-e-type=\"widget\" data-widget_type=\"text-editor.default\">\n\t\t\t\t<div class=\"elementor-widget-container\">\n\t\t\t\t\t\t\t\t\t<h4>Kraftverkehr GmbH -KVG-<\/h4>\n<p>Calle Dahlenburger Landstra\u00dfe 37<br \/>21337 Luneburgo<\/p>\t\t\t\t\t\t\t\t<\/div>\n\t\t\t\t<\/div>\n\t\t\t\t<div class=\"elementor-element elementor-element-c2dd707 elementor-align-start elementor-list-item-link-inline elementor-mobile-align-start elementor-icon-list--layout-traditional elementor-widget elementor-widget-icon-list\" data-id=\"c2dd707\" data-element_type=\"widget\" data-e-type=\"widget\" data-widget_type=\"icon-list.default\">\n\t\t\t\t<div class=\"elementor-widget-container\">\n\t\t\t\t\t\t\t<ul class=\"elementor-icon-list-items\">\n\t\t\t\t\t\t\t<li class=\"elementor-icon-list-item\">\n\t\t\t\t\t\t\t\t\t\t\t<a href=\"tel:0413188070\">\n\n\t\t\t\t\t\t\t\t\t\t\t\t<span class=\"elementor-icon-list-icon\">\n\t\t\t\t\t\t\t<i aria-hidden=\"true\" class=\"fas fa-phone-alt\"><\/i>\t\t\t\t\t\t<\/span>\n\t\t\t\t\t\t\t\t\t\t<span class=\"elementor-icon-list-text\">04131 8807-0<\/span>\n\t\t\t\t\t\t\t\t\t\t\t<\/a>\n\t\t\t\t\t\t\t\t\t<\/li>\n\t\t\t\t\t\t\t\t<li class=\"elementor-icon-list-item\">\n\t\t\t\t\t\t\t\t\t\t\t<a href=\"fax:04131880789\">\n\n\t\t\t\t\t\t\t\t\t\t\t\t<span class=\"elementor-icon-list-icon\">\n\t\t\t\t\t\t\t<i aria-hidden=\"true\" class=\"fas fa-fax\"><\/i>\t\t\t\t\t\t<\/span>\n\t\t\t\t\t\t\t\t\t\t<span class=\"elementor-icon-list-text\">04131 8807-89<\/span>\n\t\t\t\t\t\t\t\t\t\t\t<\/a>\n\t\t\t\t\t\t\t\t\t<\/li>\n\t\t\t\t\t\t\t\t<li class=\"elementor-icon-list-item\">\n\t\t\t\t\t\t\t\t\t\t\t<a href=\"mailto:info@kvg-bus.de\">\n\n\t\t\t\t\t\t\t\t\t\t\t\t<span class=\"elementor-icon-list-icon\">\n\t\t\t\t\t\t\t<i aria-hidden=\"true\" class=\"fas fa-paper-plane\"><\/i>\t\t\t\t\t\t<\/span>\n\t\t\t\t\t\t\t\t\t\t<span class=\"elementor-icon-list-text\">info@kvg-bus.de<\/span>\n\t\t\t\t\t\t\t\t\t\t\t<\/a>\n\t\t\t\t\t\t\t\t\t<\/li>\n\t\t\t\t\t\t<\/ul>\n\t\t\t\t\t\t<\/div>\n\t\t\t\t<\/div>\n\t\t\t\t<div class=\"elementor-element elementor-element-8908956 elementor-widget elementor-widget-text-editor\" data-id=\"8908956\" data-element_type=\"widget\" data-e-type=\"widget\" data-widget_type=\"text-editor.default\">\n\t\t\t\t<div class=\"elementor-widget-container\">\n\t\t\t\t\t\t\t\t\t<p><strong>Gesti\u00f3n<\/strong><br \/>Dipl.-Kfm. Jan Behrendt, Economista de empresa (VWA) Michael Fastert<\/p><p><strong>Inscripci\u00f3n en el registro mercantil<\/strong><br \/>Juzgado de Primera Instancia de Luneburgo, HRB 603<\/p><p><strong>N\u00famero de identificaci\u00f3n fiscal<\/strong><br \/>DE423516255<\/p>\t\t\t\t\t\t\t\t<\/div>\n\t\t\t\t<\/div>\n\t\t\t\t<\/div>\n\t\t\t\t\t<\/div>\n\t\t\t\t<\/div>\n\t\t<div class=\"elementor-element elementor-element-f17e87d margin-left-0 e-flex e-con-boxed wpr-particle-no wpr-jarallax-no wpr-parallax-no wpr-sticky-section-no wpr-equal-height-no e-con e-parent\" data-id=\"f17e87d\" data-element_type=\"container\" data-e-type=\"container\">\n\t\t\t\t\t<div class=\"e-con-inner\">\n\t\t<div class=\"elementor-element elementor-element-e0d8678 e-con-full e-flex wpr-particle-no wpr-jarallax-no wpr-parallax-no wpr-sticky-section-no wpr-equal-height-no e-con e-child\" data-id=\"e0d8678\" data-element_type=\"container\" data-e-type=\"container\">\n\t\t<div class=\"elementor-element elementor-element-9a45da6 e-con-full e-flex wpr-particle-no wpr-jarallax-no wpr-parallax-no wpr-sticky-section-no wpr-equal-height-no e-con e-child\" data-id=\"9a45da6\" data-element_type=\"container\" data-e-type=\"container\">\n\t\t\t\t<div class=\"elementor-element elementor-element-0ecbc17 kvg-mb-0 elementor-widget elementor-widget-text-editor\" data-id=\"0ecbc17\" data-element_type=\"widget\" data-e-type=\"widget\" data-widget_type=\"text-editor.default\">\n\t\t\t\t<div class=\"elementor-widget-container\">\n\t\t\t\t\t\t\t\t\t<p><strong>Redacci\u00f3n<br \/><\/strong>Sherin Prager;<br \/>Manuel Zimmermann, Claudia Wacker (\"Perturbaciones actuales\")<\/p>\t\t\t\t\t\t\t\t<\/div>\n\t\t\t\t<\/div>\n\t\t\t\t<div class=\"elementor-element elementor-element-3f4dcda elementor-align-start elementor-list-item-link-inline elementor-mobile-align-start elementor-icon-list--layout-traditional elementor-widget elementor-widget-icon-list\" data-id=\"3f4dcda\" data-element_type=\"widget\" data-e-type=\"widget\" data-widget_type=\"icon-list.default\">\n\t\t\t\t<div class=\"elementor-widget-container\">\n\t\t\t\t\t\t\t<ul class=\"elementor-icon-list-items\">\n\t\t\t\t\t\t\t<li class=\"elementor-icon-list-item\">\n\t\t\t\t\t\t\t\t\t\t\t<a href=\"mailto:webmaster@kvg-bus.de\">\n\n\t\t\t\t\t\t\t\t\t\t\t\t<span class=\"elementor-icon-list-icon\">\n\t\t\t\t\t\t\t<i aria-hidden=\"true\" class=\"fas fa-paper-plane\"><\/i>\t\t\t\t\t\t<\/span>\n\t\t\t\t\t\t\t\t\t\t<span class=\"elementor-icon-list-text\">webmaster@kvg-bus.de<\/span>\n\t\t\t\t\t\t\t\t\t\t\t<\/a>\n\t\t\t\t\t\t\t\t\t<\/li>\n\t\t\t\t\t\t<\/ul>\n\t\t\t\t\t\t<\/div>\n\t\t\t\t<\/div>\n\t\t\t\t<\/div>\n\t\t\t\t<div class=\"elementor-element elementor-element-74188db elementor-widget elementor-widget-text-editor\" data-id=\"74188db\" data-element_type=\"widget\" data-e-type=\"widget\" data-widget_type=\"text-editor.default\">\n\t\t\t\t<div class=\"elementor-widget-container\">\n\t\t\t\t\t\t\t\t\t<p><strong>Autorizaciones <\/strong><\/p><p>En Baja Sajonia, la Landesnahverkehrsgesellschaft Niedersachsen mbH (LNVG), Kurt-Schumacher-Stra\u00dfe 5, 30159 Hannover, es responsable de las autorizaciones de conformidad con los art\u00edculos 42 y 43 de la PBefG.<\/p><p>En Baja Sajonia, la autoridad de transporte inferior (distrito, regi\u00f3n, ciudad independiente) del lugar de actividad de la empresa es responsable de las autorizaciones de conformidad con los art\u00edculos 48 y 49 de la PBefG.\u00a0<\/p><p><strong>Descargo de responsabilidad <\/strong><\/p><p>A pesar del cuidadoso control de los contenidos, no asumimos ninguna responsabilidad por el contenido de los enlaces externos. Los operadores de las p\u00e1ginas enlazadas son los \u00fanicos responsables de su contenido.\u00a0<\/p><p><strong>Dise\u00f1o y realizaci\u00f3n <\/strong><\/p><p><a href=\"https:\/\/blauzweig.de\/\" target=\"_blank\" rel=\"noopener\">blauzweig.de<\/a><\/p><p><strong>Derechos de imagen<\/strong><\/p><p>Salvo indicaci\u00f3n contraria:<br \/>KVG Stade GmbH &amp; Co. KG<\/p>\t\t\t\t\t\t\t\t<\/div>\n\t\t\t\t<\/div>\n\t\t\t\t<\/div>\n\t\t\t\t\t<\/div>\n\t\t\t\t<\/div>\n\t\t\t\t<\/div>","protected":false},"excerpt":{"rendered":"<p>IMPRESSUM KVG Stade GmbH &amp; Co. KG Harburger Stra\u00dfe 9621680 Stade 04141 525-0 04141 525-105 info@kvg-bus.de Gesch\u00e4ftsf\u00fchrungDipl.-Kfm. Jan Behrendt, Betriebswirt (VWA) Michael Fastert HandelsregistereintragAmtsgericht Tostedt, HRA 100974Pers\u00f6nlich haftende Gesellschaft: KVG Stade Verwaltungs-GmbH, HRB 101223 Umsatzsteuer-IdentifikationsnummerDE233071449 Kraftverkehr GmbH -KVG- Dahlenburger Landstra\u00dfe 3721337 L\u00fcneburg 04131 8807-0 04131 8807-89 info@kvg-bus.de Gesch\u00e4ftsf\u00fchrungDipl.-Kfm. Jan Behrendt, Betriebswirt (VWA) Michael Fastert HandelsregistereintragAmtsgericht L\u00fcneburg, HRB 603 Umsatzsteuer-IdentifikationsnummerDE423516255 RedaktionSherin Prager;Manuel Zimmermann, Claudia Wacker (&#8222;Aktuelle St\u00f6rungen&#8220;) webmaster@kvg-bus.de Genehmigungen F\u00fcr Genehmigungen nach \u00a7 42 und \u00a7 43 PBefG ist in Niedersachen die Landesnahverkehrsgesellschaft Niedersachsen mbH (LNVG), Kurt-Schumacher-Stra\u00dfe 5, 30159 Hannover zust\u00e4ndig. F\u00fcr die Genehmigungen nach \u00a7 48 und \u00a7 49 PBefG ist in Niedersachsen jeweils die Untere Verkehrsbeh\u00f6rde (Landkreis, Region, kreisfreie Stadt) am Betriebssitz des Unternehmens zust\u00e4ndig.\u00a0 Haftungshinweis Trotz sorgf\u00e4ltiger inhaltlicher Kontrolle \u00fcbernehmen wir keine Haftung f\u00fcr die Inhalte externer Links. F\u00fcr den Inhalt der verlinkten Seiten sind ausschlie\u00dflich deren Betreiber verantwortlich.\u00a0 Design &amp; Umsetzung blauzweig.de Bildrechte Soweit nicht anders angegeben:\u00a9 KVG Stade GmbH &amp; Co.KG<\/p>","protected":false},"author":4,"featured_media":1462,"parent":0,"menu_order":76,"comment_status":"closed","ping_status":"closed","template":"","meta":{"footnotes":""},"class_list":["post-1937","page","type-page","status-publish","has-post-thumbnail","hentry"],"yoast_head":"<!-- This site is optimized with the Yoast SEO plugin v27.4 - https:\/\/yoast.com\/product\/yoast-seo-wordpress\/ -->\n<title>Impressum - KVG Stade<\/title>\n<meta name=\"robots\" content=\"index, follow, max-snippet:-1, max-image-preview:large, max-video-preview:-1\" \/>\n<link rel=\"canonical\" href=\"https:\/\/kvg-bus.de\/stade\/imprimir\/\" \/>\n<meta property=\"og:locale\" content=\"es_ES\" \/>\n<meta property=\"og:type\" content=\"article\" \/>\n<meta property=\"og:title\" content=\"Impressum - KVG Stade\" \/>\n<meta property=\"og:description\" content=\"IMPRESSUM KVG Stade GmbH &amp; Co. KG Harburger Stra\u00dfe 9621680 Stade 04141 525-0 04141 525-105 info@kvg-bus.de Gesch\u00e4ftsf\u00fchrungDipl.-Kfm. Jan Behrendt, Betriebswirt (VWA) Michael Fastert HandelsregistereintragAmtsgericht Tostedt, HRA 100974Pers\u00f6nlich haftende Gesellschaft: KVG Stade Verwaltungs-GmbH, HRB 101223 Umsatzsteuer-IdentifikationsnummerDE233071449 Kraftverkehr GmbH -KVG- Dahlenburger Landstra\u00dfe 3721337 L\u00fcneburg 04131 8807-0 04131 8807-89 info@kvg-bus.de Gesch\u00e4ftsf\u00fchrungDipl.-Kfm. Jan Behrendt, Betriebswirt (VWA) Michael Fastert HandelsregistereintragAmtsgericht L\u00fcneburg, HRB 603 Umsatzsteuer-IdentifikationsnummerDE423516255 RedaktionSherin Prager;Manuel Zimmermann, Claudia Wacker (&#8222;Aktuelle St\u00f6rungen&#8220;) webmaster@kvg-bus.de Genehmigungen F\u00fcr Genehmigungen nach \u00a7 42 und \u00a7 43 PBefG ist in Niedersachen die Landesnahverkehrsgesellschaft Niedersachsen mbH (LNVG), Kurt-Schumacher-Stra\u00dfe 5, 30159 Hannover zust\u00e4ndig. F\u00fcr die Genehmigungen nach \u00a7 48 und \u00a7 49 PBefG ist in Niedersachsen jeweils die Untere Verkehrsbeh\u00f6rde (Landkreis, Region, kreisfreie Stadt) am Betriebssitz des Unternehmens zust\u00e4ndig.\u00a0 Haftungshinweis Trotz sorgf\u00e4ltiger inhaltlicher Kontrolle \u00fcbernehmen wir keine Haftung f\u00fcr die Inhalte externer Links. F\u00fcr den Inhalt der verlinkten Seiten sind ausschlie\u00dflich deren Betreiber verantwortlich.\u00a0 Design &amp; Umsetzung blauzweig.de Bildrechte Soweit nicht anders angegeben:\u00a9 KVG Stade GmbH &amp; Co.KG\" \/>\n<meta property=\"og:url\" content=\"https:\/\/kvg-bus.de\/stade\/imprimir\/\" \/>\n<meta property=\"og:site_name\" content=\"KVG Stade\" \/>\n<meta property=\"article:modified_time\" content=\"2026-03-13T08:56:20+00:00\" \/>\n<meta property=\"og:image\" content=\"https:\/\/kvg-bus.de\/stade\/wp-content\/uploads\/sites\/14\/header_bus-aufstellung-2-scaled.jpg\" \/>\n\t<meta property=\"og:image:width\" content=\"2560\" \/>\n\t<meta property=\"og:image:height\" content=\"1709\" \/>\n\t<meta property=\"og:image:type\" content=\"image\/jpeg\" \/>\n<meta name=\"twitter:card\" content=\"summary_large_image\" \/>\n<meta name=\"twitter:label1\" content=\"Tiempo de lectura\" \/>\n\t<meta name=\"twitter:data1\" content=\"1 minuto\" \/>\n<script type=\"application\/ld+json\" class=\"yoast-schema-graph\">{\"@context\":\"https:\\\/\\\/schema.org\",\"@graph\":[{\"@type\":\"WebPage\",\"@id\":\"https:\\\/\\\/kvg-bus.de\\\/stade\\\/impressum\\\/\",\"url\":\"https:\\\/\\\/kvg-bus.de\\\/stade\\\/impressum\\\/\",\"name\":\"Impressum - KVG Stade\",\"isPartOf\":{\"@id\":\"https:\\\/\\\/kvg-bus.de\\\/stade\\\/#website\"},\"primaryImageOfPage\":{\"@id\":\"https:\\\/\\\/kvg-bus.de\\\/stade\\\/impressum\\\/#primaryimage\"},\"image\":{\"@id\":\"https:\\\/\\\/kvg-bus.de\\\/stade\\\/impressum\\\/#primaryimage\"},\"thumbnailUrl\":\"https:\\\/\\\/kvg-bus.de\\\/stade\\\/wp-content\\\/uploads\\\/sites\\\/14\\\/header_bus-aufstellung-2-scaled.jpg\",\"datePublished\":\"2025-01-08T07:35:21+00:00\",\"dateModified\":\"2026-03-13T08:56:20+00:00\",\"breadcrumb\":{\"@id\":\"https:\\\/\\\/kvg-bus.de\\\/stade\\\/impressum\\\/#breadcrumb\"},\"inLanguage\":\"es\",\"potentialAction\":[{\"@type\":\"ReadAction\",\"target\":[\"https:\\\/\\\/kvg-bus.de\\\/stade\\\/impressum\\\/\"]}]},{\"@type\":\"ImageObject\",\"inLanguage\":\"es\",\"@id\":\"https:\\\/\\\/kvg-bus.de\\\/stade\\\/impressum\\\/#primaryimage\",\"url\":\"https:\\\/\\\/kvg-bus.de\\\/stade\\\/wp-content\\\/uploads\\\/sites\\\/14\\\/header_bus-aufstellung-2-scaled.jpg\",\"contentUrl\":\"https:\\\/\\\/kvg-bus.de\\\/stade\\\/wp-content\\\/uploads\\\/sites\\\/14\\\/header_bus-aufstellung-2-scaled.jpg\",\"width\":2560,\"height\":1709},{\"@type\":\"BreadcrumbList\",\"@id\":\"https:\\\/\\\/kvg-bus.de\\\/stade\\\/impressum\\\/#breadcrumb\",\"itemListElement\":[{\"@type\":\"ListItem\",\"position\":1,\"name\":\"Startseite\",\"item\":\"https:\\\/\\\/kvg-bus.de\\\/stade\\\/\"},{\"@type\":\"ListItem\",\"position\":2,\"name\":\"Impressum\"}]},{\"@type\":\"WebSite\",\"@id\":\"https:\\\/\\\/kvg-bus.de\\\/stade\\\/#website\",\"url\":\"https:\\\/\\\/kvg-bus.de\\\/stade\\\/\",\"name\":\"KVG Stade\",\"description\":\"\",\"publisher\":{\"@id\":\"https:\\\/\\\/kvg-bus.de\\\/stade\\\/#organization\"},\"potentialAction\":[{\"@type\":\"SearchAction\",\"target\":{\"@type\":\"EntryPoint\",\"urlTemplate\":\"https:\\\/\\\/kvg-bus.de\\\/stade\\\/?s={search_term_string}\"},\"query-input\":{\"@type\":\"PropertyValueSpecification\",\"valueRequired\":true,\"valueName\":\"search_term_string\"}}],\"inLanguage\":\"es\"},{\"@type\":\"Organization\",\"@id\":\"https:\\\/\\\/kvg-bus.de\\\/stade\\\/#organization\",\"name\":\"KVG Stade\",\"url\":\"https:\\\/\\\/kvg-bus.de\\\/stade\\\/\",\"logo\":{\"@type\":\"ImageObject\",\"inLanguage\":\"es\",\"@id\":\"https:\\\/\\\/kvg-bus.de\\\/stade\\\/#\\\/schema\\\/logo\\\/image\\\/\",\"url\":\"https:\\\/\\\/kvg-bus.de\\\/stade\\\/wp-content\\\/uploads\\\/sites\\\/14\\\/kvg_logo-1.svg\",\"contentUrl\":\"https:\\\/\\\/kvg-bus.de\\\/stade\\\/wp-content\\\/uploads\\\/sites\\\/14\\\/kvg_logo-1.svg\",\"width\":1322,\"height\":404,\"caption\":\"KVG Stade\"},\"image\":{\"@id\":\"https:\\\/\\\/kvg-bus.de\\\/stade\\\/#\\\/schema\\\/logo\\\/image\\\/\"}}]}<\/script>\n<!-- \/ Yoast SEO plugin. -->","yoast_head_json":{"title":"Pie de imprenta - KVG Stade","robots":{"index":"index","follow":"follow","max-snippet":"max-snippet:-1","max-image-preview":"max-image-preview:large","max-video-preview":"max-video-preview:-1"},"canonical":"https:\/\/kvg-bus.de\/stade\/imprimir\/","og_locale":"es_ES","og_type":"article","og_title":"Impressum - KVG Stade","og_description":"IMPRESSUM KVG Stade GmbH &amp; Co. KG Harburger Stra\u00dfe 9621680 Stade 04141 525-0 04141 525-105 info@kvg-bus.de Gesch\u00e4ftsf\u00fchrungDipl.-Kfm. Jan Behrendt, Betriebswirt (VWA) Michael Fastert HandelsregistereintragAmtsgericht Tostedt, HRA 100974Pers\u00f6nlich haftende Gesellschaft: KVG Stade Verwaltungs-GmbH, HRB 101223 Umsatzsteuer-IdentifikationsnummerDE233071449 Kraftverkehr GmbH -KVG- Dahlenburger Landstra\u00dfe 3721337 L\u00fcneburg 04131 8807-0 04131 8807-89 info@kvg-bus.de Gesch\u00e4ftsf\u00fchrungDipl.-Kfm. Jan Behrendt, Betriebswirt (VWA) Michael Fastert HandelsregistereintragAmtsgericht L\u00fcneburg, HRB 603 Umsatzsteuer-IdentifikationsnummerDE423516255 RedaktionSherin Prager;Manuel Zimmermann, Claudia Wacker (&#8222;Aktuelle St\u00f6rungen&#8220;) webmaster@kvg-bus.de Genehmigungen F\u00fcr Genehmigungen nach \u00a7 42 und \u00a7 43 PBefG ist in Niedersachen die Landesnahverkehrsgesellschaft Niedersachsen mbH (LNVG), Kurt-Schumacher-Stra\u00dfe 5, 30159 Hannover zust\u00e4ndig. F\u00fcr die Genehmigungen nach \u00a7 48 und \u00a7 49 PBefG ist in Niedersachsen jeweils die Untere Verkehrsbeh\u00f6rde (Landkreis, Region, kreisfreie Stadt) am Betriebssitz des Unternehmens zust\u00e4ndig.\u00a0 Haftungshinweis Trotz sorgf\u00e4ltiger inhaltlicher Kontrolle \u00fcbernehmen wir keine Haftung f\u00fcr die Inhalte externer Links. F\u00fcr den Inhalt der verlinkten Seiten sind ausschlie\u00dflich deren Betreiber verantwortlich.\u00a0 Design &amp; Umsetzung blauzweig.de Bildrechte Soweit nicht anders angegeben:\u00a9 KVG Stade GmbH &amp; Co.KG","og_url":"https:\/\/kvg-bus.de\/stade\/imprimir\/","og_site_name":"KVG Stade","article_modified_time":"2026-03-13T08:56:20+00:00","og_image":[{"width":2560,"height":1709,"url":"https:\/\/kvg-bus.de\/stade\/wp-content\/uploads\/sites\/14\/header_bus-aufstellung-2-scaled.jpg","type":"image\/jpeg"}],"twitter_card":"summary_large_image","twitter_misc":{"Tiempo de lectura":"1 minuto"},"schema":{"@context":"https:\/\/schema.org","@graph":[{"@type":"WebPage","@id":"https:\/\/kvg-bus.de\/stade\/impressum\/","url":"https:\/\/kvg-bus.de\/stade\/impressum\/","name":"Pie de imprenta - KVG Stade","isPartOf":{"@id":"https:\/\/kvg-bus.de\/stade\/#website"},"primaryImageOfPage":{"@id":"https:\/\/kvg-bus.de\/stade\/impressum\/#primaryimage"},"image":{"@id":"https:\/\/kvg-bus.de\/stade\/impressum\/#primaryimage"},"thumbnailUrl":"https:\/\/kvg-bus.de\/stade\/wp-content\/uploads\/sites\/14\/header_bus-aufstellung-2-scaled.jpg","datePublished":"2025-01-08T07:35:21+00:00","dateModified":"2026-03-13T08:56:20+00:00","breadcrumb":{"@id":"https:\/\/kvg-bus.de\/stade\/impressum\/#breadcrumb"},"inLanguage":"es","potentialAction":[{"@type":"ReadAction","target":["https:\/\/kvg-bus.de\/stade\/impressum\/"]}]},{"@type":"ImageObject","inLanguage":"es","@id":"https:\/\/kvg-bus.de\/stade\/impressum\/#primaryimage","url":"https:\/\/kvg-bus.de\/stade\/wp-content\/uploads\/sites\/14\/header_bus-aufstellung-2-scaled.jpg","contentUrl":"https:\/\/kvg-bus.de\/stade\/wp-content\/uploads\/sites\/14\/header_bus-aufstellung-2-scaled.jpg","width":2560,"height":1709},{"@type":"BreadcrumbList","@id":"https:\/\/kvg-bus.de\/stade\/impressum\/#breadcrumb","itemListElement":[{"@type":"ListItem","position":1,"name":"Startseite","item":"https:\/\/kvg-bus.de\/stade\/"},{"@type":"ListItem","position":2,"name":"Impressum"}]},{"@type":"WebSite","@id":"https:\/\/kvg-bus.de\/stade\/#website","url":"https:\/\/kvg-bus.de\/stade\/","name":"KVG Stade","description":"","publisher":{"@id":"https:\/\/kvg-bus.de\/stade\/#organization"},"potentialAction":[{"@type":"SearchAction","target":{"@type":"EntryPoint","urlTemplate":"https:\/\/kvg-bus.de\/stade\/?s={search_term_string}"},"query-input":{"@type":"PropertyValueSpecification","valueRequired":true,"valueName":"search_term_string"}}],"inLanguage":"es"},{"@type":"Organization","@id":"https:\/\/kvg-bus.de\/stade\/#organization","name":"KVG Stade","url":"https:\/\/kvg-bus.de\/stade\/","logo":{"@type":"ImageObject","inLanguage":"es","@id":"https:\/\/kvg-bus.de\/stade\/#\/schema\/logo\/image\/","url":"https:\/\/kvg-bus.de\/stade\/wp-content\/uploads\/sites\/14\/kvg_logo-1.svg","contentUrl":"https:\/\/kvg-bus.de\/stade\/wp-content\/uploads\/sites\/14\/kvg_logo-1.svg","width":1322,"height":404,"caption":"KVG Stade"},"image":{"@id":"https:\/\/kvg-bus.de\/stade\/#\/schema\/logo\/image\/"}}]}},"_links":{"self":[{"href":"https:\/\/kvg-bus.de\/stade\/es\/wp-json\/wp\/v2\/pages\/1937","targetHints":{"allow":["GET"]}}],"collection":[{"href":"https:\/\/kvg-bus.de\/stade\/es\/wp-json\/wp\/v2\/pages"}],"about":[{"href":"https:\/\/kvg-bus.de\/stade\/es\/wp-json\/wp\/v2\/types\/page"}],"author":[{"embeddable":true,"href":"https:\/\/kvg-bus.de\/stade\/es\/wp-json\/wp\/v2\/users\/4"}],"replies":[{"embeddable":true,"href":"https:\/\/kvg-bus.de\/stade\/es\/wp-json\/wp\/v2\/comments?post=1937"}],"version-history":[{"count":0,"href":"https:\/\/kvg-bus.de\/stade\/es\/wp-json\/wp\/v2\/pages\/1937\/revisions"}],"wp:featuredmedia":[{"embeddable":true,"href":"https:\/\/kvg-bus.de\/stade\/es\/wp-json\/wp\/v2\/media\/1462"}],"wp:attachment":[{"href":"https:\/\/kvg-bus.de\/stade\/es\/wp-json\/wp\/v2\/media?parent=1937"}],"curies":[{"name":"wp","href":"https:\/\/api.w.org\/{rel}","templated":true}]}}