{"id":1878,"date":"2024-11-26T14:16:33","date_gmt":"2024-11-26T13:16:33","guid":{"rendered":"https:\/\/kvg-bus.de\/stade\/?page_id=1878"},"modified":"2024-11-26T14:20:19","modified_gmt":"2024-11-26T13:20:19","slug":"reenvio-no-identificable","status":"publish","type":"page","link":"https:\/\/kvg-bus.de\/stade\/es\/mitarbeitenden-apps\/weiterleitung-nicht-identifizierbar\/","title":{"rendered":"Reenv\u00edo no identificable"},"content":{"rendered":"<div data-elementor-type=\"wp-page\" data-elementor-id=\"1878\" class=\"elementor elementor-1878\" data-elementor-post-type=\"page\">\n\t\t\t\t<div class=\"elementor-element elementor-element-60aa40d e-flex e-con-boxed wpr-particle-no wpr-jarallax-no wpr-parallax-no wpr-sticky-section-no wpr-equal-height-no e-con e-parent\" data-id=\"60aa40d\" data-element_type=\"container\" data-e-type=\"container\">\n\t\t\t\t\t<div class=\"e-con-inner\">\n\t\t\t\t<div class=\"elementor-element elementor-element-6e8128e elementor-widget elementor-widget-heading\" data-id=\"6e8128e\" data-element_type=\"widget\" data-e-type=\"widget\" data-widget_type=\"heading.default\">\n\t\t\t\t<div class=\"elementor-widget-container\">\n\t\t\t\t\t<h2 class=\"elementor-heading-title elementor-size-default\">\u00a1DESCARGA TUS APLICACIONES PARA COMPA\u00d1EROS DE TRABAJO!<\/h2>\t\t\t\t<\/div>\n\t\t\t\t<\/div>\n\t\t\t\t<div class=\"elementor-element elementor-element-3e80d64 elementor-widget elementor-widget-text-editor\" data-id=\"3e80d64\" data-element_type=\"widget\" data-e-type=\"widget\" data-widget_type=\"text-editor.default\">\n\t\t\t\t<div class=\"elementor-widget-container\">\n\t\t\t\t\t\t\t\t\t<p>Lamentablemente, ninguna de nuestras nuevas aplicaciones est\u00e1 disponible para tu sistema operativo. Aqu\u00ed encontrar\u00e1s los enlaces para Android e iOS. <span class=\"external-link\" dir=\"ltr\">Tambi\u00e9n puedes acceder a nuestro chat o al buz\u00f3n directamente en la web a trav\u00e9s de los siguientes enlaces.<\/span><\/p>\t\t\t\t\t\t\t\t<\/div>\n\t\t\t\t<\/div>\n\t\t\t\t<div class=\"elementor-element elementor-element-976a9e0 elementor-icon-list--layout-traditional elementor-list-item-link-full_width elementor-widget elementor-widget-icon-list\" data-id=\"976a9e0\" data-element_type=\"widget\" data-e-type=\"widget\" data-widget_type=\"icon-list.default\">\n\t\t\t\t<div class=\"elementor-widget-container\">\n\t\t\t\t\t\t\t<ul class=\"elementor-icon-list-items\">\n\t\t\t\t\t\t\t<li class=\"elementor-icon-list-item\">\n\t\t\t\t\t\t\t\t\t\t\t<a href=\"https:\/\/kvg-bus.de\/stade\/aplicaciones-colaboradoras\/reenvio-android-2\/\">\n\n\t\t\t\t\t\t\t\t\t\t\t\t<span class=\"elementor-icon-list-icon\">\n\t\t\t\t\t\t\t<i aria-hidden=\"true\" class=\"fab fa-google-play\"><\/i>\t\t\t\t\t\t<\/span>\n\t\t\t\t\t\t\t\t\t\t<span class=\"elementor-icon-list-text\">Aqu\u00ed para Android<\/span>\n\t\t\t\t\t\t\t\t\t\t\t<\/a>\n\t\t\t\t\t\t\t\t\t<\/li>\n\t\t\t\t\t\t\t\t<li class=\"elementor-icon-list-item\">\n\t\t\t\t\t\t\t\t\t\t\t<a href=\"https:\/\/kvg-bus.de\/stade\/aplicaciones-colaboradoras\/weiterleitung-android\/\">\n\n\t\t\t\t\t\t\t\t\t\t\t\t<span class=\"elementor-icon-list-icon\">\n\t\t\t\t\t\t\t<i aria-hidden=\"true\" class=\"fab fa-apple\"><\/i>\t\t\t\t\t\t<\/span>\n\t\t\t\t\t\t\t\t\t\t<span class=\"elementor-icon-list-text\">Aqu\u00ed para iOS<\/span>\n\t\t\t\t\t\t\t\t\t\t\t<\/a>\n\t\t\t\t\t\t\t\t\t<\/li>\n\t\t\t\t\t\t<\/ul>\n\t\t\t\t\t\t<\/div>\n\t\t\t\t<\/div>\n\t\t\t\t<div class=\"elementor-element elementor-element-be8177b elementor-widget elementor-widget-spacer\" data-id=\"be8177b\" data-element_type=\"widget\" data-e-type=\"widget\" data-widget_type=\"spacer.default\">\n\t\t\t\t<div class=\"elementor-widget-container\">\n\t\t\t\t\t\t\t<div class=\"elementor-spacer\">\n\t\t\t<div class=\"elementor-spacer-inner\"><\/div>\n\t\t<\/div>\n\t\t\t\t\t\t<\/div>\n\t\t\t\t<\/div>\n\t\t\t\t<div class=\"elementor-element elementor-element-5d8a83f elementor-widget elementor-widget-text-editor\" data-id=\"5d8a83f\" data-element_type=\"widget\" data-e-type=\"widget\" data-widget_type=\"text-editor.default\">\n\t\t\t\t<div class=\"elementor-widget-container\">\n\t\t\t\t\t\t\t\t\t<h3>\u00bfC\u00f3mo me registro?<\/h3><div class=\"accordion-content\"><div id=\"c3876\" class=\"frame frame-default frame-type-textmedia frame-layout-0\"><div class=\"ce-textpic ce-left ce-above\"><div class=\"ce-bodytext\"><p>Inicie sesi\u00f3n en las aplicaciones del siguiente modo:<\/p><ul class=\"icons\"><li><strong>Usuario:<\/strong> BusGroup_123456 (BusGroup_Personnel_Number)<\/li><li><strong>Contrase\u00f1a:<\/strong> individuo (fecha de nacimiento sin puntos, formato DDMMAAAA, por ejemplo 01011980 para el 1 de enero de 1980)<\/li><\/ul><p><strong>Importante:<\/strong> Los empleados de la administraci\u00f3n pueden iniciar sesi\u00f3n con su nombre de usuario habitual de Windows (usuario@dominio + contrase\u00f1a).<\/p><\/div><\/div><\/div><\/div>\t\t\t\t\t\t\t\t<\/div>\n\t\t\t\t<\/div>\n\t\t\t\t<div class=\"elementor-element elementor-element-ab6c434 elementor-widget__width-initial elementor-widget elementor-widget-button\" data-id=\"ab6c434\" data-element_type=\"widget\" data-e-type=\"widget\" data-widget_type=\"button.default\">\n\t\t\t\t<div class=\"elementor-widget-container\">\n\t\t\t\t\t\t\t\t\t<div class=\"elementor-button-wrapper\">\n\t\t\t\t\t<a class=\"elementor-button elementor-button-link elementor-size-sm\" href=\"https:\/\/plaudern.kvg-bus.de\/keycloak\/realms\/Chat\/protocol\/openid-connect\/auth?response_type=code&#038;client_id=synapse&#038;redirect_uri=https%3A%2F%2Fplaudern.kvg-bus.de%2F_synapse%2Fclient%2Foidc%2Fcallback&#038;scope=openid+profile&#038;state=yobxKIzy1xff9ZSv0VPhAzWD5GzDU2&#038;nonce=vQr9e2zgCDLdXBog8vLhxZEZPVvMlG&#038;code_challenge_method=S256&#038;code_challenge=bdYgcnYsvUsQklkjjzlhByZnKHoklgmjVZdg4BX3EWY\">\n\t\t\t\t\t\t<span class=\"elementor-button-content-wrapper\">\n\t\t\t\t\t\t<span class=\"elementor-button-icon\">\n\t\t\t\t<i aria-hidden=\"true\" class=\"fas fa-arrow-alt-circle-right\"><\/i>\t\t\t<\/span>\n\t\t\t\t\t\t\t\t\t<span class=\"elementor-button-text\">A BUS2GETHER - NUESTRA APP<\/span>\n\t\t\t\t\t<\/span>\n\t\t\t\t\t<\/a>\n\t\t\t\t<\/div>\n\t\t\t\t\t\t\t\t<\/div>\n\t\t\t\t<\/div>\n\t\t\t\t<div class=\"elementor-element elementor-element-6cb04c4 elementor-widget__width-initial elementor-widget elementor-widget-button\" data-id=\"6cb04c4\" data-element_type=\"widget\" data-e-type=\"widget\" data-widget_type=\"button.default\">\n\t\t\t\t<div class=\"elementor-widget-container\">\n\t\t\t\t\t\t\t\t\t<div class=\"elementor-button-wrapper\">\n\t\t\t\t\t<a class=\"elementor-button elementor-button-link elementor-size-sm\" href=\"https:\/\/postbox.foxdox.de\/login?next=%2F\">\n\t\t\t\t\t\t<span class=\"elementor-button-content-wrapper\">\n\t\t\t\t\t\t<span class=\"elementor-button-icon\">\n\t\t\t\t<i aria-hidden=\"true\" class=\"fas fa-arrow-alt-circle-right\"><\/i>\t\t\t<\/span>\n\t\t\t\t\t\t\t\t\t<span class=\"elementor-button-text\">POSTBOX: TU BUZ\u00d3N DIGITAL<\/span>\n\t\t\t\t\t<\/span>\n\t\t\t\t\t<\/a>\n\t\t\t\t<\/div>\n\t\t\t\t\t\t\t\t<\/div>\n\t\t\t\t<\/div>\n\t\t\t\t<div class=\"elementor-element elementor-element-e8f7fa4 elementor-widget elementor-widget-spacer\" data-id=\"e8f7fa4\" data-element_type=\"widget\" data-e-type=\"widget\" data-widget_type=\"spacer.default\">\n\t\t\t\t<div class=\"elementor-widget-container\">\n\t\t\t\t\t\t\t<div class=\"elementor-spacer\">\n\t\t\t<div class=\"elementor-spacer-inner\"><\/div>\n\t\t<\/div>\n\t\t\t\t\t\t<\/div>\n\t\t\t\t<\/div>\n\t\t\t\t<div class=\"elementor-element elementor-element-0be1d13 elementor-widget elementor-widget-spacer\" data-id=\"0be1d13\" data-element_type=\"widget\" data-e-type=\"widget\" data-widget_type=\"spacer.default\">\n\t\t\t\t<div class=\"elementor-widget-container\">\n\t\t\t\t\t\t\t<div class=\"elementor-spacer\">\n\t\t\t<div class=\"elementor-spacer-inner\"><\/div>\n\t\t<\/div>\n\t\t\t\t\t\t<\/div>\n\t\t\t\t<\/div>\n\t\t\t\t\t<\/div>\n\t\t\t\t<\/div>\n\t\t\t\t<\/div>","protected":false},"excerpt":{"rendered":"<p>DOWNLOAD DEINER MITARBEITENDEN-APPS! Leider steht f\u00fcr dein Betriebssystem keine unserer neuen Apps zur Verf\u00fcgung. Hier findest du die Links von Android und iOS. Alternativ kannst du unseren Chat oder die Postbox \u00fcber folgende Links direkt im Web erreichen. Hier zu Android Hier zu iOS Wie melde ich mich an? Du meldest dich wie folgt in den Apps an: Benutzer: BusGruppe_123456 (BusGruppe_Personalnummer) Passwort: individuell (Geburtsdatum ohne Punkte, Format TTMMJJJJ, z.B. 01011980 f\u00fcr den 01.01.1980) Wichtig: Mitarbeitende aus der Verwaltung k\u00f6nnen sich mit ihrem bekannten Windows-Login (Benutzer@Dom\u00e4ne + Passwort) anmelden! ZUR BUS2GETHER &#8211; UNSERE APP POSTBOX &#8211; DEIN DIGITALES POSTFACH<\/p>","protected":false},"author":4,"featured_media":1775,"parent":1872,"menu_order":10,"comment_status":"closed","ping_status":"closed","template":"","meta":{"footnotes":""},"class_list":["post-1878","page","type-page","status-publish","has-post-thumbnail","hentry"],"yoast_head":"<!-- This site is optimized with the Yoast SEO plugin v27.4 - https:\/\/yoast.com\/product\/yoast-seo-wordpress\/ -->\n<title>Weiterleitung nicht identifizierbar - KVG Stade<\/title>\n<meta name=\"robots\" content=\"index, follow, max-snippet:-1, max-image-preview:large, max-video-preview:-1\" \/>\n<link rel=\"canonical\" href=\"https:\/\/kvg-bus.de\/stade\/aplicaciones-colaboradoras\/reenvio-no-identificable\/\" \/>\n<meta property=\"og:locale\" content=\"es_ES\" \/>\n<meta property=\"og:type\" content=\"article\" \/>\n<meta property=\"og:title\" content=\"Weiterleitung nicht identifizierbar - KVG Stade\" \/>\n<meta property=\"og:description\" content=\"DOWNLOAD DEINER MITARBEITENDEN-APPS! Leider steht f\u00fcr dein Betriebssystem keine unserer neuen Apps zur Verf\u00fcgung. Hier findest du die Links von Android und iOS. Alternativ kannst du unseren Chat oder die Postbox \u00fcber folgende Links direkt im Web erreichen. Hier zu Android Hier zu iOS Wie melde ich mich an? Du meldest dich wie folgt in den Apps an: Benutzer: BusGruppe_123456 (BusGruppe_Personalnummer) Passwort: individuell (Geburtsdatum ohne Punkte, Format TTMMJJJJ, z.B. 01011980 f\u00fcr den 01.01.1980) Wichtig: Mitarbeitende aus der Verwaltung k\u00f6nnen sich mit ihrem bekannten Windows-Login (Benutzer@Dom\u00e4ne + Passwort) anmelden! ZUR BUS2GETHER &#8211; UNSERE APP POSTBOX &#8211; DEIN DIGITALES POSTFACH\" \/>\n<meta property=\"og:url\" content=\"https:\/\/kvg-bus.de\/stade\/aplicaciones-colaboradoras\/reenvio-no-identificable\/\" \/>\n<meta property=\"og:site_name\" content=\"KVG Stade\" \/>\n<meta property=\"article:modified_time\" content=\"2024-11-26T13:20:19+00:00\" \/>\n<meta property=\"og:image\" content=\"https:\/\/kvg-bus.de\/stade\/wp-content\/uploads\/sites\/14\/header_karriere_home-1.png\" \/>\n\t<meta property=\"og:image:width\" content=\"1920\" \/>\n\t<meta property=\"og:image:height\" content=\"600\" \/>\n\t<meta property=\"og:image:type\" content=\"image\/png\" \/>\n<meta name=\"twitter:card\" content=\"summary_large_image\" \/>\n<meta name=\"twitter:label1\" content=\"Tiempo de lectura\" \/>\n\t<meta name=\"twitter:data1\" content=\"1 minuto\" \/>\n<script type=\"application\/ld+json\" class=\"yoast-schema-graph\">{\"@context\":\"https:\\\/\\\/schema.org\",\"@graph\":[{\"@type\":\"WebPage\",\"@id\":\"https:\\\/\\\/kvg-bus.de\\\/stade\\\/mitarbeitenden-apps\\\/weiterleitung-nicht-identifizierbar\\\/\",\"url\":\"https:\\\/\\\/kvg-bus.de\\\/stade\\\/mitarbeitenden-apps\\\/weiterleitung-nicht-identifizierbar\\\/\",\"name\":\"Weiterleitung nicht identifizierbar - KVG Stade\",\"isPartOf\":{\"@id\":\"https:\\\/\\\/kvg-bus.de\\\/stade\\\/#website\"},\"primaryImageOfPage\":{\"@id\":\"https:\\\/\\\/kvg-bus.de\\\/stade\\\/mitarbeitenden-apps\\\/weiterleitung-nicht-identifizierbar\\\/#primaryimage\"},\"image\":{\"@id\":\"https:\\\/\\\/kvg-bus.de\\\/stade\\\/mitarbeitenden-apps\\\/weiterleitung-nicht-identifizierbar\\\/#primaryimage\"},\"thumbnailUrl\":\"https:\\\/\\\/kvg-bus.de\\\/stade\\\/wp-content\\\/uploads\\\/sites\\\/14\\\/header_karriere_home-1.png\",\"datePublished\":\"2024-11-26T13:16:33+00:00\",\"dateModified\":\"2024-11-26T13:20:19+00:00\",\"breadcrumb\":{\"@id\":\"https:\\\/\\\/kvg-bus.de\\\/stade\\\/mitarbeitenden-apps\\\/weiterleitung-nicht-identifizierbar\\\/#breadcrumb\"},\"inLanguage\":\"es\",\"potentialAction\":[{\"@type\":\"ReadAction\",\"target\":[\"https:\\\/\\\/kvg-bus.de\\\/stade\\\/mitarbeitenden-apps\\\/weiterleitung-nicht-identifizierbar\\\/\"]}]},{\"@type\":\"ImageObject\",\"inLanguage\":\"es\",\"@id\":\"https:\\\/\\\/kvg-bus.de\\\/stade\\\/mitarbeitenden-apps\\\/weiterleitung-nicht-identifizierbar\\\/#primaryimage\",\"url\":\"https:\\\/\\\/kvg-bus.de\\\/stade\\\/wp-content\\\/uploads\\\/sites\\\/14\\\/header_karriere_home-1.png\",\"contentUrl\":\"https:\\\/\\\/kvg-bus.de\\\/stade\\\/wp-content\\\/uploads\\\/sites\\\/14\\\/header_karriere_home-1.png\",\"width\":1920,\"height\":600},{\"@type\":\"BreadcrumbList\",\"@id\":\"https:\\\/\\\/kvg-bus.de\\\/stade\\\/mitarbeitenden-apps\\\/weiterleitung-nicht-identifizierbar\\\/#breadcrumb\",\"itemListElement\":[{\"@type\":\"ListItem\",\"position\":1,\"name\":\"Startseite\",\"item\":\"https:\\\/\\\/kvg-bus.de\\\/stade\\\/\"},{\"@type\":\"ListItem\",\"position\":2,\"name\":\"Mitarbeitenden-Apps\",\"item\":\"https:\\\/\\\/kvg-bus.de\\\/stade\\\/mitarbeitenden-apps\\\/\"},{\"@type\":\"ListItem\",\"position\":3,\"name\":\"Weiterleitung nicht identifizierbar\"}]},{\"@type\":\"WebSite\",\"@id\":\"https:\\\/\\\/kvg-bus.de\\\/stade\\\/#website\",\"url\":\"https:\\\/\\\/kvg-bus.de\\\/stade\\\/\",\"name\":\"KVG Stade\",\"description\":\"\",\"publisher\":{\"@id\":\"https:\\\/\\\/kvg-bus.de\\\/stade\\\/#organization\"},\"potentialAction\":[{\"@type\":\"SearchAction\",\"target\":{\"@type\":\"EntryPoint\",\"urlTemplate\":\"https:\\\/\\\/kvg-bus.de\\\/stade\\\/?s={search_term_string}\"},\"query-input\":{\"@type\":\"PropertyValueSpecification\",\"valueRequired\":true,\"valueName\":\"search_term_string\"}}],\"inLanguage\":\"es\"},{\"@type\":\"Organization\",\"@id\":\"https:\\\/\\\/kvg-bus.de\\\/stade\\\/#organization\",\"name\":\"KVG Stade\",\"url\":\"https:\\\/\\\/kvg-bus.de\\\/stade\\\/\",\"logo\":{\"@type\":\"ImageObject\",\"inLanguage\":\"es\",\"@id\":\"https:\\\/\\\/kvg-bus.de\\\/stade\\\/#\\\/schema\\\/logo\\\/image\\\/\",\"url\":\"https:\\\/\\\/kvg-bus.de\\\/stade\\\/wp-content\\\/uploads\\\/sites\\\/14\\\/kvg_logo-1.svg\",\"contentUrl\":\"https:\\\/\\\/kvg-bus.de\\\/stade\\\/wp-content\\\/uploads\\\/sites\\\/14\\\/kvg_logo-1.svg\",\"width\":1322,\"height\":404,\"caption\":\"KVG Stade\"},\"image\":{\"@id\":\"https:\\\/\\\/kvg-bus.de\\\/stade\\\/#\\\/schema\\\/logo\\\/image\\\/\"}}]}<\/script>\n<!-- \/ Yoast SEO plugin. -->","yoast_head_json":{"title":"Reenv\u00edo no identificable - KVG Stade","robots":{"index":"index","follow":"follow","max-snippet":"max-snippet:-1","max-image-preview":"max-image-preview:large","max-video-preview":"max-video-preview:-1"},"canonical":"https:\/\/kvg-bus.de\/stade\/aplicaciones-colaboradoras\/reenvio-no-identificable\/","og_locale":"es_ES","og_type":"article","og_title":"Weiterleitung nicht identifizierbar - KVG Stade","og_description":"DOWNLOAD DEINER MITARBEITENDEN-APPS! Leider steht f\u00fcr dein Betriebssystem keine unserer neuen Apps zur Verf\u00fcgung. Hier findest du die Links von Android und iOS. Alternativ kannst du unseren Chat oder die Postbox \u00fcber folgende Links direkt im Web erreichen. Hier zu Android Hier zu iOS Wie melde ich mich an? Du meldest dich wie folgt in den Apps an: Benutzer: BusGruppe_123456 (BusGruppe_Personalnummer) Passwort: individuell (Geburtsdatum ohne Punkte, Format TTMMJJJJ, z.B. 01011980 f\u00fcr den 01.01.1980) Wichtig: Mitarbeitende aus der Verwaltung k\u00f6nnen sich mit ihrem bekannten Windows-Login (Benutzer@Dom\u00e4ne + Passwort) anmelden! ZUR BUS2GETHER &#8211; UNSERE APP POSTBOX &#8211; DEIN DIGITALES POSTFACH","og_url":"https:\/\/kvg-bus.de\/stade\/aplicaciones-colaboradoras\/reenvio-no-identificable\/","og_site_name":"KVG Stade","article_modified_time":"2024-11-26T13:20:19+00:00","og_image":[{"width":1920,"height":600,"url":"https:\/\/kvg-bus.de\/stade\/wp-content\/uploads\/sites\/14\/header_karriere_home-1.png","type":"image\/png"}],"twitter_card":"summary_large_image","twitter_misc":{"Tiempo de lectura":"1 minuto"},"schema":{"@context":"https:\/\/schema.org","@graph":[{"@type":"WebPage","@id":"https:\/\/kvg-bus.de\/stade\/mitarbeitenden-apps\/weiterleitung-nicht-identifizierbar\/","url":"https:\/\/kvg-bus.de\/stade\/mitarbeitenden-apps\/weiterleitung-nicht-identifizierbar\/","name":"Reenv\u00edo no identificable - KVG Stade","isPartOf":{"@id":"https:\/\/kvg-bus.de\/stade\/#website"},"primaryImageOfPage":{"@id":"https:\/\/kvg-bus.de\/stade\/mitarbeitenden-apps\/weiterleitung-nicht-identifizierbar\/#primaryimage"},"image":{"@id":"https:\/\/kvg-bus.de\/stade\/mitarbeitenden-apps\/weiterleitung-nicht-identifizierbar\/#primaryimage"},"thumbnailUrl":"https:\/\/kvg-bus.de\/stade\/wp-content\/uploads\/sites\/14\/header_karriere_home-1.png","datePublished":"2024-11-26T13:16:33+00:00","dateModified":"2024-11-26T13:20:19+00:00","breadcrumb":{"@id":"https:\/\/kvg-bus.de\/stade\/mitarbeitenden-apps\/weiterleitung-nicht-identifizierbar\/#breadcrumb"},"inLanguage":"es","potentialAction":[{"@type":"ReadAction","target":["https:\/\/kvg-bus.de\/stade\/mitarbeitenden-apps\/weiterleitung-nicht-identifizierbar\/"]}]},{"@type":"ImageObject","inLanguage":"es","@id":"https:\/\/kvg-bus.de\/stade\/mitarbeitenden-apps\/weiterleitung-nicht-identifizierbar\/#primaryimage","url":"https:\/\/kvg-bus.de\/stade\/wp-content\/uploads\/sites\/14\/header_karriere_home-1.png","contentUrl":"https:\/\/kvg-bus.de\/stade\/wp-content\/uploads\/sites\/14\/header_karriere_home-1.png","width":1920,"height":600},{"@type":"BreadcrumbList","@id":"https:\/\/kvg-bus.de\/stade\/mitarbeitenden-apps\/weiterleitung-nicht-identifizierbar\/#breadcrumb","itemListElement":[{"@type":"ListItem","position":1,"name":"Startseite","item":"https:\/\/kvg-bus.de\/stade\/"},{"@type":"ListItem","position":2,"name":"Mitarbeitenden-Apps","item":"https:\/\/kvg-bus.de\/stade\/mitarbeitenden-apps\/"},{"@type":"ListItem","position":3,"name":"Weiterleitung nicht identifizierbar"}]},{"@type":"WebSite","@id":"https:\/\/kvg-bus.de\/stade\/#website","url":"https:\/\/kvg-bus.de\/stade\/","name":"KVG Stade","description":"","publisher":{"@id":"https:\/\/kvg-bus.de\/stade\/#organization"},"potentialAction":[{"@type":"SearchAction","target":{"@type":"EntryPoint","urlTemplate":"https:\/\/kvg-bus.de\/stade\/?s={search_term_string}"},"query-input":{"@type":"PropertyValueSpecification","valueRequired":true,"valueName":"search_term_string"}}],"inLanguage":"es"},{"@type":"Organization","@id":"https:\/\/kvg-bus.de\/stade\/#organization","name":"KVG Stade","url":"https:\/\/kvg-bus.de\/stade\/","logo":{"@type":"ImageObject","inLanguage":"es","@id":"https:\/\/kvg-bus.de\/stade\/#\/schema\/logo\/image\/","url":"https:\/\/kvg-bus.de\/stade\/wp-content\/uploads\/sites\/14\/kvg_logo-1.svg","contentUrl":"https:\/\/kvg-bus.de\/stade\/wp-content\/uploads\/sites\/14\/kvg_logo-1.svg","width":1322,"height":404,"caption":"KVG Stade"},"image":{"@id":"https:\/\/kvg-bus.de\/stade\/#\/schema\/logo\/image\/"}}]}},"_links":{"self":[{"href":"https:\/\/kvg-bus.de\/stade\/es\/wp-json\/wp\/v2\/pages\/1878","targetHints":{"allow":["GET"]}}],"collection":[{"href":"https:\/\/kvg-bus.de\/stade\/es\/wp-json\/wp\/v2\/pages"}],"about":[{"href":"https:\/\/kvg-bus.de\/stade\/es\/wp-json\/wp\/v2\/types\/page"}],"author":[{"embeddable":true,"href":"https:\/\/kvg-bus.de\/stade\/es\/wp-json\/wp\/v2\/users\/4"}],"replies":[{"embeddable":true,"href":"https:\/\/kvg-bus.de\/stade\/es\/wp-json\/wp\/v2\/comments?post=1878"}],"version-history":[{"count":0,"href":"https:\/\/kvg-bus.de\/stade\/es\/wp-json\/wp\/v2\/pages\/1878\/revisions"}],"up":[{"embeddable":true,"href":"https:\/\/kvg-bus.de\/stade\/es\/wp-json\/wp\/v2\/pages\/1872"}],"wp:featuredmedia":[{"embeddable":true,"href":"https:\/\/kvg-bus.de\/stade\/es\/wp-json\/wp\/v2\/media\/1775"}],"wp:attachment":[{"href":"https:\/\/kvg-bus.de\/stade\/es\/wp-json\/wp\/v2\/media?parent=1878"}],"curies":[{"name":"wp","href":"https:\/\/api.w.org\/{rel}","templated":true}]}}