{"id":1869,"date":"2024-11-25T14:59:07","date_gmt":"2024-11-25T13:59:07","guid":{"rendered":"https:\/\/kvg-bus.de\/stade\/?page_id=1869"},"modified":"2024-11-25T15:11:23","modified_gmt":"2024-11-25T14:11:23","slug":"proteccion-de-datos-rufmobil","status":"publish","type":"page","link":"https:\/\/kvg-bus.de\/stade\/es\/mobilitaet\/rufmobil\/datenschutz-rufmobil\/","title":{"rendered":"Protecci\u00f3n de datos RufMobil"},"content":{"rendered":"<div data-elementor-type=\"wp-page\" data-elementor-id=\"1869\" class=\"elementor elementor-1869\" data-elementor-post-type=\"page\">\n\t\t\t\t<div class=\"elementor-element elementor-element-603037f e-flex e-con-boxed wpr-particle-no wpr-jarallax-no wpr-parallax-no wpr-sticky-section-no wpr-equal-height-no e-con e-parent\" data-id=\"603037f\" data-element_type=\"container\" data-e-type=\"container\">\n\t\t\t\t\t<div class=\"e-con-inner\">\n\t\t\t\t<div class=\"elementor-element elementor-element-bd0d98e elementor-widget elementor-widget-text-editor\" data-id=\"bd0d98e\" data-element_type=\"widget\" data-e-type=\"widget\" data-widget_type=\"text-editor.default\">\n\t\t\t\t<div class=\"elementor-widget-container\">\n\t\t\t\t\t\t\t\t\t<div class=\"content-item-spaceAfter content-item-white\"><div class=\"box-content\"><div id=\"c4837\" class=\"frame frame-default frame-type-textmedia frame-layout-0\"><header><h1 class=\"\">INFORMACI\u00d3N SOBRE PROTECCI\u00d3N DE DATOS EN LA APLICACI\u00d3N RUFMOBIL<\/h1><\/header><div class=\"ce-textpic ce-left ce-above\"><div class=\"ce-bodytext\"><p>La aplicaci\u00f3n de autobuses de guardia sirve al pasajero tanto como herramienta de informaci\u00f3n como para reservar el viaje. No es necesario registrarse para obtener informaci\u00f3n sobre los horarios y paradas del autob\u00fas de guardia o de los servicios regulares cl\u00e1sicos. La reserva, en cambio, s\u00f3lo es posible si el viajero se registra en la aplicaci\u00f3n.<\/p><h2>\u00a0<br \/>\u00bfQu\u00e9 datos se recogen?<\/h2><p>La reserva es personalizada. Para ello, los datos personales solicitados se almacenan en el sistema. Tambi\u00e9n se guarda la hora del \u00faltimo registro.<\/p><p>El personal encargado del tratamiento puede consultar los siguientes datos:<\/p><ul class=\"icons\"><li>Nombre y apellidos<\/li><li>Correo electr\u00f3nico<\/li><li>N\u00famero de tel\u00e9fono<\/li><li>\u00faltima inscripci\u00f3n<\/li><\/ul><p>El acceso del pasajero al sistema puede ser bloqueado en cualquier momento por la central de reservas (central de autobuses de guardia). El bloqueo se notificar\u00e1 al pasajero mediante un mensaje la pr\u00f3xima vez que se conecte. En ese caso, s\u00f3lo podr\u00e1 volver a registrarse poni\u00e9ndose en contacto telef\u00f3nico con el centro de autobuses de guardia.<\/p><p>Los datos se utilizan exclusivamente para la tramitaci\u00f3n de los pedidos de viaje y la evaluaci\u00f3n estad\u00edstica del autob\u00fas de llamadas. Los datos no se venden a terceros ni se comercializan de ninguna otra forma.<\/p><p>Adem\u00e1s, al descargar la aplicaci\u00f3n de autob\u00fas de llamadas \"Mein RufMobil\" se transmite determinada informaci\u00f3n necesaria a la tienda de aplicaciones seleccionada por el usuario (por ejemplo, Google Play o Apple App Store). Se pueden procesar el nombre de usuario, la direcci\u00f3n de correo electr\u00f3nico especificada en la tienda de aplicaciones correspondiente, la hora de la descarga y el n\u00famero de identificaci\u00f3n individual del dispositivo. Estos datos son procesados exclusivamente por la tienda de aplicaciones correspondiente y est\u00e1n fuera de nuestro control.<\/p><h4>Duraci\u00f3n del almacenamiento:<\/h4><p>Si el pasajero no utiliza la cuenta durante m\u00e1s de tres meses, el registro y los datos personales se eliminan autom\u00e1ticamente.<\/p><h4>Posibilidad de objeci\u00f3n y retirada:<\/h4><p>Puede revocar su consentimiento para el almacenamiento de datos en cualquier momento. <a class=\"internal-link\" title=\"Abre el enlace interno en la ventana actual\" href=\"https:\/\/kvg-bus.de\/stade\/pongase-en-contacto-con\/\">Formulario de contacto <\/a>revocada.<br \/>\u00a0<\/p><h2>Editorial<\/h2><p>Eckardt Software Management ESM GmbH<\/p><\/div><\/div><\/div><\/div><\/div>\t\t\t\t\t\t\t\t<\/div>\n\t\t\t\t<\/div>\n\t\t\t\t\t<\/div>\n\t\t\t\t<\/div>\n\t\t\t\t<\/div>","protected":false},"excerpt":{"rendered":"<p>DATENSCHUTZHINWEISE ZUR RUFMOBIL-APP Die Rufbus-App\u00a0 dient dem Fahrgast sowohl als Auskunftstool als auch zur Buchung des Fahrtangebots. Allein zur Auskunft \u00fcber die Fahrzeiten und Haltestellen des Rufbusses oder der klassischen Linienverkehre ist keine Registrierung notwendig. Die Buchung hingegen ist nur mit einer Registrierung des Fahrgastes in der Fahrgast-App m\u00f6glich. \u00a0Welche Daten werden erhoben? Die Buchung ist personengebunden. Daf\u00fcr werden die abgefragten pers\u00f6nlichen Daten im System gespeichert. Zus\u00e4tzlich wird der Zeitpunkt der letzten Anmeldung gespeichert. Das bearbeitende Personal kann folgende Daten einsehen: Vorname, Name E-Mail-Adresse Telefonnummer letzte Anmeldung Der Zugang des Fahrgastes zum System kann jederzeit durch die Buchungszentrale (Rufbuszentrale) gesperrt werden. Die Sperrung wird dem Fahrgast bei der n\u00e4chsten Anmeldung \u00fcber einen Hinweis bekannt gegeben. Eine erneute Anmeldung erfolgt dann nur nach telefonischer Kontaktaufnahme mit der Rufbuszentrale. Die Daten dienen ausschlie\u00dflich dem Zweck der Abwicklung der Fahrtauftr\u00e4ge und der statistischen Auswertung des Rufbusses. Die Daten werden weder an Dritte verkauft noch anderweitig vermarktet. Zus\u00e4tzlich werden beim Download der Rufbus-App &#8222;Mein RufMobil&#8220; bestimmte erforderliche Informationen an den vom Nutzer ausgew\u00e4hlten App-Store (z.B. Google Play oder Apple App Store) \u00fcbermittelt. Dabei k\u00f6nnen der Nutzername, die im jeweiligen App-Store angegebene E-Mail-Adresse, der Zeitpunkt des Downloads sowie die individuelle Ger\u00e4tekennziffer verarbeitet werden. Die Verarbeitung dieser Daten erfolgt ausschlie\u00dflich durch den jeweiligen App-Store und liegt au\u00dferhalb unseres Einflussbereiches. Speicherdauer: Wird der Zugang vom Fahrgast l\u00e4nger als drei Monate nicht benutzt, werden die Registrierung und die pers\u00f6nlichen Daten automatisch gel\u00f6scht. Widerspruchs- und Beseitigungsm\u00f6glichkeit: Sie k\u00f6nnen Ihre Einwilligung zur Speicherung der Daten jederzeit Kontaktformular widerrufen.\u00a0 Herausgeber Eckardt Software Management ESM GmbH<\/p>","protected":false},"author":4,"featured_media":1480,"parent":1327,"menu_order":27,"comment_status":"closed","ping_status":"closed","template":"","meta":{"footnotes":""},"class_list":["post-1869","page","type-page","status-publish","has-post-thumbnail","hentry"],"yoast_head":"<!-- This site is optimized with the Yoast SEO plugin v27.4 - https:\/\/yoast.com\/product\/yoast-seo-wordpress\/ -->\n<title>Datenschutz RufMobil - KVG Stade<\/title>\n<meta name=\"robots\" content=\"index, follow, max-snippet:-1, max-image-preview:large, max-video-preview:-1\" \/>\n<link rel=\"canonical\" href=\"https:\/\/kvg-bus.de\/stade\/movilidad\/rufmobil\/proteccion-de-datos-rufmobil\/\" \/>\n<meta property=\"og:locale\" content=\"es_ES\" \/>\n<meta property=\"og:type\" content=\"article\" \/>\n<meta property=\"og:title\" content=\"Datenschutz RufMobil - KVG Stade\" \/>\n<meta property=\"og:description\" content=\"DATENSCHUTZHINWEISE ZUR RUFMOBIL-APP Die Rufbus-App\u00a0 dient dem Fahrgast sowohl als Auskunftstool als auch zur Buchung des Fahrtangebots. Allein zur Auskunft \u00fcber die Fahrzeiten und Haltestellen des Rufbusses oder der klassischen Linienverkehre ist keine Registrierung notwendig. Die Buchung hingegen ist nur mit einer Registrierung des Fahrgastes in der Fahrgast-App m\u00f6glich. \u00a0Welche Daten werden erhoben? Die Buchung ist personengebunden. Daf\u00fcr werden die abgefragten pers\u00f6nlichen Daten im System gespeichert. Zus\u00e4tzlich wird der Zeitpunkt der letzten Anmeldung gespeichert. Das bearbeitende Personal kann folgende Daten einsehen: Vorname, Name E-Mail-Adresse Telefonnummer letzte Anmeldung Der Zugang des Fahrgastes zum System kann jederzeit durch die Buchungszentrale (Rufbuszentrale) gesperrt werden. Die Sperrung wird dem Fahrgast bei der n\u00e4chsten Anmeldung \u00fcber einen Hinweis bekannt gegeben. Eine erneute Anmeldung erfolgt dann nur nach telefonischer Kontaktaufnahme mit der Rufbuszentrale. Die Daten dienen ausschlie\u00dflich dem Zweck der Abwicklung der Fahrtauftr\u00e4ge und der statistischen Auswertung des Rufbusses. Die Daten werden weder an Dritte verkauft noch anderweitig vermarktet. Zus\u00e4tzlich werden beim Download der Rufbus-App &#8222;Mein RufMobil&#8220; bestimmte erforderliche Informationen an den vom Nutzer ausgew\u00e4hlten App-Store (z.B. Google Play oder Apple App Store) \u00fcbermittelt. Dabei k\u00f6nnen der Nutzername, die im jeweiligen App-Store angegebene E-Mail-Adresse, der Zeitpunkt des Downloads sowie die individuelle Ger\u00e4tekennziffer verarbeitet werden. Die Verarbeitung dieser Daten erfolgt ausschlie\u00dflich durch den jeweiligen App-Store und liegt au\u00dferhalb unseres Einflussbereiches. Speicherdauer: Wird der Zugang vom Fahrgast l\u00e4nger als drei Monate nicht benutzt, werden die Registrierung und die pers\u00f6nlichen Daten automatisch gel\u00f6scht. Widerspruchs- und Beseitigungsm\u00f6glichkeit: Sie k\u00f6nnen Ihre Einwilligung zur Speicherung der Daten jederzeit Kontaktformular widerrufen.\u00a0 Herausgeber Eckardt Software Management ESM GmbH\" \/>\n<meta property=\"og:url\" content=\"https:\/\/kvg-bus.de\/stade\/movilidad\/rufmobil\/proteccion-de-datos-rufmobil\/\" \/>\n<meta property=\"og:site_name\" content=\"KVG Stade\" \/>\n<meta property=\"article:modified_time\" content=\"2024-11-25T14:11:23+00:00\" \/>\n<meta property=\"og:image\" content=\"https:\/\/kvg-bus.de\/stade\/wp-content\/uploads\/sites\/14\/header_rufmobil_subsite.png\" \/>\n\t<meta property=\"og:image:width\" content=\"1920\" \/>\n\t<meta property=\"og:image:height\" content=\"600\" \/>\n\t<meta property=\"og:image:type\" content=\"image\/png\" \/>\n<meta name=\"twitter:card\" content=\"summary_large_image\" \/>\n<meta name=\"twitter:label1\" content=\"Tiempo de lectura\" \/>\n\t<meta name=\"twitter:data1\" content=\"2 minutos\" \/>\n<script type=\"application\/ld+json\" class=\"yoast-schema-graph\">{\"@context\":\"https:\\\/\\\/schema.org\",\"@graph\":[{\"@type\":\"WebPage\",\"@id\":\"https:\\\/\\\/kvg-bus.de\\\/stade\\\/mobilitaet\\\/rufmobil\\\/datenschutz-rufmobil\\\/\",\"url\":\"https:\\\/\\\/kvg-bus.de\\\/stade\\\/mobilitaet\\\/rufmobil\\\/datenschutz-rufmobil\\\/\",\"name\":\"Datenschutz RufMobil - KVG Stade\",\"isPartOf\":{\"@id\":\"https:\\\/\\\/kvg-bus.de\\\/stade\\\/#website\"},\"primaryImageOfPage\":{\"@id\":\"https:\\\/\\\/kvg-bus.de\\\/stade\\\/mobilitaet\\\/rufmobil\\\/datenschutz-rufmobil\\\/#primaryimage\"},\"image\":{\"@id\":\"https:\\\/\\\/kvg-bus.de\\\/stade\\\/mobilitaet\\\/rufmobil\\\/datenschutz-rufmobil\\\/#primaryimage\"},\"thumbnailUrl\":\"https:\\\/\\\/kvg-bus.de\\\/stade\\\/wp-content\\\/uploads\\\/sites\\\/14\\\/header_rufmobil_subsite.png\",\"datePublished\":\"2024-11-25T13:59:07+00:00\",\"dateModified\":\"2024-11-25T14:11:23+00:00\",\"breadcrumb\":{\"@id\":\"https:\\\/\\\/kvg-bus.de\\\/stade\\\/mobilitaet\\\/rufmobil\\\/datenschutz-rufmobil\\\/#breadcrumb\"},\"inLanguage\":\"es\",\"potentialAction\":[{\"@type\":\"ReadAction\",\"target\":[\"https:\\\/\\\/kvg-bus.de\\\/stade\\\/mobilitaet\\\/rufmobil\\\/datenschutz-rufmobil\\\/\"]}]},{\"@type\":\"ImageObject\",\"inLanguage\":\"es\",\"@id\":\"https:\\\/\\\/kvg-bus.de\\\/stade\\\/mobilitaet\\\/rufmobil\\\/datenschutz-rufmobil\\\/#primaryimage\",\"url\":\"https:\\\/\\\/kvg-bus.de\\\/stade\\\/wp-content\\\/uploads\\\/sites\\\/14\\\/header_rufmobil_subsite.png\",\"contentUrl\":\"https:\\\/\\\/kvg-bus.de\\\/stade\\\/wp-content\\\/uploads\\\/sites\\\/14\\\/header_rufmobil_subsite.png\",\"width\":1920,\"height\":600},{\"@type\":\"BreadcrumbList\",\"@id\":\"https:\\\/\\\/kvg-bus.de\\\/stade\\\/mobilitaet\\\/rufmobil\\\/datenschutz-rufmobil\\\/#breadcrumb\",\"itemListElement\":[{\"@type\":\"ListItem\",\"position\":1,\"name\":\"Startseite\",\"item\":\"https:\\\/\\\/kvg-bus.de\\\/stade\\\/\"},{\"@type\":\"ListItem\",\"position\":2,\"name\":\"Mobilit\u00e4t\",\"item\":\"https:\\\/\\\/kvg-bus.de\\\/stade\\\/mobilitaet\\\/\"},{\"@type\":\"ListItem\",\"position\":3,\"name\":\"RufMobil\",\"item\":\"https:\\\/\\\/kvg-bus.de\\\/stade\\\/mobilitaet\\\/rufmobil\\\/\"},{\"@type\":\"ListItem\",\"position\":4,\"name\":\"Datenschutz RufMobil\"}]},{\"@type\":\"WebSite\",\"@id\":\"https:\\\/\\\/kvg-bus.de\\\/stade\\\/#website\",\"url\":\"https:\\\/\\\/kvg-bus.de\\\/stade\\\/\",\"name\":\"KVG Stade\",\"description\":\"\",\"publisher\":{\"@id\":\"https:\\\/\\\/kvg-bus.de\\\/stade\\\/#organization\"},\"potentialAction\":[{\"@type\":\"SearchAction\",\"target\":{\"@type\":\"EntryPoint\",\"urlTemplate\":\"https:\\\/\\\/kvg-bus.de\\\/stade\\\/?s={search_term_string}\"},\"query-input\":{\"@type\":\"PropertyValueSpecification\",\"valueRequired\":true,\"valueName\":\"search_term_string\"}}],\"inLanguage\":\"es\"},{\"@type\":\"Organization\",\"@id\":\"https:\\\/\\\/kvg-bus.de\\\/stade\\\/#organization\",\"name\":\"KVG Stade\",\"url\":\"https:\\\/\\\/kvg-bus.de\\\/stade\\\/\",\"logo\":{\"@type\":\"ImageObject\",\"inLanguage\":\"es\",\"@id\":\"https:\\\/\\\/kvg-bus.de\\\/stade\\\/#\\\/schema\\\/logo\\\/image\\\/\",\"url\":\"https:\\\/\\\/kvg-bus.de\\\/stade\\\/wp-content\\\/uploads\\\/sites\\\/14\\\/kvg_logo-1.svg\",\"contentUrl\":\"https:\\\/\\\/kvg-bus.de\\\/stade\\\/wp-content\\\/uploads\\\/sites\\\/14\\\/kvg_logo-1.svg\",\"width\":1322,\"height\":404,\"caption\":\"KVG Stade\"},\"image\":{\"@id\":\"https:\\\/\\\/kvg-bus.de\\\/stade\\\/#\\\/schema\\\/logo\\\/image\\\/\"}}]}<\/script>\n<!-- \/ Yoast SEO plugin. -->","yoast_head_json":{"title":"Protecci\u00f3n de datos RufMobil - KVG Stade","robots":{"index":"index","follow":"follow","max-snippet":"max-snippet:-1","max-image-preview":"max-image-preview:large","max-video-preview":"max-video-preview:-1"},"canonical":"https:\/\/kvg-bus.de\/stade\/movilidad\/rufmobil\/proteccion-de-datos-rufmobil\/","og_locale":"es_ES","og_type":"article","og_title":"Datenschutz RufMobil - KVG Stade","og_description":"DATENSCHUTZHINWEISE ZUR RUFMOBIL-APP Die Rufbus-App\u00a0 dient dem Fahrgast sowohl als Auskunftstool als auch zur Buchung des Fahrtangebots. Allein zur Auskunft \u00fcber die Fahrzeiten und Haltestellen des Rufbusses oder der klassischen Linienverkehre ist keine Registrierung notwendig. Die Buchung hingegen ist nur mit einer Registrierung des Fahrgastes in der Fahrgast-App m\u00f6glich. \u00a0Welche Daten werden erhoben? Die Buchung ist personengebunden. Daf\u00fcr werden die abgefragten pers\u00f6nlichen Daten im System gespeichert. Zus\u00e4tzlich wird der Zeitpunkt der letzten Anmeldung gespeichert. Das bearbeitende Personal kann folgende Daten einsehen: Vorname, Name E-Mail-Adresse Telefonnummer letzte Anmeldung Der Zugang des Fahrgastes zum System kann jederzeit durch die Buchungszentrale (Rufbuszentrale) gesperrt werden. Die Sperrung wird dem Fahrgast bei der n\u00e4chsten Anmeldung \u00fcber einen Hinweis bekannt gegeben. Eine erneute Anmeldung erfolgt dann nur nach telefonischer Kontaktaufnahme mit der Rufbuszentrale. Die Daten dienen ausschlie\u00dflich dem Zweck der Abwicklung der Fahrtauftr\u00e4ge und der statistischen Auswertung des Rufbusses. Die Daten werden weder an Dritte verkauft noch anderweitig vermarktet. Zus\u00e4tzlich werden beim Download der Rufbus-App &#8222;Mein RufMobil&#8220; bestimmte erforderliche Informationen an den vom Nutzer ausgew\u00e4hlten App-Store (z.B. Google Play oder Apple App Store) \u00fcbermittelt. Dabei k\u00f6nnen der Nutzername, die im jeweiligen App-Store angegebene E-Mail-Adresse, der Zeitpunkt des Downloads sowie die individuelle Ger\u00e4tekennziffer verarbeitet werden. Die Verarbeitung dieser Daten erfolgt ausschlie\u00dflich durch den jeweiligen App-Store und liegt au\u00dferhalb unseres Einflussbereiches. Speicherdauer: Wird der Zugang vom Fahrgast l\u00e4nger als drei Monate nicht benutzt, werden die Registrierung und die pers\u00f6nlichen Daten automatisch gel\u00f6scht. Widerspruchs- und Beseitigungsm\u00f6glichkeit: Sie k\u00f6nnen Ihre Einwilligung zur Speicherung der Daten jederzeit Kontaktformular widerrufen.\u00a0 Herausgeber Eckardt Software Management ESM GmbH","og_url":"https:\/\/kvg-bus.de\/stade\/movilidad\/rufmobil\/proteccion-de-datos-rufmobil\/","og_site_name":"KVG Stade","article_modified_time":"2024-11-25T14:11:23+00:00","og_image":[{"width":1920,"height":600,"url":"https:\/\/kvg-bus.de\/stade\/wp-content\/uploads\/sites\/14\/header_rufmobil_subsite.png","type":"image\/png"}],"twitter_card":"summary_large_image","twitter_misc":{"Tiempo de lectura":"2 minutos"},"schema":{"@context":"https:\/\/schema.org","@graph":[{"@type":"WebPage","@id":"https:\/\/kvg-bus.de\/stade\/mobilitaet\/rufmobil\/datenschutz-rufmobil\/","url":"https:\/\/kvg-bus.de\/stade\/mobilitaet\/rufmobil\/datenschutz-rufmobil\/","name":"Protecci\u00f3n de datos RufMobil - KVG Stade","isPartOf":{"@id":"https:\/\/kvg-bus.de\/stade\/#website"},"primaryImageOfPage":{"@id":"https:\/\/kvg-bus.de\/stade\/mobilitaet\/rufmobil\/datenschutz-rufmobil\/#primaryimage"},"image":{"@id":"https:\/\/kvg-bus.de\/stade\/mobilitaet\/rufmobil\/datenschutz-rufmobil\/#primaryimage"},"thumbnailUrl":"https:\/\/kvg-bus.de\/stade\/wp-content\/uploads\/sites\/14\/header_rufmobil_subsite.png","datePublished":"2024-11-25T13:59:07+00:00","dateModified":"2024-11-25T14:11:23+00:00","breadcrumb":{"@id":"https:\/\/kvg-bus.de\/stade\/mobilitaet\/rufmobil\/datenschutz-rufmobil\/#breadcrumb"},"inLanguage":"es","potentialAction":[{"@type":"ReadAction","target":["https:\/\/kvg-bus.de\/stade\/mobilitaet\/rufmobil\/datenschutz-rufmobil\/"]}]},{"@type":"ImageObject","inLanguage":"es","@id":"https:\/\/kvg-bus.de\/stade\/mobilitaet\/rufmobil\/datenschutz-rufmobil\/#primaryimage","url":"https:\/\/kvg-bus.de\/stade\/wp-content\/uploads\/sites\/14\/header_rufmobil_subsite.png","contentUrl":"https:\/\/kvg-bus.de\/stade\/wp-content\/uploads\/sites\/14\/header_rufmobil_subsite.png","width":1920,"height":600},{"@type":"BreadcrumbList","@id":"https:\/\/kvg-bus.de\/stade\/mobilitaet\/rufmobil\/datenschutz-rufmobil\/#breadcrumb","itemListElement":[{"@type":"ListItem","position":1,"name":"Startseite","item":"https:\/\/kvg-bus.de\/stade\/"},{"@type":"ListItem","position":2,"name":"Mobilit\u00e4t","item":"https:\/\/kvg-bus.de\/stade\/mobilitaet\/"},{"@type":"ListItem","position":3,"name":"RufMobil","item":"https:\/\/kvg-bus.de\/stade\/mobilitaet\/rufmobil\/"},{"@type":"ListItem","position":4,"name":"Datenschutz RufMobil"}]},{"@type":"WebSite","@id":"https:\/\/kvg-bus.de\/stade\/#website","url":"https:\/\/kvg-bus.de\/stade\/","name":"KVG Stade","description":"","publisher":{"@id":"https:\/\/kvg-bus.de\/stade\/#organization"},"potentialAction":[{"@type":"SearchAction","target":{"@type":"EntryPoint","urlTemplate":"https:\/\/kvg-bus.de\/stade\/?s={search_term_string}"},"query-input":{"@type":"PropertyValueSpecification","valueRequired":true,"valueName":"search_term_string"}}],"inLanguage":"es"},{"@type":"Organization","@id":"https:\/\/kvg-bus.de\/stade\/#organization","name":"KVG Stade","url":"https:\/\/kvg-bus.de\/stade\/","logo":{"@type":"ImageObject","inLanguage":"es","@id":"https:\/\/kvg-bus.de\/stade\/#\/schema\/logo\/image\/","url":"https:\/\/kvg-bus.de\/stade\/wp-content\/uploads\/sites\/14\/kvg_logo-1.svg","contentUrl":"https:\/\/kvg-bus.de\/stade\/wp-content\/uploads\/sites\/14\/kvg_logo-1.svg","width":1322,"height":404,"caption":"KVG Stade"},"image":{"@id":"https:\/\/kvg-bus.de\/stade\/#\/schema\/logo\/image\/"}}]}},"_links":{"self":[{"href":"https:\/\/kvg-bus.de\/stade\/es\/wp-json\/wp\/v2\/pages\/1869","targetHints":{"allow":["GET"]}}],"collection":[{"href":"https:\/\/kvg-bus.de\/stade\/es\/wp-json\/wp\/v2\/pages"}],"about":[{"href":"https:\/\/kvg-bus.de\/stade\/es\/wp-json\/wp\/v2\/types\/page"}],"author":[{"embeddable":true,"href":"https:\/\/kvg-bus.de\/stade\/es\/wp-json\/wp\/v2\/users\/4"}],"replies":[{"embeddable":true,"href":"https:\/\/kvg-bus.de\/stade\/es\/wp-json\/wp\/v2\/comments?post=1869"}],"version-history":[{"count":0,"href":"https:\/\/kvg-bus.de\/stade\/es\/wp-json\/wp\/v2\/pages\/1869\/revisions"}],"up":[{"embeddable":true,"href":"https:\/\/kvg-bus.de\/stade\/es\/wp-json\/wp\/v2\/pages\/1327"}],"wp:featuredmedia":[{"embeddable":true,"href":"https:\/\/kvg-bus.de\/stade\/es\/wp-json\/wp\/v2\/media\/1480"}],"wp:attachment":[{"href":"https:\/\/kvg-bus.de\/stade\/es\/wp-json\/wp\/v2\/media?parent=1869"}],"curies":[{"name":"wp","href":"https:\/\/api.w.org\/{rel}","templated":true}]}}