{"id":4111,"date":"2026-01-23T10:03:57","date_gmt":"2026-01-23T09:03:57","guid":{"rendered":"https:\/\/kvg-bus.de\/stade\/?page_id=4111"},"modified":"2026-02-11T14:19:55","modified_gmt":"2026-02-11T13:19:55","slug":"funds","status":"publish","type":"page","link":"https:\/\/kvg-bus.de\/stade\/en\/service\/fundsachen\/","title":{"rendered":"Lost property"},"content":{"rendered":"<div data-elementor-type=\"wp-page\" data-elementor-id=\"4111\" class=\"elementor elementor-4111\" data-elementor-post-type=\"page\">\n\t\t\t\t\t\t<section class=\"elementor-section elementor-top-section elementor-element elementor-element-5d226f4 elementor-section-boxed elementor-section-height-default elementor-section-height-default wpr-particle-no wpr-jarallax-no wpr-parallax-no wpr-sticky-section-no\" data-id=\"5d226f4\" data-element_type=\"section\" data-e-type=\"section\">\n\t\t\t\t\t\t<div class=\"elementor-container elementor-column-gap-default\">\n\t\t\t\t\t<div class=\"elementor-column elementor-col-50 elementor-top-column elementor-element elementor-element-482c9b0\" data-id=\"482c9b0\" data-element_type=\"column\" data-e-type=\"column\">\n\t\t\t<div class=\"elementor-widget-wrap elementor-element-populated\">\n\t\t\t\t\t\t<div class=\"elementor-element elementor-element-d309e78 elementor-widget elementor-widget-heading\" data-id=\"d309e78\" data-element_type=\"widget\" data-e-type=\"widget\" data-widget_type=\"heading.default\">\n\t\t\t\t<div class=\"elementor-widget-container\">\n\t\t\t\t\t<h2 class=\"elementor-heading-title elementor-size-default\">YOUR ONLINE LOST PROPERTY OFFICE<\/h2>\t\t\t\t<\/div>\n\t\t\t\t<\/div>\n\t\t\t\t<div class=\"elementor-element elementor-element-a528552 elementor-widget elementor-widget-text-editor\" data-id=\"a528552\" data-element_type=\"widget\" data-e-type=\"widget\" data-widget_type=\"text-editor.default\">\n\t\t\t\t<div class=\"elementor-widget-container\">\n\t\t\t\t\t\t\t\t\t<p data-start=\"219\" data-end=\"251\"><strong>Search for lost property online + simply collect it!<\/strong><\/p><p data-start=\"306\" data-end=\"498\">Have you lost something in one of our buses? With our <strong data-start=\"393\" data-end=\"412\">Online lost property office<\/strong> you can check at any time whether your item has been received by us as a lost property.<\/p>\t\t\t\t\t\t\t\t<\/div>\n\t\t\t\t<\/div>\n\t\t\t\t<div class=\"elementor-element elementor-element-82079a3 elementor-widget elementor-widget-spacer\" data-id=\"82079a3\" data-element_type=\"widget\" data-e-type=\"widget\" data-widget_type=\"spacer.default\">\n\t\t\t\t<div class=\"elementor-widget-container\">\n\t\t\t\t\t\t\t<div class=\"elementor-spacer\">\n\t\t\t<div class=\"elementor-spacer-inner\"><\/div>\n\t\t<\/div>\n\t\t\t\t\t\t<\/div>\n\t\t\t\t<\/div>\n\t\t\t\t\t<\/div>\n\t\t<\/div>\n\t\t\t\t<div class=\"elementor-column elementor-col-50 elementor-top-column elementor-element elementor-element-0e272b7\" data-id=\"0e272b7\" data-element_type=\"column\" data-e-type=\"column\">\n\t\t\t<div class=\"elementor-widget-wrap\">\n\t\t\t\t\t\t\t<\/div>\n\t\t<\/div>\n\t\t\t\t\t<\/div>\n\t\t<\/section>\n\t\t<div class=\"elementor-element elementor-element-04d26c5 e-flex e-con-boxed wpr-particle-no wpr-jarallax-no wpr-parallax-no wpr-sticky-section-no e-con e-parent\" data-id=\"04d26c5\" data-element_type=\"container\" data-e-type=\"container\">\n\t\t\t\t\t<div class=\"e-con-inner\">\n\t\t\t\t<div class=\"elementor-element elementor-element-f63a60a elementor-widget elementor-widget-text-editor\" data-id=\"f63a60a\" data-element_type=\"widget\" data-e-type=\"widget\" data-widget_type=\"text-editor.default\">\n\t\t\t\t<div class=\"elementor-widget-container\">\n\t\t\t\t\t\t\t\t\t<h3 data-start=\"504\" data-end=\"549\">Note: Online lost property office in maintenance mode<\/h3><p data-start=\"551\" data-end=\"739\">Our online lost property office is currently temporarily unavailable due to maintenance work.<br data-start=\"645\" data-end=\"648\" \/>We are working flat out to reactivate the service as quickly as possible.<\/p><p data-start=\"741\" data-end=\"832\">Please try again at a later date. Thank you for your understanding.<\/p><p data-start=\"741\" data-end=\"832\"><b>During the maintenance work, you can enquire about your lost property by phone or email:<\/b><\/p>\t\t\t\t\t\t\t\t<\/div>\n\t\t\t\t<\/div>\n\t\t<div class=\"elementor-element elementor-element-f4c6d41 e-grid e-con-full wpr-particle-no wpr-jarallax-no wpr-parallax-no wpr-sticky-section-no e-con e-child\" data-id=\"f4c6d41\" data-element_type=\"container\" data-e-type=\"container\">\n\t\t\t\t<div class=\"elementor-element elementor-element-de6060a elementor-align-start elementor-list-item-link-inline elementor-mobile-align-start elementor-icon-list--layout-traditional elementor-widget elementor-widget-icon-list\" data-id=\"de6060a\" data-element_type=\"widget\" data-e-type=\"widget\" data-widget_type=\"icon-list.default\">\n\t\t\t\t<div class=\"elementor-widget-container\">\n\t\t\t\t\t\t\t<ul class=\"elementor-icon-list-items\">\n\t\t\t\t\t\t\t<li class=\"elementor-icon-list-item\">\n\t\t\t\t\t\t\t\t\t\t<span class=\"elementor-icon-list-text\">Operation Stade<\/span>\n\t\t\t\t\t\t\t\t\t<\/li>\n\t\t\t\t\t\t\t\t<li class=\"elementor-icon-list-item\">\n\t\t\t\t\t\t\t\t\t\t\t<a href=\"mailto:kundendialog@kvg-bus.de\">\n\n\t\t\t\t\t\t\t\t\t\t\t\t<span class=\"elementor-icon-list-icon\">\n\t\t\t\t\t\t\t<i aria-hidden=\"true\" class=\"fas fa-paper-plane\"><\/i>\t\t\t\t\t\t<\/span>\n\t\t\t\t\t\t\t\t\t\t<span class=\"elementor-icon-list-text\">kundendialog@kvg-bus.de<\/span>\n\t\t\t\t\t\t\t\t\t\t\t<\/a>\n\t\t\t\t\t\t\t\t\t<\/li>\n\t\t\t\t\t\t\t\t<li class=\"elementor-icon-list-item\">\n\t\t\t\t\t\t\t\t\t\t\t<a href=\"tel:04141525-0\">\n\n\t\t\t\t\t\t\t\t\t\t\t\t<span class=\"elementor-icon-list-icon\">\n\t\t\t\t\t\t\t<i aria-hidden=\"true\" class=\"fas fa-phone\"><\/i>\t\t\t\t\t\t<\/span>\n\t\t\t\t\t\t\t\t\t\t<span class=\"elementor-icon-list-text\">04141 525-0<\/span>\n\t\t\t\t\t\t\t\t\t\t\t<\/a>\n\t\t\t\t\t\t\t\t\t<\/li>\n\t\t\t\t\t\t\t\t<li class=\"elementor-icon-list-item\">\n\t\t\t\t\t\t\t\t\t\t\t<span class=\"elementor-icon-list-icon\">\n\t\t\t\t\t\t\t<i aria-hidden=\"true\" class=\"fas fa-clock\"><\/i>\t\t\t\t\t\t<\/span>\n\t\t\t\t\t\t\t\t\t\t<span class=\"elementor-icon-list-text\">Mon - Fri 7 am - 3 pm<\/span>\n\t\t\t\t\t\t\t\t\t<\/li>\n\t\t\t\t\t\t<\/ul>\n\t\t\t\t\t\t<\/div>\n\t\t\t\t<\/div>\n\t\t\t\t<div class=\"elementor-element elementor-element-d6dfba9 elementor-align-start elementor-list-item-link-inline elementor-mobile-align-start elementor-icon-list--layout-traditional elementor-widget elementor-widget-icon-list\" data-id=\"d6dfba9\" data-element_type=\"widget\" data-e-type=\"widget\" data-widget_type=\"icon-list.default\">\n\t\t\t\t<div class=\"elementor-widget-container\">\n\t\t\t\t\t\t\t<ul class=\"elementor-icon-list-items\">\n\t\t\t\t\t\t\t<li class=\"elementor-icon-list-item\">\n\t\t\t\t\t\t\t\t\t\t<span class=\"elementor-icon-list-text\">Operation Buxtehude<\/span>\n\t\t\t\t\t\t\t\t\t<\/li>\n\t\t\t\t\t\t\t\t<li class=\"elementor-icon-list-item\">\n\t\t\t\t\t\t\t\t\t\t\t<a href=\"mailto:kundendialog@kvg-bus.de\">\n\n\t\t\t\t\t\t\t\t\t\t\t\t<span class=\"elementor-icon-list-icon\">\n\t\t\t\t\t\t\t<i aria-hidden=\"true\" class=\"fas fa-paper-plane\"><\/i>\t\t\t\t\t\t<\/span>\n\t\t\t\t\t\t\t\t\t\t<span class=\"elementor-icon-list-text\">kundendialog@kvg-bus.de<\/span>\n\t\t\t\t\t\t\t\t\t\t\t<\/a>\n\t\t\t\t\t\t\t\t\t<\/li>\n\t\t\t\t\t\t\t\t<li class=\"elementor-icon-list-item\">\n\t\t\t\t\t\t\t\t\t\t\t<a href=\"tel:0416164460\">\n\n\t\t\t\t\t\t\t\t\t\t\t\t<span class=\"elementor-icon-list-icon\">\n\t\t\t\t\t\t\t<i aria-hidden=\"true\" class=\"fas fa-phone\"><\/i>\t\t\t\t\t\t<\/span>\n\t\t\t\t\t\t\t\t\t\t<span class=\"elementor-icon-list-text\">04161 6446-0<\/span>\n\t\t\t\t\t\t\t\t\t\t\t<\/a>\n\t\t\t\t\t\t\t\t\t<\/li>\n\t\t\t\t\t\t\t\t<li class=\"elementor-icon-list-item\">\n\t\t\t\t\t\t\t\t\t\t\t<span class=\"elementor-icon-list-icon\">\n\t\t\t\t\t\t\t<i aria-hidden=\"true\" class=\"fas fa-clock\"><\/i>\t\t\t\t\t\t<\/span>\n\t\t\t\t\t\t\t\t\t\t<span class=\"elementor-icon-list-text\">Mon - Fri 7 am - 3 pm<\/span>\n\t\t\t\t\t\t\t\t\t<\/li>\n\t\t\t\t\t\t<\/ul>\n\t\t\t\t\t\t<\/div>\n\t\t\t\t<\/div>\n\t\t\t\t<\/div>\n\t\t\t\t\t<\/div>\n\t\t\t\t<\/div>\n\t\t<div class=\"elementor-element elementor-element-d9902c6 e-flex e-con-boxed wpr-particle-no wpr-jarallax-no wpr-parallax-no wpr-sticky-section-no e-con e-parent\" data-id=\"d9902c6\" data-element_type=\"container\" data-e-type=\"container\">\n\t\t\t\t\t<div class=\"e-con-inner\">\n\t\t\t\t<div class=\"elementor-element elementor-element-4f2ea11 elementor-widget elementor-widget-spacer\" data-id=\"4f2ea11\" data-element_type=\"widget\" data-e-type=\"widget\" data-widget_type=\"spacer.default\">\n\t\t\t\t<div class=\"elementor-widget-container\">\n\t\t\t\t\t\t\t<div class=\"elementor-spacer\">\n\t\t\t<div class=\"elementor-spacer-inner\"><\/div>\n\t\t<\/div>\n\t\t\t\t\t\t<\/div>\n\t\t\t\t<\/div>\n\t\t\t\t\t<\/div>\n\t\t\t\t<\/div>\n\t\t\t\t<\/div>","protected":false},"excerpt":{"rendered":"<p>DEIN ONLINE-FUNDB\u00dcRO Fundsachen online suchen + einfach abholen! Du hast etwas in einem unserer Busse verloren? Mit unserem Online-Fundb\u00fcro kannst du jederzeit pr\u00fcfen, ob dein Gegenstand bei uns als Fundsache eingegangen ist. Hinweis: Online-Fundb\u00fcro im Wartungsmodus Unser Online-Fundb\u00fcro ist derzeit aufgrund von Wartungsarbeiten vor\u00fcbergehend nicht verf\u00fcgbar.Wir arbeiten mit Hochdruck daran, den Service so schnell wie m\u00f6glich wieder freizuschalten. Bitte versuche es zu einem sp\u00e4teren Zeitpunkt erneut. Vielen Dank f\u00fcr dein Verst\u00e4ndnis. W\u00e4hrend der Dauer der Wartungsarbeiten kannst du dich telefonisch oder per Mail nach deiner Fundsache erkundigen: Betrieb Stade kundendialog@kvg-bus.de 04141 525-0 mo &#8211; fr 7 &#8211; 15 Uhr Betrieb Buxtehude kundendialog@kvg-bus.de 04161 6446-0 mo &#8211; fr 7 &#8211; 15 Uhr<\/p>","protected":false},"author":4,"featured_media":4134,"parent":16,"menu_order":1,"comment_status":"closed","ping_status":"closed","template":"","meta":{"footnotes":""},"class_list":["post-4111","page","type-page","status-publish","has-post-thumbnail","hentry"],"yoast_head":"<!-- This site is optimized with the Yoast SEO plugin v27.3 - https:\/\/yoast.com\/product\/yoast-seo-wordpress\/ -->\n<title>Fundsachen - KVG Stade<\/title>\n<meta name=\"robots\" content=\"index, follow, max-snippet:-1, max-image-preview:large, max-video-preview:-1\" \/>\n<link rel=\"canonical\" href=\"https:\/\/kvg-bus.de\/stade\/service\/funds\/\" \/>\n<meta property=\"og:locale\" content=\"en_GB\" \/>\n<meta property=\"og:type\" content=\"article\" \/>\n<meta property=\"og:title\" content=\"Fundsachen - KVG Stade\" \/>\n<meta property=\"og:description\" content=\"DEIN ONLINE-FUNDB\u00dcRO Fundsachen online suchen + einfach abholen! Du hast etwas in einem unserer Busse verloren? Mit unserem Online-Fundb\u00fcro kannst du jederzeit pr\u00fcfen, ob dein Gegenstand bei uns als Fundsache eingegangen ist. Hinweis: Online-Fundb\u00fcro im Wartungsmodus Unser Online-Fundb\u00fcro ist derzeit aufgrund von Wartungsarbeiten vor\u00fcbergehend nicht verf\u00fcgbar.Wir arbeiten mit Hochdruck daran, den Service so schnell wie m\u00f6glich wieder freizuschalten. Bitte versuche es zu einem sp\u00e4teren Zeitpunkt erneut. Vielen Dank f\u00fcr dein Verst\u00e4ndnis. W\u00e4hrend der Dauer der Wartungsarbeiten kannst du dich telefonisch oder per Mail nach deiner Fundsache erkundigen: Betrieb Stade kundendialog@kvg-bus.de 04141 525-0 mo &#8211; fr 7 &#8211; 15 Uhr Betrieb Buxtehude kundendialog@kvg-bus.de 04161 6446-0 mo &#8211; fr 7 &#8211; 15 Uhr\" \/>\n<meta property=\"og:url\" content=\"https:\/\/kvg-bus.de\/stade\/service\/funds\/\" \/>\n<meta property=\"og:site_name\" content=\"KVG Stade\" \/>\n<meta property=\"article:modified_time\" content=\"2026-02-11T13:19:55+00:00\" \/>\n<meta property=\"og:image\" content=\"https:\/\/kvg-bus.de\/stade\/wp-content\/uploads\/sites\/14\/header-subsite_fundsachen.jpg\" \/>\n\t<meta property=\"og:image:width\" content=\"1920\" \/>\n\t<meta property=\"og:image:height\" content=\"640\" \/>\n\t<meta property=\"og:image:type\" content=\"image\/jpeg\" \/>\n<meta name=\"twitter:card\" content=\"summary_large_image\" \/>\n<meta name=\"twitter:label1\" content=\"Estimated reading time\" \/>\n\t<meta name=\"twitter:data1\" content=\"1 minute\" \/>\n<script type=\"application\/ld+json\" class=\"yoast-schema-graph\">{\"@context\":\"https:\\\/\\\/schema.org\",\"@graph\":[{\"@type\":\"WebPage\",\"@id\":\"https:\\\/\\\/kvg-bus.de\\\/stade\\\/service\\\/fundsachen\\\/\",\"url\":\"https:\\\/\\\/kvg-bus.de\\\/stade\\\/service\\\/fundsachen\\\/\",\"name\":\"Fundsachen - KVG Stade\",\"isPartOf\":{\"@id\":\"https:\\\/\\\/kvg-bus.de\\\/stade\\\/#website\"},\"primaryImageOfPage\":{\"@id\":\"https:\\\/\\\/kvg-bus.de\\\/stade\\\/service\\\/fundsachen\\\/#primaryimage\"},\"image\":{\"@id\":\"https:\\\/\\\/kvg-bus.de\\\/stade\\\/service\\\/fundsachen\\\/#primaryimage\"},\"thumbnailUrl\":\"https:\\\/\\\/kvg-bus.de\\\/stade\\\/wp-content\\\/uploads\\\/sites\\\/14\\\/header-subsite_fundsachen.jpg\",\"datePublished\":\"2026-01-23T09:03:57+00:00\",\"dateModified\":\"2026-02-11T13:19:55+00:00\",\"breadcrumb\":{\"@id\":\"https:\\\/\\\/kvg-bus.de\\\/stade\\\/service\\\/fundsachen\\\/#breadcrumb\"},\"inLanguage\":\"en-GB\",\"potentialAction\":[{\"@type\":\"ReadAction\",\"target\":[\"https:\\\/\\\/kvg-bus.de\\\/stade\\\/service\\\/fundsachen\\\/\"]}]},{\"@type\":\"ImageObject\",\"inLanguage\":\"en-GB\",\"@id\":\"https:\\\/\\\/kvg-bus.de\\\/stade\\\/service\\\/fundsachen\\\/#primaryimage\",\"url\":\"https:\\\/\\\/kvg-bus.de\\\/stade\\\/wp-content\\\/uploads\\\/sites\\\/14\\\/header-subsite_fundsachen.jpg\",\"contentUrl\":\"https:\\\/\\\/kvg-bus.de\\\/stade\\\/wp-content\\\/uploads\\\/sites\\\/14\\\/header-subsite_fundsachen.jpg\",\"width\":1920,\"height\":640},{\"@type\":\"BreadcrumbList\",\"@id\":\"https:\\\/\\\/kvg-bus.de\\\/stade\\\/service\\\/fundsachen\\\/#breadcrumb\",\"itemListElement\":[{\"@type\":\"ListItem\",\"position\":1,\"name\":\"Startseite\",\"item\":\"https:\\\/\\\/kvg-bus.de\\\/stade\\\/\"},{\"@type\":\"ListItem\",\"position\":2,\"name\":\"Service\",\"item\":\"https:\\\/\\\/kvg-bus.de\\\/stade\\\/service\\\/\"},{\"@type\":\"ListItem\",\"position\":3,\"name\":\"Fundsachen\"}]},{\"@type\":\"WebSite\",\"@id\":\"https:\\\/\\\/kvg-bus.de\\\/stade\\\/#website\",\"url\":\"https:\\\/\\\/kvg-bus.de\\\/stade\\\/\",\"name\":\"KVG Stade\",\"description\":\"\",\"publisher\":{\"@id\":\"https:\\\/\\\/kvg-bus.de\\\/stade\\\/#organization\"},\"potentialAction\":[{\"@type\":\"SearchAction\",\"target\":{\"@type\":\"EntryPoint\",\"urlTemplate\":\"https:\\\/\\\/kvg-bus.de\\\/stade\\\/?s={search_term_string}\"},\"query-input\":{\"@type\":\"PropertyValueSpecification\",\"valueRequired\":true,\"valueName\":\"search_term_string\"}}],\"inLanguage\":\"en-GB\"},{\"@type\":\"Organization\",\"@id\":\"https:\\\/\\\/kvg-bus.de\\\/stade\\\/#organization\",\"name\":\"KVG Stade\",\"url\":\"https:\\\/\\\/kvg-bus.de\\\/stade\\\/\",\"logo\":{\"@type\":\"ImageObject\",\"inLanguage\":\"en-GB\",\"@id\":\"https:\\\/\\\/kvg-bus.de\\\/stade\\\/#\\\/schema\\\/logo\\\/image\\\/\",\"url\":\"https:\\\/\\\/kvg-bus.de\\\/stade\\\/wp-content\\\/uploads\\\/sites\\\/14\\\/kvg_logo-1.svg\",\"contentUrl\":\"https:\\\/\\\/kvg-bus.de\\\/stade\\\/wp-content\\\/uploads\\\/sites\\\/14\\\/kvg_logo-1.svg\",\"width\":1322,\"height\":404,\"caption\":\"KVG Stade\"},\"image\":{\"@id\":\"https:\\\/\\\/kvg-bus.de\\\/stade\\\/#\\\/schema\\\/logo\\\/image\\\/\"}}]}<\/script>\n<!-- \/ Yoast SEO plugin. -->","yoast_head_json":{"title":"Lost property - KVG Stade","robots":{"index":"index","follow":"follow","max-snippet":"max-snippet:-1","max-image-preview":"max-image-preview:large","max-video-preview":"max-video-preview:-1"},"canonical":"https:\/\/kvg-bus.de\/stade\/service\/funds\/","og_locale":"en_GB","og_type":"article","og_title":"Fundsachen - KVG Stade","og_description":"DEIN ONLINE-FUNDB\u00dcRO Fundsachen online suchen + einfach abholen! Du hast etwas in einem unserer Busse verloren? Mit unserem Online-Fundb\u00fcro kannst du jederzeit pr\u00fcfen, ob dein Gegenstand bei uns als Fundsache eingegangen ist. Hinweis: Online-Fundb\u00fcro im Wartungsmodus Unser Online-Fundb\u00fcro ist derzeit aufgrund von Wartungsarbeiten vor\u00fcbergehend nicht verf\u00fcgbar.Wir arbeiten mit Hochdruck daran, den Service so schnell wie m\u00f6glich wieder freizuschalten. Bitte versuche es zu einem sp\u00e4teren Zeitpunkt erneut. Vielen Dank f\u00fcr dein Verst\u00e4ndnis. W\u00e4hrend der Dauer der Wartungsarbeiten kannst du dich telefonisch oder per Mail nach deiner Fundsache erkundigen: Betrieb Stade kundendialog@kvg-bus.de 04141 525-0 mo &#8211; fr 7 &#8211; 15 Uhr Betrieb Buxtehude kundendialog@kvg-bus.de 04161 6446-0 mo &#8211; fr 7 &#8211; 15 Uhr","og_url":"https:\/\/kvg-bus.de\/stade\/service\/funds\/","og_site_name":"KVG Stade","article_modified_time":"2026-02-11T13:19:55+00:00","og_image":[{"width":1920,"height":640,"url":"https:\/\/kvg-bus.de\/stade\/wp-content\/uploads\/sites\/14\/header-subsite_fundsachen.jpg","type":"image\/jpeg"}],"twitter_card":"summary_large_image","twitter_misc":{"Estimated reading time":"1 minute"},"schema":{"@context":"https:\/\/schema.org","@graph":[{"@type":"WebPage","@id":"https:\/\/kvg-bus.de\/stade\/service\/fundsachen\/","url":"https:\/\/kvg-bus.de\/stade\/service\/fundsachen\/","name":"Lost property - KVG Stade","isPartOf":{"@id":"https:\/\/kvg-bus.de\/stade\/#website"},"primaryImageOfPage":{"@id":"https:\/\/kvg-bus.de\/stade\/service\/fundsachen\/#primaryimage"},"image":{"@id":"https:\/\/kvg-bus.de\/stade\/service\/fundsachen\/#primaryimage"},"thumbnailUrl":"https:\/\/kvg-bus.de\/stade\/wp-content\/uploads\/sites\/14\/header-subsite_fundsachen.jpg","datePublished":"2026-01-23T09:03:57+00:00","dateModified":"2026-02-11T13:19:55+00:00","breadcrumb":{"@id":"https:\/\/kvg-bus.de\/stade\/service\/fundsachen\/#breadcrumb"},"inLanguage":"en-GB","potentialAction":[{"@type":"ReadAction","target":["https:\/\/kvg-bus.de\/stade\/service\/fundsachen\/"]}]},{"@type":"ImageObject","inLanguage":"en-GB","@id":"https:\/\/kvg-bus.de\/stade\/service\/fundsachen\/#primaryimage","url":"https:\/\/kvg-bus.de\/stade\/wp-content\/uploads\/sites\/14\/header-subsite_fundsachen.jpg","contentUrl":"https:\/\/kvg-bus.de\/stade\/wp-content\/uploads\/sites\/14\/header-subsite_fundsachen.jpg","width":1920,"height":640},{"@type":"BreadcrumbList","@id":"https:\/\/kvg-bus.de\/stade\/service\/fundsachen\/#breadcrumb","itemListElement":[{"@type":"ListItem","position":1,"name":"Startseite","item":"https:\/\/kvg-bus.de\/stade\/"},{"@type":"ListItem","position":2,"name":"Service","item":"https:\/\/kvg-bus.de\/stade\/service\/"},{"@type":"ListItem","position":3,"name":"Fundsachen"}]},{"@type":"WebSite","@id":"https:\/\/kvg-bus.de\/stade\/#website","url":"https:\/\/kvg-bus.de\/stade\/","name":"KVG Stade","description":"","publisher":{"@id":"https:\/\/kvg-bus.de\/stade\/#organization"},"potentialAction":[{"@type":"SearchAction","target":{"@type":"EntryPoint","urlTemplate":"https:\/\/kvg-bus.de\/stade\/?s={search_term_string}"},"query-input":{"@type":"PropertyValueSpecification","valueRequired":true,"valueName":"search_term_string"}}],"inLanguage":"en-GB"},{"@type":"Organization","@id":"https:\/\/kvg-bus.de\/stade\/#organization","name":"KVG Stade","url":"https:\/\/kvg-bus.de\/stade\/","logo":{"@type":"ImageObject","inLanguage":"en-GB","@id":"https:\/\/kvg-bus.de\/stade\/#\/schema\/logo\/image\/","url":"https:\/\/kvg-bus.de\/stade\/wp-content\/uploads\/sites\/14\/kvg_logo-1.svg","contentUrl":"https:\/\/kvg-bus.de\/stade\/wp-content\/uploads\/sites\/14\/kvg_logo-1.svg","width":1322,"height":404,"caption":"KVG Stade"},"image":{"@id":"https:\/\/kvg-bus.de\/stade\/#\/schema\/logo\/image\/"}}]}},"_links":{"self":[{"href":"https:\/\/kvg-bus.de\/stade\/en\/wp-json\/wp\/v2\/pages\/4111","targetHints":{"allow":["GET"]}}],"collection":[{"href":"https:\/\/kvg-bus.de\/stade\/en\/wp-json\/wp\/v2\/pages"}],"about":[{"href":"https:\/\/kvg-bus.de\/stade\/en\/wp-json\/wp\/v2\/types\/page"}],"author":[{"embeddable":true,"href":"https:\/\/kvg-bus.de\/stade\/en\/wp-json\/wp\/v2\/users\/4"}],"replies":[{"embeddable":true,"href":"https:\/\/kvg-bus.de\/stade\/en\/wp-json\/wp\/v2\/comments?post=4111"}],"version-history":[{"count":0,"href":"https:\/\/kvg-bus.de\/stade\/en\/wp-json\/wp\/v2\/pages\/4111\/revisions"}],"up":[{"embeddable":true,"href":"https:\/\/kvg-bus.de\/stade\/en\/wp-json\/wp\/v2\/pages\/16"}],"wp:featuredmedia":[{"embeddable":true,"href":"https:\/\/kvg-bus.de\/stade\/en\/wp-json\/wp\/v2\/media\/4134"}],"wp:attachment":[{"href":"https:\/\/kvg-bus.de\/stade\/en\/wp-json\/wp\/v2\/media?parent=4111"}],"curies":[{"name":"wp","href":"https:\/\/api.w.org\/{rel}","templated":true}]}}