{"id":1937,"date":"2025-01-08T08:35:21","date_gmt":"2025-01-08T07:35:21","guid":{"rendered":"https:\/\/kvg-bus.de\/stade\/?page_id=1937"},"modified":"2026-03-13T09:56:20","modified_gmt":"2026-03-13T08:56:20","slug":"imprint","status":"publish","type":"page","link":"https:\/\/kvg-bus.de\/stade\/en\/impressum\/","title":{"rendered":"Imprint"},"content":{"rendered":"<div data-elementor-type=\"wp-page\" data-elementor-id=\"1937\" class=\"elementor elementor-1937\" data-elementor-post-type=\"page\">\n\t\t\t\t<div class=\"elementor-element elementor-element-5c21956 e-flex e-con-boxed wpr-particle-no wpr-jarallax-no wpr-parallax-no wpr-sticky-section-no e-con e-parent\" data-id=\"5c21956\" data-element_type=\"container\" data-e-type=\"container\">\n\t\t\t\t\t<div class=\"e-con-inner\">\n\t\t<div class=\"elementor-element elementor-element-70f0c0e e-con-full e-flex wpr-particle-no wpr-jarallax-no wpr-parallax-no wpr-sticky-section-no e-con e-child\" data-id=\"70f0c0e\" data-element_type=\"container\" data-e-type=\"container\">\n\t\t\t\t<div class=\"elementor-element elementor-element-483b16b elementor-widget elementor-widget-heading\" data-id=\"483b16b\" data-element_type=\"widget\" data-e-type=\"widget\" data-widget_type=\"heading.default\">\n\t\t\t\t<div class=\"elementor-widget-container\">\n\t\t\t\t\t<h2 class=\"elementor-heading-title elementor-size-default\">IMPRINT<\/h2>\t\t\t\t<\/div>\n\t\t\t\t<\/div>\n\t\t\t\t<\/div>\n\t\t\t\t\t<\/div>\n\t\t\t\t<\/div>\n\t\t<div class=\"elementor-element elementor-element-83b9976 e-flex e-con-boxed wpr-particle-no wpr-jarallax-no wpr-parallax-no wpr-sticky-section-no e-con e-parent\" data-id=\"83b9976\" data-element_type=\"container\" data-e-type=\"container\">\n\t\t\t\t\t<div class=\"e-con-inner\">\n\t\t<div class=\"elementor-element elementor-element-6bb05a8 e-con-full e-flex wpr-particle-no wpr-jarallax-no wpr-parallax-no wpr-sticky-section-no e-con e-child\" data-id=\"6bb05a8\" data-element_type=\"container\" data-e-type=\"container\">\n\t\t\t\t<div class=\"elementor-element elementor-element-c36a01e mb-1 elementor-widget elementor-widget-text-editor\" data-id=\"c36a01e\" data-element_type=\"widget\" data-e-type=\"widget\" data-widget_type=\"text-editor.default\">\n\t\t\t\t<div class=\"elementor-widget-container\">\n\t\t\t\t\t\t\t\t\t<h4>KVG Stade GmbH &amp; Co. KG<\/h4>\n<p>Harburger Street 96<br \/>21680 Stade<\/p>\t\t\t\t\t\t\t\t<\/div>\n\t\t\t\t<\/div>\n\t\t\t\t<div class=\"elementor-element elementor-element-1f99a20 elementor-align-start elementor-list-item-link-inline elementor-mobile-align-start elementor-icon-list--layout-traditional elementor-widget elementor-widget-icon-list\" data-id=\"1f99a20\" data-element_type=\"widget\" data-e-type=\"widget\" data-widget_type=\"icon-list.default\">\n\t\t\t\t<div class=\"elementor-widget-container\">\n\t\t\t\t\t\t\t<ul class=\"elementor-icon-list-items\">\n\t\t\t\t\t\t\t<li class=\"elementor-icon-list-item\">\n\t\t\t\t\t\t\t\t\t\t\t<a href=\"tel:041415250\">\n\n\t\t\t\t\t\t\t\t\t\t\t\t<span class=\"elementor-icon-list-icon\">\n\t\t\t\t\t\t\t<i aria-hidden=\"true\" class=\"fas fa-phone-alt\"><\/i>\t\t\t\t\t\t<\/span>\n\t\t\t\t\t\t\t\t\t\t<span class=\"elementor-icon-list-text\">04141 525-0<\/span>\n\t\t\t\t\t\t\t\t\t\t\t<\/a>\n\t\t\t\t\t\t\t\t\t<\/li>\n\t\t\t\t\t\t\t\t<li class=\"elementor-icon-list-item\">\n\t\t\t\t\t\t\t\t\t\t\t<a href=\"fax:04141525105\">\n\n\t\t\t\t\t\t\t\t\t\t\t\t<span class=\"elementor-icon-list-icon\">\n\t\t\t\t\t\t\t<i aria-hidden=\"true\" class=\"fas fa-fax\"><\/i>\t\t\t\t\t\t<\/span>\n\t\t\t\t\t\t\t\t\t\t<span class=\"elementor-icon-list-text\">04141 525-105<\/span>\n\t\t\t\t\t\t\t\t\t\t\t<\/a>\n\t\t\t\t\t\t\t\t\t<\/li>\n\t\t\t\t\t\t\t\t<li class=\"elementor-icon-list-item\">\n\t\t\t\t\t\t\t\t\t\t\t<a href=\"mailto:info@kvg-bus.de\">\n\n\t\t\t\t\t\t\t\t\t\t\t\t<span class=\"elementor-icon-list-icon\">\n\t\t\t\t\t\t\t<i aria-hidden=\"true\" class=\"fas fa-paper-plane\"><\/i>\t\t\t\t\t\t<\/span>\n\t\t\t\t\t\t\t\t\t\t<span class=\"elementor-icon-list-text\">info@kvg-bus.de<\/span>\n\t\t\t\t\t\t\t\t\t\t\t<\/a>\n\t\t\t\t\t\t\t\t\t<\/li>\n\t\t\t\t\t\t<\/ul>\n\t\t\t\t\t\t<\/div>\n\t\t\t\t<\/div>\n\t\t\t\t<div class=\"elementor-element elementor-element-7d871e1 elementor-widget elementor-widget-text-editor\" data-id=\"7d871e1\" data-element_type=\"widget\" data-e-type=\"widget\" data-widget_type=\"text-editor.default\">\n\t\t\t\t<div class=\"elementor-widget-container\">\n\t\t\t\t\t\t\t\t\t<p><strong>Management<\/strong><br \/>Dipl.-Kfm. Jan Behrendt, Business Economist (VWA) Michael Fastert<\/p>\n<p><strong>Commercial register entry<\/strong><br \/>Tostedt Local Court, HRA 100974<br \/>Personally liable company: KVG Stade Verwaltungs-GmbH, HRB 101223<\/p>\n<p><strong>Sales tax identification number<\/strong><br \/>DE233071449<\/p>\t\t\t\t\t\t\t\t<\/div>\n\t\t\t\t<\/div>\n\t\t\t\t<\/div>\n\t\t<div class=\"elementor-element elementor-element-9bbe093 e-con-full e-flex wpr-particle-no wpr-jarallax-no wpr-parallax-no wpr-sticky-section-no e-con e-child\" data-id=\"9bbe093\" data-element_type=\"container\" data-e-type=\"container\">\n\t\t\t\t<div class=\"elementor-element elementor-element-97f62d0 mb-1 elementor-widget elementor-widget-text-editor\" data-id=\"97f62d0\" data-element_type=\"widget\" data-e-type=\"widget\" data-widget_type=\"text-editor.default\">\n\t\t\t\t<div class=\"elementor-widget-container\">\n\t\t\t\t\t\t\t\t\t<h4>Kraftverkehr GmbH -KVG-<\/h4>\n<p>Dahlenburger Landstra\u00dfe 37<br \/>21337 L\u00fcneburg<\/p>\t\t\t\t\t\t\t\t<\/div>\n\t\t\t\t<\/div>\n\t\t\t\t<div class=\"elementor-element elementor-element-c2dd707 elementor-align-start elementor-list-item-link-inline elementor-mobile-align-start elementor-icon-list--layout-traditional elementor-widget elementor-widget-icon-list\" data-id=\"c2dd707\" data-element_type=\"widget\" data-e-type=\"widget\" data-widget_type=\"icon-list.default\">\n\t\t\t\t<div class=\"elementor-widget-container\">\n\t\t\t\t\t\t\t<ul class=\"elementor-icon-list-items\">\n\t\t\t\t\t\t\t<li class=\"elementor-icon-list-item\">\n\t\t\t\t\t\t\t\t\t\t\t<a href=\"tel:0413188070\">\n\n\t\t\t\t\t\t\t\t\t\t\t\t<span class=\"elementor-icon-list-icon\">\n\t\t\t\t\t\t\t<i aria-hidden=\"true\" class=\"fas fa-phone-alt\"><\/i>\t\t\t\t\t\t<\/span>\n\t\t\t\t\t\t\t\t\t\t<span class=\"elementor-icon-list-text\">04131 8807-0<\/span>\n\t\t\t\t\t\t\t\t\t\t\t<\/a>\n\t\t\t\t\t\t\t\t\t<\/li>\n\t\t\t\t\t\t\t\t<li class=\"elementor-icon-list-item\">\n\t\t\t\t\t\t\t\t\t\t\t<a href=\"fax:04131880789\">\n\n\t\t\t\t\t\t\t\t\t\t\t\t<span class=\"elementor-icon-list-icon\">\n\t\t\t\t\t\t\t<i aria-hidden=\"true\" class=\"fas fa-fax\"><\/i>\t\t\t\t\t\t<\/span>\n\t\t\t\t\t\t\t\t\t\t<span class=\"elementor-icon-list-text\">04131 8807-89<\/span>\n\t\t\t\t\t\t\t\t\t\t\t<\/a>\n\t\t\t\t\t\t\t\t\t<\/li>\n\t\t\t\t\t\t\t\t<li class=\"elementor-icon-list-item\">\n\t\t\t\t\t\t\t\t\t\t\t<a href=\"mailto:info@kvg-bus.de\">\n\n\t\t\t\t\t\t\t\t\t\t\t\t<span class=\"elementor-icon-list-icon\">\n\t\t\t\t\t\t\t<i aria-hidden=\"true\" class=\"fas fa-paper-plane\"><\/i>\t\t\t\t\t\t<\/span>\n\t\t\t\t\t\t\t\t\t\t<span class=\"elementor-icon-list-text\">info@kvg-bus.de<\/span>\n\t\t\t\t\t\t\t\t\t\t\t<\/a>\n\t\t\t\t\t\t\t\t\t<\/li>\n\t\t\t\t\t\t<\/ul>\n\t\t\t\t\t\t<\/div>\n\t\t\t\t<\/div>\n\t\t\t\t<div class=\"elementor-element elementor-element-8908956 elementor-widget elementor-widget-text-editor\" data-id=\"8908956\" data-element_type=\"widget\" data-e-type=\"widget\" data-widget_type=\"text-editor.default\">\n\t\t\t\t<div class=\"elementor-widget-container\">\n\t\t\t\t\t\t\t\t\t<p><strong>Management<\/strong><br \/>Dipl.-Kfm. Jan Behrendt, Business Economist (VWA) Michael Fastert<\/p><p><strong>Commercial register entry<\/strong><br \/>Local court L\u00fcneburg, HRB 603<\/p><p><strong>Sales tax identification number<\/strong><br \/>DE423516255<\/p>\t\t\t\t\t\t\t\t<\/div>\n\t\t\t\t<\/div>\n\t\t\t\t<\/div>\n\t\t\t\t\t<\/div>\n\t\t\t\t<\/div>\n\t\t<div class=\"elementor-element elementor-element-f17e87d margin-left-0 e-flex e-con-boxed wpr-particle-no wpr-jarallax-no wpr-parallax-no wpr-sticky-section-no e-con e-parent\" data-id=\"f17e87d\" data-element_type=\"container\" data-e-type=\"container\">\n\t\t\t\t\t<div class=\"e-con-inner\">\n\t\t<div class=\"elementor-element elementor-element-e0d8678 e-con-full e-flex wpr-particle-no wpr-jarallax-no wpr-parallax-no wpr-sticky-section-no e-con e-child\" data-id=\"e0d8678\" data-element_type=\"container\" data-e-type=\"container\">\n\t\t<div class=\"elementor-element elementor-element-9a45da6 e-con-full e-flex wpr-particle-no wpr-jarallax-no wpr-parallax-no wpr-sticky-section-no e-con e-child\" data-id=\"9a45da6\" data-element_type=\"container\" data-e-type=\"container\">\n\t\t\t\t<div class=\"elementor-element elementor-element-0ecbc17 kvg-mb-0 elementor-widget elementor-widget-text-editor\" data-id=\"0ecbc17\" data-element_type=\"widget\" data-e-type=\"widget\" data-widget_type=\"text-editor.default\">\n\t\t\t\t<div class=\"elementor-widget-container\">\n\t\t\t\t\t\t\t\t\t<p><strong>Editorial office<br \/><\/strong>Sherin Prager;<br \/>Manuel Zimmermann, Claudia Wacker (\"Current disturbances\")<\/p>\t\t\t\t\t\t\t\t<\/div>\n\t\t\t\t<\/div>\n\t\t\t\t<div class=\"elementor-element elementor-element-3f4dcda elementor-align-start elementor-list-item-link-inline elementor-mobile-align-start elementor-icon-list--layout-traditional elementor-widget elementor-widget-icon-list\" data-id=\"3f4dcda\" data-element_type=\"widget\" data-e-type=\"widget\" data-widget_type=\"icon-list.default\">\n\t\t\t\t<div class=\"elementor-widget-container\">\n\t\t\t\t\t\t\t<ul class=\"elementor-icon-list-items\">\n\t\t\t\t\t\t\t<li class=\"elementor-icon-list-item\">\n\t\t\t\t\t\t\t\t\t\t\t<a href=\"mailto:webmaster@kvg-bus.de\">\n\n\t\t\t\t\t\t\t\t\t\t\t\t<span class=\"elementor-icon-list-icon\">\n\t\t\t\t\t\t\t<i aria-hidden=\"true\" class=\"fas fa-paper-plane\"><\/i>\t\t\t\t\t\t<\/span>\n\t\t\t\t\t\t\t\t\t\t<span class=\"elementor-icon-list-text\">webmaster@kvg-bus.de<\/span>\n\t\t\t\t\t\t\t\t\t\t\t<\/a>\n\t\t\t\t\t\t\t\t\t<\/li>\n\t\t\t\t\t\t<\/ul>\n\t\t\t\t\t\t<\/div>\n\t\t\t\t<\/div>\n\t\t\t\t<\/div>\n\t\t\t\t<div class=\"elementor-element elementor-element-74188db elementor-widget elementor-widget-text-editor\" data-id=\"74188db\" data-element_type=\"widget\" data-e-type=\"widget\" data-widget_type=\"text-editor.default\">\n\t\t\t\t<div class=\"elementor-widget-container\">\n\t\t\t\t\t\t\t\t\t<p><strong>Authorisations <\/strong><\/p><p>In Lower Saxony, the Landesnahverkehrsgesellschaft Niedersachsen mbH (LNVG), Kurt-Schumacher-Stra\u00dfe 5, 30159 Hanover, is responsible for authorisations in accordance with \u00a7 42 and \u00a7 43 PBefG.<\/p><p>In Lower Saxony, the lower transport authority (district, region, independent city) at the company's place of business is responsible for authorisations in accordance with \u00a7 48 and \u00a7 49 PBefG.\u00a0<\/p><p><strong>Disclaimer <\/strong><\/p><p>Despite careful control of the content, we accept no liability for the content of external links. The operators of the linked pages are solely responsible for their content.\u00a0<\/p><p><strong>Design &amp; realisation <\/strong><\/p><p><a href=\"https:\/\/blauzweig.de\/\" target=\"_blank\" rel=\"noopener\">blauzweig.de<\/a><\/p><p><strong>Image rights<\/strong><\/p><p>Unless otherwise stated:<br \/>KVG Stade GmbH &amp; Co. KG<\/p>\t\t\t\t\t\t\t\t<\/div>\n\t\t\t\t<\/div>\n\t\t\t\t<\/div>\n\t\t\t\t\t<\/div>\n\t\t\t\t<\/div>\n\t\t\t\t<\/div>","protected":false},"excerpt":{"rendered":"<p>IMPRESSUM KVG Stade GmbH &amp; Co. KG Harburger Stra\u00dfe 9621680 Stade 04141 525-0 04141 525-105 info@kvg-bus.de Gesch\u00e4ftsf\u00fchrungDipl.-Kfm. Jan Behrendt, Betriebswirt (VWA) Michael Fastert HandelsregistereintragAmtsgericht Tostedt, HRA 100974Pers\u00f6nlich haftende Gesellschaft: KVG Stade Verwaltungs-GmbH, HRB 101223 Umsatzsteuer-IdentifikationsnummerDE233071449 Kraftverkehr GmbH -KVG- Dahlenburger Landstra\u00dfe 3721337 L\u00fcneburg 04131 8807-0 04131 8807-89 info@kvg-bus.de Gesch\u00e4ftsf\u00fchrungDipl.-Kfm. Jan Behrendt, Betriebswirt (VWA) Michael Fastert HandelsregistereintragAmtsgericht L\u00fcneburg, HRB 603 Umsatzsteuer-IdentifikationsnummerDE423516255 RedaktionSherin Prager;Manuel Zimmermann, Claudia Wacker (&#8222;Aktuelle St\u00f6rungen&#8220;) webmaster@kvg-bus.de Genehmigungen F\u00fcr Genehmigungen nach \u00a7 42 und \u00a7 43 PBefG ist in Niedersachen die Landesnahverkehrsgesellschaft Niedersachsen mbH (LNVG), Kurt-Schumacher-Stra\u00dfe 5, 30159 Hannover zust\u00e4ndig. F\u00fcr die Genehmigungen nach \u00a7 48 und \u00a7 49 PBefG ist in Niedersachsen jeweils die Untere Verkehrsbeh\u00f6rde (Landkreis, Region, kreisfreie Stadt) am Betriebssitz des Unternehmens zust\u00e4ndig.\u00a0 Haftungshinweis Trotz sorgf\u00e4ltiger inhaltlicher Kontrolle \u00fcbernehmen wir keine Haftung f\u00fcr die Inhalte externer Links. F\u00fcr den Inhalt der verlinkten Seiten sind ausschlie\u00dflich deren Betreiber verantwortlich.\u00a0 Design &amp; Umsetzung blauzweig.de Bildrechte Soweit nicht anders angegeben:\u00a9 KVG Stade GmbH &amp; Co.KG<\/p>","protected":false},"author":4,"featured_media":1462,"parent":0,"menu_order":76,"comment_status":"closed","ping_status":"closed","template":"","meta":{"footnotes":""},"class_list":["post-1937","page","type-page","status-publish","has-post-thumbnail","hentry"],"yoast_head":"<!-- This site is optimized with the Yoast SEO plugin v27.3 - https:\/\/yoast.com\/product\/yoast-seo-wordpress\/ -->\n<title>Impressum - KVG Stade<\/title>\n<meta name=\"robots\" content=\"index, follow, max-snippet:-1, max-image-preview:large, max-video-preview:-1\" \/>\n<link rel=\"canonical\" href=\"https:\/\/kvg-bus.de\/stade\/imprint\/\" \/>\n<meta property=\"og:locale\" content=\"en_GB\" \/>\n<meta property=\"og:type\" content=\"article\" \/>\n<meta property=\"og:title\" content=\"Impressum - KVG Stade\" \/>\n<meta property=\"og:description\" content=\"IMPRESSUM KVG Stade GmbH &amp; Co. KG Harburger Stra\u00dfe 9621680 Stade 04141 525-0 04141 525-105 info@kvg-bus.de Gesch\u00e4ftsf\u00fchrungDipl.-Kfm. Jan Behrendt, Betriebswirt (VWA) Michael Fastert HandelsregistereintragAmtsgericht Tostedt, HRA 100974Pers\u00f6nlich haftende Gesellschaft: KVG Stade Verwaltungs-GmbH, HRB 101223 Umsatzsteuer-IdentifikationsnummerDE233071449 Kraftverkehr GmbH -KVG- Dahlenburger Landstra\u00dfe 3721337 L\u00fcneburg 04131 8807-0 04131 8807-89 info@kvg-bus.de Gesch\u00e4ftsf\u00fchrungDipl.-Kfm. Jan Behrendt, Betriebswirt (VWA) Michael Fastert HandelsregistereintragAmtsgericht L\u00fcneburg, HRB 603 Umsatzsteuer-IdentifikationsnummerDE423516255 RedaktionSherin Prager;Manuel Zimmermann, Claudia Wacker (&#8222;Aktuelle St\u00f6rungen&#8220;) webmaster@kvg-bus.de Genehmigungen F\u00fcr Genehmigungen nach \u00a7 42 und \u00a7 43 PBefG ist in Niedersachen die Landesnahverkehrsgesellschaft Niedersachsen mbH (LNVG), Kurt-Schumacher-Stra\u00dfe 5, 30159 Hannover zust\u00e4ndig. F\u00fcr die Genehmigungen nach \u00a7 48 und \u00a7 49 PBefG ist in Niedersachsen jeweils die Untere Verkehrsbeh\u00f6rde (Landkreis, Region, kreisfreie Stadt) am Betriebssitz des Unternehmens zust\u00e4ndig.\u00a0 Haftungshinweis Trotz sorgf\u00e4ltiger inhaltlicher Kontrolle \u00fcbernehmen wir keine Haftung f\u00fcr die Inhalte externer Links. F\u00fcr den Inhalt der verlinkten Seiten sind ausschlie\u00dflich deren Betreiber verantwortlich.\u00a0 Design &amp; Umsetzung blauzweig.de Bildrechte Soweit nicht anders angegeben:\u00a9 KVG Stade GmbH &amp; Co.KG\" \/>\n<meta property=\"og:url\" content=\"https:\/\/kvg-bus.de\/stade\/imprint\/\" \/>\n<meta property=\"og:site_name\" content=\"KVG Stade\" \/>\n<meta property=\"article:modified_time\" content=\"2026-03-13T08:56:20+00:00\" \/>\n<meta property=\"og:image\" content=\"https:\/\/kvg-bus.de\/stade\/wp-content\/uploads\/sites\/14\/header_bus-aufstellung-2-scaled.jpg\" \/>\n\t<meta property=\"og:image:width\" content=\"2560\" \/>\n\t<meta property=\"og:image:height\" content=\"1709\" \/>\n\t<meta property=\"og:image:type\" content=\"image\/jpeg\" \/>\n<meta name=\"twitter:card\" content=\"summary_large_image\" \/>\n<meta name=\"twitter:label1\" content=\"Estimated reading time\" \/>\n\t<meta name=\"twitter:data1\" content=\"1 minute\" \/>\n<script type=\"application\/ld+json\" class=\"yoast-schema-graph\">{\"@context\":\"https:\\\/\\\/schema.org\",\"@graph\":[{\"@type\":\"WebPage\",\"@id\":\"https:\\\/\\\/kvg-bus.de\\\/stade\\\/impressum\\\/\",\"url\":\"https:\\\/\\\/kvg-bus.de\\\/stade\\\/impressum\\\/\",\"name\":\"Impressum - KVG Stade\",\"isPartOf\":{\"@id\":\"https:\\\/\\\/kvg-bus.de\\\/stade\\\/#website\"},\"primaryImageOfPage\":{\"@id\":\"https:\\\/\\\/kvg-bus.de\\\/stade\\\/impressum\\\/#primaryimage\"},\"image\":{\"@id\":\"https:\\\/\\\/kvg-bus.de\\\/stade\\\/impressum\\\/#primaryimage\"},\"thumbnailUrl\":\"https:\\\/\\\/kvg-bus.de\\\/stade\\\/wp-content\\\/uploads\\\/sites\\\/14\\\/header_bus-aufstellung-2-scaled.jpg\",\"datePublished\":\"2025-01-08T07:35:21+00:00\",\"dateModified\":\"2026-03-13T08:56:20+00:00\",\"breadcrumb\":{\"@id\":\"https:\\\/\\\/kvg-bus.de\\\/stade\\\/impressum\\\/#breadcrumb\"},\"inLanguage\":\"en-GB\",\"potentialAction\":[{\"@type\":\"ReadAction\",\"target\":[\"https:\\\/\\\/kvg-bus.de\\\/stade\\\/impressum\\\/\"]}]},{\"@type\":\"ImageObject\",\"inLanguage\":\"en-GB\",\"@id\":\"https:\\\/\\\/kvg-bus.de\\\/stade\\\/impressum\\\/#primaryimage\",\"url\":\"https:\\\/\\\/kvg-bus.de\\\/stade\\\/wp-content\\\/uploads\\\/sites\\\/14\\\/header_bus-aufstellung-2-scaled.jpg\",\"contentUrl\":\"https:\\\/\\\/kvg-bus.de\\\/stade\\\/wp-content\\\/uploads\\\/sites\\\/14\\\/header_bus-aufstellung-2-scaled.jpg\",\"width\":2560,\"height\":1709},{\"@type\":\"BreadcrumbList\",\"@id\":\"https:\\\/\\\/kvg-bus.de\\\/stade\\\/impressum\\\/#breadcrumb\",\"itemListElement\":[{\"@type\":\"ListItem\",\"position\":1,\"name\":\"Startseite\",\"item\":\"https:\\\/\\\/kvg-bus.de\\\/stade\\\/\"},{\"@type\":\"ListItem\",\"position\":2,\"name\":\"Impressum\"}]},{\"@type\":\"WebSite\",\"@id\":\"https:\\\/\\\/kvg-bus.de\\\/stade\\\/#website\",\"url\":\"https:\\\/\\\/kvg-bus.de\\\/stade\\\/\",\"name\":\"KVG Stade\",\"description\":\"\",\"publisher\":{\"@id\":\"https:\\\/\\\/kvg-bus.de\\\/stade\\\/#organization\"},\"potentialAction\":[{\"@type\":\"SearchAction\",\"target\":{\"@type\":\"EntryPoint\",\"urlTemplate\":\"https:\\\/\\\/kvg-bus.de\\\/stade\\\/?s={search_term_string}\"},\"query-input\":{\"@type\":\"PropertyValueSpecification\",\"valueRequired\":true,\"valueName\":\"search_term_string\"}}],\"inLanguage\":\"en-GB\"},{\"@type\":\"Organization\",\"@id\":\"https:\\\/\\\/kvg-bus.de\\\/stade\\\/#organization\",\"name\":\"KVG Stade\",\"url\":\"https:\\\/\\\/kvg-bus.de\\\/stade\\\/\",\"logo\":{\"@type\":\"ImageObject\",\"inLanguage\":\"en-GB\",\"@id\":\"https:\\\/\\\/kvg-bus.de\\\/stade\\\/#\\\/schema\\\/logo\\\/image\\\/\",\"url\":\"https:\\\/\\\/kvg-bus.de\\\/stade\\\/wp-content\\\/uploads\\\/sites\\\/14\\\/kvg_logo-1.svg\",\"contentUrl\":\"https:\\\/\\\/kvg-bus.de\\\/stade\\\/wp-content\\\/uploads\\\/sites\\\/14\\\/kvg_logo-1.svg\",\"width\":1322,\"height\":404,\"caption\":\"KVG Stade\"},\"image\":{\"@id\":\"https:\\\/\\\/kvg-bus.de\\\/stade\\\/#\\\/schema\\\/logo\\\/image\\\/\"}}]}<\/script>\n<!-- \/ Yoast SEO plugin. -->","yoast_head_json":{"title":"Imprint - KVG Stade","robots":{"index":"index","follow":"follow","max-snippet":"max-snippet:-1","max-image-preview":"max-image-preview:large","max-video-preview":"max-video-preview:-1"},"canonical":"https:\/\/kvg-bus.de\/stade\/imprint\/","og_locale":"en_GB","og_type":"article","og_title":"Impressum - KVG Stade","og_description":"IMPRESSUM KVG Stade GmbH &amp; Co. KG Harburger Stra\u00dfe 9621680 Stade 04141 525-0 04141 525-105 info@kvg-bus.de Gesch\u00e4ftsf\u00fchrungDipl.-Kfm. Jan Behrendt, Betriebswirt (VWA) Michael Fastert HandelsregistereintragAmtsgericht Tostedt, HRA 100974Pers\u00f6nlich haftende Gesellschaft: KVG Stade Verwaltungs-GmbH, HRB 101223 Umsatzsteuer-IdentifikationsnummerDE233071449 Kraftverkehr GmbH -KVG- Dahlenburger Landstra\u00dfe 3721337 L\u00fcneburg 04131 8807-0 04131 8807-89 info@kvg-bus.de Gesch\u00e4ftsf\u00fchrungDipl.-Kfm. Jan Behrendt, Betriebswirt (VWA) Michael Fastert HandelsregistereintragAmtsgericht L\u00fcneburg, HRB 603 Umsatzsteuer-IdentifikationsnummerDE423516255 RedaktionSherin Prager;Manuel Zimmermann, Claudia Wacker (&#8222;Aktuelle St\u00f6rungen&#8220;) webmaster@kvg-bus.de Genehmigungen F\u00fcr Genehmigungen nach \u00a7 42 und \u00a7 43 PBefG ist in Niedersachen die Landesnahverkehrsgesellschaft Niedersachsen mbH (LNVG), Kurt-Schumacher-Stra\u00dfe 5, 30159 Hannover zust\u00e4ndig. F\u00fcr die Genehmigungen nach \u00a7 48 und \u00a7 49 PBefG ist in Niedersachsen jeweils die Untere Verkehrsbeh\u00f6rde (Landkreis, Region, kreisfreie Stadt) am Betriebssitz des Unternehmens zust\u00e4ndig.\u00a0 Haftungshinweis Trotz sorgf\u00e4ltiger inhaltlicher Kontrolle \u00fcbernehmen wir keine Haftung f\u00fcr die Inhalte externer Links. F\u00fcr den Inhalt der verlinkten Seiten sind ausschlie\u00dflich deren Betreiber verantwortlich.\u00a0 Design &amp; Umsetzung blauzweig.de Bildrechte Soweit nicht anders angegeben:\u00a9 KVG Stade GmbH &amp; Co.KG","og_url":"https:\/\/kvg-bus.de\/stade\/imprint\/","og_site_name":"KVG Stade","article_modified_time":"2026-03-13T08:56:20+00:00","og_image":[{"width":2560,"height":1709,"url":"https:\/\/kvg-bus.de\/stade\/wp-content\/uploads\/sites\/14\/header_bus-aufstellung-2-scaled.jpg","type":"image\/jpeg"}],"twitter_card":"summary_large_image","twitter_misc":{"Estimated reading time":"1 minute"},"schema":{"@context":"https:\/\/schema.org","@graph":[{"@type":"WebPage","@id":"https:\/\/kvg-bus.de\/stade\/impressum\/","url":"https:\/\/kvg-bus.de\/stade\/impressum\/","name":"Imprint - KVG Stade","isPartOf":{"@id":"https:\/\/kvg-bus.de\/stade\/#website"},"primaryImageOfPage":{"@id":"https:\/\/kvg-bus.de\/stade\/impressum\/#primaryimage"},"image":{"@id":"https:\/\/kvg-bus.de\/stade\/impressum\/#primaryimage"},"thumbnailUrl":"https:\/\/kvg-bus.de\/stade\/wp-content\/uploads\/sites\/14\/header_bus-aufstellung-2-scaled.jpg","datePublished":"2025-01-08T07:35:21+00:00","dateModified":"2026-03-13T08:56:20+00:00","breadcrumb":{"@id":"https:\/\/kvg-bus.de\/stade\/impressum\/#breadcrumb"},"inLanguage":"en-GB","potentialAction":[{"@type":"ReadAction","target":["https:\/\/kvg-bus.de\/stade\/impressum\/"]}]},{"@type":"ImageObject","inLanguage":"en-GB","@id":"https:\/\/kvg-bus.de\/stade\/impressum\/#primaryimage","url":"https:\/\/kvg-bus.de\/stade\/wp-content\/uploads\/sites\/14\/header_bus-aufstellung-2-scaled.jpg","contentUrl":"https:\/\/kvg-bus.de\/stade\/wp-content\/uploads\/sites\/14\/header_bus-aufstellung-2-scaled.jpg","width":2560,"height":1709},{"@type":"BreadcrumbList","@id":"https:\/\/kvg-bus.de\/stade\/impressum\/#breadcrumb","itemListElement":[{"@type":"ListItem","position":1,"name":"Startseite","item":"https:\/\/kvg-bus.de\/stade\/"},{"@type":"ListItem","position":2,"name":"Impressum"}]},{"@type":"WebSite","@id":"https:\/\/kvg-bus.de\/stade\/#website","url":"https:\/\/kvg-bus.de\/stade\/","name":"KVG Stade","description":"","publisher":{"@id":"https:\/\/kvg-bus.de\/stade\/#organization"},"potentialAction":[{"@type":"SearchAction","target":{"@type":"EntryPoint","urlTemplate":"https:\/\/kvg-bus.de\/stade\/?s={search_term_string}"},"query-input":{"@type":"PropertyValueSpecification","valueRequired":true,"valueName":"search_term_string"}}],"inLanguage":"en-GB"},{"@type":"Organization","@id":"https:\/\/kvg-bus.de\/stade\/#organization","name":"KVG Stade","url":"https:\/\/kvg-bus.de\/stade\/","logo":{"@type":"ImageObject","inLanguage":"en-GB","@id":"https:\/\/kvg-bus.de\/stade\/#\/schema\/logo\/image\/","url":"https:\/\/kvg-bus.de\/stade\/wp-content\/uploads\/sites\/14\/kvg_logo-1.svg","contentUrl":"https:\/\/kvg-bus.de\/stade\/wp-content\/uploads\/sites\/14\/kvg_logo-1.svg","width":1322,"height":404,"caption":"KVG Stade"},"image":{"@id":"https:\/\/kvg-bus.de\/stade\/#\/schema\/logo\/image\/"}}]}},"_links":{"self":[{"href":"https:\/\/kvg-bus.de\/stade\/en\/wp-json\/wp\/v2\/pages\/1937","targetHints":{"allow":["GET"]}}],"collection":[{"href":"https:\/\/kvg-bus.de\/stade\/en\/wp-json\/wp\/v2\/pages"}],"about":[{"href":"https:\/\/kvg-bus.de\/stade\/en\/wp-json\/wp\/v2\/types\/page"}],"author":[{"embeddable":true,"href":"https:\/\/kvg-bus.de\/stade\/en\/wp-json\/wp\/v2\/users\/4"}],"replies":[{"embeddable":true,"href":"https:\/\/kvg-bus.de\/stade\/en\/wp-json\/wp\/v2\/comments?post=1937"}],"version-history":[{"count":0,"href":"https:\/\/kvg-bus.de\/stade\/en\/wp-json\/wp\/v2\/pages\/1937\/revisions"}],"wp:featuredmedia":[{"embeddable":true,"href":"https:\/\/kvg-bus.de\/stade\/en\/wp-json\/wp\/v2\/media\/1462"}],"wp:attachment":[{"href":"https:\/\/kvg-bus.de\/stade\/en\/wp-json\/wp\/v2\/media?parent=1937"}],"curies":[{"name":"wp","href":"https:\/\/api.w.org\/{rel}","templated":true}]}}