{"id":1869,"date":"2024-11-25T14:59:07","date_gmt":"2024-11-25T13:59:07","guid":{"rendered":"https:\/\/kvg-bus.de\/stade\/?page_id=1869"},"modified":"2024-11-25T15:11:23","modified_gmt":"2024-11-25T14:11:23","slug":"ochrana-osobnich-udaju-rufmobil","status":"publish","type":"page","link":"https:\/\/kvg-bus.de\/stade\/cs\/mobilitaet\/rufmobil\/datenschutz-rufmobil\/","title":{"rendered":"Ochrana \u00fadaj\u016f RufMobil"},"content":{"rendered":"<div data-elementor-type=\"wp-page\" data-elementor-id=\"1869\" class=\"elementor elementor-1869\" data-elementor-post-type=\"page\">\n\t\t\t\t<div class=\"elementor-element elementor-element-603037f e-flex e-con-boxed wpr-particle-no wpr-jarallax-no wpr-parallax-no wpr-sticky-section-no wpr-equal-height-no e-con e-parent\" data-id=\"603037f\" data-element_type=\"container\" data-e-type=\"container\">\n\t\t\t\t\t<div class=\"e-con-inner\">\n\t\t\t\t<div class=\"elementor-element elementor-element-bd0d98e elementor-widget elementor-widget-text-editor\" data-id=\"bd0d98e\" data-element_type=\"widget\" data-e-type=\"widget\" data-widget_type=\"text-editor.default\">\n\t\t\t\t<div class=\"elementor-widget-container\">\n\t\t\t\t\t\t\t\t\t<div class=\"content-item-spaceAfter content-item-white\"><div class=\"box-content\"><div id=\"c4837\" class=\"frame frame-default frame-type-textmedia frame-layout-0\"><header><h1 class=\"\">INFORMACE O OCHRAN\u011a OSOBN\u00cdCH \u00daDAJ\u016e V APLIKACI RUFMOBIL<\/h1><\/header><div class=\"ce-textpic ce-left ce-above\"><div class=\"ce-bodytext\"><p>Aplikace pro autobusy na zavol\u00e1n\u00ed slou\u017e\u00ed cestuj\u00edc\u00edm jako informa\u010dn\u00ed n\u00e1stroj i k rezervaci cesty. Pro z\u00edsk\u00e1n\u00ed informac\u00ed o \u010dasech j\u00edzdy a zast\u00e1vk\u00e1ch autobusu na zavol\u00e1n\u00ed nebo klasick\u00fdch linkov\u00fdch spoj\u016f nen\u00ed nutn\u00e1 \u017e\u00e1dn\u00e1 registrace. Rezervace je naopak mo\u017en\u00e1 pouze tehdy, pokud se cestuj\u00edc\u00ed v aplikaci pro cestuj\u00edc\u00ed zaregistruje.<\/p><h2>\u00a0<br \/>Jak\u00e9 \u00fadaje se shroma\u017e\u010fuj\u00ed?<\/h2><p>Rezervace je individu\u00e1ln\u00ed. Po\u017eadovan\u00e9 osobn\u00ed \u00fadaje jsou za t\u00edmto \u00fa\u010delem ulo\u017eeny v syst\u00e9mu. Ukl\u00e1d\u00e1 se tak\u00e9 \u010das posledn\u00ed registrace.<\/p><p>Zpracovatel\u00e9 mohou zobrazit n\u00e1sleduj\u00edc\u00ed \u00fadaje:<\/p><ul class=\"icons\"><li>Jm\u00e9no, p\u0159\u00edjmen\u00ed<\/li><li>E-mailov\u00e1 adresa<\/li><li>Telefonn\u00ed \u010d\u00edslo<\/li><li>posledn\u00ed registrace<\/li><\/ul><p>P\u0159\u00edstup cestuj\u00edc\u00edch do syst\u00e9mu m\u016f\u017ee rezerva\u010dn\u00ed centrum (autobusov\u00e9 centrum na zavol\u00e1n\u00ed) kdykoli zablokovat. Cestuj\u00edc\u00ed bude o zablokov\u00e1n\u00ed informov\u00e1n prost\u0159ednictv\u00edm ozn\u00e1men\u00ed p\u0159i nejbli\u017e\u0161\u00ed registraci. Op\u011btovn\u00e1 registrace je pak mo\u017en\u00e1 pouze po telefonick\u00e9m kontaktov\u00e1n\u00ed autobusov\u00e9ho st\u0159ediska na telefonu.<\/p><p>\u00dadaje se pou\u017e\u00edvaj\u00ed v\u00fdhradn\u011b pro \u00fa\u010dely zpracov\u00e1n\u00ed objedn\u00e1vek cesty a statistick\u00e9ho vyhodnocov\u00e1n\u00ed autobusov\u00e9 linky. \u00dadaje nejsou prod\u00e1v\u00e1ny t\u0159et\u00edm stran\u00e1m ani jinak uv\u00e1d\u011bny na trh.<\/p><p>Krom\u011b toho se p\u0159i stahov\u00e1n\u00ed aplikace \"Mein RufMobil\" pro volac\u00ed autobusy p\u0159ed\u00e1vaj\u00ed ur\u010dit\u00e9 po\u017eadovan\u00e9 informace do obchodu s aplikacemi, kter\u00fd si u\u017eivatel zvolil (nap\u0159. Google Play nebo Apple App Store). M\u016f\u017ee b\u00fdt zpracov\u00e1no jm\u00e9no u\u017eivatele, e-mailov\u00e1 adresa uveden\u00e1 v p\u0159\u00edslu\u0161n\u00e9m obchod\u011b s aplikacemi, \u010das sta\u017een\u00ed a identifika\u010dn\u00ed \u010d\u00edslo individu\u00e1ln\u00edho za\u0159\u00edzen\u00ed. Tyto \u00fadaje zpracov\u00e1v\u00e1 v\u00fdhradn\u011b p\u0159\u00edslu\u0161n\u00fd obchod s aplikacemi a jsou mimo na\u0161i kontrolu.<\/p><h4>Doba skladov\u00e1n\u00ed:<\/h4><p>Pokud cestuj\u00edc\u00ed \u00fa\u010det nepou\u017e\u00edv\u00e1 d\u00e9le ne\u017e t\u0159i m\u011bs\u00edce, registrace a osobn\u00ed \u00fadaje se automaticky vyma\u017eou.<\/p><h4>Mo\u017enost n\u00e1mitky a odstran\u011bn\u00ed:<\/h4><p>Sv\u016fj souhlas s ukl\u00e1d\u00e1n\u00edm \u00fadaj\u016f m\u016f\u017eete kdykoli odvolat. <a class=\"internal-link\" title=\"Otev\u0159e intern\u00ed odkaz v aktu\u00e1ln\u00edm okn\u011b\" href=\"https:\/\/kvg-bus.de\/stade\/kontakt\/\">Kontaktn\u00ed formul\u00e1\u0159 <\/a>zru\u0161ena.<br \/>\u00a0<\/p><h2>Vydavatel<\/h2><p>Eckardt Software Management ESM GmbH<\/p><\/div><\/div><\/div><\/div><\/div>\t\t\t\t\t\t\t\t<\/div>\n\t\t\t\t<\/div>\n\t\t\t\t\t<\/div>\n\t\t\t\t<\/div>\n\t\t\t\t<\/div>","protected":false},"excerpt":{"rendered":"<p>DATENSCHUTZHINWEISE ZUR RUFMOBIL-APP Die Rufbus-App\u00a0 dient dem Fahrgast sowohl als Auskunftstool als auch zur Buchung des Fahrtangebots. Allein zur Auskunft \u00fcber die Fahrzeiten und Haltestellen des Rufbusses oder der klassischen Linienverkehre ist keine Registrierung notwendig. Die Buchung hingegen ist nur mit einer Registrierung des Fahrgastes in der Fahrgast-App m\u00f6glich. \u00a0Welche Daten werden erhoben? Die Buchung ist personengebunden. Daf\u00fcr werden die abgefragten pers\u00f6nlichen Daten im System gespeichert. Zus\u00e4tzlich wird der Zeitpunkt der letzten Anmeldung gespeichert. Das bearbeitende Personal kann folgende Daten einsehen: Vorname, Name E-Mail-Adresse Telefonnummer letzte Anmeldung Der Zugang des Fahrgastes zum System kann jederzeit durch die Buchungszentrale (Rufbuszentrale) gesperrt werden. Die Sperrung wird dem Fahrgast bei der n\u00e4chsten Anmeldung \u00fcber einen Hinweis bekannt gegeben. Eine erneute Anmeldung erfolgt dann nur nach telefonischer Kontaktaufnahme mit der Rufbuszentrale. Die Daten dienen ausschlie\u00dflich dem Zweck der Abwicklung der Fahrtauftr\u00e4ge und der statistischen Auswertung des Rufbusses. Die Daten werden weder an Dritte verkauft noch anderweitig vermarktet. Zus\u00e4tzlich werden beim Download der Rufbus-App &#8222;Mein RufMobil&#8220; bestimmte erforderliche Informationen an den vom Nutzer ausgew\u00e4hlten App-Store (z.B. Google Play oder Apple App Store) \u00fcbermittelt. Dabei k\u00f6nnen der Nutzername, die im jeweiligen App-Store angegebene E-Mail-Adresse, der Zeitpunkt des Downloads sowie die individuelle Ger\u00e4tekennziffer verarbeitet werden. Die Verarbeitung dieser Daten erfolgt ausschlie\u00dflich durch den jeweiligen App-Store und liegt au\u00dferhalb unseres Einflussbereiches. Speicherdauer: Wird der Zugang vom Fahrgast l\u00e4nger als drei Monate nicht benutzt, werden die Registrierung und die pers\u00f6nlichen Daten automatisch gel\u00f6scht. Widerspruchs- und Beseitigungsm\u00f6glichkeit: Sie k\u00f6nnen Ihre Einwilligung zur Speicherung der Daten jederzeit Kontaktformular widerrufen.\u00a0 Herausgeber Eckardt Software Management ESM GmbH<\/p>","protected":false},"author":4,"featured_media":1480,"parent":1327,"menu_order":27,"comment_status":"closed","ping_status":"closed","template":"","meta":{"footnotes":""},"class_list":["post-1869","page","type-page","status-publish","has-post-thumbnail","hentry"],"yoast_head":"<!-- This site is optimized with the Yoast SEO plugin v27.4 - https:\/\/yoast.com\/product\/yoast-seo-wordpress\/ -->\n<title>Datenschutz RufMobil - KVG Stade<\/title>\n<meta name=\"robots\" content=\"index, follow, max-snippet:-1, max-image-preview:large, max-video-preview:-1\" \/>\n<link rel=\"canonical\" href=\"https:\/\/kvg-bus.de\/stade\/mobilita\/rufmobil\/ochrana-osobnich-udaju-rufmobil\/\" \/>\n<meta property=\"og:locale\" content=\"cs_CZ\" \/>\n<meta property=\"og:type\" content=\"article\" \/>\n<meta property=\"og:title\" content=\"Datenschutz RufMobil - KVG Stade\" \/>\n<meta property=\"og:description\" content=\"DATENSCHUTZHINWEISE ZUR RUFMOBIL-APP Die Rufbus-App\u00a0 dient dem Fahrgast sowohl als Auskunftstool als auch zur Buchung des Fahrtangebots. Allein zur Auskunft \u00fcber die Fahrzeiten und Haltestellen des Rufbusses oder der klassischen Linienverkehre ist keine Registrierung notwendig. Die Buchung hingegen ist nur mit einer Registrierung des Fahrgastes in der Fahrgast-App m\u00f6glich. \u00a0Welche Daten werden erhoben? Die Buchung ist personengebunden. Daf\u00fcr werden die abgefragten pers\u00f6nlichen Daten im System gespeichert. Zus\u00e4tzlich wird der Zeitpunkt der letzten Anmeldung gespeichert. Das bearbeitende Personal kann folgende Daten einsehen: Vorname, Name E-Mail-Adresse Telefonnummer letzte Anmeldung Der Zugang des Fahrgastes zum System kann jederzeit durch die Buchungszentrale (Rufbuszentrale) gesperrt werden. Die Sperrung wird dem Fahrgast bei der n\u00e4chsten Anmeldung \u00fcber einen Hinweis bekannt gegeben. Eine erneute Anmeldung erfolgt dann nur nach telefonischer Kontaktaufnahme mit der Rufbuszentrale. Die Daten dienen ausschlie\u00dflich dem Zweck der Abwicklung der Fahrtauftr\u00e4ge und der statistischen Auswertung des Rufbusses. Die Daten werden weder an Dritte verkauft noch anderweitig vermarktet. Zus\u00e4tzlich werden beim Download der Rufbus-App &#8222;Mein RufMobil&#8220; bestimmte erforderliche Informationen an den vom Nutzer ausgew\u00e4hlten App-Store (z.B. Google Play oder Apple App Store) \u00fcbermittelt. Dabei k\u00f6nnen der Nutzername, die im jeweiligen App-Store angegebene E-Mail-Adresse, der Zeitpunkt des Downloads sowie die individuelle Ger\u00e4tekennziffer verarbeitet werden. Die Verarbeitung dieser Daten erfolgt ausschlie\u00dflich durch den jeweiligen App-Store und liegt au\u00dferhalb unseres Einflussbereiches. Speicherdauer: Wird der Zugang vom Fahrgast l\u00e4nger als drei Monate nicht benutzt, werden die Registrierung und die pers\u00f6nlichen Daten automatisch gel\u00f6scht. Widerspruchs- und Beseitigungsm\u00f6glichkeit: Sie k\u00f6nnen Ihre Einwilligung zur Speicherung der Daten jederzeit Kontaktformular widerrufen.\u00a0 Herausgeber Eckardt Software Management ESM GmbH\" \/>\n<meta property=\"og:url\" content=\"https:\/\/kvg-bus.de\/stade\/mobilita\/rufmobil\/ochrana-osobnich-udaju-rufmobil\/\" \/>\n<meta property=\"og:site_name\" content=\"KVG Stade\" \/>\n<meta property=\"article:modified_time\" content=\"2024-11-25T14:11:23+00:00\" \/>\n<meta property=\"og:image\" content=\"https:\/\/kvg-bus.de\/stade\/wp-content\/uploads\/sites\/14\/header_rufmobil_subsite.png\" \/>\n\t<meta property=\"og:image:width\" content=\"1920\" \/>\n\t<meta property=\"og:image:height\" content=\"600\" \/>\n\t<meta property=\"og:image:type\" content=\"image\/png\" \/>\n<meta name=\"twitter:card\" content=\"summary_large_image\" \/>\n<meta name=\"twitter:label1\" content=\"Odhadovan\u00e1 doba \u010dten\u00ed\" \/>\n\t<meta name=\"twitter:data1\" content=\"2 minuty\" \/>\n<script type=\"application\/ld+json\" class=\"yoast-schema-graph\">{\"@context\":\"https:\\\/\\\/schema.org\",\"@graph\":[{\"@type\":\"WebPage\",\"@id\":\"https:\\\/\\\/kvg-bus.de\\\/stade\\\/mobilitaet\\\/rufmobil\\\/datenschutz-rufmobil\\\/\",\"url\":\"https:\\\/\\\/kvg-bus.de\\\/stade\\\/mobilitaet\\\/rufmobil\\\/datenschutz-rufmobil\\\/\",\"name\":\"Datenschutz RufMobil - KVG Stade\",\"isPartOf\":{\"@id\":\"https:\\\/\\\/kvg-bus.de\\\/stade\\\/#website\"},\"primaryImageOfPage\":{\"@id\":\"https:\\\/\\\/kvg-bus.de\\\/stade\\\/mobilitaet\\\/rufmobil\\\/datenschutz-rufmobil\\\/#primaryimage\"},\"image\":{\"@id\":\"https:\\\/\\\/kvg-bus.de\\\/stade\\\/mobilitaet\\\/rufmobil\\\/datenschutz-rufmobil\\\/#primaryimage\"},\"thumbnailUrl\":\"https:\\\/\\\/kvg-bus.de\\\/stade\\\/wp-content\\\/uploads\\\/sites\\\/14\\\/header_rufmobil_subsite.png\",\"datePublished\":\"2024-11-25T13:59:07+00:00\",\"dateModified\":\"2024-11-25T14:11:23+00:00\",\"breadcrumb\":{\"@id\":\"https:\\\/\\\/kvg-bus.de\\\/stade\\\/mobilitaet\\\/rufmobil\\\/datenschutz-rufmobil\\\/#breadcrumb\"},\"inLanguage\":\"cs\",\"potentialAction\":[{\"@type\":\"ReadAction\",\"target\":[\"https:\\\/\\\/kvg-bus.de\\\/stade\\\/mobilitaet\\\/rufmobil\\\/datenschutz-rufmobil\\\/\"]}]},{\"@type\":\"ImageObject\",\"inLanguage\":\"cs\",\"@id\":\"https:\\\/\\\/kvg-bus.de\\\/stade\\\/mobilitaet\\\/rufmobil\\\/datenschutz-rufmobil\\\/#primaryimage\",\"url\":\"https:\\\/\\\/kvg-bus.de\\\/stade\\\/wp-content\\\/uploads\\\/sites\\\/14\\\/header_rufmobil_subsite.png\",\"contentUrl\":\"https:\\\/\\\/kvg-bus.de\\\/stade\\\/wp-content\\\/uploads\\\/sites\\\/14\\\/header_rufmobil_subsite.png\",\"width\":1920,\"height\":600},{\"@type\":\"BreadcrumbList\",\"@id\":\"https:\\\/\\\/kvg-bus.de\\\/stade\\\/mobilitaet\\\/rufmobil\\\/datenschutz-rufmobil\\\/#breadcrumb\",\"itemListElement\":[{\"@type\":\"ListItem\",\"position\":1,\"name\":\"Startseite\",\"item\":\"https:\\\/\\\/kvg-bus.de\\\/stade\\\/\"},{\"@type\":\"ListItem\",\"position\":2,\"name\":\"Mobilit\u00e4t\",\"item\":\"https:\\\/\\\/kvg-bus.de\\\/stade\\\/mobilitaet\\\/\"},{\"@type\":\"ListItem\",\"position\":3,\"name\":\"RufMobil\",\"item\":\"https:\\\/\\\/kvg-bus.de\\\/stade\\\/mobilitaet\\\/rufmobil\\\/\"},{\"@type\":\"ListItem\",\"position\":4,\"name\":\"Datenschutz RufMobil\"}]},{\"@type\":\"WebSite\",\"@id\":\"https:\\\/\\\/kvg-bus.de\\\/stade\\\/#website\",\"url\":\"https:\\\/\\\/kvg-bus.de\\\/stade\\\/\",\"name\":\"KVG Stade\",\"description\":\"\",\"publisher\":{\"@id\":\"https:\\\/\\\/kvg-bus.de\\\/stade\\\/#organization\"},\"potentialAction\":[{\"@type\":\"SearchAction\",\"target\":{\"@type\":\"EntryPoint\",\"urlTemplate\":\"https:\\\/\\\/kvg-bus.de\\\/stade\\\/?s={search_term_string}\"},\"query-input\":{\"@type\":\"PropertyValueSpecification\",\"valueRequired\":true,\"valueName\":\"search_term_string\"}}],\"inLanguage\":\"cs\"},{\"@type\":\"Organization\",\"@id\":\"https:\\\/\\\/kvg-bus.de\\\/stade\\\/#organization\",\"name\":\"KVG Stade\",\"url\":\"https:\\\/\\\/kvg-bus.de\\\/stade\\\/\",\"logo\":{\"@type\":\"ImageObject\",\"inLanguage\":\"cs\",\"@id\":\"https:\\\/\\\/kvg-bus.de\\\/stade\\\/#\\\/schema\\\/logo\\\/image\\\/\",\"url\":\"https:\\\/\\\/kvg-bus.de\\\/stade\\\/wp-content\\\/uploads\\\/sites\\\/14\\\/kvg_logo-1.svg\",\"contentUrl\":\"https:\\\/\\\/kvg-bus.de\\\/stade\\\/wp-content\\\/uploads\\\/sites\\\/14\\\/kvg_logo-1.svg\",\"width\":1322,\"height\":404,\"caption\":\"KVG Stade\"},\"image\":{\"@id\":\"https:\\\/\\\/kvg-bus.de\\\/stade\\\/#\\\/schema\\\/logo\\\/image\\\/\"}}]}<\/script>\n<!-- \/ Yoast SEO plugin. -->","yoast_head_json":{"title":"Ochrana \u00fadaj\u016f RufMobil - KVG Stade","robots":{"index":"index","follow":"follow","max-snippet":"max-snippet:-1","max-image-preview":"max-image-preview:large","max-video-preview":"max-video-preview:-1"},"canonical":"https:\/\/kvg-bus.de\/stade\/mobilita\/rufmobil\/ochrana-osobnich-udaju-rufmobil\/","og_locale":"cs_CZ","og_type":"article","og_title":"Datenschutz RufMobil - KVG Stade","og_description":"DATENSCHUTZHINWEISE ZUR RUFMOBIL-APP Die Rufbus-App\u00a0 dient dem Fahrgast sowohl als Auskunftstool als auch zur Buchung des Fahrtangebots. Allein zur Auskunft \u00fcber die Fahrzeiten und Haltestellen des Rufbusses oder der klassischen Linienverkehre ist keine Registrierung notwendig. Die Buchung hingegen ist nur mit einer Registrierung des Fahrgastes in der Fahrgast-App m\u00f6glich. \u00a0Welche Daten werden erhoben? Die Buchung ist personengebunden. Daf\u00fcr werden die abgefragten pers\u00f6nlichen Daten im System gespeichert. Zus\u00e4tzlich wird der Zeitpunkt der letzten Anmeldung gespeichert. Das bearbeitende Personal kann folgende Daten einsehen: Vorname, Name E-Mail-Adresse Telefonnummer letzte Anmeldung Der Zugang des Fahrgastes zum System kann jederzeit durch die Buchungszentrale (Rufbuszentrale) gesperrt werden. Die Sperrung wird dem Fahrgast bei der n\u00e4chsten Anmeldung \u00fcber einen Hinweis bekannt gegeben. Eine erneute Anmeldung erfolgt dann nur nach telefonischer Kontaktaufnahme mit der Rufbuszentrale. Die Daten dienen ausschlie\u00dflich dem Zweck der Abwicklung der Fahrtauftr\u00e4ge und der statistischen Auswertung des Rufbusses. Die Daten werden weder an Dritte verkauft noch anderweitig vermarktet. Zus\u00e4tzlich werden beim Download der Rufbus-App &#8222;Mein RufMobil&#8220; bestimmte erforderliche Informationen an den vom Nutzer ausgew\u00e4hlten App-Store (z.B. Google Play oder Apple App Store) \u00fcbermittelt. Dabei k\u00f6nnen der Nutzername, die im jeweiligen App-Store angegebene E-Mail-Adresse, der Zeitpunkt des Downloads sowie die individuelle Ger\u00e4tekennziffer verarbeitet werden. Die Verarbeitung dieser Daten erfolgt ausschlie\u00dflich durch den jeweiligen App-Store und liegt au\u00dferhalb unseres Einflussbereiches. Speicherdauer: Wird der Zugang vom Fahrgast l\u00e4nger als drei Monate nicht benutzt, werden die Registrierung und die pers\u00f6nlichen Daten automatisch gel\u00f6scht. Widerspruchs- und Beseitigungsm\u00f6glichkeit: Sie k\u00f6nnen Ihre Einwilligung zur Speicherung der Daten jederzeit Kontaktformular widerrufen.\u00a0 Herausgeber Eckardt Software Management ESM GmbH","og_url":"https:\/\/kvg-bus.de\/stade\/mobilita\/rufmobil\/ochrana-osobnich-udaju-rufmobil\/","og_site_name":"KVG Stade","article_modified_time":"2024-11-25T14:11:23+00:00","og_image":[{"width":1920,"height":600,"url":"https:\/\/kvg-bus.de\/stade\/wp-content\/uploads\/sites\/14\/header_rufmobil_subsite.png","type":"image\/png"}],"twitter_card":"summary_large_image","twitter_misc":{"Odhadovan\u00e1 doba \u010dten\u00ed":"2 minuty"},"schema":{"@context":"https:\/\/schema.org","@graph":[{"@type":"WebPage","@id":"https:\/\/kvg-bus.de\/stade\/mobilitaet\/rufmobil\/datenschutz-rufmobil\/","url":"https:\/\/kvg-bus.de\/stade\/mobilitaet\/rufmobil\/datenschutz-rufmobil\/","name":"Ochrana \u00fadaj\u016f RufMobil - KVG Stade","isPartOf":{"@id":"https:\/\/kvg-bus.de\/stade\/#website"},"primaryImageOfPage":{"@id":"https:\/\/kvg-bus.de\/stade\/mobilitaet\/rufmobil\/datenschutz-rufmobil\/#primaryimage"},"image":{"@id":"https:\/\/kvg-bus.de\/stade\/mobilitaet\/rufmobil\/datenschutz-rufmobil\/#primaryimage"},"thumbnailUrl":"https:\/\/kvg-bus.de\/stade\/wp-content\/uploads\/sites\/14\/header_rufmobil_subsite.png","datePublished":"2024-11-25T13:59:07+00:00","dateModified":"2024-11-25T14:11:23+00:00","breadcrumb":{"@id":"https:\/\/kvg-bus.de\/stade\/mobilitaet\/rufmobil\/datenschutz-rufmobil\/#breadcrumb"},"inLanguage":"cs","potentialAction":[{"@type":"ReadAction","target":["https:\/\/kvg-bus.de\/stade\/mobilitaet\/rufmobil\/datenschutz-rufmobil\/"]}]},{"@type":"ImageObject","inLanguage":"cs","@id":"https:\/\/kvg-bus.de\/stade\/mobilitaet\/rufmobil\/datenschutz-rufmobil\/#primaryimage","url":"https:\/\/kvg-bus.de\/stade\/wp-content\/uploads\/sites\/14\/header_rufmobil_subsite.png","contentUrl":"https:\/\/kvg-bus.de\/stade\/wp-content\/uploads\/sites\/14\/header_rufmobil_subsite.png","width":1920,"height":600},{"@type":"BreadcrumbList","@id":"https:\/\/kvg-bus.de\/stade\/mobilitaet\/rufmobil\/datenschutz-rufmobil\/#breadcrumb","itemListElement":[{"@type":"ListItem","position":1,"name":"Startseite","item":"https:\/\/kvg-bus.de\/stade\/"},{"@type":"ListItem","position":2,"name":"Mobilit\u00e4t","item":"https:\/\/kvg-bus.de\/stade\/mobilitaet\/"},{"@type":"ListItem","position":3,"name":"RufMobil","item":"https:\/\/kvg-bus.de\/stade\/mobilitaet\/rufmobil\/"},{"@type":"ListItem","position":4,"name":"Datenschutz RufMobil"}]},{"@type":"WebSite","@id":"https:\/\/kvg-bus.de\/stade\/#website","url":"https:\/\/kvg-bus.de\/stade\/","name":"KVG Stade","description":"","publisher":{"@id":"https:\/\/kvg-bus.de\/stade\/#organization"},"potentialAction":[{"@type":"SearchAction","target":{"@type":"EntryPoint","urlTemplate":"https:\/\/kvg-bus.de\/stade\/?s={search_term_string}"},"query-input":{"@type":"PropertyValueSpecification","valueRequired":true,"valueName":"search_term_string"}}],"inLanguage":"cs"},{"@type":"Organization","@id":"https:\/\/kvg-bus.de\/stade\/#organization","name":"KVG Stade","url":"https:\/\/kvg-bus.de\/stade\/","logo":{"@type":"ImageObject","inLanguage":"cs","@id":"https:\/\/kvg-bus.de\/stade\/#\/schema\/logo\/image\/","url":"https:\/\/kvg-bus.de\/stade\/wp-content\/uploads\/sites\/14\/kvg_logo-1.svg","contentUrl":"https:\/\/kvg-bus.de\/stade\/wp-content\/uploads\/sites\/14\/kvg_logo-1.svg","width":1322,"height":404,"caption":"KVG Stade"},"image":{"@id":"https:\/\/kvg-bus.de\/stade\/#\/schema\/logo\/image\/"}}]}},"_links":{"self":[{"href":"https:\/\/kvg-bus.de\/stade\/cs\/wp-json\/wp\/v2\/pages\/1869","targetHints":{"allow":["GET"]}}],"collection":[{"href":"https:\/\/kvg-bus.de\/stade\/cs\/wp-json\/wp\/v2\/pages"}],"about":[{"href":"https:\/\/kvg-bus.de\/stade\/cs\/wp-json\/wp\/v2\/types\/page"}],"author":[{"embeddable":true,"href":"https:\/\/kvg-bus.de\/stade\/cs\/wp-json\/wp\/v2\/users\/4"}],"replies":[{"embeddable":true,"href":"https:\/\/kvg-bus.de\/stade\/cs\/wp-json\/wp\/v2\/comments?post=1869"}],"version-history":[{"count":0,"href":"https:\/\/kvg-bus.de\/stade\/cs\/wp-json\/wp\/v2\/pages\/1869\/revisions"}],"up":[{"embeddable":true,"href":"https:\/\/kvg-bus.de\/stade\/cs\/wp-json\/wp\/v2\/pages\/1327"}],"wp:featuredmedia":[{"embeddable":true,"href":"https:\/\/kvg-bus.de\/stade\/cs\/wp-json\/wp\/v2\/media\/1480"}],"wp:attachment":[{"href":"https:\/\/kvg-bus.de\/stade\/cs\/wp-json\/wp\/v2\/media?parent=1869"}],"curies":[{"name":"wp","href":"https:\/\/api.w.org\/{rel}","templated":true}]}}