{"id":1867,"date":"2024-11-25T13:49:23","date_gmt":"2024-11-25T12:49:23","guid":{"rendered":"https:\/\/kvg-bus.de\/stade\/?page_id=1867"},"modified":"2024-11-25T13:52:29","modified_gmt":"2024-11-25T12:52:29","slug":"dekuji","status":"publish","type":"page","link":"https:\/\/kvg-bus.de\/stade\/cs\/danke\/","title":{"rendered":"D\u011aKUJEME!"},"content":{"rendered":"<div data-elementor-type=\"wp-page\" data-elementor-id=\"1867\" class=\"elementor elementor-1867\" data-elementor-post-type=\"page\">\n\t\t\t\t<div class=\"elementor-element elementor-element-19df828 e-flex e-con-boxed wpr-particle-no wpr-jarallax-no wpr-parallax-no wpr-sticky-section-no wpr-equal-height-no e-con e-parent\" data-id=\"19df828\" data-element_type=\"container\" data-e-type=\"container\">\n\t\t\t\t\t<div class=\"e-con-inner\">\n\t\t\t\t<div class=\"elementor-element elementor-element-208da06 elementor-widget elementor-widget-text-editor\" data-id=\"208da06\" data-element_type=\"widget\" data-e-type=\"widget\" data-widget_type=\"text-editor.default\">\n\t\t\t\t<div class=\"elementor-widget-container\">\n\t\t\t\t\t\t\t\t\t<h1>\u0158\u00edk\u00e1me D\u011aKUJEME<\/h1><p>V\u00e1noce jsou za dve\u0159mi a rok se ch\u00fdl\u00ed ke konci. R\u00e1di bychom v\u00e1m p\u0159i t\u00e9to p\u0159\u00edle\u017eitosti pod\u011bkovali.<\/p><p>D\u011aKUJEME v\u00e1m za va\u0161i v\u011brnost a d\u016fv\u011bru. V\u00e1\u017e\u00edme si ka\u017ed\u00e9ho vl\u00eddn\u00e9ho slova a p\u0159\u00e1telsk\u00e9ho gesta, kter\u00e9 na\u0161im \u0159idi\u010d\u016fm autobus\u016f prok\u00e1\u017eete.<\/p><p>D\u011aKUJEME tak\u00e9 za pochopen\u00ed, kdy\u017e m\u011bl autobus zpo\u017ed\u011bn\u00ed, proto\u017ee uv\u00edzl v dopravn\u00ed z\u00e1cp\u011b nebo musel jet jinudy.<\/p><p>D\u011aKUJEME v\u00e1m za podporu p\u0159i pr\u016fzkumech mezi cestuj\u00edc\u00edmi a d\u011bkujeme v\u00e1m za va\u0161e n\u00e1vrhy a kritiku. To n\u00e1m pom\u00e1h\u00e1 p\u0159izp\u016fsobovat na\u0161e slu\u017eby va\u0161im pot\u0159eb\u00e1m.<\/p><p>Z cel\u00e9ho srdce v\u00e1m d\u011bkujeme. Jako projev na\u0161\u00ed vd\u011b\u010dnosti v\u00e1m t\u00edmto p\u0159ed\u00e1v\u00e1me sladk\u00fd d\u00e1rek.<\/p><p>Va\u0161e d\u016fv\u011bra a podpora jsou pro n\u00e1s velmi d\u016fle\u017eit\u00e9. T\u011b\u0161\u00edme se, \u017ee v\u00e1s budeme moci i nad\u00e1le v\u00edtat jako cestuj\u00edc\u00ed.<\/p><p>Ze srdce v\u00e1m p\u0159ejeme kr\u00e1sn\u00e9 V\u00e1noce! U\u017eijte si sv\u00e1tky se sv\u00fdmi bl\u00edzk\u00fdmi a p\u0159eji v\u00e1m dobr\u00fd vstup do nov\u00e9ho roku!<\/p><p>D\u011aKUJEME,<\/p><p>V\u00e1\u0161 t\u00fdm KVG<\/p>\t\t\t\t\t\t\t\t<\/div>\n\t\t\t\t<\/div>\n\t\t\t\t\t<\/div>\n\t\t\t\t<\/div>\n\t\t<div class=\"elementor-element elementor-element-27994f8 e-con-full e-flex wpr-particle-no wpr-jarallax-no wpr-parallax-no wpr-sticky-section-no wpr-equal-height-no e-con e-parent\" data-id=\"27994f8\" data-element_type=\"container\" data-e-type=\"container\">\n\t\t\t\t<div class=\"elementor-element elementor-element-7b3306a elementor-widget elementor-widget-video\" data-id=\"7b3306a\" data-element_type=\"widget\" data-e-type=\"widget\" data-settings=\"{&quot;youtube_url&quot;:&quot;https:\\\/\\\/www.youtube.com\\\/embed\\\/vby-5GqzYe4?si=zIsj6jbPE_8HcC9p&quot;,&quot;video_type&quot;:&quot;youtube&quot;,&quot;controls&quot;:&quot;yes&quot;}\" data-widget_type=\"video.default\">\n\t\t\t\t<div class=\"elementor-widget-container\">\n\t\t\t\t\t\t\t<div class=\"elementor-wrapper elementor-open-inline\">\n\t\t\t<div class=\"elementor-video\"> <div class=\"brlbs-cmpnt-container brlbs-cmpnt-content-blocker brlbs-cmpnt-with-individual-styles\" data-borlabs-cookie-content-blocker-id=\"youtube-content-blocker\" data-borlabs-cookie-content=\"PHNjcmlwdD4KKGZ1bmN0aW9uKCkgewogICAgbGV0IGQgPSBudWxsOwoKICAgIC8vIGlmIHdlIGFyZSBpbiBhIGxvb3AsIHdlIG5lZWQgdG8gc2VsZWN0IHRoZSBjb3JyZWN0IHZpZGVvIGVsZW1lbnQsIHNpbmNlIFdpZGdldCBJRCBvY2N1cnMgbXVsdGlwbGUgdGltZXMgb24gcGFnZQogICAgY29uc3QgZWxlbXNJbkxvb3AgPSBkb2N1bWVudC5xdWVyeVNlbGVjdG9yQWxsKCc6aXMoZGl2W2RhdGEtZWxlbWVudG9yLXR5cGU9Imxvb3AtaXRlbSJdLGRpdltkYXRhLWVsZW1lbnRvci10eXBlPSJqZXQtbGlzdGluZy1pdGVtcyJdLGRpdltkYXRhLXdpZGdldF90eXBlXj0icHJlbWl1bS1hZGRvbi10YWJzLiJdKSBkaXYuZWxlbWVudG9yLWVsZW1lbnQtN2IzMzA2YScpOwogICAgaWYgKGVsZW1zSW5Mb29wLmxlbmd0aCA9PT0gMSkgewogICAgICAgIGQgPSBlbGVtc0luTG9vcFswXTsKICAgIH0gZWxzZSBpZiAoZWxlbXNJbkxvb3AubGVuZ3RoID4gMSkgewogICAgICAgIGlmICh0eXBlb2YgZG9jdW1lbnQuY3VycmVudFNjcmlwdCA9PT0gJ3VuZGVmaW5lZCcgfHwgZG9jdW1lbnQuY3VycmVudFNjcmlwdCA9PSBudWxsKSB7CiAgICAgICAgICAgIHJldHVybjsKICAgICAgICB9CiAgICAgICAgY29uc3QgdG1wVmlkZW9XaWRnZXQgPSBkb2N1bWVudC5jdXJyZW50U2NyaXB0LmNsb3Nlc3QoJ1tkYXRhLXdpZGdldF90eXBlPSJicmxic192aWRlby5kZWZhdWx0Il0nKTsKICAgICAgICBpZiAodG1wVmlkZW9XaWRnZXQpIHsKICAgICAgICAgICAgZCA9IHRtcFZpZGVvV2lkZ2V0OwogICAgICAgIH0KICAgIH0KCiAgICBpZiAoZCA9PSBudWxsKSB7CiAgICAgICAgZCA9IGRvY3VtZW50LnF1ZXJ5U2VsZWN0b3IoJ2Rpdi5lbGVtZW50b3ItZWxlbWVudC03YjMzMDZhJyk7CiAgICB9CgogICAgaWYgKGQgPT0gbnVsbCkgewogICAgICAgIHJldHVybjsKICAgIH0KICAgIGQuZGF0YXNldC53aWRnZXRfdHlwZSA9IGQuZGF0YXNldC53aWRnZXRfdHlwZS5yZXBsYWNlKCdicmxic18nLCAnJyk7CiAgICBkLmRhdGFzZXQuYnJsYnNVbmJsb2NrZWQgPSAndHJ1ZSc7CgogICAgY29uc3QgaW50ZXJ2YWwgPSBzZXRJbnRlcnZhbCgoKSA9PiB7CiAgICAgICAgaWYgKHR5cGVvZiBlbGVtZW50b3JGcm9udGVuZCAhPT0gJ3VuZGVmaW5lZCcgJiYgdHlwZW9mIGVsZW1lbnRvckZyb250ZW5kLmhvb2tzICE9PSAndW5kZWZpbmVkJykgewogICAgICAgICAgICBjbGVhckludGVydmFsKGludGVydmFsKTsKICAgICAgICAgICAgZWxlbWVudG9yRnJvbnRlbmQuaG9va3MuZG9BY3Rpb24oJ2Zyb250ZW5kL2VsZW1lbnRfcmVhZHkvdmlkZW8uZGVmYXVsdCcsIGpRdWVyeShkKSwgalF1ZXJ5KQogICAgICAgIH0KICAgIH0sIDMwKQp9KSgpOwo8L3NjcmlwdD4=\"><div class=\"brlbs-cmpnt-cb-preset-c brlbs-cmpnt-cb-youtube\"> <div class=\"brlbs-cmpnt-cb-thumbnail\" style=\"background-image: url('https:\/\/kvg-bus.de\/stade\/wp-content\/uploads\/borlabs-cookie\/14\/yt_vby-5GqzYe4_hqdefault.jpg')\"><\/div> <div class=\"brlbs-cmpnt-cb-main\"> <div class=\"brlbs-cmpnt-cb-play-button\"><\/div> <div class=\"brlbs-cmpnt-cb-content\"> <p class=\"brlbs-cmpnt-cb-description\">Pr\u00e1v\u011b vid\u00edte z\u00e1stupn\u00fd obsah z <strong>YouTube<\/strong>. Chcete-li z\u00edskat p\u0159\u00edstup k samotn\u00e9mu obsahu, klikn\u011bte na tla\u010d\u00edtko n\u00ed\u017ee. Upozor\u0148ujeme, \u017ee t\u00edm dojde k p\u0159ed\u00e1n\u00ed \u00fadaj\u016f t\u0159et\u00edm stran\u00e1m.<\/p> <a class=\"brlbs-cmpnt-cb-provider-toggle\" href=\"#\" data-borlabs-cookie-show-provider-information role=\"button\">V\u00edce informac\u00ed<\/a> <\/div> <div class=\"brlbs-cmpnt-cb-buttons\"> <a class=\"brlbs-cmpnt-cb-btn\" href=\"#\" data-borlabs-cookie-unblock role=\"button\">Odemknout obsah<\/a> <a class=\"brlbs-cmpnt-cb-btn\" href=\"#\" data-borlabs-cookie-accept-service role=\"button\" style=\"display: inherit\">P\u0159ijm\u011bte po\u017eadovanou slu\u017ebu a odemkn\u011bte obsah<\/a> <\/div> <\/div> <\/div><\/div><\/div>\t\t<\/div>\n\t\t\t\t\t\t<\/div>\n\t\t\t\t<\/div>\n\t\t\t\t<div class=\"elementor-element elementor-element-e9b2320 elementor-widget elementor-widget-spacer\" data-id=\"e9b2320\" data-element_type=\"widget\" data-e-type=\"widget\" data-widget_type=\"spacer.default\">\n\t\t\t\t<div class=\"elementor-widget-container\">\n\t\t\t\t\t\t\t<div class=\"elementor-spacer\">\n\t\t\t<div class=\"elementor-spacer-inner\"><\/div>\n\t\t<\/div>\n\t\t\t\t\t\t<\/div>\n\t\t\t\t<\/div>\n\t\t\t\t<\/div>\n\t\t\t\t<\/div>","protected":false},"excerpt":{"rendered":"<p>\u0158\u00edk\u00e1me D\u011aKUJEME V\u00e1noce jsou za dve\u0159mi a rok se ch\u00fdl\u00ed ke konci. R\u00e1di bychom vyu\u017eili t\u00e9to p\u0159\u00edle\u017eitosti a pod\u011bkovali v\u00e1m. D\u011aKUJEME za va\u0161i v\u011brnost a d\u016fv\u011bru, kterou jste n\u00e1m projevili. V\u00e1\u017e\u00edme si ka\u017ed\u00e9ho vl\u00eddn\u00e9ho slova a ka\u017ed\u00e9ho p\u0159\u00e1telsk\u00e9ho gesta, kter\u00e9 na\u0161im \u0159idi\u010d\u016fm autobus\u016f prok\u00e1\u017eete. D\u011aKUJEME tak\u00e9 za va\u0161e pochopen\u00ed, kdy\u017e m\u011bl autobus zpo\u017ed\u011bn\u00ed, proto\u017ee uv\u00edzl v dopravn\u00ed z\u00e1cp\u011b nebo musel jet odklonem. D\u011aKUJEME za va\u0161i podporu p\u0159i pr\u016fzkumech mezi cestuj\u00edc\u00edmi a D\u011aKUJEME za va\u0161e n\u00e1vrhy a kritiku. To n\u00e1m pom\u00e1h\u00e1 p\u0159izp\u016fsobovat na\u0161e slu\u017eby va\u0161im pot\u0159eb\u00e1m. Z cel\u00e9ho srdce v\u00e1m d\u011bkujeme. Jako projev na\u0161\u00ed vd\u011b\u010dnosti bychom v\u00e1m r\u00e1di v\u011bnovali sladk\u00fd d\u00e1rek. Va\u0161e d\u016fv\u011bra a podpora jsou pro n\u00e1s velmi d\u016fle\u017eit\u00e9. T\u011b\u0161\u00edme se, \u017ee v\u00e1s budeme moci i nad\u00e1le v\u00edtat jako cestuj\u00edc\u00ed. Ze srdce v\u00e1m p\u0159ejeme kr\u00e1sn\u00e9 V\u00e1noce! U\u017eijte si sv\u00e1te\u010dn\u00ed obdob\u00ed se sv\u00fdmi bl\u00edzk\u00fdmi a p\u0159eji v\u00e1m dobr\u00fd vstup do nov\u00e9ho roku! D\u011aKUJEME, v\u00e1\u0161 t\u00fdm KVG https:\/\/www.youtube.com\/embed\/vby-5GqzYe4?si=zIsj6jbPE_8HcC9p<\/p>","protected":false},"author":4,"featured_media":1462,"parent":0,"menu_order":17,"comment_status":"closed","ping_status":"closed","template":"","meta":{"footnotes":""},"class_list":["post-1867","page","type-page","status-publish","has-post-thumbnail","hentry"],"yoast_head":"<!-- This site is optimized with the Yoast SEO plugin v27.4 - https:\/\/yoast.com\/product\/yoast-seo-wordpress\/ -->\n<title>DANKE! - KVG Stade<\/title>\n<meta name=\"robots\" content=\"index, follow, max-snippet:-1, max-image-preview:large, max-video-preview:-1\" \/>\n<link rel=\"canonical\" href=\"https:\/\/kvg-bus.de\/stade\/dekuji\/\" \/>\n<meta property=\"og:locale\" content=\"cs_CZ\" \/>\n<meta property=\"og:type\" content=\"article\" \/>\n<meta property=\"og:title\" content=\"DANKE! - KVG Stade\" \/>\n<meta property=\"og:description\" content=\"Wir sagen DANKE Weihnachten steht vor der T\u00fcr und das Jahr neigt sich dem Ende zu. Das m\u00f6chten wir zum Anlass nehmen, um dir DANKE zu sagen. DANKE f\u00fcr deine Treue und dein Vertrauen in uns. Wir freuen uns \u00fcber jedes nette Wort und jede freundliche Geste, die du unseren Busfahrerinnen und Busfahrern entgegenbringst. DANKE auch f\u00fcr dein Verst\u00e4ndnis, wenn der Bus einmal Versp\u00e4tung hatte, weil er im Stau stand oder eine Umleitung fahren musste. DANKE f\u00fcr deine Unterst\u00fctzung bei Fahrgastbefragungen und DANKE f\u00fcr deine Anregungen und Kritik. Damit hilfst du uns, unser Angebot an deine Bed\u00fcrfnisse anzupassen. DANKE von ganzem Herzen. Als Zeichen unserer Wertsch\u00e4tzung \u00fcberreichen wir dir hiermit eine s\u00fc\u00dfe Aufmerksamkeit. Dein Vertrauen und deine Unterst\u00fctzung sind uns sehr wichtig. Wir freuen uns darauf, dich auch weiterhin als Fahrgast begr\u00fc\u00dfen zu d\u00fcrfen. Wir w\u00fcnschen dir von Herzen frohe Weihnachten! Genie\u00dfe die Festtage im Kreise deiner Lieben und komme gut ins neue Jahr! DANKE, dein KVG-Team https:\/\/www.youtube.com\/embed\/vby-5GqzYe4?si=zIsj6jbPE_8HcC9p\" \/>\n<meta property=\"og:url\" content=\"https:\/\/kvg-bus.de\/stade\/dekuji\/\" \/>\n<meta property=\"og:site_name\" content=\"KVG Stade\" \/>\n<meta property=\"article:modified_time\" content=\"2024-11-25T12:52:29+00:00\" \/>\n<meta property=\"og:image\" content=\"https:\/\/kvg-bus.de\/stade\/wp-content\/uploads\/sites\/14\/header_bus-aufstellung-2-scaled.jpg\" \/>\n\t<meta property=\"og:image:width\" content=\"2560\" \/>\n\t<meta property=\"og:image:height\" content=\"1709\" \/>\n\t<meta property=\"og:image:type\" content=\"image\/jpeg\" \/>\n<meta name=\"twitter:card\" content=\"summary_large_image\" \/>\n<meta name=\"twitter:label1\" content=\"Odhadovan\u00e1 doba \u010dten\u00ed\" \/>\n\t<meta name=\"twitter:data1\" content=\"1 minuta\" \/>\n<script type=\"application\/ld+json\" class=\"yoast-schema-graph\">{\"@context\":\"https:\\\/\\\/schema.org\",\"@graph\":[{\"@type\":\"WebPage\",\"@id\":\"https:\\\/\\\/kvg-bus.de\\\/stade\\\/danke\\\/\",\"url\":\"https:\\\/\\\/kvg-bus.de\\\/stade\\\/danke\\\/\",\"name\":\"DANKE! - KVG Stade\",\"isPartOf\":{\"@id\":\"https:\\\/\\\/kvg-bus.de\\\/stade\\\/#website\"},\"primaryImageOfPage\":{\"@id\":\"https:\\\/\\\/kvg-bus.de\\\/stade\\\/danke\\\/#primaryimage\"},\"image\":{\"@id\":\"https:\\\/\\\/kvg-bus.de\\\/stade\\\/danke\\\/#primaryimage\"},\"thumbnailUrl\":\"https:\\\/\\\/kvg-bus.de\\\/stade\\\/wp-content\\\/uploads\\\/sites\\\/14\\\/header_bus-aufstellung-2-scaled.jpg\",\"datePublished\":\"2024-11-25T12:49:23+00:00\",\"dateModified\":\"2024-11-25T12:52:29+00:00\",\"breadcrumb\":{\"@id\":\"https:\\\/\\\/kvg-bus.de\\\/stade\\\/danke\\\/#breadcrumb\"},\"inLanguage\":\"cs\",\"potentialAction\":[{\"@type\":\"ReadAction\",\"target\":[\"https:\\\/\\\/kvg-bus.de\\\/stade\\\/danke\\\/\"]}]},{\"@type\":\"ImageObject\",\"inLanguage\":\"cs\",\"@id\":\"https:\\\/\\\/kvg-bus.de\\\/stade\\\/danke\\\/#primaryimage\",\"url\":\"https:\\\/\\\/kvg-bus.de\\\/stade\\\/wp-content\\\/uploads\\\/sites\\\/14\\\/header_bus-aufstellung-2-scaled.jpg\",\"contentUrl\":\"https:\\\/\\\/kvg-bus.de\\\/stade\\\/wp-content\\\/uploads\\\/sites\\\/14\\\/header_bus-aufstellung-2-scaled.jpg\",\"width\":2560,\"height\":1709},{\"@type\":\"BreadcrumbList\",\"@id\":\"https:\\\/\\\/kvg-bus.de\\\/stade\\\/danke\\\/#breadcrumb\",\"itemListElement\":[{\"@type\":\"ListItem\",\"position\":1,\"name\":\"Startseite\",\"item\":\"https:\\\/\\\/kvg-bus.de\\\/stade\\\/\"},{\"@type\":\"ListItem\",\"position\":2,\"name\":\"DANKE!\"}]},{\"@type\":\"WebSite\",\"@id\":\"https:\\\/\\\/kvg-bus.de\\\/stade\\\/#website\",\"url\":\"https:\\\/\\\/kvg-bus.de\\\/stade\\\/\",\"name\":\"KVG Stade\",\"description\":\"\",\"publisher\":{\"@id\":\"https:\\\/\\\/kvg-bus.de\\\/stade\\\/#organization\"},\"potentialAction\":[{\"@type\":\"SearchAction\",\"target\":{\"@type\":\"EntryPoint\",\"urlTemplate\":\"https:\\\/\\\/kvg-bus.de\\\/stade\\\/?s={search_term_string}\"},\"query-input\":{\"@type\":\"PropertyValueSpecification\",\"valueRequired\":true,\"valueName\":\"search_term_string\"}}],\"inLanguage\":\"cs\"},{\"@type\":\"Organization\",\"@id\":\"https:\\\/\\\/kvg-bus.de\\\/stade\\\/#organization\",\"name\":\"KVG Stade\",\"url\":\"https:\\\/\\\/kvg-bus.de\\\/stade\\\/\",\"logo\":{\"@type\":\"ImageObject\",\"inLanguage\":\"cs\",\"@id\":\"https:\\\/\\\/kvg-bus.de\\\/stade\\\/#\\\/schema\\\/logo\\\/image\\\/\",\"url\":\"https:\\\/\\\/kvg-bus.de\\\/stade\\\/wp-content\\\/uploads\\\/sites\\\/14\\\/kvg_logo-1.svg\",\"contentUrl\":\"https:\\\/\\\/kvg-bus.de\\\/stade\\\/wp-content\\\/uploads\\\/sites\\\/14\\\/kvg_logo-1.svg\",\"width\":1322,\"height\":404,\"caption\":\"KVG Stade\"},\"image\":{\"@id\":\"https:\\\/\\\/kvg-bus.de\\\/stade\\\/#\\\/schema\\\/logo\\\/image\\\/\"}}]}<\/script>\n<!-- \/ Yoast SEO plugin. -->","yoast_head_json":{"title":"D\u011aKUJEME! - KVG Stade","robots":{"index":"index","follow":"follow","max-snippet":"max-snippet:-1","max-image-preview":"max-image-preview:large","max-video-preview":"max-video-preview:-1"},"canonical":"https:\/\/kvg-bus.de\/stade\/dekuji\/","og_locale":"cs_CZ","og_type":"article","og_title":"DANKE! - KVG Stade","og_description":"Wir sagen DANKE Weihnachten steht vor der T\u00fcr und das Jahr neigt sich dem Ende zu. Das m\u00f6chten wir zum Anlass nehmen, um dir DANKE zu sagen. DANKE f\u00fcr deine Treue und dein Vertrauen in uns. Wir freuen uns \u00fcber jedes nette Wort und jede freundliche Geste, die du unseren Busfahrerinnen und Busfahrern entgegenbringst. DANKE auch f\u00fcr dein Verst\u00e4ndnis, wenn der Bus einmal Versp\u00e4tung hatte, weil er im Stau stand oder eine Umleitung fahren musste. DANKE f\u00fcr deine Unterst\u00fctzung bei Fahrgastbefragungen und DANKE f\u00fcr deine Anregungen und Kritik. Damit hilfst du uns, unser Angebot an deine Bed\u00fcrfnisse anzupassen. DANKE von ganzem Herzen. Als Zeichen unserer Wertsch\u00e4tzung \u00fcberreichen wir dir hiermit eine s\u00fc\u00dfe Aufmerksamkeit. Dein Vertrauen und deine Unterst\u00fctzung sind uns sehr wichtig. Wir freuen uns darauf, dich auch weiterhin als Fahrgast begr\u00fc\u00dfen zu d\u00fcrfen. Wir w\u00fcnschen dir von Herzen frohe Weihnachten! Genie\u00dfe die Festtage im Kreise deiner Lieben und komme gut ins neue Jahr! DANKE, dein KVG-Team https:\/\/www.youtube.com\/embed\/vby-5GqzYe4?si=zIsj6jbPE_8HcC9p","og_url":"https:\/\/kvg-bus.de\/stade\/dekuji\/","og_site_name":"KVG Stade","article_modified_time":"2024-11-25T12:52:29+00:00","og_image":[{"width":2560,"height":1709,"url":"https:\/\/kvg-bus.de\/stade\/wp-content\/uploads\/sites\/14\/header_bus-aufstellung-2-scaled.jpg","type":"image\/jpeg"}],"twitter_card":"summary_large_image","twitter_misc":{"Odhadovan\u00e1 doba \u010dten\u00ed":"1 minuta"},"schema":{"@context":"https:\/\/schema.org","@graph":[{"@type":"WebPage","@id":"https:\/\/kvg-bus.de\/stade\/danke\/","url":"https:\/\/kvg-bus.de\/stade\/danke\/","name":"D\u011aKUJEME! - KVG Stade","isPartOf":{"@id":"https:\/\/kvg-bus.de\/stade\/#website"},"primaryImageOfPage":{"@id":"https:\/\/kvg-bus.de\/stade\/danke\/#primaryimage"},"image":{"@id":"https:\/\/kvg-bus.de\/stade\/danke\/#primaryimage"},"thumbnailUrl":"https:\/\/kvg-bus.de\/stade\/wp-content\/uploads\/sites\/14\/header_bus-aufstellung-2-scaled.jpg","datePublished":"2024-11-25T12:49:23+00:00","dateModified":"2024-11-25T12:52:29+00:00","breadcrumb":{"@id":"https:\/\/kvg-bus.de\/stade\/danke\/#breadcrumb"},"inLanguage":"cs","potentialAction":[{"@type":"ReadAction","target":["https:\/\/kvg-bus.de\/stade\/danke\/"]}]},{"@type":"ImageObject","inLanguage":"cs","@id":"https:\/\/kvg-bus.de\/stade\/danke\/#primaryimage","url":"https:\/\/kvg-bus.de\/stade\/wp-content\/uploads\/sites\/14\/header_bus-aufstellung-2-scaled.jpg","contentUrl":"https:\/\/kvg-bus.de\/stade\/wp-content\/uploads\/sites\/14\/header_bus-aufstellung-2-scaled.jpg","width":2560,"height":1709},{"@type":"BreadcrumbList","@id":"https:\/\/kvg-bus.de\/stade\/danke\/#breadcrumb","itemListElement":[{"@type":"ListItem","position":1,"name":"Startseite","item":"https:\/\/kvg-bus.de\/stade\/"},{"@type":"ListItem","position":2,"name":"DANKE!"}]},{"@type":"WebSite","@id":"https:\/\/kvg-bus.de\/stade\/#website","url":"https:\/\/kvg-bus.de\/stade\/","name":"KVG Stade","description":"","publisher":{"@id":"https:\/\/kvg-bus.de\/stade\/#organization"},"potentialAction":[{"@type":"SearchAction","target":{"@type":"EntryPoint","urlTemplate":"https:\/\/kvg-bus.de\/stade\/?s={search_term_string}"},"query-input":{"@type":"PropertyValueSpecification","valueRequired":true,"valueName":"search_term_string"}}],"inLanguage":"cs"},{"@type":"Organization","@id":"https:\/\/kvg-bus.de\/stade\/#organization","name":"KVG Stade","url":"https:\/\/kvg-bus.de\/stade\/","logo":{"@type":"ImageObject","inLanguage":"cs","@id":"https:\/\/kvg-bus.de\/stade\/#\/schema\/logo\/image\/","url":"https:\/\/kvg-bus.de\/stade\/wp-content\/uploads\/sites\/14\/kvg_logo-1.svg","contentUrl":"https:\/\/kvg-bus.de\/stade\/wp-content\/uploads\/sites\/14\/kvg_logo-1.svg","width":1322,"height":404,"caption":"KVG Stade"},"image":{"@id":"https:\/\/kvg-bus.de\/stade\/#\/schema\/logo\/image\/"}}]}},"_links":{"self":[{"href":"https:\/\/kvg-bus.de\/stade\/cs\/wp-json\/wp\/v2\/pages\/1867","targetHints":{"allow":["GET"]}}],"collection":[{"href":"https:\/\/kvg-bus.de\/stade\/cs\/wp-json\/wp\/v2\/pages"}],"about":[{"href":"https:\/\/kvg-bus.de\/stade\/cs\/wp-json\/wp\/v2\/types\/page"}],"author":[{"embeddable":true,"href":"https:\/\/kvg-bus.de\/stade\/cs\/wp-json\/wp\/v2\/users\/4"}],"replies":[{"embeddable":true,"href":"https:\/\/kvg-bus.de\/stade\/cs\/wp-json\/wp\/v2\/comments?post=1867"}],"version-history":[{"count":0,"href":"https:\/\/kvg-bus.de\/stade\/cs\/wp-json\/wp\/v2\/pages\/1867\/revisions"}],"wp:featuredmedia":[{"embeddable":true,"href":"https:\/\/kvg-bus.de\/stade\/cs\/wp-json\/wp\/v2\/media\/1462"}],"wp:attachment":[{"href":"https:\/\/kvg-bus.de\/stade\/cs\/wp-json\/wp\/v2\/media?parent=1867"}],"curies":[{"name":"wp","href":"https:\/\/api.w.org\/{rel}","templated":true}]}}