{"id":2,"date":"2024-07-08T14:47:27","date_gmt":"2024-07-08T12:47:27","guid":{"rendered":"https:\/\/kvg-bus.de\/?page_id=2"},"modified":"2025-02-20T14:24:51","modified_gmt":"2025-02-20T13:24:51","slug":"przykladowa-strona","status":"publish","type":"page","link":"https:\/\/kvg-bus.de\/pl\/beispiel-seite\/","title":{"rendered":"Przyk\u0142adowa strona"},"content":{"rendered":"<p>To jest przyk\u0142adowa strona. R\u00f3\u017cni si\u0119 ona od post\u00f3w, poniewa\u017c zawsze pozostaje w tym samym miejscu i jest wy\u015bwietlana w nawigacji witryny (w wi\u0119kszo\u015bci motyw\u00f3w). Wi\u0119kszo\u015b\u0107 zaczyna si\u0119 od nadruku, polityki prywatno\u015bci lub strony \"O nas\", aby przedstawi\u0107 si\u0119 potencjalnym odwiedzaj\u0105cym witryn\u0119. Na przyk\u0142ad mo\u017ce to by\u0107:<\/p>\r\n\r\n\r\n\r\n<blockquote class=\"wp-block-quote is-layout-flow wp-block-quote-is-layout-flow\">\r\n<p>Cze\u015b\u0107, w dzie\u0144 pracuj\u0119 jako kurier rowerowy, w nocy jestem pocz\u0105tkuj\u0105cym aktorem, a to jest moja strona internetowa. Mieszkam w Berlinie, mam du\u017cego psa o imieniu Jack, lubi\u0119 pi\u00f1a colad\u0119, ale nie za bardzo zostawa\u0107 na deszczu (bez parasola).<\/p>\r\n<\/blockquote>\r\n\r\n\r\n\r\n<p>... lub co\u015b w tym stylu:<\/p>\r\n\r\n\r\n\r\n<blockquote class=\"wp-block-quote is-layout-flow wp-block-quote-is-layout-flow\">\r\n<p>Firma XYZ zosta\u0142a za\u0142o\u017cona w 1971 roku i od tego czasu dostarcza spo\u0142ecze\u0144stwu produkty wysokiej jako\u015bci. Zlokalizowana w ma\u0142ym mie\u015bcie firma zatrudnia ponad 2000 os\u00f3b i wspiera mieszka\u0144c\u00f3w miasta na wiele sposob\u00f3w.<\/p>\r\n<\/blockquote>\r\n\r\n\r\n\r\n<p>Jako nowy u\u017cytkownik WordPressa powiniene\u015b <a href=\"https:\/\/kvg-bus.de\/wp-admin\/\">pulpit nawigacyjny<\/a> aby usun\u0105\u0107 t\u0119 stron\u0119 i utworzy\u0107 nowe strony i posty dla swojej witryny. Mi\u0142ej zabawy!<\/p>","protected":false},"excerpt":{"rendered":"<p>To jest przyk\u0142adowa strona. R\u00f3\u017cni si\u0119 ona od post\u00f3w, poniewa\u017c zawsze pozostaje w tym samym miejscu i jest wy\u015bwietlana w nawigacji witryny (w wi\u0119kszo\u015bci motyw\u00f3w). Wi\u0119kszo\u015b\u0107 zaczyna si\u0119 od nadruku, polityki prywatno\u015bci lub strony \u201eO nas\u201c, aby przedstawi\u0107 si\u0119 potencjalnym odwiedzaj\u0105cym witryn\u0119. Na przyk\u0142ad mo\u017ce to by\u0107: Witam, w dzie\u0144 pracuj\u0119 jako kurier rowerowy, w nocy jestem aspiruj\u0105cym aktorem, a to jest moja strona internetowa. Mieszkam w Berlinie, mam du\u017cego psa o imieniu Jack, lubi\u0119 pi\u00f1a coladas, ale nie tak bardzo bycie zostawionym na deszczu (bez parasola). ... lub co\u015b w tym stylu: Firma XYZ zosta\u0142a za\u0142o\u017cona w 1971 roku i od tego czasu dostarcza spo\u0142ecze\u0144stwu produkty wysokiej jako\u015bci. Zlokalizowana w ma\u0142ym mie\u015bcie, firma zatrudnia ponad 2000 os\u00f3b i wspiera mieszka\u0144c\u00f3w miasta na wiele sposob\u00f3w. Jako nowy u\u017cytkownik WordPressa powiniene\u015b przej\u015b\u0107 do pulpitu nawigacyjnego, aby usun\u0105\u0107 t\u0119 stron\u0119 i utworzy\u0107 nowe strony i posty dla swojej witryny. Mi\u0142ej zabawy!<\/p>","protected":false},"author":1,"featured_media":0,"parent":0,"menu_order":0,"comment_status":"closed","ping_status":"open","template":"","meta":{"footnotes":""},"class_list":["post-2","page","type-page","status-publish","hentry"],"yoast_head":"<!-- This site is optimized with the Yoast SEO plugin v27.4 - https:\/\/yoast.com\/product\/yoast-seo-wordpress\/ -->\n<title>Beispiel-Seite - KVG Bus Portalseite<\/title>\n<meta name=\"robots\" content=\"index, follow, max-snippet:-1, max-image-preview:large, max-video-preview:-1\" \/>\n<link rel=\"canonical\" href=\"https:\/\/kvg-bus.de\/pl\/przykladowa-strona\/\" \/>\n<meta property=\"og:locale\" content=\"pl_PL\" \/>\n<meta property=\"og:type\" content=\"article\" \/>\n<meta property=\"og:title\" content=\"Beispiel-Seite - KVG Bus Portalseite\" \/>\n<meta property=\"og:description\" content=\"Dies ist eine Beispiel-Seite. Sie unterscheidet sich von Beitr\u00e4gen, da sie stets an derselben Stelle bleibt und (bei den meisten Themes) in der Website-Navigation angezeigt wird. Die meisten starten mit einem Impressum, der Datenschutzerkl\u00e4rung oder einer \u201e\u00dcber\u00a0uns\u201c-Seite, um sich potenziellen Besuchern der Website vorzustellen. Dort k\u00f6nnte zum Beispiel stehen: Hallo! Tags\u00fcber arbeite ich als Fahrradkurier, nachts bin ich ein aufstrebender Schauspieler und dies hier ist meine Website. Ich lebe in Berlin, habe einen gro\u00dfen Hund namens Jack, mag Pi\u00f1a Coladas, jedoch weniger (ohne Schirm) im Regen stehen gelassen zu werden. &#8230;\u00a0oder so etwas wie: Das Unternehmen XYZ wurde 1971 gegr\u00fcndet und versorgt die \u00d6ffentlichkeit seither mit qualitativ hochwertigen Produkten. An seinem Standort in einer kleinen Gro\u00dfstadt besch\u00e4ftigt der Betrieb \u00fcber 2.000 Menschen und unterst\u00fctzt die Stadtbewohner in vielfacher Hinsicht. Als neuer WordPress-Benutzer solltest du dein Dashboard aufrufen, um diese Seite zu l\u00f6schen und neue Seiten und Beitr\u00e4ge f\u00fcr deine Website erstellen. Viel Spa\u00df!\" \/>\n<meta property=\"og:url\" content=\"https:\/\/kvg-bus.de\/pl\/przykladowa-strona\/\" \/>\n<meta property=\"og:site_name\" content=\"KVG Bus Portalseite\" \/>\n<meta property=\"article:modified_time\" content=\"2025-02-20T13:24:51+00:00\" \/>\n<meta name=\"twitter:card\" content=\"summary_large_image\" \/>\n<meta name=\"twitter:label1\" content=\"Szacowany czas czytania\" \/>\n\t<meta name=\"twitter:data1\" content=\"1 minuta\" \/>\n<script type=\"application\/ld+json\" class=\"yoast-schema-graph\">{\"@context\":\"https:\\\/\\\/schema.org\",\"@graph\":[{\"@type\":\"WebPage\",\"@id\":\"https:\\\/\\\/kvg-bus.de\\\/beispiel-seite\\\/\",\"url\":\"https:\\\/\\\/kvg-bus.de\\\/beispiel-seite\\\/\",\"name\":\"Beispiel-Seite - KVG Bus Portalseite\",\"isPartOf\":{\"@id\":\"https:\\\/\\\/kvg-bus.de\\\/#website\"},\"datePublished\":\"2024-07-08T12:47:27+00:00\",\"dateModified\":\"2025-02-20T13:24:51+00:00\",\"breadcrumb\":{\"@id\":\"https:\\\/\\\/kvg-bus.de\\\/beispiel-seite\\\/#breadcrumb\"},\"inLanguage\":\"pl-PL\",\"potentialAction\":[{\"@type\":\"ReadAction\",\"target\":[\"https:\\\/\\\/kvg-bus.de\\\/beispiel-seite\\\/\"]}]},{\"@type\":\"BreadcrumbList\",\"@id\":\"https:\\\/\\\/kvg-bus.de\\\/beispiel-seite\\\/#breadcrumb\",\"itemListElement\":[{\"@type\":\"ListItem\",\"position\":1,\"name\":\"Startseite\",\"item\":\"https:\\\/\\\/kvg-bus.de\\\/\"},{\"@type\":\"ListItem\",\"position\":2,\"name\":\"Beispiel-Seite\"}]},{\"@type\":\"WebSite\",\"@id\":\"https:\\\/\\\/kvg-bus.de\\\/#website\",\"url\":\"https:\\\/\\\/kvg-bus.de\\\/\",\"name\":\"KVG Bus Portalseite\",\"description\":\"\",\"publisher\":{\"@id\":\"https:\\\/\\\/kvg-bus.de\\\/#organization\"},\"potentialAction\":[{\"@type\":\"SearchAction\",\"target\":{\"@type\":\"EntryPoint\",\"urlTemplate\":\"https:\\\/\\\/kvg-bus.de\\\/?s={search_term_string}\"},\"query-input\":{\"@type\":\"PropertyValueSpecification\",\"valueRequired\":true,\"valueName\":\"search_term_string\"}}],\"inLanguage\":\"pl-PL\"},{\"@type\":\"Organization\",\"@id\":\"https:\\\/\\\/kvg-bus.de\\\/#organization\",\"name\":\"KVG Bus Portalseite\",\"url\":\"https:\\\/\\\/kvg-bus.de\\\/\",\"logo\":{\"@type\":\"ImageObject\",\"inLanguage\":\"pl-PL\",\"@id\":\"https:\\\/\\\/kvg-bus.de\\\/#\\\/schema\\\/logo\\\/image\\\/\",\"url\":\"https:\\\/\\\/kvg-bus.de\\\/wp-content\\\/uploads\\\/sites\\\/14\\\/kvg_logo-1.svg\",\"contentUrl\":\"https:\\\/\\\/kvg-bus.de\\\/wp-content\\\/uploads\\\/sites\\\/14\\\/kvg_logo-1.svg\",\"caption\":\"KVG Bus Portalseite\"},\"image\":{\"@id\":\"https:\\\/\\\/kvg-bus.de\\\/#\\\/schema\\\/logo\\\/image\\\/\"}}]}<\/script>\n<!-- \/ Yoast SEO plugin. -->","yoast_head_json":{"title":"Przyk\u0142adowa strona - strona portalu KVG Bus","robots":{"index":"index","follow":"follow","max-snippet":"max-snippet:-1","max-image-preview":"max-image-preview:large","max-video-preview":"max-video-preview:-1"},"canonical":"https:\/\/kvg-bus.de\/pl\/przykladowa-strona\/","og_locale":"pl_PL","og_type":"article","og_title":"Beispiel-Seite - KVG Bus Portalseite","og_description":"Dies ist eine Beispiel-Seite. Sie unterscheidet sich von Beitr\u00e4gen, da sie stets an derselben Stelle bleibt und (bei den meisten Themes) in der Website-Navigation angezeigt wird. Die meisten starten mit einem Impressum, der Datenschutzerkl\u00e4rung oder einer \u201e\u00dcber\u00a0uns\u201c-Seite, um sich potenziellen Besuchern der Website vorzustellen. Dort k\u00f6nnte zum Beispiel stehen: Hallo! Tags\u00fcber arbeite ich als Fahrradkurier, nachts bin ich ein aufstrebender Schauspieler und dies hier ist meine Website. Ich lebe in Berlin, habe einen gro\u00dfen Hund namens Jack, mag Pi\u00f1a Coladas, jedoch weniger (ohne Schirm) im Regen stehen gelassen zu werden. &#8230;\u00a0oder so etwas wie: Das Unternehmen XYZ wurde 1971 gegr\u00fcndet und versorgt die \u00d6ffentlichkeit seither mit qualitativ hochwertigen Produkten. An seinem Standort in einer kleinen Gro\u00dfstadt besch\u00e4ftigt der Betrieb \u00fcber 2.000 Menschen und unterst\u00fctzt die Stadtbewohner in vielfacher Hinsicht. Als neuer WordPress-Benutzer solltest du dein Dashboard aufrufen, um diese Seite zu l\u00f6schen und neue Seiten und Beitr\u00e4ge f\u00fcr deine Website erstellen. Viel Spa\u00df!","og_url":"https:\/\/kvg-bus.de\/pl\/przykladowa-strona\/","og_site_name":"KVG Bus Portalseite","article_modified_time":"2025-02-20T13:24:51+00:00","twitter_card":"summary_large_image","twitter_misc":{"Szacowany czas czytania":"1 minuta"},"schema":{"@context":"https:\/\/schema.org","@graph":[{"@type":"WebPage","@id":"https:\/\/kvg-bus.de\/beispiel-seite\/","url":"https:\/\/kvg-bus.de\/beispiel-seite\/","name":"Przyk\u0142adowa strona - strona portalu KVG Bus","isPartOf":{"@id":"https:\/\/kvg-bus.de\/#website"},"datePublished":"2024-07-08T12:47:27+00:00","dateModified":"2025-02-20T13:24:51+00:00","breadcrumb":{"@id":"https:\/\/kvg-bus.de\/beispiel-seite\/#breadcrumb"},"inLanguage":"pl-PL","potentialAction":[{"@type":"ReadAction","target":["https:\/\/kvg-bus.de\/beispiel-seite\/"]}]},{"@type":"BreadcrumbList","@id":"https:\/\/kvg-bus.de\/beispiel-seite\/#breadcrumb","itemListElement":[{"@type":"ListItem","position":1,"name":"Startseite","item":"https:\/\/kvg-bus.de\/"},{"@type":"ListItem","position":2,"name":"Beispiel-Seite"}]},{"@type":"WebSite","@id":"https:\/\/kvg-bus.de\/#website","url":"https:\/\/kvg-bus.de\/","name":"Strona portalu KVG Bus","description":"","publisher":{"@id":"https:\/\/kvg-bus.de\/#organization"},"potentialAction":[{"@type":"SearchAction","target":{"@type":"EntryPoint","urlTemplate":"https:\/\/kvg-bus.de\/?s={search_term_string}"},"query-input":{"@type":"PropertyValueSpecification","valueRequired":true,"valueName":"search_term_string"}}],"inLanguage":"pl-PL"},{"@type":"Organization","@id":"https:\/\/kvg-bus.de\/#organization","name":"Strona portalu KVG Bus","url":"https:\/\/kvg-bus.de\/","logo":{"@type":"ImageObject","inLanguage":"pl-PL","@id":"https:\/\/kvg-bus.de\/#\/schema\/logo\/image\/","url":"https:\/\/kvg-bus.de\/wp-content\/uploads\/sites\/14\/kvg_logo-1.svg","contentUrl":"https:\/\/kvg-bus.de\/wp-content\/uploads\/sites\/14\/kvg_logo-1.svg","caption":"KVG Bus Portalseite"},"image":{"@id":"https:\/\/kvg-bus.de\/#\/schema\/logo\/image\/"}}]}},"_links":{"self":[{"href":"https:\/\/kvg-bus.de\/pl\/wp-json\/wp\/v2\/pages\/2","targetHints":{"allow":["GET"]}}],"collection":[{"href":"https:\/\/kvg-bus.de\/pl\/wp-json\/wp\/v2\/pages"}],"about":[{"href":"https:\/\/kvg-bus.de\/pl\/wp-json\/wp\/v2\/types\/page"}],"author":[{"embeddable":true,"href":"https:\/\/kvg-bus.de\/pl\/wp-json\/wp\/v2\/users\/1"}],"replies":[{"embeddable":true,"href":"https:\/\/kvg-bus.de\/pl\/wp-json\/wp\/v2\/comments?post=2"}],"version-history":[{"count":0,"href":"https:\/\/kvg-bus.de\/pl\/wp-json\/wp\/v2\/pages\/2\/revisions"}],"wp:attachment":[{"href":"https:\/\/kvg-bus.de\/pl\/wp-json\/wp\/v2\/media?parent=2"}],"curies":[{"name":"wp","href":"https:\/\/api.w.org\/{rel}","templated":true}]}}