{"id":346,"date":"2023-07-10T13:52:43","date_gmt":"2023-07-10T11:52:43","guid":{"rendered":"https:\/\/kvg-bus.de\/heidekreis\/?page_id=346"},"modified":"2025-04-30T09:30:16","modified_gmt":"2025-04-30T07:30:16","slug":"%d1%82%d1%80%d0%b0%d0%bd%d1%81%d0%bf%d0%be%d1%80%d1%82-%d1%80%d0%b5%d0%b0%d0%b3%d0%b8%d1%80%d1%83%d1%8e%d1%89%d0%b8%d0%b9-%d0%bd%d0%b0-%d1%81%d0%bf%d1%80%d0%be%d1%81","status":"publish","type":"page","link":"https:\/\/kvg-bus.de\/heidekreis\/ru\/mobilitaet\/bedarfsgerechter-verkehr\/","title":{"rendered":"\u0413\u0440\u0430\u0436\u0434\u0430\u043d\u0441\u043a\u0438\u0435 \u0430\u0432\u0442\u043e\u0431\u0443\u0441\u044b"},"content":{"rendered":"<div data-elementor-type=\"wp-page\" data-elementor-id=\"346\" class=\"elementor elementor-346\" data-elementor-post-type=\"page\">\n\t\t\t\t\t\t<section class=\"elementor-section elementor-top-section elementor-element elementor-element-2e3616c elementor-section-boxed elementor-section-height-default elementor-section-height-default wpr-particle-no wpr-jarallax-no wpr-parallax-no wpr-sticky-section-no\" data-id=\"2e3616c\" data-element_type=\"section\" data-e-type=\"section\">\n\t\t\t\t\t\t<div class=\"elementor-container elementor-column-gap-default\">\n\t\t\t\t\t<div class=\"elementor-column elementor-col-50 elementor-top-column elementor-element elementor-element-76f401a\" data-id=\"76f401a\" data-element_type=\"column\" data-e-type=\"column\">\n\t\t\t<div class=\"elementor-widget-wrap elementor-element-populated\">\n\t\t\t\t\t\t<div class=\"elementor-element elementor-element-1ce653b elementor-widget elementor-widget-heading\" data-id=\"1ce653b\" data-element_type=\"widget\" data-e-type=\"widget\" data-widget_type=\"heading.default\">\n\t\t\t\t<div class=\"elementor-widget-container\">\n\t\t\t\t\t<h2 class=\"elementor-heading-title elementor-size-default\">\u0413\u0420\u0410\u0416\u0414\u0410\u041d\u0421\u041a\u0418\u0415 \u0410\u0412\u0422\u041e\u0411\u0423\u0421\u042b<\/h2>\t\t\t\t<\/div>\n\t\t\t\t<\/div>\n\t\t\t\t\t<\/div>\n\t\t<\/div>\n\t\t\t\t<div class=\"elementor-column elementor-col-50 elementor-top-column elementor-element elementor-element-2bfe057\" data-id=\"2bfe057\" data-element_type=\"column\" data-e-type=\"column\">\n\t\t\t<div class=\"elementor-widget-wrap\">\n\t\t\t\t\t\t\t<\/div>\n\t\t<\/div>\n\t\t\t\t\t<\/div>\n\t\t<\/section>\n\t\t\t\t<section class=\"elementor-section elementor-top-section elementor-element elementor-element-e8a3b9f elementor-section-boxed elementor-section-height-default elementor-section-height-default wpr-particle-no wpr-jarallax-no wpr-parallax-no wpr-sticky-section-no\" data-id=\"e8a3b9f\" data-element_type=\"section\" data-e-type=\"section\">\n\t\t\t\t\t\t<div class=\"elementor-container elementor-column-gap-default\">\n\t\t\t\t\t<div class=\"elementor-column elementor-col-50 elementor-top-column elementor-element elementor-element-a2f5efe\" data-id=\"a2f5efe\" data-element_type=\"column\" data-e-type=\"column\">\n\t\t\t<div class=\"elementor-widget-wrap elementor-element-populated\">\n\t\t\t\t\t\t<div class=\"elementor-element elementor-element-40f6ed6 elementor-widget elementor-widget-text-editor\" data-id=\"40f6ed6\" data-element_type=\"widget\" data-e-type=\"widget\" data-widget_type=\"text-editor.default\">\n\t\t\t\t<div class=\"elementor-widget-container\">\n\t\t\t\t\t\t\t\t\t<p>\u0412 \u043d\u0435\u043a\u043e\u0442\u043e\u0440\u044b\u0445 \u043c\u0443\u043d\u0438\u0446\u0438\u043f\u0430\u043b\u0438\u0442\u0435\u0442\u0430\u0445 \u043e\u043a\u0440\u0443\u0433\u0430 \u0425\u0430\u0439\u0434\u0435\u043a\u0440\u0430\u0439\u0441 \u043d\u0430 \u0434\u043e\u0440\u043e\u0433\u0430\u0445 \u0440\u0430\u0431\u043e\u0442\u0430\u044e\u0442 \u043c\u0443\u043d\u0438\u0446\u0438\u043f\u0430\u043b\u044c\u043d\u044b\u0435 \u0430\u0432\u0442\u043e\u0431\u0443\u0441\u044b. \u041e\u0431\u0449\u0435\u0441\u0442\u0432\u0435\u043d\u043d\u044b\u0435 \u0430\u0432\u0442\u043e\u0431\u0443\u0441\u044b \u0435\u0437\u0434\u044f\u0442 \u0441 \u043c\u0438\u043a\u0440\u043e\u0430\u0432\u0442\u043e\u0431\u0443\u0441\u043e\u043c (9-\u043c\u0435\u0441\u0442\u043d\u044b\u043c) \u0432 \u0442\u0435 \u043d\u0430\u0441\u0435\u043b\u0435\u043d\u043d\u044b\u0435 \u043f\u0443\u043d\u043a\u0442\u044b, \u043a\u0443\u0434\u0430 \u043c\u044b \u043d\u0435 \u043c\u043e\u0436\u0435\u043c \u0434\u043e\u0431\u0440\u0430\u0442\u044c\u0441\u044f \u043d\u0430 \u043d\u0430\u0448\u0438\u0445 \u0430\u0432\u0442\u043e\u0431\u0443\u0441\u0430\u0445, \u0438 \u0441\u043e\u0435\u0434\u0438\u043d\u044f\u044e\u0442 \u0434\u0435\u0440\u0435\u0432\u043d\u0438, \u0433\u0434\u0435 \u043e\u0431\u0449\u0435\u0441\u0442\u0432\u0435\u043d\u043d\u044b\u0439 \u0442\u0440\u0430\u043d\u0441\u043f\u043e\u0440\u0442 \u043c\u0430\u043b\u043e \u0432\u043e\u0441\u0442\u0440\u0435\u0431\u043e\u0432\u0430\u043d.<\/p><p>\u042d\u0442\u0438 \u0441\u0435\u043c\u044c \u043e\u0431\u0449\u0435\u0441\u0442\u0432\u0435\u043d\u043d\u044b\u0445 \u0430\u0432\u0442\u043e\u0431\u0443\u0441\u043e\u0432 \u0440\u0430\u0431\u043e\u0442\u0430\u044e\u0442 \u0432 \u0440\u0430\u0439\u043e\u043d\u0435 \u0426\u0435\u043b\u043b\u0435:<\/p><ul><li><a href=\"https:\/\/buergerbus-bad-fallingbostel.de\/\" target=\"_blank\" rel=\"noopener\">B\u00fcrgerBus Bad Fallingbostel e. V.<\/a><\/li><li><a href=\"https:\/\/fassberger-buergerbus.de\/\" target=\"_blank\" rel=\"noopener\">Fa\u00dfberger B\u00fcrgerbus e. V.<\/a><\/li><li><a href=\"https:\/\/www.buergerbus-neuenkirchen-hk.de\/\" target=\"_blank\" rel=\"noopener\">B\u00fcrgerBus Neuenkirchen e. V.<\/a><\/li><li><a href=\"https:\/\/buergerbus-schneverdingen.de\/\" target=\"_blank\" rel=\"noopener\">\u0410\u0432\u0442\u043e\u0431\u0443\u0441\u043d\u043e\u0435 \u043e\u0431\u044a\u0435\u0434\u0438\u043d\u0435\u043d\u0438\u0435 \u0433\u0440\u0430\u0436\u0434\u0430\u043d \u0428\u043d\u0435\u0432\u0435\u0440\u0434\u0438\u043d\u0433\u0435\u043d\u0430<\/a><\/li><li><a href=\"http:\/\/www.bbv-schwarmstedt.de\/\" target=\"_blank\" rel=\"noopener\">B\u00fcrgerbus Samtgemeinde Schwarmstedt e. V.<\/a><\/li><li><a href=\"https:\/\/b\u00fcrgerbus-visselh\u00f6vede.de\/\">\u0413\u0440\u0430\u0436\u0434\u0430\u043d\u0441\u043a\u043e\u0435 \u0430\u0432\u0442\u043e\u0431\u0443\u0441\u043d\u043e\u0435 \u043e\u0431\u044a\u0435\u0434\u0438\u043d\u0435\u043d\u0438\u0435 Visselh\u00f6vede e. V.<\/a><\/li><li><a href=\"https:\/\/www.buergerbus-walsrode.de\/\">B\u00fcrgerbus Walsrode e. V.<\/a><\/li><\/ul><p>\u0420\u0430\u0441\u043f\u0438\u0441\u0430\u043d\u0438\u0435 \u043c\u043e\u0436\u043d\u043e \u043d\u0430\u0439\u0442\u0438 \u043d\u0430 \u0441\u0430\u0439\u0442\u0430\u0445 \u0441\u043e\u043e\u0442\u0432\u0435\u0442\u0441\u0442\u0432\u0443\u044e\u0449\u0438\u0445 \u0430\u0432\u0442\u043e\u0431\u0443\u0441\u043e\u0432.<\/p>\t\t\t\t\t\t\t\t<\/div>\n\t\t\t\t<\/div>\n\t\t\t\t\t<\/div>\n\t\t<\/div>\n\t\t\t\t<div class=\"elementor-column elementor-col-50 elementor-top-column elementor-element elementor-element-0d959ad\" data-id=\"0d959ad\" data-element_type=\"column\" data-e-type=\"column\">\n\t\t\t<div class=\"elementor-widget-wrap\">\n\t\t\t\t\t\t\t<\/div>\n\t\t<\/div>\n\t\t\t\t\t<\/div>\n\t\t<\/section>\n\t\t\t\t<section class=\"elementor-section elementor-top-section elementor-element elementor-element-bdc8a73 elementor-section-boxed elementor-section-height-default elementor-section-height-default wpr-particle-no wpr-jarallax-no wpr-parallax-no wpr-sticky-section-no\" data-id=\"bdc8a73\" data-element_type=\"section\" data-e-type=\"section\">\n\t\t\t\t\t\t<div class=\"elementor-container elementor-column-gap-default\">\n\t\t\t\t\t<div class=\"elementor-column elementor-col-100 elementor-top-column elementor-element elementor-element-d0a9d75\" data-id=\"d0a9d75\" data-element_type=\"column\" data-e-type=\"column\">\n\t\t\t<div class=\"elementor-widget-wrap elementor-element-populated\">\n\t\t\t\t\t\t<div class=\"elementor-element elementor-element-7dff93d elementor-widget elementor-widget-spacer\" data-id=\"7dff93d\" data-element_type=\"widget\" data-e-type=\"widget\" data-widget_type=\"spacer.default\">\n\t\t\t\t<div class=\"elementor-widget-container\">\n\t\t\t\t\t\t\t<div class=\"elementor-spacer\">\n\t\t\t<div class=\"elementor-spacer-inner\"><\/div>\n\t\t<\/div>\n\t\t\t\t\t\t<\/div>\n\t\t\t\t<\/div>\n\t\t\t\t\t<\/div>\n\t\t<\/div>\n\t\t\t\t\t<\/div>\n\t\t<\/section>\n\t\t\t\t<section class=\"elementor-section elementor-top-section elementor-element elementor-element-c1fc8b7 elementor-section-boxed elementor-section-height-default elementor-section-height-default wpr-particle-no wpr-jarallax-no wpr-parallax-no wpr-sticky-section-no\" data-id=\"c1fc8b7\" data-element_type=\"section\" data-e-type=\"section\">\n\t\t\t\t\t\t<div class=\"elementor-container elementor-column-gap-default\">\n\t\t\t\t\t<div class=\"elementor-column elementor-col-100 elementor-top-column elementor-element elementor-element-d05368e\" data-id=\"d05368e\" data-element_type=\"column\" data-e-type=\"column\">\n\t\t\t<div class=\"elementor-widget-wrap elementor-element-populated\">\n\t\t\t\t\t\t<div class=\"elementor-element elementor-element-6bd3ac6 elementor-widget elementor-widget-spacer\" data-id=\"6bd3ac6\" data-element_type=\"widget\" data-e-type=\"widget\" data-widget_type=\"spacer.default\">\n\t\t\t\t<div class=\"elementor-widget-container\">\n\t\t\t\t\t\t\t<div class=\"elementor-spacer\">\n\t\t\t<div class=\"elementor-spacer-inner\"><\/div>\n\t\t<\/div>\n\t\t\t\t\t\t<\/div>\n\t\t\t\t<\/div>\n\t\t\t\t\t<\/div>\n\t\t<\/div>\n\t\t\t\t\t<\/div>\n\t\t<\/section>\n\t\t\t\t<\/div>","protected":false},"excerpt":{"rendered":"<p>\u0413\u0420\u0410\u0416\u0414\u0410\u041d\u0421\u041a\u0418\u0415 \u0410\u0412\u0422\u041e\u0411\u0423\u0421\u042b \u0412 \u043d\u0435\u043a\u043e\u0442\u043e\u0440\u044b\u0445 \u043d\u0430\u0441\u0435\u043b\u0435\u043d\u043d\u044b\u0445 \u043f\u0443\u043d\u043a\u0442\u0430\u0445 \u0440\u0430\u0439\u043e\u043d\u0430 \u0425\u0430\u0439\u0434\u0435\u043a\u0440\u0430\u0439\u0441 \u043d\u0430 \u0434\u043e\u0440\u043e\u0433\u0430\u0445 \u0440\u0430\u0431\u043e\u0442\u0430\u044e\u0442 \u0433\u0440\u0430\u0436\u0434\u0430\u043d\u0441\u043a\u0438\u0435 \u0430\u0432\u0442\u043e\u0431\u0443\u0441\u044b. \u0413\u0440\u0430\u0436\u0434\u0430\u043d\u0441\u043a\u0438\u0435 \u0430\u0432\u0442\u043e\u0431\u0443\u0441\u044b \u0435\u0437\u0434\u044f\u0442 \u0441 \u043c\u0438\u043a\u0440\u043e\u0430\u0432\u0442\u043e\u0431\u0443\u0441\u043e\u043c (9-\u043c\u0435\u0441\u0442\u043d\u044b\u043c) \u0432 \u043d\u0430\u0441\u0435\u043b\u0435\u043d\u043d\u044b\u0435 \u043f\u0443\u043d\u043a\u0442\u044b, \u043a\u0443\u0434\u0430 \u043c\u044b \u043d\u0435 \u043c\u043e\u0436\u0435\u043c \u0434\u043e\u0435\u0445\u0430\u0442\u044c \u043d\u0430 \u043d\u0430\u0448\u0438\u0445 \u0430\u0432\u0442\u043e\u0431\u0443\u0441\u0430\u0445, \u0438 \u0441\u043e\u0435\u0434\u0438\u043d\u044f\u044e\u0442 \u0434\u0435\u0440\u0435\u0432\u043d\u0438 \u0441 \u043d\u0435\u0431\u043e\u043b\u044c\u0448\u0438\u043c \u0441\u043f\u0440\u043e\u0441\u043e\u043c \u0441 \u0441\u0438\u0441\u0442\u0435\u043c\u043e\u0439 \u043e\u0431\u0449\u0435\u0441\u0442\u0432\u0435\u043d\u043d\u043e\u0433\u043e \u0442\u0440\u0430\u043d\u0441\u043f\u043e\u0440\u0442\u0430. \u0412 \u0440\u0430\u0439\u043e\u043d\u0435 \u0426\u0435\u043b\u043b\u0435 \u0434\u0435\u0439\u0441\u0442\u0432\u0443\u044e\u0442 \u0441\u0435\u043c\u044c \u0433\u043e\u0440\u043e\u0434\u0441\u043a\u0438\u0445 \u0430\u0432\u0442\u043e\u0431\u0443\u0441\u043e\u0432: B\u00fcrgerBus Bad Fallingbostel e. V. Fa\u00dfberger B\u00fcrgerbus e. V. B\u00fcrgerBus Neuenkirchen e. V. B\u00fcrgerbusverein Schneverdingen e. V. B\u00fcrgerbus Samtgemeinde Schwarmstedt e. V. B\u00fcrgerbusverein Visselh\u00f6vede e. V. B\u00fcrgerbus Walsrode e. V. \u0420\u0430\u0441\u043f\u0438\u0441\u0430\u043d\u0438\u0435 \u043c\u043e\u0436\u043d\u043e \u043d\u0430\u0439\u0442\u0438 \u043d\u0430 \u0441\u043e\u043e\u0442\u0432\u0435\u0442\u0441\u0442\u0432\u0443\u044e\u0449\u0438\u0445 \u0441\u0430\u0439\u0442\u0430\u0445 \u0433\u043e\u0440\u043e\u0434\u0441\u043a\u0438\u0445 \u0430\u0432\u0442\u043e\u0431\u0443\u0441\u043e\u0432.<\/p>","protected":false},"author":4,"featured_media":2547,"parent":408,"menu_order":17,"comment_status":"closed","ping_status":"closed","template":"","meta":{"footnotes":""},"class_list":["post-346","page","type-page","status-publish","has-post-thumbnail","hentry"],"yoast_head":"<!-- This site is optimized with the Yoast SEO plugin v27.3 - https:\/\/yoast.com\/product\/yoast-seo-wordpress\/ -->\n<title>B\u00fcrgerbusse - KVG Heidekreis<\/title>\n<meta name=\"robots\" content=\"index, follow, max-snippet:-1, max-image-preview:large, max-video-preview:-1\" \/>\n<link rel=\"canonical\" href=\"https:\/\/kvg-bus.de\/heidekreis\/\u043c\u043e\u0431\u0438\u043b\u044c\u043d\u043e\u0441\u0442\u044c\/\u0442\u0440\u0430\u043d\u0441\u043f\u043e\u0440\u0442-\u0440\u0435\u0430\u0433\u0438\u0440\u0443\u044e\u0449\u0438\u0439-\u043d\u0430-\u0441\u043f\u0440\u043e\u0441\/\" \/>\n<meta property=\"og:locale\" content=\"ru_RU\" \/>\n<meta property=\"og:type\" content=\"article\" \/>\n<meta property=\"og:title\" content=\"B\u00fcrgerbusse - KVG Heidekreis\" \/>\n<meta property=\"og:description\" content=\"B\u00dcRGERBUSSE In einigen Gemeinden im Landkreis Heidekreis sind B\u00fcrgerbusse unterwegs. Die B\u00fcrgerbusse fahren mit einem Kleinbussen (9-Sitzer) in Siedlungen wo wir mit unseren Bussen nicht fahren k\u00f6nnen und binden Ortschaften mit wenig Nachfrage an den \u00d6PNV an. Diese sieben B\u00fcrgerbusse sind im Landkreis Celle aktiv: B\u00fcrgerBus Bad Fallingbostel e. V. Fa\u00dfberger B\u00fcrgerbus e. V. B\u00fcrgerBus Neuenkirchen e. V. B\u00fcrgerbusverein Schneverdingen e. V. B\u00fcrgerbus Samtgemeinde Schwarmstedt e. V. B\u00fcrgerbusverein Visselh\u00f6vede e. V. B\u00fcrgerbus Walsrode e. V. Die Fahrpl\u00e4ne findest du auf der jeweiligen Internetseite der B\u00fcrgerbusse.\" \/>\n<meta property=\"og:url\" content=\"https:\/\/kvg-bus.de\/heidekreis\/\u043c\u043e\u0431\u0438\u043b\u044c\u043d\u043e\u0441\u0442\u044c\/\u0442\u0440\u0430\u043d\u0441\u043f\u043e\u0440\u0442-\u0440\u0435\u0430\u0433\u0438\u0440\u0443\u044e\u0449\u0438\u0439-\u043d\u0430-\u0441\u043f\u0440\u043e\u0441\/\" \/>\n<meta property=\"og:site_name\" content=\"KVG Heidekreis\" \/>\n<meta property=\"article:modified_time\" content=\"2025-04-30T07:30:16+00:00\" \/>\n<meta name=\"twitter:card\" content=\"summary_large_image\" \/>\n<meta name=\"twitter:label1\" content=\"\u041f\u0440\u0438\u043c\u0435\u0440\u043d\u043e\u0435 \u0432\u0440\u0435\u043c\u044f \u0434\u043b\u044f \u0447\u0442\u0435\u043d\u0438\u044f\" \/>\n\t<meta name=\"twitter:data1\" content=\"1 \u043c\u0438\u043d\u0443\u0442\u0430\" \/>\n<script type=\"application\/ld+json\" class=\"yoast-schema-graph\">{\"@context\":\"https:\\\/\\\/schema.org\",\"@graph\":[{\"@type\":\"WebPage\",\"@id\":\"https:\\\/\\\/kvg-bus.de\\\/heidekreis\\\/mobilitaet\\\/bedarfsgerechter-verkehr\\\/\",\"url\":\"https:\\\/\\\/kvg-bus.de\\\/heidekreis\\\/mobilitaet\\\/bedarfsgerechter-verkehr\\\/\",\"name\":\"B\u00fcrgerbusse - KVG Heidekreis\",\"isPartOf\":{\"@id\":\"https:\\\/\\\/kvg-bus.de\\\/heidekreis\\\/#website\"},\"primaryImageOfPage\":{\"@id\":\"https:\\\/\\\/kvg-bus.de\\\/heidekreis\\\/mobilitaet\\\/bedarfsgerechter-verkehr\\\/#primaryimage\"},\"image\":{\"@id\":\"https:\\\/\\\/kvg-bus.de\\\/heidekreis\\\/mobilitaet\\\/bedarfsgerechter-verkehr\\\/#primaryimage\"},\"thumbnailUrl\":\"https:\\\/\\\/kvg-bus.de\\\/heidekreis\\\/wp-content\\\/uploads\\\/sites\\\/14\\\/header_bus-aufstellung-2-scaled-1.jpg\",\"datePublished\":\"2023-07-10T11:52:43+00:00\",\"dateModified\":\"2025-04-30T07:30:16+00:00\",\"breadcrumb\":{\"@id\":\"https:\\\/\\\/kvg-bus.de\\\/heidekreis\\\/mobilitaet\\\/bedarfsgerechter-verkehr\\\/#breadcrumb\"},\"inLanguage\":\"ru-RU\",\"potentialAction\":[{\"@type\":\"ReadAction\",\"target\":[\"https:\\\/\\\/kvg-bus.de\\\/heidekreis\\\/mobilitaet\\\/bedarfsgerechter-verkehr\\\/\"]}]},{\"@type\":\"ImageObject\",\"inLanguage\":\"ru-RU\",\"@id\":\"https:\\\/\\\/kvg-bus.de\\\/heidekreis\\\/mobilitaet\\\/bedarfsgerechter-verkehr\\\/#primaryimage\",\"url\":\"https:\\\/\\\/kvg-bus.de\\\/heidekreis\\\/wp-content\\\/uploads\\\/sites\\\/14\\\/header_bus-aufstellung-2-scaled-1.jpg\",\"contentUrl\":\"https:\\\/\\\/kvg-bus.de\\\/heidekreis\\\/wp-content\\\/uploads\\\/sites\\\/14\\\/header_bus-aufstellung-2-scaled-1.jpg\"},{\"@type\":\"BreadcrumbList\",\"@id\":\"https:\\\/\\\/kvg-bus.de\\\/heidekreis\\\/mobilitaet\\\/bedarfsgerechter-verkehr\\\/#breadcrumb\",\"itemListElement\":[{\"@type\":\"ListItem\",\"position\":1,\"name\":\"Startseite\",\"item\":\"https:\\\/\\\/kvg-bus.de\\\/heidekreis\\\/\"},{\"@type\":\"ListItem\",\"position\":2,\"name\":\"Mobilit\u00e4t\",\"item\":\"https:\\\/\\\/kvg-bus.de\\\/heidekreis\\\/mobilitaet\\\/\"},{\"@type\":\"ListItem\",\"position\":3,\"name\":\"B\u00fcrgerbusse\"}]},{\"@type\":\"WebSite\",\"@id\":\"https:\\\/\\\/kvg-bus.de\\\/heidekreis\\\/#website\",\"url\":\"https:\\\/\\\/kvg-bus.de\\\/heidekreis\\\/\",\"name\":\"KVG Heidekreis\",\"description\":\"\",\"publisher\":{\"@id\":\"https:\\\/\\\/kvg-bus.de\\\/heidekreis\\\/#organization\"},\"potentialAction\":[{\"@type\":\"SearchAction\",\"target\":{\"@type\":\"EntryPoint\",\"urlTemplate\":\"https:\\\/\\\/kvg-bus.de\\\/heidekreis\\\/?s={search_term_string}\"},\"query-input\":{\"@type\":\"PropertyValueSpecification\",\"valueRequired\":true,\"valueName\":\"search_term_string\"}}],\"inLanguage\":\"ru-RU\"},{\"@type\":\"Organization\",\"@id\":\"https:\\\/\\\/kvg-bus.de\\\/heidekreis\\\/#organization\",\"name\":\"KVG Heidekreis\",\"url\":\"https:\\\/\\\/kvg-bus.de\\\/heidekreis\\\/\",\"logo\":{\"@type\":\"ImageObject\",\"inLanguage\":\"ru-RU\",\"@id\":\"https:\\\/\\\/kvg-bus.de\\\/heidekreis\\\/#\\\/schema\\\/logo\\\/image\\\/\",\"url\":\"https:\\\/\\\/kvg-bus.de\\\/heidekreis\\\/wp-content\\\/uploads\\\/sites\\\/14\\\/kvg_logo-1.svg\",\"contentUrl\":\"https:\\\/\\\/kvg-bus.de\\\/heidekreis\\\/wp-content\\\/uploads\\\/sites\\\/14\\\/kvg_logo-1.svg\",\"caption\":\"KVG Heidekreis\"},\"image\":{\"@id\":\"https:\\\/\\\/kvg-bus.de\\\/heidekreis\\\/#\\\/schema\\\/logo\\\/image\\\/\"}}]}<\/script>\n<!-- \/ Yoast SEO plugin. -->","yoast_head_json":{"title":"\u0413\u0440\u0430\u0436\u0434\u0430\u043d\u0441\u043a\u0438\u0435 \u0430\u0432\u0442\u043e\u0431\u0443\u0441\u044b - KVG Heidekreis","robots":{"index":"index","follow":"follow","max-snippet":"max-snippet:-1","max-image-preview":"max-image-preview:large","max-video-preview":"max-video-preview:-1"},"canonical":"https:\/\/kvg-bus.de\/heidekreis\/\u043c\u043e\u0431\u0438\u043b\u044c\u043d\u043e\u0441\u0442\u044c\/\u0442\u0440\u0430\u043d\u0441\u043f\u043e\u0440\u0442-\u0440\u0435\u0430\u0433\u0438\u0440\u0443\u044e\u0449\u0438\u0439-\u043d\u0430-\u0441\u043f\u0440\u043e\u0441\/","og_locale":"ru_RU","og_type":"article","og_title":"B\u00fcrgerbusse - KVG Heidekreis","og_description":"B\u00dcRGERBUSSE In einigen Gemeinden im Landkreis Heidekreis sind B\u00fcrgerbusse unterwegs. Die B\u00fcrgerbusse fahren mit einem Kleinbussen (9-Sitzer) in Siedlungen wo wir mit unseren Bussen nicht fahren k\u00f6nnen und binden Ortschaften mit wenig Nachfrage an den \u00d6PNV an. Diese sieben B\u00fcrgerbusse sind im Landkreis Celle aktiv: B\u00fcrgerBus Bad Fallingbostel e. V. Fa\u00dfberger B\u00fcrgerbus e. V. B\u00fcrgerBus Neuenkirchen e. V. B\u00fcrgerbusverein Schneverdingen e. V. B\u00fcrgerbus Samtgemeinde Schwarmstedt e. V. B\u00fcrgerbusverein Visselh\u00f6vede e. V. B\u00fcrgerbus Walsrode e. V. Die Fahrpl\u00e4ne findest du auf der jeweiligen Internetseite der B\u00fcrgerbusse.","og_url":"https:\/\/kvg-bus.de\/heidekreis\/\u043c\u043e\u0431\u0438\u043b\u044c\u043d\u043e\u0441\u0442\u044c\/\u0442\u0440\u0430\u043d\u0441\u043f\u043e\u0440\u0442-\u0440\u0435\u0430\u0433\u0438\u0440\u0443\u044e\u0449\u0438\u0439-\u043d\u0430-\u0441\u043f\u0440\u043e\u0441\/","og_site_name":"KVG Heidekreis","article_modified_time":"2025-04-30T07:30:16+00:00","twitter_card":"summary_large_image","twitter_misc":{"\u041f\u0440\u0438\u043c\u0435\u0440\u043d\u043e\u0435 \u0432\u0440\u0435\u043c\u044f \u0434\u043b\u044f \u0447\u0442\u0435\u043d\u0438\u044f":"1 \u043c\u0438\u043d\u0443\u0442\u0430"},"schema":{"@context":"https:\/\/schema.org","@graph":[{"@type":"WebPage","@id":"https:\/\/kvg-bus.de\/heidekreis\/mobilitaet\/bedarfsgerechter-verkehr\/","url":"https:\/\/kvg-bus.de\/heidekreis\/mobilitaet\/bedarfsgerechter-verkehr\/","name":"\u0413\u0440\u0430\u0436\u0434\u0430\u043d\u0441\u043a\u0438\u0435 \u0430\u0432\u0442\u043e\u0431\u0443\u0441\u044b - KVG Heidekreis","isPartOf":{"@id":"https:\/\/kvg-bus.de\/heidekreis\/#website"},"primaryImageOfPage":{"@id":"https:\/\/kvg-bus.de\/heidekreis\/mobilitaet\/bedarfsgerechter-verkehr\/#primaryimage"},"image":{"@id":"https:\/\/kvg-bus.de\/heidekreis\/mobilitaet\/bedarfsgerechter-verkehr\/#primaryimage"},"thumbnailUrl":"https:\/\/kvg-bus.de\/heidekreis\/wp-content\/uploads\/sites\/14\/header_bus-aufstellung-2-scaled-1.jpg","datePublished":"2023-07-10T11:52:43+00:00","dateModified":"2025-04-30T07:30:16+00:00","breadcrumb":{"@id":"https:\/\/kvg-bus.de\/heidekreis\/mobilitaet\/bedarfsgerechter-verkehr\/#breadcrumb"},"inLanguage":"ru-RU","potentialAction":[{"@type":"ReadAction","target":["https:\/\/kvg-bus.de\/heidekreis\/mobilitaet\/bedarfsgerechter-verkehr\/"]}]},{"@type":"ImageObject","inLanguage":"ru-RU","@id":"https:\/\/kvg-bus.de\/heidekreis\/mobilitaet\/bedarfsgerechter-verkehr\/#primaryimage","url":"https:\/\/kvg-bus.de\/heidekreis\/wp-content\/uploads\/sites\/14\/header_bus-aufstellung-2-scaled-1.jpg","contentUrl":"https:\/\/kvg-bus.de\/heidekreis\/wp-content\/uploads\/sites\/14\/header_bus-aufstellung-2-scaled-1.jpg"},{"@type":"BreadcrumbList","@id":"https:\/\/kvg-bus.de\/heidekreis\/mobilitaet\/bedarfsgerechter-verkehr\/#breadcrumb","itemListElement":[{"@type":"ListItem","position":1,"name":"Startseite","item":"https:\/\/kvg-bus.de\/heidekreis\/"},{"@type":"ListItem","position":2,"name":"Mobilit\u00e4t","item":"https:\/\/kvg-bus.de\/heidekreis\/mobilitaet\/"},{"@type":"ListItem","position":3,"name":"B\u00fcrgerbusse"}]},{"@type":"WebSite","@id":"https:\/\/kvg-bus.de\/heidekreis\/#website","url":"https:\/\/kvg-bus.de\/heidekreis\/","name":"KVG Heidekreis","description":"","publisher":{"@id":"https:\/\/kvg-bus.de\/heidekreis\/#organization"},"potentialAction":[{"@type":"SearchAction","target":{"@type":"EntryPoint","urlTemplate":"https:\/\/kvg-bus.de\/heidekreis\/?s={search_term_string}"},"query-input":{"@type":"PropertyValueSpecification","valueRequired":true,"valueName":"search_term_string"}}],"inLanguage":"ru-RU"},{"@type":"Organization","@id":"https:\/\/kvg-bus.de\/heidekreis\/#organization","name":"KVG Heidekreis","url":"https:\/\/kvg-bus.de\/heidekreis\/","logo":{"@type":"ImageObject","inLanguage":"ru-RU","@id":"https:\/\/kvg-bus.de\/heidekreis\/#\/schema\/logo\/image\/","url":"https:\/\/kvg-bus.de\/heidekreis\/wp-content\/uploads\/sites\/14\/kvg_logo-1.svg","contentUrl":"https:\/\/kvg-bus.de\/heidekreis\/wp-content\/uploads\/sites\/14\/kvg_logo-1.svg","caption":"KVG Heidekreis"},"image":{"@id":"https:\/\/kvg-bus.de\/heidekreis\/#\/schema\/logo\/image\/"}}]}},"_links":{"self":[{"href":"https:\/\/kvg-bus.de\/heidekreis\/ru\/wp-json\/wp\/v2\/pages\/346","targetHints":{"allow":["GET"]}}],"collection":[{"href":"https:\/\/kvg-bus.de\/heidekreis\/ru\/wp-json\/wp\/v2\/pages"}],"about":[{"href":"https:\/\/kvg-bus.de\/heidekreis\/ru\/wp-json\/wp\/v2\/types\/page"}],"author":[{"embeddable":true,"href":"https:\/\/kvg-bus.de\/heidekreis\/ru\/wp-json\/wp\/v2\/users\/4"}],"replies":[{"embeddable":true,"href":"https:\/\/kvg-bus.de\/heidekreis\/ru\/wp-json\/wp\/v2\/comments?post=346"}],"version-history":[{"count":0,"href":"https:\/\/kvg-bus.de\/heidekreis\/ru\/wp-json\/wp\/v2\/pages\/346\/revisions"}],"up":[{"embeddable":true,"href":"https:\/\/kvg-bus.de\/heidekreis\/ru\/wp-json\/wp\/v2\/pages\/408"}],"wp:featuredmedia":[{"embeddable":true,"href":"https:\/\/kvg-bus.de\/heidekreis\/ru\/wp-json\/"}],"wp:attachment":[{"href":"https:\/\/kvg-bus.de\/heidekreis\/ru\/wp-json\/wp\/v2\/media?parent=346"}],"curies":[{"name":"wp","href":"https:\/\/api.w.org\/{rel}","templated":true}]}}