{"id":1815,"date":"2026-01-30T08:21:23","date_gmt":"2026-01-30T07:21:23","guid":{"rendered":"https:\/\/kvg-bus.de\/heidekreis\/?page_id=1815"},"modified":"2026-02-11T14:50:37","modified_gmt":"2026-02-11T13:50:37","slug":"prostredky","status":"publish","type":"page","link":"https:\/\/kvg-bus.de\/heidekreis\/cs\/service\/fundsachen\/","title":{"rendered":"Ztracen\u00fd majetek"},"content":{"rendered":"<div data-elementor-type=\"wp-page\" data-elementor-id=\"1815\" class=\"elementor elementor-1815\" data-elementor-post-type=\"page\">\n\t\t\t\t\t\t<section class=\"elementor-section elementor-top-section elementor-element elementor-element-4461c24 elementor-section-boxed elementor-section-height-default elementor-section-height-default wpr-particle-no wpr-jarallax-no wpr-parallax-no wpr-sticky-section-no wpr-equal-height-no\" data-id=\"4461c24\" data-element_type=\"section\" data-e-type=\"section\">\n\t\t\t\t\t\t<div class=\"elementor-container elementor-column-gap-default\">\n\t\t\t\t\t<div class=\"elementor-column elementor-col-50 elementor-top-column elementor-element elementor-element-9c9aab0\" data-id=\"9c9aab0\" data-element_type=\"column\" data-e-type=\"column\">\n\t\t\t<div class=\"elementor-widget-wrap elementor-element-populated\">\n\t\t\t\t\t\t<div class=\"elementor-element elementor-element-fcf06e4 elementor-widget elementor-widget-heading\" data-id=\"fcf06e4\" data-element_type=\"widget\" data-e-type=\"widget\" data-widget_type=\"heading.default\">\n\t\t\t\t<div class=\"elementor-widget-container\">\n\t\t\t\t\t<h2 class=\"elementor-heading-title elementor-size-default\">V\u00c1\u0160 ONLINE \u00da\u0158AD PRO ZTRACEN\u00c9 V\u011aCI<\/h2>\t\t\t\t<\/div>\n\t\t\t\t<\/div>\n\t\t\t\t<div class=\"elementor-element elementor-element-df54b2d elementor-widget elementor-widget-text-editor\" data-id=\"df54b2d\" data-element_type=\"widget\" data-e-type=\"widget\" data-widget_type=\"text-editor.default\">\n\t\t\t\t<div class=\"elementor-widget-container\">\n\t\t\t\t\t\t\t\t\t<p data-start=\"219\" data-end=\"251\"><strong>Hledejte ztracen\u00fd majetek online + si ho jednodu\u0161e vyzvedn\u011bte!<\/strong><\/p><p data-start=\"306\" data-end=\"498\">Ztratili jste n\u011bco v n\u011bkter\u00e9m z na\u0161ich autobus\u016f? S na\u0161\u00edm <strong data-start=\"393\" data-end=\"412\">Online \u00fa\u0159ad pro ztracen\u00e9 v\u011bci<\/strong> m\u016f\u017eete kdykoli zkontrolovat, zda jsme v\u00e1\u0161 p\u0159edm\u011bt obdr\u017eeli jako ztracen\u00fd majetek.<\/p>\t\t\t\t\t\t\t\t<\/div>\n\t\t\t\t<\/div>\n\t\t\t\t<div class=\"elementor-element elementor-element-0066099 elementor-widget elementor-widget-spacer\" data-id=\"0066099\" data-element_type=\"widget\" data-e-type=\"widget\" data-widget_type=\"spacer.default\">\n\t\t\t\t<div class=\"elementor-widget-container\">\n\t\t\t\t\t\t\t<div class=\"elementor-spacer\">\n\t\t\t<div class=\"elementor-spacer-inner\"><\/div>\n\t\t<\/div>\n\t\t\t\t\t\t<\/div>\n\t\t\t\t<\/div>\n\t\t\t\t\t<\/div>\n\t\t<\/div>\n\t\t\t\t<div class=\"elementor-column elementor-col-50 elementor-top-column elementor-element elementor-element-b3e2ba3\" data-id=\"b3e2ba3\" data-element_type=\"column\" data-e-type=\"column\">\n\t\t\t<div class=\"elementor-widget-wrap\">\n\t\t\t\t\t\t\t<\/div>\n\t\t<\/div>\n\t\t\t\t\t<\/div>\n\t\t<\/section>\n\t\t<div class=\"elementor-element elementor-element-7360fa5 e-flex e-con-boxed wpr-particle-no wpr-jarallax-no wpr-parallax-no wpr-sticky-section-no wpr-equal-height-no e-con e-parent\" data-id=\"7360fa5\" data-element_type=\"container\" data-e-type=\"container\">\n\t\t\t\t\t<div class=\"e-con-inner\">\n\t\t\t\t<div class=\"elementor-element elementor-element-584c6e5 elementor-widget elementor-widget-text-editor\" data-id=\"584c6e5\" data-element_type=\"widget\" data-e-type=\"widget\" data-widget_type=\"text-editor.default\">\n\t\t\t\t<div class=\"elementor-widget-container\">\n\t\t\t\t\t\t\t\t\t<h3 data-start=\"504\" data-end=\"549\">Pozn\u00e1mka: Online \u00fa\u0159ad pro ztracen\u00fd majetek v re\u017eimu \u00fadr\u017eby<\/h3><p data-start=\"551\" data-end=\"739\">Na\u0161e online kancel\u00e1\u0159 pro ztr\u00e1ty majetku je v sou\u010dasn\u00e9 dob\u011b do\u010dasn\u011b nedostupn\u00e1 z d\u016fvodu \u00fadr\u017eby.<br data-start=\"645\" data-end=\"648\" \/>Pracujeme na tom, abychom slu\u017ebu co nejrychleji obnovili.<\/p><p data-start=\"741\" data-end=\"832\">Zkuste to pros\u00edm pozd\u011bji. D\u011bkujeme za pochopen\u00ed.<\/p><p data-start=\"741\" data-end=\"832\"><b>B\u011bhem \u00fadr\u017eby se m\u016f\u017eete na sv\u016fj ztracen\u00fd majetek zeptat telefonicky nebo e-mailem:<\/b><\/p>\t\t\t\t\t\t\t\t<\/div>\n\t\t\t\t<\/div>\n\t\t\t\t<div class=\"elementor-element elementor-element-2d9e1ac elementor-align-start elementor-list-item-link-inline elementor-mobile-align-start elementor-icon-list--layout-traditional elementor-widget elementor-widget-icon-list\" data-id=\"2d9e1ac\" data-element_type=\"widget\" data-e-type=\"widget\" data-widget_type=\"icon-list.default\">\n\t\t\t\t<div class=\"elementor-widget-container\">\n\t\t\t\t\t\t\t<ul class=\"elementor-icon-list-items\">\n\t\t\t\t\t\t\t<li class=\"elementor-icon-list-item\">\n\t\t\t\t\t\t\t\t\t\t<span class=\"elementor-icon-list-text\">Operace Soltau<\/span>\n\t\t\t\t\t\t\t\t\t<\/li>\n\t\t\t\t\t\t\t\t<li class=\"elementor-icon-list-item\">\n\t\t\t\t\t\t\t\t\t\t\t<a href=\"mailto:info@verkehrsgemeinschaft-heidekreis.de\">\n\n\t\t\t\t\t\t\t\t\t\t\t\t<span class=\"elementor-icon-list-icon\">\n\t\t\t\t\t\t\t<i aria-hidden=\"true\" class=\"fas fa-paper-plane\"><\/i>\t\t\t\t\t\t<\/span>\n\t\t\t\t\t\t\t\t\t\t<span class=\"elementor-icon-list-text\">info@verkehrsgemeinschaft-heidekreis.de<\/span>\n\t\t\t\t\t\t\t\t\t\t\t<\/a>\n\t\t\t\t\t\t\t\t\t<\/li>\n\t\t\t\t\t\t\t\t<li class=\"elementor-icon-list-item\">\n\t\t\t\t\t\t\t\t\t\t\t<a href=\"tel:05191984836\">\n\n\t\t\t\t\t\t\t\t\t\t\t\t<span class=\"elementor-icon-list-icon\">\n\t\t\t\t\t\t\t<i aria-hidden=\"true\" class=\"fas fa-phone\"><\/i>\t\t\t\t\t\t<\/span>\n\t\t\t\t\t\t\t\t\t\t<span class=\"elementor-icon-list-text\">05191 9848-36<\/span>\n\t\t\t\t\t\t\t\t\t\t\t<\/a>\n\t\t\t\t\t\t\t\t\t<\/li>\n\t\t\t\t\t\t\t\t<li class=\"elementor-icon-list-item\">\n\t\t\t\t\t\t\t\t\t\t\t<span class=\"elementor-icon-list-icon\">\n\t\t\t\t\t\t\t<i aria-hidden=\"true\" class=\"fas fa-clock\"><\/i>\t\t\t\t\t\t<\/span>\n\t\t\t\t\t\t\t\t\t\t<span class=\"elementor-icon-list-text\">Po - \u010ct 8:00 - 16:00 | P\u00e1 8:00 - 13:00 hod.<\/span>\n\t\t\t\t\t\t\t\t\t<\/li>\n\t\t\t\t\t\t<\/ul>\n\t\t\t\t\t\t<\/div>\n\t\t\t\t<\/div>\n\t\t\t\t\t<\/div>\n\t\t\t\t<\/div>\n\t\t<div class=\"elementor-element elementor-element-ae8ee73 e-flex e-con-boxed wpr-particle-no wpr-jarallax-no wpr-parallax-no wpr-sticky-section-no wpr-equal-height-no e-con e-parent\" data-id=\"ae8ee73\" data-element_type=\"container\" data-e-type=\"container\">\n\t\t\t\t\t<div class=\"e-con-inner\">\n\t\t\t\t<div class=\"elementor-element elementor-element-e224fb9 elementor-widget elementor-widget-spacer\" data-id=\"e224fb9\" data-element_type=\"widget\" data-e-type=\"widget\" data-widget_type=\"spacer.default\">\n\t\t\t\t<div class=\"elementor-widget-container\">\n\t\t\t\t\t\t\t<div class=\"elementor-spacer\">\n\t\t\t<div class=\"elementor-spacer-inner\"><\/div>\n\t\t<\/div>\n\t\t\t\t\t\t<\/div>\n\t\t\t\t<\/div>\n\t\t\t\t\t<\/div>\n\t\t\t\t<\/div>\n\t\t\t\t<\/div>","protected":false},"excerpt":{"rendered":"<p>V\u00c1\u0160 ONLINE FONDROOM Hledejte ztracen\u00fd majetek online + si ho jednodu\u0161e vyzvedn\u011bte! Ztratili jste n\u011bco v n\u011bkter\u00e9m z na\u0161ich autobus\u016f? D\u00edky na\u0161\u00ed online kancel\u00e1\u0159i ztracen\u00fdch v\u011bc\u00ed si m\u016f\u017eete kdykoli zkontrolovat, zda jsme va\u0161i v\u011bc p\u0159ijali jako ztracen\u00fd majetek. Pozn\u00e1mka: Online kancel\u00e1\u0159 ztracen\u00fdch v\u011bc\u00ed je v re\u017eimu \u00fadr\u017eby Na\u0161e online kancel\u00e1\u0159 ztracen\u00fdch v\u011bc\u00ed je v sou\u010dasn\u00e9 dob\u011b do\u010dasn\u011b nedostupn\u00e1 z d\u016fvodu \u00fadr\u017eby a usilovn\u011b pracujeme na tom, abychom slu\u017ebu co nejd\u0159\u00edve znovu zprovoznili. Zkuste to pros\u00edm pozd\u011bji. D\u011bkujeme v\u00e1m za pochopen\u00ed. Po dobu trv\u00e1n\u00ed \u00fadr\u017ebov\u00fdch prac\u00ed se m\u016f\u017eete na sv\u016fj ztracen\u00fd majetek dotazovat telefonicky nebo e-mailem: Soltau info@verkehrsgemeinschaft-heidekreis.de 05191 9848-36 po - \u010dt 8-16 hod. | p\u00e1 8-13 hod.<\/p>","protected":false},"author":4,"featured_media":4134,"parent":16,"menu_order":0,"comment_status":"closed","ping_status":"closed","template":"","meta":{"footnotes":""},"class_list":["post-1815","page","type-page","status-publish","has-post-thumbnail","hentry"],"yoast_head":"<!-- This site is optimized with the Yoast SEO plugin v27.4 - https:\/\/yoast.com\/product\/yoast-seo-wordpress\/ -->\n<title>Fundsachen - KVG Heidekreis<\/title>\n<meta name=\"robots\" content=\"index, follow, max-snippet:-1, max-image-preview:large, max-video-preview:-1\" \/>\n<link rel=\"canonical\" href=\"https:\/\/kvg-bus.de\/heidekreis\/sluzba\/prostredky\/\" \/>\n<meta property=\"og:locale\" content=\"cs_CZ\" \/>\n<meta property=\"og:type\" content=\"article\" \/>\n<meta property=\"og:title\" content=\"Fundsachen - KVG Heidekreis\" \/>\n<meta property=\"og:description\" content=\"DEIN ONLINE-FUNDB\u00dcRO Fundsachen online suchen + einfach abholen! Du hast etwas in einem unserer Busse verloren? Mit unserem Online-Fundb\u00fcro kannst du jederzeit pr\u00fcfen, ob dein Gegenstand bei uns als Fundsache eingegangen ist. Hinweis: Online-Fundb\u00fcro im Wartungsmodus Unser Online-Fundb\u00fcro ist derzeit aufgrund von Wartungsarbeiten vor\u00fcbergehend nicht verf\u00fcgbar.Wir arbeiten mit Hochdruck daran, den Service so schnell wie m\u00f6glich wieder freizuschalten. Bitte versuche es zu einem sp\u00e4teren Zeitpunkt erneut. Vielen Dank f\u00fcr dein Verst\u00e4ndnis. W\u00e4hrend der Dauer der Wartungsarbeiten kannst du dich telefonisch oder per Mail nach deiner Fundsache erkundigen: Betrieb Soltau info@verkehrsgemeinschaft-heidekreis.de 05191 9848-36 mo &#8211; do 8 &#8211; 16 Uhr | fr 8 &#8211; 13 Uhr\" \/>\n<meta property=\"og:url\" content=\"https:\/\/kvg-bus.de\/heidekreis\/sluzba\/prostredky\/\" \/>\n<meta property=\"og:site_name\" content=\"KVG Heidekreis\" \/>\n<meta property=\"article:modified_time\" content=\"2026-02-11T13:50:37+00:00\" \/>\n<meta name=\"twitter:card\" content=\"summary_large_image\" \/>\n<meta name=\"twitter:label1\" content=\"Odhadovan\u00e1 doba \u010dten\u00ed\" \/>\n\t<meta name=\"twitter:data1\" content=\"1 minuta\" \/>\n<script type=\"application\/ld+json\" class=\"yoast-schema-graph\">{\"@context\":\"https:\\\/\\\/schema.org\",\"@graph\":[{\"@type\":\"WebPage\",\"@id\":\"https:\\\/\\\/kvg-bus.de\\\/heidekreis\\\/service\\\/fundsachen\\\/\",\"url\":\"https:\\\/\\\/kvg-bus.de\\\/heidekreis\\\/service\\\/fundsachen\\\/\",\"name\":\"Fundsachen - KVG Heidekreis\",\"isPartOf\":{\"@id\":\"https:\\\/\\\/kvg-bus.de\\\/heidekreis\\\/#website\"},\"primaryImageOfPage\":{\"@id\":\"https:\\\/\\\/kvg-bus.de\\\/heidekreis\\\/service\\\/fundsachen\\\/#primaryimage\"},\"image\":{\"@id\":\"https:\\\/\\\/kvg-bus.de\\\/heidekreis\\\/service\\\/fundsachen\\\/#primaryimage\"},\"thumbnailUrl\":\"https:\\\/\\\/kvg-bus.de\\\/heidekreis\\\/wp-content\\\/uploads\\\/sites\\\/14\\\/header-subsite_fundsachen.jpg\",\"datePublished\":\"2026-01-30T07:21:23+00:00\",\"dateModified\":\"2026-02-11T13:50:37+00:00\",\"breadcrumb\":{\"@id\":\"https:\\\/\\\/kvg-bus.de\\\/heidekreis\\\/service\\\/fundsachen\\\/#breadcrumb\"},\"inLanguage\":\"cs\",\"potentialAction\":[{\"@type\":\"ReadAction\",\"target\":[\"https:\\\/\\\/kvg-bus.de\\\/heidekreis\\\/service\\\/fundsachen\\\/\"]}]},{\"@type\":\"ImageObject\",\"inLanguage\":\"cs\",\"@id\":\"https:\\\/\\\/kvg-bus.de\\\/heidekreis\\\/service\\\/fundsachen\\\/#primaryimage\",\"url\":\"https:\\\/\\\/kvg-bus.de\\\/heidekreis\\\/wp-content\\\/uploads\\\/sites\\\/14\\\/header-subsite_fundsachen.jpg\",\"contentUrl\":\"https:\\\/\\\/kvg-bus.de\\\/heidekreis\\\/wp-content\\\/uploads\\\/sites\\\/14\\\/header-subsite_fundsachen.jpg\"},{\"@type\":\"BreadcrumbList\",\"@id\":\"https:\\\/\\\/kvg-bus.de\\\/heidekreis\\\/service\\\/fundsachen\\\/#breadcrumb\",\"itemListElement\":[{\"@type\":\"ListItem\",\"position\":1,\"name\":\"Startseite\",\"item\":\"https:\\\/\\\/kvg-bus.de\\\/heidekreis\\\/\"},{\"@type\":\"ListItem\",\"position\":2,\"name\":\"Service\",\"item\":\"https:\\\/\\\/kvg-bus.de\\\/heidekreis\\\/service\\\/\"},{\"@type\":\"ListItem\",\"position\":3,\"name\":\"Fundsachen\"}]},{\"@type\":\"WebSite\",\"@id\":\"https:\\\/\\\/kvg-bus.de\\\/heidekreis\\\/#website\",\"url\":\"https:\\\/\\\/kvg-bus.de\\\/heidekreis\\\/\",\"name\":\"KVG Heidekreis\",\"description\":\"\",\"publisher\":{\"@id\":\"https:\\\/\\\/kvg-bus.de\\\/heidekreis\\\/#organization\"},\"potentialAction\":[{\"@type\":\"SearchAction\",\"target\":{\"@type\":\"EntryPoint\",\"urlTemplate\":\"https:\\\/\\\/kvg-bus.de\\\/heidekreis\\\/?s={search_term_string}\"},\"query-input\":{\"@type\":\"PropertyValueSpecification\",\"valueRequired\":true,\"valueName\":\"search_term_string\"}}],\"inLanguage\":\"cs\"},{\"@type\":\"Organization\",\"@id\":\"https:\\\/\\\/kvg-bus.de\\\/heidekreis\\\/#organization\",\"name\":\"KVG Heidekreis\",\"url\":\"https:\\\/\\\/kvg-bus.de\\\/heidekreis\\\/\",\"logo\":{\"@type\":\"ImageObject\",\"inLanguage\":\"cs\",\"@id\":\"https:\\\/\\\/kvg-bus.de\\\/heidekreis\\\/#\\\/schema\\\/logo\\\/image\\\/\",\"url\":\"https:\\\/\\\/kvg-bus.de\\\/heidekreis\\\/wp-content\\\/uploads\\\/sites\\\/14\\\/kvg_logo-1.svg\",\"contentUrl\":\"https:\\\/\\\/kvg-bus.de\\\/heidekreis\\\/wp-content\\\/uploads\\\/sites\\\/14\\\/kvg_logo-1.svg\",\"caption\":\"KVG Heidekreis\"},\"image\":{\"@id\":\"https:\\\/\\\/kvg-bus.de\\\/heidekreis\\\/#\\\/schema\\\/logo\\\/image\\\/\"}}]}<\/script>\n<!-- \/ Yoast SEO plugin. -->","yoast_head_json":{"title":"Ztracen\u00fd majetek - KVG Heidekreis","robots":{"index":"index","follow":"follow","max-snippet":"max-snippet:-1","max-image-preview":"max-image-preview:large","max-video-preview":"max-video-preview:-1"},"canonical":"https:\/\/kvg-bus.de\/heidekreis\/sluzba\/prostredky\/","og_locale":"cs_CZ","og_type":"article","og_title":"Fundsachen - KVG Heidekreis","og_description":"DEIN ONLINE-FUNDB\u00dcRO Fundsachen online suchen + einfach abholen! Du hast etwas in einem unserer Busse verloren? Mit unserem Online-Fundb\u00fcro kannst du jederzeit pr\u00fcfen, ob dein Gegenstand bei uns als Fundsache eingegangen ist. Hinweis: Online-Fundb\u00fcro im Wartungsmodus Unser Online-Fundb\u00fcro ist derzeit aufgrund von Wartungsarbeiten vor\u00fcbergehend nicht verf\u00fcgbar.Wir arbeiten mit Hochdruck daran, den Service so schnell wie m\u00f6glich wieder freizuschalten. Bitte versuche es zu einem sp\u00e4teren Zeitpunkt erneut. Vielen Dank f\u00fcr dein Verst\u00e4ndnis. W\u00e4hrend der Dauer der Wartungsarbeiten kannst du dich telefonisch oder per Mail nach deiner Fundsache erkundigen: Betrieb Soltau info@verkehrsgemeinschaft-heidekreis.de 05191 9848-36 mo &#8211; do 8 &#8211; 16 Uhr | fr 8 &#8211; 13 Uhr","og_url":"https:\/\/kvg-bus.de\/heidekreis\/sluzba\/prostredky\/","og_site_name":"KVG Heidekreis","article_modified_time":"2026-02-11T13:50:37+00:00","twitter_card":"summary_large_image","twitter_misc":{"Odhadovan\u00e1 doba \u010dten\u00ed":"1 minuta"},"schema":{"@context":"https:\/\/schema.org","@graph":[{"@type":"WebPage","@id":"https:\/\/kvg-bus.de\/heidekreis\/service\/fundsachen\/","url":"https:\/\/kvg-bus.de\/heidekreis\/service\/fundsachen\/","name":"Ztracen\u00fd majetek - KVG Heidekreis","isPartOf":{"@id":"https:\/\/kvg-bus.de\/heidekreis\/#website"},"primaryImageOfPage":{"@id":"https:\/\/kvg-bus.de\/heidekreis\/service\/fundsachen\/#primaryimage"},"image":{"@id":"https:\/\/kvg-bus.de\/heidekreis\/service\/fundsachen\/#primaryimage"},"thumbnailUrl":"https:\/\/kvg-bus.de\/heidekreis\/wp-content\/uploads\/sites\/14\/header-subsite_fundsachen.jpg","datePublished":"2026-01-30T07:21:23+00:00","dateModified":"2026-02-11T13:50:37+00:00","breadcrumb":{"@id":"https:\/\/kvg-bus.de\/heidekreis\/service\/fundsachen\/#breadcrumb"},"inLanguage":"cs","potentialAction":[{"@type":"ReadAction","target":["https:\/\/kvg-bus.de\/heidekreis\/service\/fundsachen\/"]}]},{"@type":"ImageObject","inLanguage":"cs","@id":"https:\/\/kvg-bus.de\/heidekreis\/service\/fundsachen\/#primaryimage","url":"https:\/\/kvg-bus.de\/heidekreis\/wp-content\/uploads\/sites\/14\/header-subsite_fundsachen.jpg","contentUrl":"https:\/\/kvg-bus.de\/heidekreis\/wp-content\/uploads\/sites\/14\/header-subsite_fundsachen.jpg"},{"@type":"BreadcrumbList","@id":"https:\/\/kvg-bus.de\/heidekreis\/service\/fundsachen\/#breadcrumb","itemListElement":[{"@type":"ListItem","position":1,"name":"Startseite","item":"https:\/\/kvg-bus.de\/heidekreis\/"},{"@type":"ListItem","position":2,"name":"Service","item":"https:\/\/kvg-bus.de\/heidekreis\/service\/"},{"@type":"ListItem","position":3,"name":"Fundsachen"}]},{"@type":"WebSite","@id":"https:\/\/kvg-bus.de\/heidekreis\/#website","url":"https:\/\/kvg-bus.de\/heidekreis\/","name":"KVG Heidekreis","description":"","publisher":{"@id":"https:\/\/kvg-bus.de\/heidekreis\/#organization"},"potentialAction":[{"@type":"SearchAction","target":{"@type":"EntryPoint","urlTemplate":"https:\/\/kvg-bus.de\/heidekreis\/?s={search_term_string}"},"query-input":{"@type":"PropertyValueSpecification","valueRequired":true,"valueName":"search_term_string"}}],"inLanguage":"cs"},{"@type":"Organization","@id":"https:\/\/kvg-bus.de\/heidekreis\/#organization","name":"KVG Heidekreis","url":"https:\/\/kvg-bus.de\/heidekreis\/","logo":{"@type":"ImageObject","inLanguage":"cs","@id":"https:\/\/kvg-bus.de\/heidekreis\/#\/schema\/logo\/image\/","url":"https:\/\/kvg-bus.de\/heidekreis\/wp-content\/uploads\/sites\/14\/kvg_logo-1.svg","contentUrl":"https:\/\/kvg-bus.de\/heidekreis\/wp-content\/uploads\/sites\/14\/kvg_logo-1.svg","caption":"KVG Heidekreis"},"image":{"@id":"https:\/\/kvg-bus.de\/heidekreis\/#\/schema\/logo\/image\/"}}]}},"_links":{"self":[{"href":"https:\/\/kvg-bus.de\/heidekreis\/cs\/wp-json\/wp\/v2\/pages\/1815","targetHints":{"allow":["GET"]}}],"collection":[{"href":"https:\/\/kvg-bus.de\/heidekreis\/cs\/wp-json\/wp\/v2\/pages"}],"about":[{"href":"https:\/\/kvg-bus.de\/heidekreis\/cs\/wp-json\/wp\/v2\/types\/page"}],"author":[{"embeddable":true,"href":"https:\/\/kvg-bus.de\/heidekreis\/cs\/wp-json\/wp\/v2\/users\/4"}],"replies":[{"embeddable":true,"href":"https:\/\/kvg-bus.de\/heidekreis\/cs\/wp-json\/wp\/v2\/comments?post=1815"}],"version-history":[{"count":0,"href":"https:\/\/kvg-bus.de\/heidekreis\/cs\/wp-json\/wp\/v2\/pages\/1815\/revisions"}],"up":[{"embeddable":true,"href":"https:\/\/kvg-bus.de\/heidekreis\/cs\/wp-json\/wp\/v2\/pages\/16"}],"wp:featuredmedia":[{"embeddable":true,"href":"https:\/\/kvg-bus.de\/heidekreis\/cs\/wp-json\/"}],"wp:attachment":[{"href":"https:\/\/kvg-bus.de\/heidekreis\/cs\/wp-json\/wp\/v2\/media?parent=1815"}],"curies":[{"name":"wp","href":"https:\/\/api.w.org\/{rel}","templated":true}]}}