{"id":1010,"date":"2024-02-26T13:07:52","date_gmt":"2024-02-26T12:07:52","guid":{"rendered":"https:\/\/kvg-bus.de\/heidekreis\/?page_id=1010"},"modified":"2026-01-06T15:13:08","modified_gmt":"2026-01-06T14:13:08","slug":"kontakt","status":"publish","type":"page","link":"https:\/\/kvg-bus.de\/heidekreis\/cs\/kontakt\/kontakt\/","title":{"rendered":"Kontakt nad\u0159azen\u00fd"},"content":{"rendered":"<div data-elementor-type=\"wp-page\" data-elementor-id=\"1010\" class=\"elementor elementor-1010\" data-elementor-post-type=\"page\">\n\t\t\t\t\t\t<section class=\"elementor-section elementor-top-section elementor-element elementor-element-039ec69 margin-left-0 elementor-section-boxed elementor-section-height-default elementor-section-height-default wpr-particle-no wpr-jarallax-no wpr-parallax-no wpr-sticky-section-no wpr-equal-height-no\" data-id=\"039ec69\" data-element_type=\"section\" data-e-type=\"section\">\n\t\t\t\t\t\t<div class=\"elementor-container elementor-column-gap-default\">\n\t\t\t\t\t<div class=\"elementor-column elementor-col-50 elementor-top-column elementor-element elementor-element-f8127bd\" data-id=\"f8127bd\" data-element_type=\"column\" data-e-type=\"column\">\n\t\t\t<div class=\"elementor-widget-wrap elementor-element-populated\">\n\t\t\t\t\t\t<div class=\"elementor-element elementor-element-6a77178 elementor-widget elementor-widget-heading\" data-id=\"6a77178\" data-element_type=\"widget\" data-e-type=\"widget\" data-widget_type=\"heading.default\">\n\t\t\t\t<div class=\"elementor-widget-container\">\n\t\t\t\t\t<h2 class=\"elementor-heading-title elementor-size-default\">V\u00c1\u0160 KONTAKT NA N\u00c1S!<\/h2>\t\t\t\t<\/div>\n\t\t\t\t<\/div>\n\t\t\t\t<div class=\"elementor-element elementor-element-64f2aab elementor-widget elementor-widget-text-editor\" data-id=\"64f2aab\" data-element_type=\"widget\" data-e-type=\"widget\" data-widget_type=\"text-editor.default\">\n\t\t\t\t<div class=\"elementor-widget-container\">\n\t\t\t\t\t\t\t\t\t<p>M\u016f\u017eete n\u00e1s kontaktovat telefonicky, e-mailem nebo na m\u00edst\u011b. N\u00e1\u0161 kontaktn\u00ed formul\u00e1\u0159 v\u00e1m je\u0161t\u011b v\u00edce usnadn\u00ed snadn\u00e9 a pohodln\u00e9 spojen\u00ed s n\u00e1mi.<\/p>\t\t\t\t\t\t\t\t<\/div>\n\t\t\t\t<\/div>\n\t\t\t\t<div class=\"elementor-element elementor-element-0b45e3a elementor-widget elementor-widget-button\" data-id=\"0b45e3a\" data-element_type=\"widget\" data-e-type=\"widget\" data-widget_type=\"button.default\">\n\t\t\t\t<div class=\"elementor-widget-container\">\n\t\t\t\t\t\t\t\t\t<div class=\"elementor-button-wrapper\">\n\t\t\t\t\t<a class=\"elementor-button elementor-button-link elementor-size-sm\" href=\"https:\/\/link.kvg-bus.de\/destination.php?wohin=d3kontaktcebus\">\n\t\t\t\t\t\t<span class=\"elementor-button-content-wrapper\">\n\t\t\t\t\t\t\t\t\t<span class=\"elementor-button-text\">K FORMUL\u00c1\u0158I<\/span>\n\t\t\t\t\t<\/span>\n\t\t\t\t\t<\/a>\n\t\t\t\t<\/div>\n\t\t\t\t\t\t\t\t<\/div>\n\t\t\t\t<\/div>\n\t\t\t\t\t<\/div>\n\t\t<\/div>\n\t\t\t\t<div class=\"elementor-column elementor-col-50 elementor-top-column elementor-element elementor-element-8b8cfe7\" data-id=\"8b8cfe7\" data-element_type=\"column\" data-e-type=\"column\">\n\t\t\t<div class=\"elementor-widget-wrap\">\n\t\t\t\t\t\t\t<\/div>\n\t\t<\/div>\n\t\t\t\t\t<\/div>\n\t\t<\/section>\n\t\t\t\t<section class=\"elementor-section elementor-top-section elementor-element elementor-element-6f64fa4 elementor-section-boxed elementor-section-height-default elementor-section-height-default wpr-particle-no wpr-jarallax-no wpr-parallax-no wpr-sticky-section-no wpr-equal-height-no\" data-id=\"6f64fa4\" data-element_type=\"section\" data-e-type=\"section\">\n\t\t\t\t\t\t<div class=\"elementor-container elementor-column-gap-default\">\n\t\t\t\t\t<div class=\"elementor-column elementor-col-100 elementor-top-column elementor-element elementor-element-8ce22f1\" data-id=\"8ce22f1\" data-element_type=\"column\" data-e-type=\"column\">\n\t\t\t<div class=\"elementor-widget-wrap elementor-element-populated\">\n\t\t\t\t\t\t<div class=\"elementor-element elementor-element-5a8c132 elementor-widget elementor-widget-spacer\" data-id=\"5a8c132\" data-element_type=\"widget\" data-e-type=\"widget\" data-widget_type=\"spacer.default\">\n\t\t\t\t<div class=\"elementor-widget-container\">\n\t\t\t\t\t\t\t<div class=\"elementor-spacer\">\n\t\t\t<div class=\"elementor-spacer-inner\"><\/div>\n\t\t<\/div>\n\t\t\t\t\t\t<\/div>\n\t\t\t\t<\/div>\n\t\t\t\t\t<\/div>\n\t\t<\/div>\n\t\t\t\t\t<\/div>\n\t\t<\/section>\n\t\t\t\t<section class=\"elementor-section elementor-top-section elementor-element elementor-element-1625090 elementor-section-boxed elementor-section-height-default elementor-section-height-default wpr-particle-no wpr-jarallax-no wpr-parallax-no wpr-sticky-section-no wpr-equal-height-no\" data-id=\"1625090\" data-element_type=\"section\" data-e-type=\"section\">\n\t\t\t\t\t\t<div class=\"elementor-container elementor-column-gap-default\">\n\t\t\t\t\t<div class=\"elementor-column elementor-col-50 elementor-top-column elementor-element elementor-element-1a814a1\" data-id=\"1a814a1\" data-element_type=\"column\" data-e-type=\"column\">\n\t\t\t<div class=\"elementor-widget-wrap elementor-element-populated\">\n\t\t\t\t\t\t<div class=\"elementor-element elementor-element-22c6b48 elementor-widget elementor-widget-text-editor\" data-id=\"22c6b48\" data-element_type=\"widget\" data-e-type=\"widget\" data-widget_type=\"text-editor.default\">\n\t\t\t\t<div class=\"elementor-widget-container\">\n\t\t\t\t\t\t\t\t\t<h4>CeBus GmbH &amp; Co. KG<\/h4>\t\t\t\t\t\t\t\t<\/div>\n\t\t\t\t<\/div>\n\t\t\t\t<div class=\"elementor-element elementor-element-7de7f1c elementor-align-start elementor-list-item-link-inline elementor-mobile-align-start elementor-icon-list--layout-traditional elementor-widget elementor-widget-icon-list\" data-id=\"7de7f1c\" data-element_type=\"widget\" data-e-type=\"widget\" data-widget_type=\"icon-list.default\">\n\t\t\t\t<div class=\"elementor-widget-container\">\n\t\t\t\t\t\t\t<ul class=\"elementor-icon-list-items\">\n\t\t\t\t\t\t\t<li class=\"elementor-icon-list-item\">\n\t\t\t\t\t\t\t\t\t\t\t<span class=\"elementor-icon-list-icon\">\n\t\t\t\t\t\t\t<i aria-hidden=\"true\" class=\"fas fa-house\"><\/i>\t\t\t\t\t\t<\/span>\n\t\t\t\t\t\t\t\t\t\t<span class=\"elementor-icon-list-text\">Nienburger Stra\u00dfe 50 | 29225 Celle<\/span>\n\t\t\t\t\t\t\t\t\t<\/li>\n\t\t\t\t\t\t\t\t<li class=\"elementor-icon-list-item\">\n\t\t\t\t\t\t\t\t\t\t\t<a href=\"tel:05141487080\">\n\n\t\t\t\t\t\t\t\t\t\t\t\t<span class=\"elementor-icon-list-icon\">\n\t\t\t\t\t\t\t<i aria-hidden=\"true\" class=\"fas fa-phone\"><\/i>\t\t\t\t\t\t<\/span>\n\t\t\t\t\t\t\t\t\t\t<span class=\"elementor-icon-list-text\">05141 48708-0<\/span>\n\t\t\t\t\t\t\t\t\t\t\t<\/a>\n\t\t\t\t\t\t\t\t\t<\/li>\n\t\t\t\t\t\t\t\t<li class=\"elementor-icon-list-item\">\n\t\t\t\t\t\t\t\t\t\t\t<a href=\"mailto:info@cebus-celle.de\">\n\n\t\t\t\t\t\t\t\t\t\t\t\t<span class=\"elementor-icon-list-icon\">\n\t\t\t\t\t\t\t<i aria-hidden=\"true\" class=\"fas fa-paper-plane\"><\/i>\t\t\t\t\t\t<\/span>\n\t\t\t\t\t\t\t\t\t\t<span class=\"elementor-icon-list-text\">info@cebus-celle.de<\/span>\n\t\t\t\t\t\t\t\t\t\t\t<\/a>\n\t\t\t\t\t\t\t\t\t<\/li>\n\t\t\t\t\t\t\t\t<li class=\"elementor-icon-list-item\">\n\t\t\t\t\t\t\t\t\t\t\t<span class=\"elementor-icon-list-icon\">\n\t\t\t\t\t\t\t<i aria-hidden=\"true\" class=\"fas fa-fax\"><\/i>\t\t\t\t\t\t<\/span>\n\t\t\t\t\t\t\t\t\t\t<span class=\"elementor-icon-list-text\">05141 48708-39<\/span>\n\t\t\t\t\t\t\t\t\t<\/li>\n\t\t\t\t\t\t<\/ul>\n\t\t\t\t\t\t<\/div>\n\t\t\t\t<\/div>\n\t\t\t\t\t<\/div>\n\t\t<\/div>\n\t\t\t\t<div class=\"elementor-column elementor-col-50 elementor-top-column elementor-element elementor-element-72f9048\" data-id=\"72f9048\" data-element_type=\"column\" data-e-type=\"column\">\n\t\t\t<div class=\"elementor-widget-wrap\">\n\t\t\t\t\t\t\t<\/div>\n\t\t<\/div>\n\t\t\t\t\t<\/div>\n\t\t<\/section>\n\t\t\t\t<section class=\"elementor-section elementor-top-section elementor-element elementor-element-e872037 elementor-section-boxed elementor-section-height-default elementor-section-height-default wpr-particle-no wpr-jarallax-no wpr-parallax-no wpr-sticky-section-no wpr-equal-height-no\" data-id=\"e872037\" data-element_type=\"section\" data-e-type=\"section\">\n\t\t\t\t\t\t<div class=\"elementor-container elementor-column-gap-default\">\n\t\t\t\t\t<div class=\"elementor-column elementor-col-100 elementor-top-column elementor-element elementor-element-06b8cbb\" data-id=\"06b8cbb\" data-element_type=\"column\" data-e-type=\"column\">\n\t\t\t<div class=\"elementor-widget-wrap elementor-element-populated\">\n\t\t\t\t\t\t<div class=\"elementor-element elementor-element-451f6b9 elementor-widget elementor-widget-spacer\" data-id=\"451f6b9\" data-element_type=\"widget\" data-e-type=\"widget\" data-widget_type=\"spacer.default\">\n\t\t\t\t<div class=\"elementor-widget-container\">\n\t\t\t\t\t\t\t<div class=\"elementor-spacer\">\n\t\t\t<div class=\"elementor-spacer-inner\"><\/div>\n\t\t<\/div>\n\t\t\t\t\t\t<\/div>\n\t\t\t\t<\/div>\n\t\t\t\t\t<\/div>\n\t\t<\/div>\n\t\t\t\t\t<\/div>\n\t\t<\/section>\n\t\t\t\t<\/div>","protected":false},"excerpt":{"rendered":"<p>DEIN KONTAKT ZU UNS! Du erreichst uns telefonisch, per Mail oder vor Ort. Noch leichter macht es unser Kontaktformular, mit dem du uns unkompliziert und bequem erreichst. ZUM FORMULAR CeBus GmbH &amp; Co. KG Nienburger Stra\u00dfe 50 | 29225 Celle 05141 48708-0 info@cebus-celle.de 05141 48708-39<\/p>","protected":false},"author":4,"featured_media":339,"parent":5,"menu_order":54,"comment_status":"closed","ping_status":"closed","template":"","meta":{"footnotes":""},"class_list":["post-1010","page","type-page","status-publish","has-post-thumbnail","hentry"],"yoast_head":"<!-- This site is optimized with the Yoast SEO plugin v27.4 - https:\/\/yoast.com\/product\/yoast-seo-wordpress\/ -->\n<title>Kontakt \u00fcbergeordnet - KVG Heidekreis<\/title>\n<meta name=\"robots\" content=\"index, follow, max-snippet:-1, max-image-preview:large, max-video-preview:-1\" \/>\n<link rel=\"canonical\" href=\"https:\/\/kvg-bus.de\/heidekreis\/kontakt\/kontakt\/\" \/>\n<meta property=\"og:locale\" content=\"cs_CZ\" \/>\n<meta property=\"og:type\" content=\"article\" \/>\n<meta property=\"og:title\" content=\"Kontakt \u00fcbergeordnet - KVG Heidekreis\" \/>\n<meta property=\"og:description\" content=\"DEIN KONTAKT ZU UNS! Du erreichst uns telefonisch, per Mail oder vor Ort. Noch leichter macht es unser Kontaktformular, mit dem du uns unkompliziert und bequem erreichst. ZUM FORMULAR CeBus GmbH &amp; Co. KG Nienburger Stra\u00dfe 50 | 29225 Celle 05141 48708-0 info@cebus-celle.de 05141 48708-39\" \/>\n<meta property=\"og:url\" content=\"https:\/\/kvg-bus.de\/heidekreis\/kontakt\/kontakt\/\" \/>\n<meta property=\"og:site_name\" content=\"KVG Heidekreis\" \/>\n<meta property=\"article:modified_time\" content=\"2026-01-06T14:13:08+00:00\" \/>\n<meta property=\"og:image\" content=\"https:\/\/kvg-bus.de\/heidekreis\/wp-content\/uploads\/sites\/14\/iveco_neufahrzeuge_aufstellung_2023-1.jpg\" \/>\n\t<meta property=\"og:image:width\" content=\"1\" \/>\n\t<meta property=\"og:image:height\" content=\"1\" \/>\n\t<meta property=\"og:image:type\" content=\"image\/jpeg\" \/>\n<meta name=\"twitter:card\" content=\"summary_large_image\" \/>\n<meta name=\"twitter:label1\" content=\"Odhadovan\u00e1 doba \u010dten\u00ed\" \/>\n\t<meta name=\"twitter:data1\" content=\"1 minuta\" \/>\n<script type=\"application\/ld+json\" class=\"yoast-schema-graph\">{\"@context\":\"https:\\\/\\\/schema.org\",\"@graph\":[{\"@type\":\"WebPage\",\"@id\":\"https:\\\/\\\/kvg-bus.de\\\/heidekreis\\\/kontakt\\\/kontakt\\\/\",\"url\":\"https:\\\/\\\/kvg-bus.de\\\/heidekreis\\\/kontakt\\\/kontakt\\\/\",\"name\":\"Kontakt \u00fcbergeordnet - KVG Heidekreis\",\"isPartOf\":{\"@id\":\"https:\\\/\\\/kvg-bus.de\\\/heidekreis\\\/#website\"},\"primaryImageOfPage\":{\"@id\":\"https:\\\/\\\/kvg-bus.de\\\/heidekreis\\\/kontakt\\\/kontakt\\\/#primaryimage\"},\"image\":{\"@id\":\"https:\\\/\\\/kvg-bus.de\\\/heidekreis\\\/kontakt\\\/kontakt\\\/#primaryimage\"},\"thumbnailUrl\":\"https:\\\/\\\/kvg-bus.de\\\/heidekreis\\\/wp-content\\\/uploads\\\/sites\\\/14\\\/iveco_neufahrzeuge_aufstellung_2023-1.jpg\",\"datePublished\":\"2024-02-26T12:07:52+00:00\",\"dateModified\":\"2026-01-06T14:13:08+00:00\",\"breadcrumb\":{\"@id\":\"https:\\\/\\\/kvg-bus.de\\\/heidekreis\\\/kontakt\\\/kontakt\\\/#breadcrumb\"},\"inLanguage\":\"cs\",\"potentialAction\":[{\"@type\":\"ReadAction\",\"target\":[\"https:\\\/\\\/kvg-bus.de\\\/heidekreis\\\/kontakt\\\/kontakt\\\/\"]}]},{\"@type\":\"ImageObject\",\"inLanguage\":\"cs\",\"@id\":\"https:\\\/\\\/kvg-bus.de\\\/heidekreis\\\/kontakt\\\/kontakt\\\/#primaryimage\",\"url\":\"https:\\\/\\\/kvg-bus.de\\\/heidekreis\\\/wp-content\\\/uploads\\\/sites\\\/14\\\/iveco_neufahrzeuge_aufstellung_2023-1.jpg\",\"contentUrl\":\"https:\\\/\\\/kvg-bus.de\\\/heidekreis\\\/wp-content\\\/uploads\\\/sites\\\/14\\\/iveco_neufahrzeuge_aufstellung_2023-1.jpg\"},{\"@type\":\"BreadcrumbList\",\"@id\":\"https:\\\/\\\/kvg-bus.de\\\/heidekreis\\\/kontakt\\\/kontakt\\\/#breadcrumb\",\"itemListElement\":[{\"@type\":\"ListItem\",\"position\":1,\"name\":\"Startseite\",\"item\":\"https:\\\/\\\/kvg-bus.de\\\/heidekreis\\\/\"},{\"@type\":\"ListItem\",\"position\":2,\"name\":\"Kontakt\",\"item\":\"https:\\\/\\\/kvg-bus.de\\\/heidekreis\\\/kontakt\\\/\"},{\"@type\":\"ListItem\",\"position\":3,\"name\":\"Kontakt \u00fcbergeordnet\"}]},{\"@type\":\"WebSite\",\"@id\":\"https:\\\/\\\/kvg-bus.de\\\/heidekreis\\\/#website\",\"url\":\"https:\\\/\\\/kvg-bus.de\\\/heidekreis\\\/\",\"name\":\"KVG Heidekreis\",\"description\":\"\",\"publisher\":{\"@id\":\"https:\\\/\\\/kvg-bus.de\\\/heidekreis\\\/#organization\"},\"potentialAction\":[{\"@type\":\"SearchAction\",\"target\":{\"@type\":\"EntryPoint\",\"urlTemplate\":\"https:\\\/\\\/kvg-bus.de\\\/heidekreis\\\/?s={search_term_string}\"},\"query-input\":{\"@type\":\"PropertyValueSpecification\",\"valueRequired\":true,\"valueName\":\"search_term_string\"}}],\"inLanguage\":\"cs\"},{\"@type\":\"Organization\",\"@id\":\"https:\\\/\\\/kvg-bus.de\\\/heidekreis\\\/#organization\",\"name\":\"KVG Heidekreis\",\"url\":\"https:\\\/\\\/kvg-bus.de\\\/heidekreis\\\/\",\"logo\":{\"@type\":\"ImageObject\",\"inLanguage\":\"cs\",\"@id\":\"https:\\\/\\\/kvg-bus.de\\\/heidekreis\\\/#\\\/schema\\\/logo\\\/image\\\/\",\"url\":\"https:\\\/\\\/kvg-bus.de\\\/heidekreis\\\/wp-content\\\/uploads\\\/sites\\\/14\\\/kvg_logo-1.svg\",\"contentUrl\":\"https:\\\/\\\/kvg-bus.de\\\/heidekreis\\\/wp-content\\\/uploads\\\/sites\\\/14\\\/kvg_logo-1.svg\",\"caption\":\"KVG Heidekreis\"},\"image\":{\"@id\":\"https:\\\/\\\/kvg-bus.de\\\/heidekreis\\\/#\\\/schema\\\/logo\\\/image\\\/\"}}]}<\/script>\n<!-- \/ Yoast SEO plugin. -->","yoast_head_json":{"title":"Kontakt nad\u0159azen\u00fd - KVG Heidekreis","robots":{"index":"index","follow":"follow","max-snippet":"max-snippet:-1","max-image-preview":"max-image-preview:large","max-video-preview":"max-video-preview:-1"},"canonical":"https:\/\/kvg-bus.de\/heidekreis\/kontakt\/kontakt\/","og_locale":"cs_CZ","og_type":"article","og_title":"Kontakt \u00fcbergeordnet - KVG Heidekreis","og_description":"DEIN KONTAKT ZU UNS! Du erreichst uns telefonisch, per Mail oder vor Ort. Noch leichter macht es unser Kontaktformular, mit dem du uns unkompliziert und bequem erreichst. ZUM FORMULAR CeBus GmbH &amp; Co. KG Nienburger Stra\u00dfe 50 | 29225 Celle 05141 48708-0 info@cebus-celle.de 05141 48708-39","og_url":"https:\/\/kvg-bus.de\/heidekreis\/kontakt\/kontakt\/","og_site_name":"KVG Heidekreis","article_modified_time":"2026-01-06T14:13:08+00:00","og_image":[{"url":"https:\/\/kvg-bus.de\/heidekreis\/wp-content\/uploads\/sites\/14\/iveco_neufahrzeuge_aufstellung_2023-1.jpg","width":1,"height":1,"type":"image\/jpeg"}],"twitter_card":"summary_large_image","twitter_misc":{"Odhadovan\u00e1 doba \u010dten\u00ed":"1 minuta"},"schema":{"@context":"https:\/\/schema.org","@graph":[{"@type":"WebPage","@id":"https:\/\/kvg-bus.de\/heidekreis\/kontakt\/kontakt\/","url":"https:\/\/kvg-bus.de\/heidekreis\/kontakt\/kontakt\/","name":"Kontakt nad\u0159azen\u00fd - KVG Heidekreis","isPartOf":{"@id":"https:\/\/kvg-bus.de\/heidekreis\/#website"},"primaryImageOfPage":{"@id":"https:\/\/kvg-bus.de\/heidekreis\/kontakt\/kontakt\/#primaryimage"},"image":{"@id":"https:\/\/kvg-bus.de\/heidekreis\/kontakt\/kontakt\/#primaryimage"},"thumbnailUrl":"https:\/\/kvg-bus.de\/heidekreis\/wp-content\/uploads\/sites\/14\/iveco_neufahrzeuge_aufstellung_2023-1.jpg","datePublished":"2024-02-26T12:07:52+00:00","dateModified":"2026-01-06T14:13:08+00:00","breadcrumb":{"@id":"https:\/\/kvg-bus.de\/heidekreis\/kontakt\/kontakt\/#breadcrumb"},"inLanguage":"cs","potentialAction":[{"@type":"ReadAction","target":["https:\/\/kvg-bus.de\/heidekreis\/kontakt\/kontakt\/"]}]},{"@type":"ImageObject","inLanguage":"cs","@id":"https:\/\/kvg-bus.de\/heidekreis\/kontakt\/kontakt\/#primaryimage","url":"https:\/\/kvg-bus.de\/heidekreis\/wp-content\/uploads\/sites\/14\/iveco_neufahrzeuge_aufstellung_2023-1.jpg","contentUrl":"https:\/\/kvg-bus.de\/heidekreis\/wp-content\/uploads\/sites\/14\/iveco_neufahrzeuge_aufstellung_2023-1.jpg"},{"@type":"BreadcrumbList","@id":"https:\/\/kvg-bus.de\/heidekreis\/kontakt\/kontakt\/#breadcrumb","itemListElement":[{"@type":"ListItem","position":1,"name":"Startseite","item":"https:\/\/kvg-bus.de\/heidekreis\/"},{"@type":"ListItem","position":2,"name":"Kontakt","item":"https:\/\/kvg-bus.de\/heidekreis\/kontakt\/"},{"@type":"ListItem","position":3,"name":"Kontakt \u00fcbergeordnet"}]},{"@type":"WebSite","@id":"https:\/\/kvg-bus.de\/heidekreis\/#website","url":"https:\/\/kvg-bus.de\/heidekreis\/","name":"KVG Heidekreis","description":"","publisher":{"@id":"https:\/\/kvg-bus.de\/heidekreis\/#organization"},"potentialAction":[{"@type":"SearchAction","target":{"@type":"EntryPoint","urlTemplate":"https:\/\/kvg-bus.de\/heidekreis\/?s={search_term_string}"},"query-input":{"@type":"PropertyValueSpecification","valueRequired":true,"valueName":"search_term_string"}}],"inLanguage":"cs"},{"@type":"Organization","@id":"https:\/\/kvg-bus.de\/heidekreis\/#organization","name":"KVG Heidekreis","url":"https:\/\/kvg-bus.de\/heidekreis\/","logo":{"@type":"ImageObject","inLanguage":"cs","@id":"https:\/\/kvg-bus.de\/heidekreis\/#\/schema\/logo\/image\/","url":"https:\/\/kvg-bus.de\/heidekreis\/wp-content\/uploads\/sites\/14\/kvg_logo-1.svg","contentUrl":"https:\/\/kvg-bus.de\/heidekreis\/wp-content\/uploads\/sites\/14\/kvg_logo-1.svg","caption":"KVG Heidekreis"},"image":{"@id":"https:\/\/kvg-bus.de\/heidekreis\/#\/schema\/logo\/image\/"}}]}},"_links":{"self":[{"href":"https:\/\/kvg-bus.de\/heidekreis\/cs\/wp-json\/wp\/v2\/pages\/1010","targetHints":{"allow":["GET"]}}],"collection":[{"href":"https:\/\/kvg-bus.de\/heidekreis\/cs\/wp-json\/wp\/v2\/pages"}],"about":[{"href":"https:\/\/kvg-bus.de\/heidekreis\/cs\/wp-json\/wp\/v2\/types\/page"}],"author":[{"embeddable":true,"href":"https:\/\/kvg-bus.de\/heidekreis\/cs\/wp-json\/wp\/v2\/users\/4"}],"replies":[{"embeddable":true,"href":"https:\/\/kvg-bus.de\/heidekreis\/cs\/wp-json\/wp\/v2\/comments?post=1010"}],"version-history":[{"count":0,"href":"https:\/\/kvg-bus.de\/heidekreis\/cs\/wp-json\/wp\/v2\/pages\/1010\/revisions"}],"up":[{"embeddable":true,"href":"https:\/\/kvg-bus.de\/heidekreis\/cs\/wp-json\/wp\/v2\/pages\/5"}],"wp:featuredmedia":[{"embeddable":true,"href":"https:\/\/kvg-bus.de\/heidekreis\/cs\/wp-json\/wp\/v2\/media\/339"}],"wp:attachment":[{"href":"https:\/\/kvg-bus.de\/heidekreis\/cs\/wp-json\/wp\/v2\/media?parent=1010"}],"curies":[{"name":"wp","href":"https:\/\/api.w.org\/{rel}","templated":true}]}}