{"id":1448,"date":"2024-11-04T11:37:42","date_gmt":"2024-11-04T10:37:42","guid":{"rendered":"https:\/\/kvg-bus.de\/harburg\/?page_id=1448"},"modified":"2025-06-04T09:29:02","modified_gmt":"2025-06-04T07:29:02","slug":"%d0%be%d1%82%d0%bf%d0%b5%d1%87%d0%b0%d1%82%d0%be%d0%ba-elbmobil","status":"publish","type":"page","link":"https:\/\/kvg-bus.de\/harburg\/ru\/mobilitaet\/elbmobil\/impressum-elbmobil\/","title":{"rendered":"\u041e\u0442\u0442\u0438\u0441\u043a elbMOBIL"},"content":{"rendered":"<div data-elementor-type=\"wp-page\" data-elementor-id=\"1448\" class=\"elementor elementor-1448\" data-elementor-post-type=\"page\">\n\t\t\t\t<div class=\"elementor-element elementor-element-dee2515 e-flex e-con-boxed wpr-particle-no wpr-jarallax-no wpr-parallax-no wpr-sticky-section-no wpr-equal-height-no e-con e-parent\" data-id=\"dee2515\" data-element_type=\"container\" data-e-type=\"container\">\n\t\t\t\t\t<div class=\"e-con-inner\">\n\t\t<div class=\"elementor-element elementor-element-bfbd137 e-con-full e-flex wpr-particle-no wpr-jarallax-no wpr-parallax-no wpr-sticky-section-no wpr-equal-height-no e-con e-child\" data-id=\"bfbd137\" data-element_type=\"container\" data-e-type=\"container\">\n\t\t\t\t<div class=\"elementor-element elementor-element-80f274e elementor-widget elementor-widget-heading\" data-id=\"80f274e\" data-element_type=\"widget\" data-e-type=\"widget\" data-widget_type=\"heading.default\">\n\t\t\t\t<div class=\"elementor-widget-container\">\n\t\t\t\t\t<h2 class=\"elementor-heading-title elementor-size-default\">IMPRINT<\/h2>\t\t\t\t<\/div>\n\t\t\t\t<\/div>\n\t\t\t\t<div class=\"elementor-element elementor-element-08f3898 mb-1 elementor-widget elementor-widget-text-editor\" data-id=\"08f3898\" data-element_type=\"widget\" data-e-type=\"widget\" data-widget_type=\"text-editor.default\">\n\t\t\t\t<div class=\"elementor-widget-container\">\n\t\t\t\t\t\t\t\t\t<h4>KVG Stade GmbH &amp; Co. KG<\/h4>\n<p>\u0425\u0430\u0440\u0431\u0443\u0440\u0433\u0435\u0440-\u0441\u0442\u0440\u0438\u0442 96<br \/>21680 \u0428\u0442\u0430\u0434\u0435<\/p>\t\t\t\t\t\t\t\t<\/div>\n\t\t\t\t<\/div>\n\t\t\t\t<div class=\"elementor-element elementor-element-9822ce9 elementor-align-start elementor-list-item-link-inline elementor-mobile-align-start elementor-icon-list--layout-traditional elementor-widget elementor-widget-icon-list\" data-id=\"9822ce9\" data-element_type=\"widget\" data-e-type=\"widget\" data-widget_type=\"icon-list.default\">\n\t\t\t\t<div class=\"elementor-widget-container\">\n\t\t\t\t\t\t\t<ul class=\"elementor-icon-list-items\">\n\t\t\t\t\t\t\t<li class=\"elementor-icon-list-item\">\n\t\t\t\t\t\t\t\t\t\t\t<a href=\"tel:041415250\">\n\n\t\t\t\t\t\t\t\t\t\t\t\t<span class=\"elementor-icon-list-icon\">\n\t\t\t\t\t\t\t<i aria-hidden=\"true\" class=\"fas fa-phone-alt\"><\/i>\t\t\t\t\t\t<\/span>\n\t\t\t\t\t\t\t\t\t\t<span class=\"elementor-icon-list-text\">04141 525-0<\/span>\n\t\t\t\t\t\t\t\t\t\t\t<\/a>\n\t\t\t\t\t\t\t\t\t<\/li>\n\t\t\t\t\t\t\t\t<li class=\"elementor-icon-list-item\">\n\t\t\t\t\t\t\t\t\t\t\t<a href=\"fax:04141525105\">\n\n\t\t\t\t\t\t\t\t\t\t\t\t<span class=\"elementor-icon-list-icon\">\n\t\t\t\t\t\t\t<i aria-hidden=\"true\" class=\"fas fa-fax\"><\/i>\t\t\t\t\t\t<\/span>\n\t\t\t\t\t\t\t\t\t\t<span class=\"elementor-icon-list-text\">04141 525-105<\/span>\n\t\t\t\t\t\t\t\t\t\t\t<\/a>\n\t\t\t\t\t\t\t\t\t<\/li>\n\t\t\t\t\t\t\t\t<li class=\"elementor-icon-list-item\">\n\t\t\t\t\t\t\t\t\t\t\t<a href=\"mailto:info@kvg-bus.de\">\n\n\t\t\t\t\t\t\t\t\t\t\t\t<span class=\"elementor-icon-list-icon\">\n\t\t\t\t\t\t\t<i aria-hidden=\"true\" class=\"fas fa-paper-plane\"><\/i>\t\t\t\t\t\t<\/span>\n\t\t\t\t\t\t\t\t\t\t<span class=\"elementor-icon-list-text\">info@kvg-bus.de<\/span>\n\t\t\t\t\t\t\t\t\t\t\t<\/a>\n\t\t\t\t\t\t\t\t\t<\/li>\n\t\t\t\t\t\t<\/ul>\n\t\t\t\t\t\t<\/div>\n\t\t\t\t<\/div>\n\t\t\t\t<div class=\"elementor-element elementor-element-40761b4 elementor-widget elementor-widget-text-editor\" data-id=\"40761b4\" data-element_type=\"widget\" data-e-type=\"widget\" data-widget_type=\"text-editor.default\">\n\t\t\t\t<div class=\"elementor-widget-container\">\n\t\t\t\t\t\t\t\t\t<p><strong>\u0423\u043f\u0440\u0430\u0432\u043b\u0435\u043d\u0438\u0435<\/strong><br \/>\u0414\u0438\u043f\u043b\u043e\u043c\u0438\u0440\u043e\u0432\u0430\u043d\u043d\u044b\u0439 \u044d\u043a\u043e\u043d\u043e\u043c\u0438\u0441\u0442 \u042f\u043d \u0411\u0435\u0440\u0435\u043d\u0434\u0442 (Dipl.-Kfm. Jan Behrendt), \u0431\u0438\u0437\u043d\u0435\u0441-\u044d\u043a\u043e\u043d\u043e\u043c\u0438\u0441\u0442 (VWA) \u041c\u0438\u0445\u0430\u044d\u043b\u044c \u0424\u0430\u0441\u0442\u0435\u0440\u0442 (Michael Fastert)<\/p><p><strong>\u0417\u0430\u043f\u0438\u0441\u044c \u0432 \u0442\u043e\u0440\u0433\u043e\u0432\u043e\u043c \u0440\u0435\u0435\u0441\u0442\u0440\u0435<\/strong><br \/>\u041c\u0435\u0441\u0442\u043d\u044b\u0439 \u0441\u0443\u0434 \u0422\u043e\u0441\u0442\u0435\u0434\u0442\u0430, HRA 100974<br \/>\u041a\u043e\u043c\u043f\u0430\u043d\u0438\u044f, \u043d\u0435\u0441\u0443\u0449\u0430\u044f \u043f\u0435\u0440\u0441\u043e\u043d\u0430\u043b\u044c\u043d\u0443\u044e \u043e\u0442\u0432\u0435\u0442\u0441\u0442\u0432\u0435\u043d\u043d\u043e\u0441\u0442\u044c: KVG Stade Verwaltungs-GmbH, HRB 101223<\/p><p><strong>\u0418\u0434\u0435\u043d\u0442\u0438\u0444\u0438\u043a\u0430\u0446\u0438\u043e\u043d\u043d\u044b\u0439 \u043d\u043e\u043c\u0435\u0440 \u043d\u0430\u043b\u043e\u0433\u0430 \u0441 \u043f\u0440\u043e\u0434\u0430\u0436<\/strong><br \/>DE233071449<\/p><p><strong>\u0420\u0435\u0434\u0430\u043a\u0446\u0438\u044f<\/strong><br \/>\u0428\u0435\u0440\u0438\u043d \u041f\u0440\u0430\u0433\u0435\u0440 | <a href=\"mailto:webmaster@kvg-bus.de\">webmaster@kvg-bus.de<\/a><\/p>\t\t\t\t\t\t\t\t<\/div>\n\t\t\t\t<\/div>\n\t\t\t\t<div class=\"elementor-element elementor-element-2918d44 elementor-widget elementor-widget-spacer\" data-id=\"2918d44\" data-element_type=\"widget\" data-e-type=\"widget\" data-widget_type=\"spacer.default\">\n\t\t\t\t<div class=\"elementor-widget-container\">\n\t\t\t\t\t\t\t<div class=\"elementor-spacer\">\n\t\t\t<div class=\"elementor-spacer-inner\"><\/div>\n\t\t<\/div>\n\t\t\t\t\t\t<\/div>\n\t\t\t\t<\/div>\n\t\t\t\t<\/div>\n\t\t<div class=\"elementor-element elementor-element-c149817 e-con-full e-flex wpr-particle-no wpr-jarallax-no wpr-parallax-no wpr-sticky-section-no wpr-equal-height-no e-con e-child\" data-id=\"c149817\" data-element_type=\"container\" data-e-type=\"container\">\n\t\t\t\t<\/div>\n\t\t\t\t\t<\/div>\n\t\t\t\t<\/div>\n\t\t<div class=\"elementor-element elementor-element-9d52138 e-flex e-con-boxed wpr-particle-no wpr-jarallax-no wpr-parallax-no wpr-sticky-section-no wpr-equal-height-no e-con e-parent\" data-id=\"9d52138\" data-element_type=\"container\" data-e-type=\"container\">\n\t\t\t\t\t<div class=\"e-con-inner\">\n\t\t\t\t<div class=\"elementor-element elementor-element-f55c74b elementor-widget elementor-widget-text-editor\" data-id=\"f55c74b\" data-element_type=\"widget\" data-e-type=\"widget\" data-widget_type=\"text-editor.default\">\n\t\t\t\t<div class=\"elementor-widget-container\">\n\t\t\t\t\t\t\t\t\t<p><strong>\u041e\u0442\u043a\u0430\u0437 \u043e\u0442 \u043e\u0442\u0432\u0435\u0442\u0441\u0442\u0432\u0435\u043d\u043d\u043e\u0441\u0442\u0438<\/strong><\/p><div class=\"ce-textpic ce-right ce-intext\"><div class=\"ce-bodytext\"><p>\u041d\u0435\u0441\u043c\u043e\u0442\u0440\u044f \u043d\u0430 \u0442\u0449\u0430\u0442\u0435\u043b\u044c\u043d\u044b\u0439 \u043a\u043e\u043d\u0442\u0440\u043e\u043b\u044c \u0441\u043e\u0434\u0435\u0440\u0436\u0430\u043d\u0438\u044f, \u043c\u044b \u043d\u0435 \u043d\u0435\u0441\u0435\u043c \u043e\u0442\u0432\u0435\u0442\u0441\u0442\u0432\u0435\u043d\u043d\u043e\u0441\u0442\u0438 \u0437\u0430 \u0441\u043e\u0434\u0435\u0440\u0436\u0430\u043d\u0438\u0435 \u0432\u043d\u0435\u0448\u043d\u0438\u0445 \u0441\u0441\u044b\u043b\u043e\u043a. \u041e\u043f\u0435\u0440\u0430\u0442\u043e\u0440\u044b \u0441\u0442\u0440\u0430\u043d\u0438\u0446, \u043d\u0430 \u043a\u043e\u0442\u043e\u0440\u044b\u0435 \u0432\u0435\u0434\u0443\u0442 \u0441\u0441\u044b\u043b\u043a\u0438, \u043d\u0435\u0441\u0443\u0442 \u043f\u043e\u043b\u043d\u0443\u044e \u043e\u0442\u0432\u0435\u0442\u0441\u0442\u0432\u0435\u043d\u043d\u043e\u0441\u0442\u044c \u0437\u0430 \u0438\u0445 \u0441\u043e\u0434\u0435\u0440\u0436\u0430\u043d\u0438\u0435.<\/p><p>\u0412\u044b \u043c\u043e\u0436\u0435\u0442\u0435 \u043e\u0437\u043d\u0430\u043a\u043e\u043c\u0438\u0442\u044c\u0441\u044f \u0441 \u043d\u0430\u0448\u0435\u0439 \u043f\u043e\u043b\u0438\u0442\u0438\u043a\u043e\u0439 \u043a\u043e\u043d\u0444\u0438\u0434\u0435\u043d\u0446\u0438\u0430\u043b\u044c\u043d\u043e\u0441\u0442\u0438 \u0437\u0434\u0435\u0441\u044c <a class=\"internal-link\" title=\"\u041e\u0442\u043a\u0440\u044b\u0432\u0430\u0435\u0442 \u0432\u043d\u0443\u0442\u0440\u0435\u043d\u043d\u044e\u044e \u0441\u0441\u044b\u043b\u043a\u0443 \u0432 \u0442\u0435\u043a\u0443\u0449\u0435\u043c \u043e\u043a\u043d\u0435\" href=\"https:\/\/kvg-bus.de\/harburg\/%d0%bc%d0%be%d0%b1%d0%b8%d0%bb%d1%8c%d0%bd%d0%be%d1%81%d1%82%d1%8c\/elbmobil-2\/elbmobil\/\">\u0437\u0434\u0435\u0441\u044c<\/a>. \u0412\u044b \u043c\u043e\u0436\u0435\u0442\u0435 \u043e\u0437\u043d\u0430\u043a\u043e\u043c\u0438\u0442\u044c\u0441\u044f \u0441 \u0443\u0441\u043b\u043e\u0432\u0438\u044f\u043c\u0438 \u0438 \u043f\u043e\u043b\u043e\u0436\u0435\u043d\u0438\u044f\u043c\u0438 \u043d\u0430 <a class=\"internal-link\" title=\"\u041e\u0442\u043a\u0440\u044b\u0432\u0430\u0435\u0442 \u0432\u043d\u0443\u0442\u0440\u0435\u043d\u043d\u044e\u044e \u0441\u0441\u044b\u043b\u043a\u0443 \u0432 \u0442\u0435\u043a\u0443\u0449\u0435\u043c \u043e\u043a\u043d\u0435\" href=\"https:\/\/kvg-bus.de\/harburg\/ru\/%d0%bf%d0%bb%d0%b0%d0%bd%d1%8b-%d0%b2%d0%be%d0%b6%d0%b4%d0%b5%d0%bd%d0%b8%d1%8f\/%d0%be%d0%ba%d1%80%d1%83%d0%b3-%d1%85%d0%b0%d1%80%d0%b1%d1%83%d1%80%d0%b3\/elbmobil\/%d0%b0%d0%b3%d0%b1\/\">\u044d\u0442\u0430 \u0441\u0442\u0440\u0430\u043d\u0438\u0446\u0430<\/a>.<\/p><\/div><\/div>\t\t\t\t\t\t\t\t<\/div>\n\t\t\t\t<\/div>\n\t\t\t\t<div class=\"elementor-element elementor-element-734e21a elementor-widget elementor-widget-spacer\" data-id=\"734e21a\" data-element_type=\"widget\" data-e-type=\"widget\" data-widget_type=\"spacer.default\">\n\t\t\t\t<div class=\"elementor-widget-container\">\n\t\t\t\t\t\t\t<div class=\"elementor-spacer\">\n\t\t\t<div class=\"elementor-spacer-inner\"><\/div>\n\t\t<\/div>\n\t\t\t\t\t\t<\/div>\n\t\t\t\t<\/div>\n\t\t\t\t\t<\/div>\n\t\t\t\t<\/div>\n\t\t\t\t<\/div>","protected":false},"excerpt":{"rendered":"<p>IMPRINT KVG Stade GmbH &amp; Co. KG Harburger Stra\u00dfe 96 21680 Stade 04141 525-0 04141 525-105 info@kvg-bus.de \u0420\u0443\u043a\u043e\u0432\u043e\u0434\u0441\u0442\u0432\u043e Dipl.-Kfm. Jan Behrendt, Betriebswirt (VWA) Michael Fastert \u0417\u0430\u043f\u0438\u0441\u044c \u0432 \u0442\u043e\u0440\u0433\u043e\u0432\u043e\u043c \u0440\u0435\u0435\u0441\u0442\u0440\u0435 \u041c\u0435\u0441\u0442\u043d\u044b\u0439 \u0441\u0443\u0434 Tostedt, HRA 100974 \u041b\u0438\u0447\u043d\u043e \u043e\u0442\u0432\u0435\u0442\u0441\u0442\u0432\u0435\u043d\u043d\u043e\u0435 \u043f\u0440\u0435\u0434\u043f\u0440\u0438\u044f\u0442\u0438\u0435: KVG Stade Verwaltungs-GmbH, HRB 101223 VAT identification number DE233071449 Editor Sherin Prager | webmaster@kvg-bus.de \u041f\u0440\u0435\u0434\u0443\u043f\u0440\u0435\u0436\u0434\u0435\u043d\u0438\u0435 \u043e\u0431 \u043e\u0442\u0432\u0435\u0442\u0441\u0442\u0432\u0435\u043d\u043d\u043e\u0441\u0442\u0438 \u041d\u0435\u0441\u043c\u043e\u0442\u0440\u044f \u043d\u0430 \u0442\u0449\u0430\u0442\u0435\u043b\u044c\u043d\u0443\u044e \u043f\u0440\u043e\u0432\u0435\u0440\u043a\u0443 \u0441\u043e\u0434\u0435\u0440\u0436\u0430\u043d\u0438\u044f, \u043c\u044b \u043d\u0435 \u043d\u0435\u0441\u0435\u043c \u043e\u0442\u0432\u0435\u0442\u0441\u0442\u0432\u0435\u043d\u043d\u043e\u0441\u0442\u0438 \u0437\u0430 \u0441\u043e\u0434\u0435\u0440\u0436\u0430\u043d\u0438\u0435 \u0432\u043d\u0435\u0448\u043d\u0438\u0445 \u0441\u0441\u044b\u043b\u043e\u043a. \u041e\u043f\u0435\u0440\u0430\u0442\u043e\u0440\u044b \u0441\u0442\u0440\u0430\u043d\u0438\u0446, \u043d\u0430 \u043a\u043e\u0442\u043e\u0440\u044b\u0435 \u0432\u0435\u0434\u0443\u0442 \u0441\u0441\u044b\u043b\u043a\u0438, \u043d\u0435\u0441\u0443\u0442 \u043f\u043e\u043b\u043d\u0443\u044e \u043e\u0442\u0432\u0435\u0442\u0441\u0442\u0432\u0435\u043d\u043d\u043e\u0441\u0442\u044c \u0437\u0430 \u0438\u0445 \u0441\u043e\u0434\u0435\u0440\u0436\u0430\u043d\u0438\u0435. \u0421 \u043d\u0430\u0448\u0435\u0439 \u043f\u043e\u043b\u0438\u0442\u0438\u043a\u043e\u0439 \u043a\u043e\u043d\u0444\u0438\u0434\u0435\u043d\u0446\u0438\u0430\u043b\u044c\u043d\u043e\u0441\u0442\u0438 \u0432\u044b \u043c\u043e\u0436\u0435\u0442\u0435 \u043e\u0437\u043d\u0430\u043a\u043e\u043c\u0438\u0442\u044c\u0441\u044f \u0437\u0434\u0435\u0441\u044c. \u0421 \u0443\u0441\u043b\u043e\u0432\u0438\u044f\u043c\u0438 \u0438 \u043f\u043e\u043b\u043e\u0436\u0435\u043d\u0438\u044f\u043c\u0438 \u043c\u043e\u0436\u043d\u043e \u043e\u0437\u043d\u0430\u043a\u043e\u043c\u0438\u0442\u044c\u0441\u044f \u043d\u0430 \u044d\u0442\u043e\u0439 \u0441\u0442\u0440\u0430\u043d\u0438\u0446\u0435.<\/p>","protected":false},"author":4,"featured_media":1462,"parent":1445,"menu_order":14,"comment_status":"closed","ping_status":"closed","template":"","meta":{"footnotes":""},"class_list":["post-1448","page","type-page","status-publish","has-post-thumbnail","hentry"],"yoast_head":"<!-- This site is optimized with the Yoast SEO plugin v27.4 - https:\/\/yoast.com\/product\/yoast-seo-wordpress\/ -->\n<title>Impressum elbMOBIL - KVG Harburg<\/title>\n<meta name=\"robots\" content=\"index, follow, max-snippet:-1, max-image-preview:large, max-video-preview:-1\" \/>\n<link rel=\"canonical\" href=\"https:\/\/kvg-bus.de\/harburg\/\u043c\u043e\u0431\u0438\u043b\u044c\u043d\u043e\u0441\u0442\u044c\/elbmobil\/\u043e\u0442\u043f\u0435\u0447\u0430\u0442\u043e\u043a-elbmobil\/\" \/>\n<meta property=\"og:locale\" content=\"ru_RU\" \/>\n<meta property=\"og:type\" content=\"article\" \/>\n<meta property=\"og:title\" content=\"Impressum elbMOBIL - KVG Harburg\" \/>\n<meta property=\"og:description\" content=\"IMPRESSUM KVG Stade GmbH &amp; Co. KG Harburger Stra\u00dfe 96 21680 Stade 04141 525-0 04141 525-105 info@kvg-bus.de Gesch\u00e4ftsf\u00fchrung Dipl.-Kfm. Jan Behrendt, Betriebswirt (VWA) Michael Fastert Handelsregistereintrag Amtsgericht Tostedt, HRA 100974 Pers\u00f6nlich haftende Gesellschaft: KVG Stade Verwaltungs-GmbH, HRB 101223 Umsatzsteuer-Identifikationsnummer DE233071449 Redaktion Sherin Prager | webmaster@kvg-bus.de Haftungshinweis Trotz sorgf\u00e4ltiger inhaltlicher Kontrolle \u00fcbernehmen wir keine Haftung f\u00fcr die Inhalte externer Links. F\u00fcr den Inhalt der verlinkten Seiten sind ausschlie\u00dflich deren Betreiber verantwortlich. Zu unseren Datenschutzbestimmungen kommst du hier. Die AGB&#8217;s findest du auf dieser Seite.\" \/>\n<meta property=\"og:url\" content=\"https:\/\/kvg-bus.de\/harburg\/\u043c\u043e\u0431\u0438\u043b\u044c\u043d\u043e\u0441\u0442\u044c\/elbmobil\/\u043e\u0442\u043f\u0435\u0447\u0430\u0442\u043e\u043a-elbmobil\/\" \/>\n<meta property=\"og:site_name\" content=\"KVG Harburg\" \/>\n<meta property=\"article:modified_time\" content=\"2025-06-04T07:29:02+00:00\" \/>\n<meta name=\"twitter:card\" content=\"summary_large_image\" \/>\n<meta name=\"twitter:label1\" content=\"\u041f\u0440\u0438\u043c\u0435\u0440\u043d\u043e\u0435 \u0432\u0440\u0435\u043c\u044f \u0434\u043b\u044f \u0447\u0442\u0435\u043d\u0438\u044f\" \/>\n\t<meta name=\"twitter:data1\" content=\"1 \u043c\u0438\u043d\u0443\u0442\u0430\" \/>\n<script type=\"application\/ld+json\" class=\"yoast-schema-graph\">{\"@context\":\"https:\\\/\\\/schema.org\",\"@graph\":[{\"@type\":\"WebPage\",\"@id\":\"https:\\\/\\\/kvg-bus.de\\\/harburg\\\/mobilitaet\\\/elbmobil\\\/impressum-elbmobil\\\/\",\"url\":\"https:\\\/\\\/kvg-bus.de\\\/harburg\\\/mobilitaet\\\/elbmobil\\\/impressum-elbmobil\\\/\",\"name\":\"Impressum elbMOBIL - KVG Harburg\",\"isPartOf\":{\"@id\":\"https:\\\/\\\/kvg-bus.de\\\/harburg\\\/#website\"},\"primaryImageOfPage\":{\"@id\":\"https:\\\/\\\/kvg-bus.de\\\/harburg\\\/mobilitaet\\\/elbmobil\\\/impressum-elbmobil\\\/#primaryimage\"},\"image\":{\"@id\":\"https:\\\/\\\/kvg-bus.de\\\/harburg\\\/mobilitaet\\\/elbmobil\\\/impressum-elbmobil\\\/#primaryimage\"},\"thumbnailUrl\":\"https:\\\/\\\/kvg-bus.de\\\/harburg\\\/wp-content\\\/uploads\\\/sites\\\/14\\\/header_bus-aufstellung-2-scaled.jpg\",\"datePublished\":\"2024-11-04T10:37:42+00:00\",\"dateModified\":\"2025-06-04T07:29:02+00:00\",\"breadcrumb\":{\"@id\":\"https:\\\/\\\/kvg-bus.de\\\/harburg\\\/mobilitaet\\\/elbmobil\\\/impressum-elbmobil\\\/#breadcrumb\"},\"inLanguage\":\"ru-RU\",\"potentialAction\":[{\"@type\":\"ReadAction\",\"target\":[\"https:\\\/\\\/kvg-bus.de\\\/harburg\\\/mobilitaet\\\/elbmobil\\\/impressum-elbmobil\\\/\"]}]},{\"@type\":\"ImageObject\",\"inLanguage\":\"ru-RU\",\"@id\":\"https:\\\/\\\/kvg-bus.de\\\/harburg\\\/mobilitaet\\\/elbmobil\\\/impressum-elbmobil\\\/#primaryimage\",\"url\":\"https:\\\/\\\/kvg-bus.de\\\/harburg\\\/wp-content\\\/uploads\\\/sites\\\/14\\\/header_bus-aufstellung-2-scaled.jpg\",\"contentUrl\":\"https:\\\/\\\/kvg-bus.de\\\/harburg\\\/wp-content\\\/uploads\\\/sites\\\/14\\\/header_bus-aufstellung-2-scaled.jpg\"},{\"@type\":\"BreadcrumbList\",\"@id\":\"https:\\\/\\\/kvg-bus.de\\\/harburg\\\/mobilitaet\\\/elbmobil\\\/impressum-elbmobil\\\/#breadcrumb\",\"itemListElement\":[{\"@type\":\"ListItem\",\"position\":1,\"name\":\"Startseite\",\"item\":\"https:\\\/\\\/kvg-bus.de\\\/harburg\\\/\"},{\"@type\":\"ListItem\",\"position\":2,\"name\":\"Mobilit\u00e4t\",\"item\":\"https:\\\/\\\/kvg-bus.de\\\/harburg\\\/mobilitaet\\\/\"},{\"@type\":\"ListItem\",\"position\":3,\"name\":\"elbMOBIL\",\"item\":\"https:\\\/\\\/kvg-bus.de\\\/harburg\\\/mobilitaet\\\/elbmobil\\\/\"},{\"@type\":\"ListItem\",\"position\":4,\"name\":\"Impressum elbMOBIL\"}]},{\"@type\":\"WebSite\",\"@id\":\"https:\\\/\\\/kvg-bus.de\\\/harburg\\\/#website\",\"url\":\"https:\\\/\\\/kvg-bus.de\\\/harburg\\\/\",\"name\":\"KVG Harburg\",\"description\":\"\",\"publisher\":{\"@id\":\"https:\\\/\\\/kvg-bus.de\\\/harburg\\\/#organization\"},\"potentialAction\":[{\"@type\":\"SearchAction\",\"target\":{\"@type\":\"EntryPoint\",\"urlTemplate\":\"https:\\\/\\\/kvg-bus.de\\\/harburg\\\/?s={search_term_string}\"},\"query-input\":{\"@type\":\"PropertyValueSpecification\",\"valueRequired\":true,\"valueName\":\"search_term_string\"}}],\"inLanguage\":\"ru-RU\"},{\"@type\":\"Organization\",\"@id\":\"https:\\\/\\\/kvg-bus.de\\\/harburg\\\/#organization\",\"name\":\"KVG Harburg\",\"url\":\"https:\\\/\\\/kvg-bus.de\\\/harburg\\\/\",\"logo\":{\"@type\":\"ImageObject\",\"inLanguage\":\"ru-RU\",\"@id\":\"https:\\\/\\\/kvg-bus.de\\\/harburg\\\/#\\\/schema\\\/logo\\\/image\\\/\",\"url\":\"https:\\\/\\\/kvg-bus.de\\\/harburg\\\/wp-content\\\/uploads\\\/sites\\\/14\\\/kvg_logo-1.svg\",\"contentUrl\":\"https:\\\/\\\/kvg-bus.de\\\/harburg\\\/wp-content\\\/uploads\\\/sites\\\/14\\\/kvg_logo-1.svg\",\"caption\":\"KVG Harburg\"},\"image\":{\"@id\":\"https:\\\/\\\/kvg-bus.de\\\/harburg\\\/#\\\/schema\\\/logo\\\/image\\\/\"}}]}<\/script>\n<!-- \/ Yoast SEO plugin. -->","yoast_head_json":{"title":"\u041e\u0442\u0442\u0438\u0441\u043a elbMOBIL - KVG Harburg","robots":{"index":"index","follow":"follow","max-snippet":"max-snippet:-1","max-image-preview":"max-image-preview:large","max-video-preview":"max-video-preview:-1"},"canonical":"https:\/\/kvg-bus.de\/harburg\/\u043c\u043e\u0431\u0438\u043b\u044c\u043d\u043e\u0441\u0442\u044c\/elbmobil\/\u043e\u0442\u043f\u0435\u0447\u0430\u0442\u043e\u043a-elbmobil\/","og_locale":"ru_RU","og_type":"article","og_title":"Impressum elbMOBIL - KVG Harburg","og_description":"IMPRESSUM KVG Stade GmbH &amp; Co. KG Harburger Stra\u00dfe 96 21680 Stade 04141 525-0 04141 525-105 info@kvg-bus.de Gesch\u00e4ftsf\u00fchrung Dipl.-Kfm. Jan Behrendt, Betriebswirt (VWA) Michael Fastert Handelsregistereintrag Amtsgericht Tostedt, HRA 100974 Pers\u00f6nlich haftende Gesellschaft: KVG Stade Verwaltungs-GmbH, HRB 101223 Umsatzsteuer-Identifikationsnummer DE233071449 Redaktion Sherin Prager | webmaster@kvg-bus.de Haftungshinweis Trotz sorgf\u00e4ltiger inhaltlicher Kontrolle \u00fcbernehmen wir keine Haftung f\u00fcr die Inhalte externer Links. F\u00fcr den Inhalt der verlinkten Seiten sind ausschlie\u00dflich deren Betreiber verantwortlich. Zu unseren Datenschutzbestimmungen kommst du hier. Die AGB&#8217;s findest du auf dieser Seite.","og_url":"https:\/\/kvg-bus.de\/harburg\/\u043c\u043e\u0431\u0438\u043b\u044c\u043d\u043e\u0441\u0442\u044c\/elbmobil\/\u043e\u0442\u043f\u0435\u0447\u0430\u0442\u043e\u043a-elbmobil\/","og_site_name":"KVG Harburg","article_modified_time":"2025-06-04T07:29:02+00:00","twitter_card":"summary_large_image","twitter_misc":{"\u041f\u0440\u0438\u043c\u0435\u0440\u043d\u043e\u0435 \u0432\u0440\u0435\u043c\u044f \u0434\u043b\u044f \u0447\u0442\u0435\u043d\u0438\u044f":"1 \u043c\u0438\u043d\u0443\u0442\u0430"},"schema":{"@context":"https:\/\/schema.org","@graph":[{"@type":"WebPage","@id":"https:\/\/kvg-bus.de\/harburg\/mobilitaet\/elbmobil\/impressum-elbmobil\/","url":"https:\/\/kvg-bus.de\/harburg\/mobilitaet\/elbmobil\/impressum-elbmobil\/","name":"\u041e\u0442\u0442\u0438\u0441\u043a elbMOBIL - KVG Harburg","isPartOf":{"@id":"https:\/\/kvg-bus.de\/harburg\/#website"},"primaryImageOfPage":{"@id":"https:\/\/kvg-bus.de\/harburg\/mobilitaet\/elbmobil\/impressum-elbmobil\/#primaryimage"},"image":{"@id":"https:\/\/kvg-bus.de\/harburg\/mobilitaet\/elbmobil\/impressum-elbmobil\/#primaryimage"},"thumbnailUrl":"https:\/\/kvg-bus.de\/harburg\/wp-content\/uploads\/sites\/14\/header_bus-aufstellung-2-scaled.jpg","datePublished":"2024-11-04T10:37:42+00:00","dateModified":"2025-06-04T07:29:02+00:00","breadcrumb":{"@id":"https:\/\/kvg-bus.de\/harburg\/mobilitaet\/elbmobil\/impressum-elbmobil\/#breadcrumb"},"inLanguage":"ru-RU","potentialAction":[{"@type":"ReadAction","target":["https:\/\/kvg-bus.de\/harburg\/mobilitaet\/elbmobil\/impressum-elbmobil\/"]}]},{"@type":"ImageObject","inLanguage":"ru-RU","@id":"https:\/\/kvg-bus.de\/harburg\/mobilitaet\/elbmobil\/impressum-elbmobil\/#primaryimage","url":"https:\/\/kvg-bus.de\/harburg\/wp-content\/uploads\/sites\/14\/header_bus-aufstellung-2-scaled.jpg","contentUrl":"https:\/\/kvg-bus.de\/harburg\/wp-content\/uploads\/sites\/14\/header_bus-aufstellung-2-scaled.jpg"},{"@type":"BreadcrumbList","@id":"https:\/\/kvg-bus.de\/harburg\/mobilitaet\/elbmobil\/impressum-elbmobil\/#breadcrumb","itemListElement":[{"@type":"ListItem","position":1,"name":"Startseite","item":"https:\/\/kvg-bus.de\/harburg\/"},{"@type":"ListItem","position":2,"name":"Mobilit\u00e4t","item":"https:\/\/kvg-bus.de\/harburg\/mobilitaet\/"},{"@type":"ListItem","position":3,"name":"elbMOBIL","item":"https:\/\/kvg-bus.de\/harburg\/mobilitaet\/elbmobil\/"},{"@type":"ListItem","position":4,"name":"Impressum elbMOBIL"}]},{"@type":"WebSite","@id":"https:\/\/kvg-bus.de\/harburg\/#website","url":"https:\/\/kvg-bus.de\/harburg\/","name":"KVG \u0425\u0430\u0440\u0431\u0443\u0440\u0433","description":"","publisher":{"@id":"https:\/\/kvg-bus.de\/harburg\/#organization"},"potentialAction":[{"@type":"SearchAction","target":{"@type":"EntryPoint","urlTemplate":"https:\/\/kvg-bus.de\/harburg\/?s={search_term_string}"},"query-input":{"@type":"PropertyValueSpecification","valueRequired":true,"valueName":"search_term_string"}}],"inLanguage":"ru-RU"},{"@type":"Organization","@id":"https:\/\/kvg-bus.de\/harburg\/#organization","name":"KVG \u0425\u0430\u0440\u0431\u0443\u0440\u0433","url":"https:\/\/kvg-bus.de\/harburg\/","logo":{"@type":"ImageObject","inLanguage":"ru-RU","@id":"https:\/\/kvg-bus.de\/harburg\/#\/schema\/logo\/image\/","url":"https:\/\/kvg-bus.de\/harburg\/wp-content\/uploads\/sites\/14\/kvg_logo-1.svg","contentUrl":"https:\/\/kvg-bus.de\/harburg\/wp-content\/uploads\/sites\/14\/kvg_logo-1.svg","caption":"KVG Harburg"},"image":{"@id":"https:\/\/kvg-bus.de\/harburg\/#\/schema\/logo\/image\/"}}]}},"_links":{"self":[{"href":"https:\/\/kvg-bus.de\/harburg\/ru\/wp-json\/wp\/v2\/pages\/1448","targetHints":{"allow":["GET"]}}],"collection":[{"href":"https:\/\/kvg-bus.de\/harburg\/ru\/wp-json\/wp\/v2\/pages"}],"about":[{"href":"https:\/\/kvg-bus.de\/harburg\/ru\/wp-json\/wp\/v2\/types\/page"}],"author":[{"embeddable":true,"href":"https:\/\/kvg-bus.de\/harburg\/ru\/wp-json\/wp\/v2\/users\/4"}],"replies":[{"embeddable":true,"href":"https:\/\/kvg-bus.de\/harburg\/ru\/wp-json\/wp\/v2\/comments?post=1448"}],"version-history":[{"count":0,"href":"https:\/\/kvg-bus.de\/harburg\/ru\/wp-json\/wp\/v2\/pages\/1448\/revisions"}],"up":[{"embeddable":true,"href":"https:\/\/kvg-bus.de\/harburg\/ru\/wp-json\/wp\/v2\/pages\/1445"}],"wp:featuredmedia":[{"embeddable":true,"href":"https:\/\/kvg-bus.de\/harburg\/ru\/wp-json\/"}],"wp:attachment":[{"href":"https:\/\/kvg-bus.de\/harburg\/ru\/wp-json\/wp\/v2\/media?parent=1448"}],"curies":[{"name":"wp","href":"https:\/\/api.w.org\/{rel}","templated":true}]}}