{"id":302,"date":"2023-06-22T13:28:05","date_gmt":"2023-06-22T11:28:05","guid":{"rendered":"https:\/\/kvg-bus.de\/harburg\/?page_id=302"},"modified":"2024-04-04T16:17:05","modified_gmt":"2024-04-04T14:17:05","slug":"aplikacja-online","status":"publish","type":"page","link":"https:\/\/kvg-bus.de\/harburg\/pl\/jobs-und-karriere\/online-bewerbung\/","title":{"rendered":"APLIKUJ TERAZ!"},"content":{"rendered":"<div data-elementor-type=\"wp-page\" data-elementor-id=\"302\" class=\"elementor elementor-302\" data-elementor-post-type=\"page\">\n\t\t\t\t\t\t<section class=\"elementor-section elementor-top-section elementor-element elementor-element-039ec69 margin-left-0 elementor-section-boxed elementor-section-height-default elementor-section-height-default wpr-particle-no wpr-jarallax-no wpr-parallax-no wpr-sticky-section-no\" data-id=\"039ec69\" data-element_type=\"section\" data-e-type=\"section\">\n\t\t\t\t\t\t<div class=\"elementor-container elementor-column-gap-default\">\n\t\t\t\t\t<div class=\"elementor-column elementor-col-50 elementor-top-column elementor-element elementor-element-f8127bd\" data-id=\"f8127bd\" data-element_type=\"column\" data-e-type=\"column\">\n\t\t\t<div class=\"elementor-widget-wrap elementor-element-populated\">\n\t\t\t\t\t\t<div class=\"elementor-element elementor-element-6a77178 elementor-widget elementor-widget-heading\" data-id=\"6a77178\" data-element_type=\"widget\" data-e-type=\"widget\" data-widget_type=\"heading.default\">\n\t\t\t\t<div class=\"elementor-widget-container\">\n\t\t\t\t\t<h2 class=\"elementor-heading-title elementor-size-default\">Aplikuj teraz<\/h2>\t\t\t\t<\/div>\n\t\t\t\t<\/div>\n\t\t\t\t<div class=\"elementor-element elementor-element-ce60d5d elementor-widget elementor-widget-text-editor\" data-id=\"ce60d5d\" data-element_type=\"widget\" data-e-type=\"widget\" data-widget_type=\"text-editor.default\">\n\t\t\t\t<div class=\"elementor-widget-container\">\n\t\t\t\t\t\t\t\t\t<p><strong>APLIKACJA<\/strong><\/p>\t\t\t\t\t\t\t\t<\/div>\n\t\t\t\t<\/div>\n\t\t\t\t<div class=\"elementor-element elementor-element-64f2aab elementor-widget elementor-widget-text-editor\" data-id=\"64f2aab\" data-element_type=\"widget\" data-e-type=\"widget\" data-widget_type=\"text-editor.default\">\n\t\t\t\t<div class=\"elementor-widget-container\">\n\t\t\t\t\t\t\t\t\t<p>Wys\u0142a\u0142em aplikacj\u0119, ale nie otrzyma\u0142em odpowiedzi ani informacji zwrotnej: Co powinienem teraz zrobi\u0107?<\/p><p>Napisz do nas e-mail na adres: <a href=\"mailto:bewerbung@cebus-celle.de\">bewerbung@cebus-celle.de<\/a><\/p>\t\t\t\t\t\t\t\t<\/div>\n\t\t\t\t<\/div>\n\t\t\t\t\t<\/div>\n\t\t<\/div>\n\t\t\t\t<div class=\"elementor-column elementor-col-50 elementor-top-column elementor-element elementor-element-8b8cfe7\" data-id=\"8b8cfe7\" data-element_type=\"column\" data-e-type=\"column\">\n\t\t\t<div class=\"elementor-widget-wrap\">\n\t\t\t\t\t\t\t<\/div>\n\t\t<\/div>\n\t\t\t\t\t<\/div>\n\t\t<\/section>\n\t\t\t\t<section class=\"elementor-section elementor-top-section elementor-element elementor-element-6f64fa4 elementor-section-boxed elementor-section-height-default elementor-section-height-default wpr-particle-no wpr-jarallax-no wpr-parallax-no wpr-sticky-section-no\" data-id=\"6f64fa4\" data-element_type=\"section\" data-e-type=\"section\">\n\t\t\t\t\t\t<div class=\"elementor-container elementor-column-gap-default\">\n\t\t\t\t\t<div class=\"elementor-column elementor-col-100 elementor-top-column elementor-element elementor-element-8ce22f1\" data-id=\"8ce22f1\" data-element_type=\"column\" data-e-type=\"column\">\n\t\t\t<div class=\"elementor-widget-wrap elementor-element-populated\">\n\t\t\t\t\t\t<div class=\"elementor-element elementor-element-5a8c132 elementor-widget elementor-widget-spacer\" data-id=\"5a8c132\" data-element_type=\"widget\" data-e-type=\"widget\" data-widget_type=\"spacer.default\">\n\t\t\t\t<div class=\"elementor-widget-container\">\n\t\t\t\t\t\t\t<div class=\"elementor-spacer\">\n\t\t\t<div class=\"elementor-spacer-inner\"><\/div>\n\t\t<\/div>\n\t\t\t\t\t\t<\/div>\n\t\t\t\t<\/div>\n\t\t\t\t\t<\/div>\n\t\t<\/div>\n\t\t\t\t\t<\/div>\n\t\t<\/section>\n\t\t\t\t<section class=\"elementor-section elementor-top-section elementor-element elementor-element-6ec27f2 margin-left-0 elementor-section-boxed elementor-section-height-default elementor-section-height-default wpr-particle-no wpr-jarallax-no wpr-parallax-no wpr-sticky-section-no\" data-id=\"6ec27f2\" data-element_type=\"section\" data-e-type=\"section\">\n\t\t\t\t\t\t<div class=\"elementor-container elementor-column-gap-default\">\n\t\t\t\t\t<div class=\"elementor-column elementor-col-50 elementor-top-column elementor-element elementor-element-fad2bbb\" data-id=\"fad2bbb\" data-element_type=\"column\" data-e-type=\"column\">\n\t\t\t<div class=\"elementor-widget-wrap elementor-element-populated\">\n\t\t\t\t\t\t<div class=\"elementor-element elementor-element-774dc5c elementor-widget elementor-widget-heading\" data-id=\"774dc5c\" data-element_type=\"widget\" data-e-type=\"widget\" data-widget_type=\"heading.default\">\n\t\t\t\t<div class=\"elementor-widget-container\">\n\t\t\t\t\t<h3 class=\"elementor-heading-title elementor-size-default\">Formularz zg\u0142oszeniowy online<\/h3>\t\t\t\t<\/div>\n\t\t\t\t<\/div>\n\t\t\t\t\t<\/div>\n\t\t<\/div>\n\t\t\t\t<div class=\"elementor-column elementor-col-50 elementor-top-column elementor-element elementor-element-457debc\" data-id=\"457debc\" data-element_type=\"column\" data-e-type=\"column\">\n\t\t\t<div class=\"elementor-widget-wrap\">\n\t\t\t\t\t\t\t<\/div>\n\t\t<\/div>\n\t\t\t\t\t<\/div>\n\t\t<\/section>\n\t\t\t\t<\/div>","protected":false},"excerpt":{"rendered":"<p>Aplikuj teraz TWOJA APLIKACJA Wys\u0142a\u0142e\u015b swoj\u0105 aplikacj\u0119, ale nie otrzyma\u0142e\u015b odpowiedzi ani informacji zwrotnej: Co teraz zrobi\u0107? Wy\u015blij nam wiadomo\u015b\u0107 e-mail na adres: SamoaAmeryka\u0144skie Wyspy DziewiczeAndoraAngolaAnguillaAntarktydaAntigua i BarbudaArgentynaArmeniaArubaAzerbejd\u017canAustraliaBahamyBahrajnBangladeszBarbadosBelgiaBelizeBeninBermudyBhutanBoliwiaBo\u015bnia i HercegowinaBotswanaBouvet IslandBrazyliaBrytyjskie Wyspy DziewiczeBrytyjskie Terytorium Oceanu IndyjskiegoBrunei Ocean IndyjskiBrunei DarussalamBu\u0142gariaBurkina FasoBurundiWyspy Kajma\u0144skieChileChinyWyspy CookaCosta RicaCura\u00e7aoWybrze\u017ce Ko\u015bci S\u0142oniowejLaosowa Republika Ludowo-DemokratycznaDaniaD\u017cibutiDominikaRepublika Dominika\u0144skaEkwadorEl SalvadorErytreaEstoniaEswatiniFalklandyFijiFinlandiaFrancjaGujana FrancuskaFrancjaGujana FrancuskaPolinezja FrancuskaTerytoria Po\u0142udniowe i AntarktyczneFutuna (Wallis i Futuna)Wyspy OwczeGabonGambiaGeorgiaGhanaGibraltarGrenadaGrecjaWielka BrytaniaGrenlandiaGwadelupaGuamGwatemalaGuernseyGwineaGwinea-BissauGujanaHaitiHeard and McDonaldIslandsHoly SeeHondurasHong KongIndieIndonezjaIrakIranIrlandiaIsle of ManIsraelItalyJamaicaJapanJerseyJordanKambod\u017caKamerunKanadaCape VerdeKaraibyNiderlandyKazachstanKeniaKirgistanKiribatiWyspy KokosoweKongoKongo, Demokratyczna Republika Korei Demokratyczna Republika LudowaChorwacjaKubaKuwejtLesotho\u0141otwaLebanLibiaLiechtensteinLitwaLuksemburgMakauMadagaskarMalawiMalezjaMaldiwyMaliMaltaMarokoMarshall-WyspyMartynikaMauretaniaMauritiusMajottaMeksykMikronezjaMo\u0142dawiaMonakoMongoliaMontenegroMontserratMozambikMyanmarNamibiaNauruNepalNowa KaledoniaNowa ZelandiaNikaraguaNiderlandyNigerNigeriaNiueMacedonia P\u00f3\u0142nocnaNorfolkNorwayNorthern Mariana IslandsOmanEast TimorPakistanPalauPalestine, PalauPalestynaPanamaPapua Nowa GwineaParagwajPeruFilipinyWyspy PitcairnPolskaPortugaliaPortorykoRwandaRumuniaFederacja RosyjskaR\u00e9unionSaint-Barth\u00e9lemySaint-Pierre i MiquelonWyspy SalomonaZambiaSamoaSan MarinoArabia SaudyjskaSzwecjaSenegalSerbiaSeszeleSierra LeoneZimbabweSingapurSint MaartenS\u0142oweniaS\u0142owacjaSomaliaHiszpaniaSri LankaSt. Helena, Wniebowst\u0105pienie i Tristan da CunhaSt. Kitts i NevisSt. LuciaSt. MartinSt. Vincent i GrenadynySudanSurinamSvalbard i Jan MayenSyria, Republika ArabskaS\u00e3o Tom\u00e9 i Pr\u00edncipeSouth AfricaSouth Georgia and the South Sandwich IslandsSouth KoreaSouth SudanTajikistanTaiwanTanzania, Zjednoczona Republika TajlandiiTogoTokelauTongaTrinidad i TobagoCzechyTunezjaTurkmenistanTurks i Caicos IslandsTuvaluTurcjaU.S.A.Mniejsze Wyspy Zewn\u0119trzne Stan\u00f3w ZjednoczonychUgandaUkrainaW\u0119gryUrugwajUsbekistanVanuatuWenezuelaZjednoczone Emiraty ArabskieWietnamWyspa Bo\u017cego NarodzeniaBia\u0142oru\u015bSahara ZachodniaRepublika \u015arodkowoafryka\u0144skaCyprEgiptGwinea R\u00f3wnikowaEtiopiaWyspy AlandzkieAustria Kraj Data urodzenia MM uko\u015bnik DD uko\u015bnik RRRR Kontakt E- Mail* Telefon* Dost\u0119pno\u015b\u0107 Data rozpocz\u0119cia MM uko\u015bnik DD uko\u015bnik RRRRPoczta* Telefon* Dost\u0119pno\u015b\u0107 Data rozpocz\u0119cia MM uko\u015bnik DD uko\u015bnik RRRR Prosimy o przes\u0142anie listu motywacyjnego i CV osobno. List motywacyjnyMaks. Rozmiar pliku: 32 MB. Alternatywnie: Utw\u00f3rz list motywacyjny Utw\u00f3rz list motywacyjnyCV*Maks. rozmiar pliku: 32 MB. Rozmiar pliku: 32 MB. Inne za\u0142\u0105czniki (certyfikaty, za\u015bwiadczenia, dokumenty uzupe\u0142niaj\u0105ce...) Przeci\u0105gnij pliki tutaj lub wybierz pliki Maks. rozmiar pliku: 32 MB. Rozmiar pliku: 32 MB, maks. liczba plik\u00f3w: 10. Jak si\u0119 o nas dowiedzia\u0142e\u015b? Gazeta Plakat Tylna naklejka (autobus) Naklejka pod\u0142ogowa Przyczepa reklamowa Baner na ogrodzeniu Media spo\u0142eczno\u015bciowe (Instagram, Facebook...) Reklama online Strona internetowa Gie\u0142da pracy \/ tablica og\u0142osze\u0144 Targi \/ wydarzenie Rekomendacja pracownika Przyjaciele \/ znajomi Inne Ochrona danych* Zapozna\u0142em si\u0119 z polityk\u0105 prywatno\u015bci i wyra\u017cam zgod\u0119 na przetwarzanie moich danych osobowych. Przechowywanie danych Wyra\u017cam zgod\u0119 na przechowywanie i przetwarzanie moich danych na potrzeby innych odpowiednich stanowisk w puli talent\u00f3w grupy sp\u00f3\u0142ek do odwo\u0142ania. CAPTCHA<\/p>","protected":false},"author":2,"featured_media":0,"parent":259,"menu_order":56,"comment_status":"closed","ping_status":"closed","template":"","meta":{"footnotes":""},"class_list":["post-302","page","type-page","status-publish","hentry"],"yoast_head":"<!-- This site is optimized with the Yoast SEO plugin v27.3 - https:\/\/yoast.com\/product\/yoast-seo-wordpress\/ -->\n<title>JETZT BEWERBEN! - KVG Harburg<\/title>\n<meta name=\"robots\" content=\"index, follow, max-snippet:-1, max-image-preview:large, max-video-preview:-1\" \/>\n<link rel=\"canonical\" href=\"https:\/\/kvg-bus.de\/harburg\/praca-i-kariera\/aplikacja-online\/\" \/>\n<meta property=\"og:locale\" content=\"pl_PL\" \/>\n<meta property=\"og:type\" content=\"article\" \/>\n<meta property=\"og:title\" content=\"JETZT BEWERBEN! - KVG Harburg\" \/>\n<meta property=\"og:description\" content=\"Jetzt Bewerben DEINE BEWERBUNG Bewerbung versendet, aber keine Antwort oder R\u00fcckmeldung erhalten: Was jetzt tun? Schreib uns eine E-Mail an: bewerbung@cebus-celle.de Online-Bewerbungsformular \u201e*\u201c zeigt erforderliche Felder an Bewerbung als* Pers\u00f6nliche Angaben AnredeFrauHerrDiversohne Angabe Name* Vorname Nachname Anschrift* Anschrift Ort PLZ AfghanistanAlbanienAlgerienAmerikanisch-SamoaAmerikanische JungferninselnAndorraAngolaAnguillaAntarktisAntigua und BarbudaArgentinienArmenienArubaAserbaidschanAustralienBahamasBahrainBangladeshBarbadosBelgienBelizeBeninBermudaBhutanBolivienBosnien und HerzegowinaBotswanaBouvetinselBrasilienBritische JungferninselnBritisches Territorium im Indischen OzeanBrunei DarussalamBulgarienBurkina FasoBurundiCaymen InselnChileChinaCookinselnCosta RicaCura\u00e7aoC\u00f4te d&#039;IvoireDemokratische Volksrepublik LaosDeutschlandDjiboutiDominicaDominikanische RepublikD\u00e4nemarkEcuadorEl SalvadorEritreaEstlandEswatiniFalklandinselnFidschiFinnlandFrankreichFranz\u00f6sisch-GuayanaFranz\u00f6sisch-PolynesienFranz\u00f6sische S\u00fcd- und AntarktisgebieteFutuna (Wallis und Futuna)F\u00e4r\u00f6er-InselnGabunGambiaGeorgiaGhanaGibraltarGrenadaGriechenlandGro\u00dfbritannienGr\u00f6nlandGuadeloupeGuamGuatemalaGuernseyGuineaGuinea-BissauGuyanaHaitiHeard und McDonaldinselnHeiliger StuhlHondurasHongkongIndienIndonesienIrakIranIrlandIslandIsle of ManIsraelItalienJamaikaJapanJemenJerseyJordanienKambodschaKamerunKanadaKap VerdeKaribische NiederlandeKasachstanKatarKeniaKirgistanKiribatiKokosinselnKolumbienKomorenKongoKongo, Demokratische Republik desKorea. Demokratische VolksrepublikKroatienKubaKuwaitLesothoLettlandLibanonLiberiaLibyenLiechtensteinLitauenLuxemburgMacauMadagaskarMalawiMalaysiaMaledivenMaliMaltaMarokkoMarshall-InselnMartiniqueMauretanienMauritiusMayotteMexikoMikronesienMoldawienMonacoMongoleiMontenegroMontserratMosambikMyanmarNamibiaNauruNepalNeukaledonienNeuseelandNicaraguaNiederlandeNigerNigeriaNiueNordmazedonienNorfolkinselNorwegenN\u00f6rdliche MarianenOmanOsttimorPakistanPalauPal\u00e4stina, BundesstaatPanamaPapua Neu GuineaParaguayPeruPhilippinenPitcairninselnPolenPortugalPuerto RicoRuandaRum\u00e4nienRussische F\u00f6derationR\u00e9unionSaint-Barth\u00e9lemySaint-Pierre und MiquelonSalomonenSambiaSamoaSan MarinoSaudi-ArabienSchwedenSchweizSenegalSerbienSeychellenSierra LeoneSimbabweSingapurSint MaartenSlovenienSlowakeiSomaliaSpanienSri LankaSt. Helena, Ascension und Tristan da CunhaSt. Kitts und NevisSt. LuciaSt. MartinSt. Vincent und die GrenadinenSudanSurinamSvalbard und Jan MayenSyrien, Arabische RepublikS\u00e3o Tom\u00e9 und Pr\u00edncipeS\u00fcdafrikaS\u00fcdgeorgien und die S\u00fcdlichen SandwichinselnS\u00fcdkoreaS\u00fcdsudanTadschikistanTaiwanTansania, Vereinte RepublikThailandTogoTokelauTongaTrinidad und TobagoTschadTschechienTunesienTurkmenistanTurks- und CaicosinselnTuvaluT\u00fcrkeiU.S.A.US Minor Outlying IslandsUgandaUkraineUngarnUruguayUsbekistanVanuatuVenezuelaVereinigte Arabische EmirateVietnamWeihnachtsinselWei\u00dfrusslandWestsaharaZentralafrikanische RepublikZypern\u00c4gypten\u00c4quatorial Guinea\u00c4thopien\u00c5landinseln\u00d6sterreich Land Geburtsdatum MM Schr\u00e4gstrich TT Schr\u00e4gstrich JJJJ Kontakt E-Mail* Telefon* Verf\u00fcgbarkeit Antritt der Stelle ab MM Schr\u00e4gstrich TT Schr\u00e4gstrich JJJJ Anschreiben &#038; Lebenslauf bitte getrennt voneinander hochladen. AnschreibenMax. Dateigr\u00f6\u00dfe: 32 MB. Alternativ: Anschreiben verfassen Anschreiben verfassenLebenslauf*Max. Dateigr\u00f6\u00dfe: 32 MB. Weitere Anlagen (Zeugnisse, Bescheinigungen, Nachweise&#8230;) Ziehe Dateien hier her oder W\u00e4hle Dateien aus Max. Dateigr\u00f6\u00dfe: 32 MB, Max. Dateien: 10. Wie sind Sie auf uns aufmerksam geworden?* Zeitung Plakat Heckaufkleber (Bus) Bodenaufkleber Anh\u00e4ngerwerbung Zaunbanner Social Media (Instagram, Facebook&#8230;) Online-Werbung Website Jobb\u00f6rse \/ Stellenb\u00f6rse Messe \/ Veranstaltung Mitarbeiterempfehlung Freunde \/ Bekannte Sonstiges Datenschutz* Ich habe die Datenschutzerkl\u00e4rung gelesen und willige in die Verarbeitung meiner personenbezogenen Daten ein. Datenspeicherung Ich willige ein, dass meine Daten bis auf Widerruf auch f\u00fcr weitere auf mich passende Stellen im Talentpool der Unternehmensgruppe gespeichert und verarbeitet werden d\u00fcrfen. CAPTCHA\" \/>\n<meta property=\"og:url\" content=\"https:\/\/kvg-bus.de\/harburg\/praca-i-kariera\/aplikacja-online\/\" \/>\n<meta property=\"og:site_name\" content=\"KVG Harburg\" \/>\n<meta property=\"article:modified_time\" content=\"2024-04-04T14:17:05+00:00\" \/>\n<meta name=\"twitter:card\" content=\"summary_large_image\" \/>\n<meta name=\"twitter:label1\" content=\"Szacowany czas czytania\" \/>\n\t<meta name=\"twitter:data1\" content=\"5 minut\" \/>\n<script type=\"application\/ld+json\" class=\"yoast-schema-graph\">{\"@context\":\"https:\\\/\\\/schema.org\",\"@graph\":[{\"@type\":\"WebPage\",\"@id\":\"https:\\\/\\\/kvg-bus.de\\\/harburg\\\/jobs-und-karriere\\\/online-bewerbung\\\/\",\"url\":\"https:\\\/\\\/kvg-bus.de\\\/harburg\\\/jobs-und-karriere\\\/online-bewerbung\\\/\",\"name\":\"JETZT BEWERBEN! - KVG Harburg\",\"isPartOf\":{\"@id\":\"https:\\\/\\\/kvg-bus.de\\\/harburg\\\/#website\"},\"datePublished\":\"2023-06-22T11:28:05+00:00\",\"dateModified\":\"2024-04-04T14:17:05+00:00\",\"breadcrumb\":{\"@id\":\"https:\\\/\\\/kvg-bus.de\\\/harburg\\\/jobs-und-karriere\\\/online-bewerbung\\\/#breadcrumb\"},\"inLanguage\":\"pl-PL\",\"potentialAction\":[{\"@type\":\"ReadAction\",\"target\":[\"https:\\\/\\\/kvg-bus.de\\\/harburg\\\/jobs-und-karriere\\\/online-bewerbung\\\/\"]}]},{\"@type\":\"BreadcrumbList\",\"@id\":\"https:\\\/\\\/kvg-bus.de\\\/harburg\\\/jobs-und-karriere\\\/online-bewerbung\\\/#breadcrumb\",\"itemListElement\":[{\"@type\":\"ListItem\",\"position\":1,\"name\":\"Startseite\",\"item\":\"https:\\\/\\\/kvg-bus.de\\\/harburg\\\/\"},{\"@type\":\"ListItem\",\"position\":2,\"name\":\"Jobs &#038; Karriere\",\"item\":\"https:\\\/\\\/kvg-bus.de\\\/harburg\\\/jobs-und-karriere\\\/\"},{\"@type\":\"ListItem\",\"position\":3,\"name\":\"JETZT BEWERBEN!\"}]},{\"@type\":\"WebSite\",\"@id\":\"https:\\\/\\\/kvg-bus.de\\\/harburg\\\/#website\",\"url\":\"https:\\\/\\\/kvg-bus.de\\\/harburg\\\/\",\"name\":\"KVG Harburg\",\"description\":\"\",\"publisher\":{\"@id\":\"https:\\\/\\\/kvg-bus.de\\\/harburg\\\/#organization\"},\"potentialAction\":[{\"@type\":\"SearchAction\",\"target\":{\"@type\":\"EntryPoint\",\"urlTemplate\":\"https:\\\/\\\/kvg-bus.de\\\/harburg\\\/?s={search_term_string}\"},\"query-input\":{\"@type\":\"PropertyValueSpecification\",\"valueRequired\":true,\"valueName\":\"search_term_string\"}}],\"inLanguage\":\"pl-PL\"},{\"@type\":\"Organization\",\"@id\":\"https:\\\/\\\/kvg-bus.de\\\/harburg\\\/#organization\",\"name\":\"KVG Harburg\",\"url\":\"https:\\\/\\\/kvg-bus.de\\\/harburg\\\/\",\"logo\":{\"@type\":\"ImageObject\",\"inLanguage\":\"pl-PL\",\"@id\":\"https:\\\/\\\/kvg-bus.de\\\/harburg\\\/#\\\/schema\\\/logo\\\/image\\\/\",\"url\":\"https:\\\/\\\/kvg-bus.de\\\/harburg\\\/wp-content\\\/uploads\\\/sites\\\/14\\\/kvg_logo-1.svg\",\"contentUrl\":\"https:\\\/\\\/kvg-bus.de\\\/harburg\\\/wp-content\\\/uploads\\\/sites\\\/14\\\/kvg_logo-1.svg\",\"caption\":\"KVG Harburg\"},\"image\":{\"@id\":\"https:\\\/\\\/kvg-bus.de\\\/harburg\\\/#\\\/schema\\\/logo\\\/image\\\/\"}}]}<\/script>\n<!-- \/ Yoast SEO plugin. -->","yoast_head_json":{"title":"APLIKUJ TERAZ! - KVG Harburg","robots":{"index":"index","follow":"follow","max-snippet":"max-snippet:-1","max-image-preview":"max-image-preview:large","max-video-preview":"max-video-preview:-1"},"canonical":"https:\/\/kvg-bus.de\/harburg\/praca-i-kariera\/aplikacja-online\/","og_locale":"pl_PL","og_type":"article","og_title":"JETZT BEWERBEN! - KVG Harburg","og_description":"Jetzt Bewerben DEINE BEWERBUNG Bewerbung versendet, aber keine Antwort oder R\u00fcckmeldung erhalten: Was jetzt tun? Schreib uns eine E-Mail an: bewerbung@cebus-celle.de Online-Bewerbungsformular \u201e*\u201c zeigt erforderliche Felder an Bewerbung als* Pers\u00f6nliche Angaben AnredeFrauHerrDiversohne Angabe Name* Vorname Nachname Anschrift* Anschrift Ort PLZ AfghanistanAlbanienAlgerienAmerikanisch-SamoaAmerikanische JungferninselnAndorraAngolaAnguillaAntarktisAntigua und BarbudaArgentinienArmenienArubaAserbaidschanAustralienBahamasBahrainBangladeshBarbadosBelgienBelizeBeninBermudaBhutanBolivienBosnien und HerzegowinaBotswanaBouvetinselBrasilienBritische JungferninselnBritisches Territorium im Indischen OzeanBrunei DarussalamBulgarienBurkina FasoBurundiCaymen InselnChileChinaCookinselnCosta RicaCura\u00e7aoC\u00f4te d&#039;IvoireDemokratische Volksrepublik LaosDeutschlandDjiboutiDominicaDominikanische RepublikD\u00e4nemarkEcuadorEl SalvadorEritreaEstlandEswatiniFalklandinselnFidschiFinnlandFrankreichFranz\u00f6sisch-GuayanaFranz\u00f6sisch-PolynesienFranz\u00f6sische S\u00fcd- und AntarktisgebieteFutuna (Wallis und Futuna)F\u00e4r\u00f6er-InselnGabunGambiaGeorgiaGhanaGibraltarGrenadaGriechenlandGro\u00dfbritannienGr\u00f6nlandGuadeloupeGuamGuatemalaGuernseyGuineaGuinea-BissauGuyanaHaitiHeard und McDonaldinselnHeiliger StuhlHondurasHongkongIndienIndonesienIrakIranIrlandIslandIsle of ManIsraelItalienJamaikaJapanJemenJerseyJordanienKambodschaKamerunKanadaKap VerdeKaribische NiederlandeKasachstanKatarKeniaKirgistanKiribatiKokosinselnKolumbienKomorenKongoKongo, Demokratische Republik desKorea. Demokratische VolksrepublikKroatienKubaKuwaitLesothoLettlandLibanonLiberiaLibyenLiechtensteinLitauenLuxemburgMacauMadagaskarMalawiMalaysiaMaledivenMaliMaltaMarokkoMarshall-InselnMartiniqueMauretanienMauritiusMayotteMexikoMikronesienMoldawienMonacoMongoleiMontenegroMontserratMosambikMyanmarNamibiaNauruNepalNeukaledonienNeuseelandNicaraguaNiederlandeNigerNigeriaNiueNordmazedonienNorfolkinselNorwegenN\u00f6rdliche MarianenOmanOsttimorPakistanPalauPal\u00e4stina, BundesstaatPanamaPapua Neu GuineaParaguayPeruPhilippinenPitcairninselnPolenPortugalPuerto RicoRuandaRum\u00e4nienRussische F\u00f6derationR\u00e9unionSaint-Barth\u00e9lemySaint-Pierre und MiquelonSalomonenSambiaSamoaSan MarinoSaudi-ArabienSchwedenSchweizSenegalSerbienSeychellenSierra LeoneSimbabweSingapurSint MaartenSlovenienSlowakeiSomaliaSpanienSri LankaSt. Helena, Ascension und Tristan da CunhaSt. Kitts und NevisSt. LuciaSt. MartinSt. Vincent und die GrenadinenSudanSurinamSvalbard und Jan MayenSyrien, Arabische RepublikS\u00e3o Tom\u00e9 und Pr\u00edncipeS\u00fcdafrikaS\u00fcdgeorgien und die S\u00fcdlichen SandwichinselnS\u00fcdkoreaS\u00fcdsudanTadschikistanTaiwanTansania, Vereinte RepublikThailandTogoTokelauTongaTrinidad und TobagoTschadTschechienTunesienTurkmenistanTurks- und CaicosinselnTuvaluT\u00fcrkeiU.S.A.US Minor Outlying IslandsUgandaUkraineUngarnUruguayUsbekistanVanuatuVenezuelaVereinigte Arabische EmirateVietnamWeihnachtsinselWei\u00dfrusslandWestsaharaZentralafrikanische RepublikZypern\u00c4gypten\u00c4quatorial Guinea\u00c4thopien\u00c5landinseln\u00d6sterreich Land Geburtsdatum MM Schr\u00e4gstrich TT Schr\u00e4gstrich JJJJ Kontakt E-Mail* Telefon* Verf\u00fcgbarkeit Antritt der Stelle ab MM Schr\u00e4gstrich TT Schr\u00e4gstrich JJJJ Anschreiben &#038; Lebenslauf bitte getrennt voneinander hochladen. AnschreibenMax. Dateigr\u00f6\u00dfe: 32 MB. Alternativ: Anschreiben verfassen Anschreiben verfassenLebenslauf*Max. Dateigr\u00f6\u00dfe: 32 MB. Weitere Anlagen (Zeugnisse, Bescheinigungen, Nachweise&#8230;) Ziehe Dateien hier her oder W\u00e4hle Dateien aus Max. Dateigr\u00f6\u00dfe: 32 MB, Max. Dateien: 10. Wie sind Sie auf uns aufmerksam geworden?* Zeitung Plakat Heckaufkleber (Bus) Bodenaufkleber Anh\u00e4ngerwerbung Zaunbanner Social Media (Instagram, Facebook&#8230;) Online-Werbung Website Jobb\u00f6rse \/ Stellenb\u00f6rse Messe \/ Veranstaltung Mitarbeiterempfehlung Freunde \/ Bekannte Sonstiges Datenschutz* Ich habe die Datenschutzerkl\u00e4rung gelesen und willige in die Verarbeitung meiner personenbezogenen Daten ein. Datenspeicherung Ich willige ein, dass meine Daten bis auf Widerruf auch f\u00fcr weitere auf mich passende Stellen im Talentpool der Unternehmensgruppe gespeichert und verarbeitet werden d\u00fcrfen. CAPTCHA","og_url":"https:\/\/kvg-bus.de\/harburg\/praca-i-kariera\/aplikacja-online\/","og_site_name":"KVG Harburg","article_modified_time":"2024-04-04T14:17:05+00:00","twitter_card":"summary_large_image","twitter_misc":{"Szacowany czas czytania":"5 minut"},"schema":{"@context":"https:\/\/schema.org","@graph":[{"@type":"WebPage","@id":"https:\/\/kvg-bus.de\/harburg\/jobs-und-karriere\/online-bewerbung\/","url":"https:\/\/kvg-bus.de\/harburg\/jobs-und-karriere\/online-bewerbung\/","name":"APLIKUJ TERAZ! - KVG Harburg","isPartOf":{"@id":"https:\/\/kvg-bus.de\/harburg\/#website"},"datePublished":"2023-06-22T11:28:05+00:00","dateModified":"2024-04-04T14:17:05+00:00","breadcrumb":{"@id":"https:\/\/kvg-bus.de\/harburg\/jobs-und-karriere\/online-bewerbung\/#breadcrumb"},"inLanguage":"pl-PL","potentialAction":[{"@type":"ReadAction","target":["https:\/\/kvg-bus.de\/harburg\/jobs-und-karriere\/online-bewerbung\/"]}]},{"@type":"BreadcrumbList","@id":"https:\/\/kvg-bus.de\/harburg\/jobs-und-karriere\/online-bewerbung\/#breadcrumb","itemListElement":[{"@type":"ListItem","position":1,"name":"Startseite","item":"https:\/\/kvg-bus.de\/harburg\/"},{"@type":"ListItem","position":2,"name":"Jobs &#038; Karriere","item":"https:\/\/kvg-bus.de\/harburg\/jobs-und-karriere\/"},{"@type":"ListItem","position":3,"name":"JETZT BEWERBEN!"}]},{"@type":"WebSite","@id":"https:\/\/kvg-bus.de\/harburg\/#website","url":"https:\/\/kvg-bus.de\/harburg\/","name":"KVG Harburg","description":"","publisher":{"@id":"https:\/\/kvg-bus.de\/harburg\/#organization"},"potentialAction":[{"@type":"SearchAction","target":{"@type":"EntryPoint","urlTemplate":"https:\/\/kvg-bus.de\/harburg\/?s={search_term_string}"},"query-input":{"@type":"PropertyValueSpecification","valueRequired":true,"valueName":"search_term_string"}}],"inLanguage":"pl-PL"},{"@type":"Organization","@id":"https:\/\/kvg-bus.de\/harburg\/#organization","name":"KVG Harburg","url":"https:\/\/kvg-bus.de\/harburg\/","logo":{"@type":"ImageObject","inLanguage":"pl-PL","@id":"https:\/\/kvg-bus.de\/harburg\/#\/schema\/logo\/image\/","url":"https:\/\/kvg-bus.de\/harburg\/wp-content\/uploads\/sites\/14\/kvg_logo-1.svg","contentUrl":"https:\/\/kvg-bus.de\/harburg\/wp-content\/uploads\/sites\/14\/kvg_logo-1.svg","caption":"KVG Harburg"},"image":{"@id":"https:\/\/kvg-bus.de\/harburg\/#\/schema\/logo\/image\/"}}]}},"_links":{"self":[{"href":"https:\/\/kvg-bus.de\/harburg\/pl\/wp-json\/wp\/v2\/pages\/302","targetHints":{"allow":["GET"]}}],"collection":[{"href":"https:\/\/kvg-bus.de\/harburg\/pl\/wp-json\/wp\/v2\/pages"}],"about":[{"href":"https:\/\/kvg-bus.de\/harburg\/pl\/wp-json\/wp\/v2\/types\/page"}],"author":[{"embeddable":true,"href":"https:\/\/kvg-bus.de\/harburg\/pl\/wp-json\/wp\/v2\/users\/2"}],"replies":[{"embeddable":true,"href":"https:\/\/kvg-bus.de\/harburg\/pl\/wp-json\/wp\/v2\/comments?post=302"}],"version-history":[{"count":0,"href":"https:\/\/kvg-bus.de\/harburg\/pl\/wp-json\/wp\/v2\/pages\/302\/revisions"}],"up":[{"embeddable":true,"href":"https:\/\/kvg-bus.de\/harburg\/pl\/wp-json\/wp\/v2\/pages\/259"}],"wp:attachment":[{"href":"https:\/\/kvg-bus.de\/harburg\/pl\/wp-json\/wp\/v2\/media?parent=302"}],"curies":[{"name":"wp","href":"https:\/\/api.w.org\/{rel}","templated":true}]}}