{"id":1839,"date":"2026-01-29T08:20:25","date_gmt":"2026-01-29T07:20:25","guid":{"rendered":"https:\/\/kvg-bus.de\/harburg\/?page_id=1839"},"modified":"2026-02-06T08:50:04","modified_gmt":"2026-02-06T07:50:04","slug":"aplikacje-niedostepne","status":"publish","type":"page","link":"https:\/\/kvg-bus.de\/harburg\/pl\/mobilitaet\/hvv-hop-elbe-heide\/apps-nicht-verfuegbar\/","title":{"rendered":"Aplikacje niedost\u0119pne"},"content":{"rendered":"<div data-elementor-type=\"wp-page\" data-elementor-id=\"1839\" class=\"elementor elementor-1839\" data-elementor-post-type=\"page\">\n\t\t\t\t<div class=\"elementor-element elementor-element-dee2515 e-flex e-con-boxed wpr-particle-no wpr-jarallax-no wpr-parallax-no wpr-sticky-section-no wpr-equal-height-no e-con e-parent\" data-id=\"dee2515\" data-element_type=\"container\" data-e-type=\"container\">\n\t\t\t\t\t<div class=\"e-con-inner\">\n\t\t\t\t<div class=\"elementor-element elementor-element-8edb7e3 elementor-widget elementor-widget-heading\" data-id=\"8edb7e3\" data-element_type=\"widget\" data-e-type=\"widget\" data-widget_type=\"heading.default\">\n\t\t\t\t<div class=\"elementor-widget-container\">\n\t\t\t\t\t<h2 class=\"elementor-heading-title elementor-size-default\">AKTUALNA UWAGA NA TEMAT APLIKACJI HVV HOP ELBE-HEIDE <\/h2>\t\t\t\t<\/div>\n\t\t\t\t<\/div>\n\t\t\t\t\t<\/div>\n\t\t\t\t<\/div>\n\t\t<div class=\"elementor-element elementor-element-119ab68 e-flex e-con-boxed wpr-particle-no wpr-jarallax-no wpr-parallax-no wpr-sticky-section-no wpr-equal-height-no e-con e-parent\" data-id=\"119ab68\" data-element_type=\"container\" data-e-type=\"container\">\n\t\t\t\t\t<div class=\"e-con-inner\">\n\t\t\t\t<div class=\"elementor-element elementor-element-674aea1 elementor-widget elementor-widget-text-editor\" data-id=\"674aea1\" data-element_type=\"widget\" data-e-type=\"widget\" data-widget_type=\"text-editor.default\">\n\t\t\t\t<div class=\"elementor-widget-container\">\n\t\t\t\t\t\t\t\t\t<p>Aplikacja hvv hop Elbe-Heide znajduje si\u0119 w sekcji <strong>Sklep Google Play<\/strong> jest obecnie w trakcie procesu wydawniczego. Pracujemy pe\u0142n\u0105 par\u0105, aby udost\u0119pni\u0107 aplikacj\u0119 tak szybko, jak to mo\u017cliwe.<\/p><p>\ud83d\udc49 <strong>Podr\u00f3\u017c mo\u017cna r\u00f3wnie\u017c zarezerwowa\u0107 telefonicznie pod numerem 04105 5720-83.<\/strong><\/p>\t\t\t\t\t\t\t\t<\/div>\n\t\t\t\t<\/div>\n\t\t\t\t<div class=\"elementor-element elementor-element-7bc6d9e elementor-widget elementor-widget-spacer\" data-id=\"7bc6d9e\" data-element_type=\"widget\" data-e-type=\"widget\" data-widget_type=\"spacer.default\">\n\t\t\t\t<div class=\"elementor-widget-container\">\n\t\t\t\t\t\t\t<div class=\"elementor-spacer\">\n\t\t\t<div class=\"elementor-spacer-inner\"><\/div>\n\t\t<\/div>\n\t\t\t\t\t\t<\/div>\n\t\t\t\t<\/div>\n\t\t\t\t\t<\/div>\n\t\t\t\t<\/div>\n\t\t\t\t<\/div>","protected":false},"excerpt":{"rendered":"<p>AKTUALIZACJA APLIKACJI HVV HOP ELBE-HEIDE Aplikacja hvv hop Elbe-Heide jest obecnie w trakcie publikowania w sklepie Google Play. Ci\u0119\u017cko pracujemy, aby udost\u0119pni\u0107 aplikacj\u0119 tak szybko, jak to mo\u017cliwe. Alternatywnie mo\u017cna zarezerwowa\u0107 podr\u00f3\u017c telefonicznie pod numerem 04105 5720-83.<\/p>","protected":false},"author":4,"featured_media":4191,"parent":1785,"menu_order":18,"comment_status":"closed","ping_status":"closed","template":"","meta":{"footnotes":""},"class_list":["post-1839","page","type-page","status-publish","has-post-thumbnail","hentry"],"yoast_head":"<!-- This site is optimized with the Yoast SEO plugin v27.4 - https:\/\/yoast.com\/product\/yoast-seo-wordpress\/ -->\n<title>Apps nicht verf\u00fcgbar - KVG Harburg<\/title>\n<meta name=\"robots\" content=\"index, follow, max-snippet:-1, max-image-preview:large, max-video-preview:-1\" \/>\n<link rel=\"canonical\" href=\"https:\/\/kvg-bus.de\/harburg\/mobilnosc\/hvv-hop-elbe-heath\/aplikacje-niedostepne\/\" \/>\n<meta property=\"og:locale\" content=\"pl_PL\" \/>\n<meta property=\"og:type\" content=\"article\" \/>\n<meta property=\"og:title\" content=\"Apps nicht verf\u00fcgbar - KVG Harburg\" \/>\n<meta property=\"og:description\" content=\"AKTUELLER HINWEIS ZUR HVV HOP ELBE-HEIDE APP Die hvv hop Elbe-Heide App befindet sich im Google Play Store derzeit im Ver\u00f6ffentlichungsprozess. Wir arbeiten mit Hochdruck daran, die App so schnell wie m\u00f6glich bereitzustellen. \ud83d\udc49 Alternativ kannst du deine Fahrt telefonisch unter 04105 5720-83 buchen.\" \/>\n<meta property=\"og:url\" content=\"https:\/\/kvg-bus.de\/harburg\/mobilnosc\/hvv-hop-elbe-heath\/aplikacje-niedostepne\/\" \/>\n<meta property=\"og:site_name\" content=\"KVG Harburg\" \/>\n<meta property=\"article:modified_time\" content=\"2026-02-06T07:50:04+00:00\" \/>\n<meta name=\"twitter:card\" content=\"summary_large_image\" \/>\n<meta name=\"twitter:label1\" content=\"Szacowany czas czytania\" \/>\n\t<meta name=\"twitter:data1\" content=\"1 minuta\" \/>\n<script type=\"application\/ld+json\" class=\"yoast-schema-graph\">{\"@context\":\"https:\\\/\\\/schema.org\",\"@graph\":[{\"@type\":\"WebPage\",\"@id\":\"https:\\\/\\\/kvg-bus.de\\\/harburg\\\/mobilitaet\\\/hvv-hop-elbe-heide\\\/apps-nicht-verfuegbar\\\/\",\"url\":\"https:\\\/\\\/kvg-bus.de\\\/harburg\\\/mobilitaet\\\/hvv-hop-elbe-heide\\\/apps-nicht-verfuegbar\\\/\",\"name\":\"Apps nicht verf\u00fcgbar - KVG Harburg\",\"isPartOf\":{\"@id\":\"https:\\\/\\\/kvg-bus.de\\\/harburg\\\/#website\"},\"primaryImageOfPage\":{\"@id\":\"https:\\\/\\\/kvg-bus.de\\\/harburg\\\/mobilitaet\\\/hvv-hop-elbe-heide\\\/apps-nicht-verfuegbar\\\/#primaryimage\"},\"image\":{\"@id\":\"https:\\\/\\\/kvg-bus.de\\\/harburg\\\/mobilitaet\\\/hvv-hop-elbe-heide\\\/apps-nicht-verfuegbar\\\/#primaryimage\"},\"thumbnailUrl\":\"https:\\\/\\\/kvg-bus.de\\\/harburg\\\/wp-content\\\/uploads\\\/sites\\\/14\\\/header-subsite_hvv-hop-Elbe-Heide_-scaled.jpg\",\"datePublished\":\"2026-01-29T07:20:25+00:00\",\"dateModified\":\"2026-02-06T07:50:04+00:00\",\"breadcrumb\":{\"@id\":\"https:\\\/\\\/kvg-bus.de\\\/harburg\\\/mobilitaet\\\/hvv-hop-elbe-heide\\\/apps-nicht-verfuegbar\\\/#breadcrumb\"},\"inLanguage\":\"pl-PL\",\"potentialAction\":[{\"@type\":\"ReadAction\",\"target\":[\"https:\\\/\\\/kvg-bus.de\\\/harburg\\\/mobilitaet\\\/hvv-hop-elbe-heide\\\/apps-nicht-verfuegbar\\\/\"]}]},{\"@type\":\"ImageObject\",\"inLanguage\":\"pl-PL\",\"@id\":\"https:\\\/\\\/kvg-bus.de\\\/harburg\\\/mobilitaet\\\/hvv-hop-elbe-heide\\\/apps-nicht-verfuegbar\\\/#primaryimage\",\"url\":\"https:\\\/\\\/kvg-bus.de\\\/harburg\\\/wp-content\\\/uploads\\\/sites\\\/14\\\/header-subsite_hvv-hop-Elbe-Heide_-scaled.jpg\",\"contentUrl\":\"https:\\\/\\\/kvg-bus.de\\\/harburg\\\/wp-content\\\/uploads\\\/sites\\\/14\\\/header-subsite_hvv-hop-Elbe-Heide_-scaled.jpg\"},{\"@type\":\"BreadcrumbList\",\"@id\":\"https:\\\/\\\/kvg-bus.de\\\/harburg\\\/mobilitaet\\\/hvv-hop-elbe-heide\\\/apps-nicht-verfuegbar\\\/#breadcrumb\",\"itemListElement\":[{\"@type\":\"ListItem\",\"position\":1,\"name\":\"Startseite\",\"item\":\"https:\\\/\\\/kvg-bus.de\\\/harburg\\\/\"},{\"@type\":\"ListItem\",\"position\":2,\"name\":\"Mobilit\u00e4t\",\"item\":\"https:\\\/\\\/kvg-bus.de\\\/harburg\\\/mobilitaet\\\/\"},{\"@type\":\"ListItem\",\"position\":3,\"name\":\"hvv hop Elbe-Heide\",\"item\":\"https:\\\/\\\/kvg-bus.de\\\/harburg\\\/mobilitaet\\\/hvv-hop-elbe-heide\\\/\"},{\"@type\":\"ListItem\",\"position\":4,\"name\":\"Apps nicht verf\u00fcgbar\"}]},{\"@type\":\"WebSite\",\"@id\":\"https:\\\/\\\/kvg-bus.de\\\/harburg\\\/#website\",\"url\":\"https:\\\/\\\/kvg-bus.de\\\/harburg\\\/\",\"name\":\"KVG Harburg\",\"description\":\"\",\"publisher\":{\"@id\":\"https:\\\/\\\/kvg-bus.de\\\/harburg\\\/#organization\"},\"potentialAction\":[{\"@type\":\"SearchAction\",\"target\":{\"@type\":\"EntryPoint\",\"urlTemplate\":\"https:\\\/\\\/kvg-bus.de\\\/harburg\\\/?s={search_term_string}\"},\"query-input\":{\"@type\":\"PropertyValueSpecification\",\"valueRequired\":true,\"valueName\":\"search_term_string\"}}],\"inLanguage\":\"pl-PL\"},{\"@type\":\"Organization\",\"@id\":\"https:\\\/\\\/kvg-bus.de\\\/harburg\\\/#organization\",\"name\":\"KVG Harburg\",\"url\":\"https:\\\/\\\/kvg-bus.de\\\/harburg\\\/\",\"logo\":{\"@type\":\"ImageObject\",\"inLanguage\":\"pl-PL\",\"@id\":\"https:\\\/\\\/kvg-bus.de\\\/harburg\\\/#\\\/schema\\\/logo\\\/image\\\/\",\"url\":\"https:\\\/\\\/kvg-bus.de\\\/harburg\\\/wp-content\\\/uploads\\\/sites\\\/14\\\/kvg_logo-1.svg\",\"contentUrl\":\"https:\\\/\\\/kvg-bus.de\\\/harburg\\\/wp-content\\\/uploads\\\/sites\\\/14\\\/kvg_logo-1.svg\",\"caption\":\"KVG Harburg\"},\"image\":{\"@id\":\"https:\\\/\\\/kvg-bus.de\\\/harburg\\\/#\\\/schema\\\/logo\\\/image\\\/\"}}]}<\/script>\n<!-- \/ Yoast SEO plugin. -->","yoast_head_json":{"title":"Aplikacje niedost\u0119pne - KVG Harburg","robots":{"index":"index","follow":"follow","max-snippet":"max-snippet:-1","max-image-preview":"max-image-preview:large","max-video-preview":"max-video-preview:-1"},"canonical":"https:\/\/kvg-bus.de\/harburg\/mobilnosc\/hvv-hop-elbe-heath\/aplikacje-niedostepne\/","og_locale":"pl_PL","og_type":"article","og_title":"Apps nicht verf\u00fcgbar - KVG Harburg","og_description":"AKTUELLER HINWEIS ZUR HVV HOP ELBE-HEIDE APP Die hvv hop Elbe-Heide App befindet sich im Google Play Store derzeit im Ver\u00f6ffentlichungsprozess. Wir arbeiten mit Hochdruck daran, die App so schnell wie m\u00f6glich bereitzustellen. \ud83d\udc49 Alternativ kannst du deine Fahrt telefonisch unter 04105 5720-83 buchen.","og_url":"https:\/\/kvg-bus.de\/harburg\/mobilnosc\/hvv-hop-elbe-heath\/aplikacje-niedostepne\/","og_site_name":"KVG Harburg","article_modified_time":"2026-02-06T07:50:04+00:00","twitter_card":"summary_large_image","twitter_misc":{"Szacowany czas czytania":"1 minuta"},"schema":{"@context":"https:\/\/schema.org","@graph":[{"@type":"WebPage","@id":"https:\/\/kvg-bus.de\/harburg\/mobilitaet\/hvv-hop-elbe-heide\/apps-nicht-verfuegbar\/","url":"https:\/\/kvg-bus.de\/harburg\/mobilitaet\/hvv-hop-elbe-heide\/apps-nicht-verfuegbar\/","name":"Aplikacje niedost\u0119pne - KVG Harburg","isPartOf":{"@id":"https:\/\/kvg-bus.de\/harburg\/#website"},"primaryImageOfPage":{"@id":"https:\/\/kvg-bus.de\/harburg\/mobilitaet\/hvv-hop-elbe-heide\/apps-nicht-verfuegbar\/#primaryimage"},"image":{"@id":"https:\/\/kvg-bus.de\/harburg\/mobilitaet\/hvv-hop-elbe-heide\/apps-nicht-verfuegbar\/#primaryimage"},"thumbnailUrl":"https:\/\/kvg-bus.de\/harburg\/wp-content\/uploads\/sites\/14\/header-subsite_hvv-hop-Elbe-Heide_-scaled.jpg","datePublished":"2026-01-29T07:20:25+00:00","dateModified":"2026-02-06T07:50:04+00:00","breadcrumb":{"@id":"https:\/\/kvg-bus.de\/harburg\/mobilitaet\/hvv-hop-elbe-heide\/apps-nicht-verfuegbar\/#breadcrumb"},"inLanguage":"pl-PL","potentialAction":[{"@type":"ReadAction","target":["https:\/\/kvg-bus.de\/harburg\/mobilitaet\/hvv-hop-elbe-heide\/apps-nicht-verfuegbar\/"]}]},{"@type":"ImageObject","inLanguage":"pl-PL","@id":"https:\/\/kvg-bus.de\/harburg\/mobilitaet\/hvv-hop-elbe-heide\/apps-nicht-verfuegbar\/#primaryimage","url":"https:\/\/kvg-bus.de\/harburg\/wp-content\/uploads\/sites\/14\/header-subsite_hvv-hop-Elbe-Heide_-scaled.jpg","contentUrl":"https:\/\/kvg-bus.de\/harburg\/wp-content\/uploads\/sites\/14\/header-subsite_hvv-hop-Elbe-Heide_-scaled.jpg"},{"@type":"BreadcrumbList","@id":"https:\/\/kvg-bus.de\/harburg\/mobilitaet\/hvv-hop-elbe-heide\/apps-nicht-verfuegbar\/#breadcrumb","itemListElement":[{"@type":"ListItem","position":1,"name":"Startseite","item":"https:\/\/kvg-bus.de\/harburg\/"},{"@type":"ListItem","position":2,"name":"Mobilit\u00e4t","item":"https:\/\/kvg-bus.de\/harburg\/mobilitaet\/"},{"@type":"ListItem","position":3,"name":"hvv hop Elbe-Heide","item":"https:\/\/kvg-bus.de\/harburg\/mobilitaet\/hvv-hop-elbe-heide\/"},{"@type":"ListItem","position":4,"name":"Apps nicht verf\u00fcgbar"}]},{"@type":"WebSite","@id":"https:\/\/kvg-bus.de\/harburg\/#website","url":"https:\/\/kvg-bus.de\/harburg\/","name":"KVG Harburg","description":"","publisher":{"@id":"https:\/\/kvg-bus.de\/harburg\/#organization"},"potentialAction":[{"@type":"SearchAction","target":{"@type":"EntryPoint","urlTemplate":"https:\/\/kvg-bus.de\/harburg\/?s={search_term_string}"},"query-input":{"@type":"PropertyValueSpecification","valueRequired":true,"valueName":"search_term_string"}}],"inLanguage":"pl-PL"},{"@type":"Organization","@id":"https:\/\/kvg-bus.de\/harburg\/#organization","name":"KVG Harburg","url":"https:\/\/kvg-bus.de\/harburg\/","logo":{"@type":"ImageObject","inLanguage":"pl-PL","@id":"https:\/\/kvg-bus.de\/harburg\/#\/schema\/logo\/image\/","url":"https:\/\/kvg-bus.de\/harburg\/wp-content\/uploads\/sites\/14\/kvg_logo-1.svg","contentUrl":"https:\/\/kvg-bus.de\/harburg\/wp-content\/uploads\/sites\/14\/kvg_logo-1.svg","caption":"KVG Harburg"},"image":{"@id":"https:\/\/kvg-bus.de\/harburg\/#\/schema\/logo\/image\/"}}]}},"_links":{"self":[{"href":"https:\/\/kvg-bus.de\/harburg\/pl\/wp-json\/wp\/v2\/pages\/1839","targetHints":{"allow":["GET"]}}],"collection":[{"href":"https:\/\/kvg-bus.de\/harburg\/pl\/wp-json\/wp\/v2\/pages"}],"about":[{"href":"https:\/\/kvg-bus.de\/harburg\/pl\/wp-json\/wp\/v2\/types\/page"}],"author":[{"embeddable":true,"href":"https:\/\/kvg-bus.de\/harburg\/pl\/wp-json\/wp\/v2\/users\/4"}],"replies":[{"embeddable":true,"href":"https:\/\/kvg-bus.de\/harburg\/pl\/wp-json\/wp\/v2\/comments?post=1839"}],"version-history":[{"count":0,"href":"https:\/\/kvg-bus.de\/harburg\/pl\/wp-json\/wp\/v2\/pages\/1839\/revisions"}],"up":[{"embeddable":true,"href":"https:\/\/kvg-bus.de\/harburg\/pl\/wp-json\/wp\/v2\/pages\/1785"}],"wp:featuredmedia":[{"embeddable":true,"href":"https:\/\/kvg-bus.de\/harburg\/pl\/wp-json\/"}],"wp:attachment":[{"href":"https:\/\/kvg-bus.de\/harburg\/pl\/wp-json\/wp\/v2\/media?parent=1839"}],"curies":[{"name":"wp","href":"https:\/\/api.w.org\/{rel}","templated":true}]}}