{"id":1448,"date":"2024-11-04T11:37:42","date_gmt":"2024-11-04T10:37:42","guid":{"rendered":"https:\/\/kvg-bus.de\/harburg\/?page_id=1448"},"modified":"2025-06-04T09:29:02","modified_gmt":"2025-06-04T07:29:02","slug":"nadruk-elbmobil","status":"publish","type":"page","link":"https:\/\/kvg-bus.de\/harburg\/pl\/mobilitaet\/elbmobil\/impressum-elbmobil\/","title":{"rendered":"Imprint elbMOBIL"},"content":{"rendered":"<div data-elementor-type=\"wp-page\" data-elementor-id=\"1448\" class=\"elementor elementor-1448\" data-elementor-post-type=\"page\">\n\t\t\t\t<div class=\"elementor-element elementor-element-dee2515 e-flex e-con-boxed wpr-particle-no wpr-jarallax-no wpr-parallax-no wpr-sticky-section-no wpr-equal-height-no e-con e-parent\" data-id=\"dee2515\" data-element_type=\"container\" data-e-type=\"container\">\n\t\t\t\t\t<div class=\"e-con-inner\">\n\t\t<div class=\"elementor-element elementor-element-bfbd137 e-con-full e-flex wpr-particle-no wpr-jarallax-no wpr-parallax-no wpr-sticky-section-no wpr-equal-height-no e-con e-child\" data-id=\"bfbd137\" data-element_type=\"container\" data-e-type=\"container\">\n\t\t\t\t<div class=\"elementor-element elementor-element-80f274e elementor-widget elementor-widget-heading\" data-id=\"80f274e\" data-element_type=\"widget\" data-e-type=\"widget\" data-widget_type=\"heading.default\">\n\t\t\t\t<div class=\"elementor-widget-container\">\n\t\t\t\t\t<h2 class=\"elementor-heading-title elementor-size-default\">IMPRINT<\/h2>\t\t\t\t<\/div>\n\t\t\t\t<\/div>\n\t\t\t\t<div class=\"elementor-element elementor-element-08f3898 mb-1 elementor-widget elementor-widget-text-editor\" data-id=\"08f3898\" data-element_type=\"widget\" data-e-type=\"widget\" data-widget_type=\"text-editor.default\">\n\t\t\t\t<div class=\"elementor-widget-container\">\n\t\t\t\t\t\t\t\t\t<h4>KVG Stade GmbH &amp; Co. KG<\/h4>\n<p>Harburger Street 96<br \/>21680 Stade<\/p>\t\t\t\t\t\t\t\t<\/div>\n\t\t\t\t<\/div>\n\t\t\t\t<div class=\"elementor-element elementor-element-9822ce9 elementor-align-start elementor-list-item-link-inline elementor-mobile-align-start elementor-icon-list--layout-traditional elementor-widget elementor-widget-icon-list\" data-id=\"9822ce9\" data-element_type=\"widget\" data-e-type=\"widget\" data-widget_type=\"icon-list.default\">\n\t\t\t\t<div class=\"elementor-widget-container\">\n\t\t\t\t\t\t\t<ul class=\"elementor-icon-list-items\">\n\t\t\t\t\t\t\t<li class=\"elementor-icon-list-item\">\n\t\t\t\t\t\t\t\t\t\t\t<a href=\"tel:041415250\">\n\n\t\t\t\t\t\t\t\t\t\t\t\t<span class=\"elementor-icon-list-icon\">\n\t\t\t\t\t\t\t<i aria-hidden=\"true\" class=\"fas fa-phone-alt\"><\/i>\t\t\t\t\t\t<\/span>\n\t\t\t\t\t\t\t\t\t\t<span class=\"elementor-icon-list-text\">04141 525-0<\/span>\n\t\t\t\t\t\t\t\t\t\t\t<\/a>\n\t\t\t\t\t\t\t\t\t<\/li>\n\t\t\t\t\t\t\t\t<li class=\"elementor-icon-list-item\">\n\t\t\t\t\t\t\t\t\t\t\t<a href=\"fax:04141525105\">\n\n\t\t\t\t\t\t\t\t\t\t\t\t<span class=\"elementor-icon-list-icon\">\n\t\t\t\t\t\t\t<i aria-hidden=\"true\" class=\"fas fa-fax\"><\/i>\t\t\t\t\t\t<\/span>\n\t\t\t\t\t\t\t\t\t\t<span class=\"elementor-icon-list-text\">04141 525-105<\/span>\n\t\t\t\t\t\t\t\t\t\t\t<\/a>\n\t\t\t\t\t\t\t\t\t<\/li>\n\t\t\t\t\t\t\t\t<li class=\"elementor-icon-list-item\">\n\t\t\t\t\t\t\t\t\t\t\t<a href=\"mailto:info@kvg-bus.de\">\n\n\t\t\t\t\t\t\t\t\t\t\t\t<span class=\"elementor-icon-list-icon\">\n\t\t\t\t\t\t\t<i aria-hidden=\"true\" class=\"fas fa-paper-plane\"><\/i>\t\t\t\t\t\t<\/span>\n\t\t\t\t\t\t\t\t\t\t<span class=\"elementor-icon-list-text\">info@kvg-bus.de<\/span>\n\t\t\t\t\t\t\t\t\t\t\t<\/a>\n\t\t\t\t\t\t\t\t\t<\/li>\n\t\t\t\t\t\t<\/ul>\n\t\t\t\t\t\t<\/div>\n\t\t\t\t<\/div>\n\t\t\t\t<div class=\"elementor-element elementor-element-40761b4 elementor-widget elementor-widget-text-editor\" data-id=\"40761b4\" data-element_type=\"widget\" data-e-type=\"widget\" data-widget_type=\"text-editor.default\">\n\t\t\t\t<div class=\"elementor-widget-container\">\n\t\t\t\t\t\t\t\t\t<p><strong>Zarz\u0105dzanie<\/strong><br \/>Dipl.-Kfm. Jan Behrendt, ekonomista biznesowy (VWA) Michael Fastert<\/p><p><strong>Wpis do rejestru handlowego<\/strong><br \/>S\u0105d lokalny w Tostedt, HRA 100974<br \/>Sp\u00f3\u0142ka odpowiedzialna osobi\u015bcie: KVG Stade Verwaltungs-GmbH, HRB 101223<\/p><p><strong>Numer identyfikacji podatkowej sprzeda\u017cy<\/strong><br \/>DE233071449<\/p><p><strong>Redakcja<\/strong><br \/>Sherin Prager | <a href=\"mailto:webmaster@kvg-bus.de\">webmaster@kvg-bus.de<\/a><\/p>\t\t\t\t\t\t\t\t<\/div>\n\t\t\t\t<\/div>\n\t\t\t\t<div class=\"elementor-element elementor-element-2918d44 elementor-widget elementor-widget-spacer\" data-id=\"2918d44\" data-element_type=\"widget\" data-e-type=\"widget\" data-widget_type=\"spacer.default\">\n\t\t\t\t<div class=\"elementor-widget-container\">\n\t\t\t\t\t\t\t<div class=\"elementor-spacer\">\n\t\t\t<div class=\"elementor-spacer-inner\"><\/div>\n\t\t<\/div>\n\t\t\t\t\t\t<\/div>\n\t\t\t\t<\/div>\n\t\t\t\t<\/div>\n\t\t<div class=\"elementor-element elementor-element-c149817 e-con-full e-flex wpr-particle-no wpr-jarallax-no wpr-parallax-no wpr-sticky-section-no wpr-equal-height-no e-con e-child\" data-id=\"c149817\" data-element_type=\"container\" data-e-type=\"container\">\n\t\t\t\t<\/div>\n\t\t\t\t\t<\/div>\n\t\t\t\t<\/div>\n\t\t<div class=\"elementor-element elementor-element-9d52138 e-flex e-con-boxed wpr-particle-no wpr-jarallax-no wpr-parallax-no wpr-sticky-section-no wpr-equal-height-no e-con e-parent\" data-id=\"9d52138\" data-element_type=\"container\" data-e-type=\"container\">\n\t\t\t\t\t<div class=\"e-con-inner\">\n\t\t\t\t<div class=\"elementor-element elementor-element-f55c74b elementor-widget elementor-widget-text-editor\" data-id=\"f55c74b\" data-element_type=\"widget\" data-e-type=\"widget\" data-widget_type=\"text-editor.default\">\n\t\t\t\t<div class=\"elementor-widget-container\">\n\t\t\t\t\t\t\t\t\t<p><strong>Zastrze\u017cenie<\/strong><\/p><div class=\"ce-textpic ce-right ce-intext\"><div class=\"ce-bodytext\"><p>Pomimo starannej kontroli tre\u015bci, nie ponosimy odpowiedzialno\u015bci za tre\u015b\u0107 link\u00f3w zewn\u0119trznych. Operatorzy stron, do kt\u00f3rych prowadz\u0105 linki, ponosz\u0105 wy\u0142\u0105czn\u0105 odpowiedzialno\u015b\u0107 za ich tre\u015b\u0107.<\/p><p>Dost\u0119p do naszej polityki prywatno\u015bci mo\u017cna uzyska\u0107 tutaj <a class=\"internal-link\" title=\"Otwiera link wewn\u0119trzny w bie\u017c\u0105cym oknie\" href=\"https:\/\/kvg-bus.de\/harburg\/mobilnosc\/elbmobil-2\/elbmobil\/\">tutaj<\/a>. Regulamin mo\u017cna znale\u017a\u0107 na stronie <a class=\"internal-link\" title=\"Otwiera link wewn\u0119trzny w bie\u017c\u0105cym oknie\" href=\"https:\/\/kvg-bus.de\/harburg\/pl\/plany-jazdy\/landkreis-harburg\/elbmobil\/agb\/\">ta strona<\/a>.<\/p><\/div><\/div>\t\t\t\t\t\t\t\t<\/div>\n\t\t\t\t<\/div>\n\t\t\t\t<div class=\"elementor-element elementor-element-734e21a elementor-widget elementor-widget-spacer\" data-id=\"734e21a\" data-element_type=\"widget\" data-e-type=\"widget\" data-widget_type=\"spacer.default\">\n\t\t\t\t<div class=\"elementor-widget-container\">\n\t\t\t\t\t\t\t<div class=\"elementor-spacer\">\n\t\t\t<div class=\"elementor-spacer-inner\"><\/div>\n\t\t<\/div>\n\t\t\t\t\t\t<\/div>\n\t\t\t\t<\/div>\n\t\t\t\t\t<\/div>\n\t\t\t\t<\/div>\n\t\t\t\t<\/div>","protected":false},"excerpt":{"rendered":"<p>IMPRESSUM KVG Stade GmbH &amp; Co. KG Harburger Stra\u00dfe 96 21680 Stade 04141 525-0 04141 525-105 info@kvg-bus.de Gesch\u00e4ftsf\u00fchrung Dipl.-Kfm. Jan Behrendt, Betriebswirt (VWA) Michael Fastert Handelsregistereintrag Amtsgericht Tostedt, HRA 100974 Pers\u00f6nlich haftende Gesellschaft: KVG Stade Verwaltungs-GmbH, HRB 101223 Umsatzsteuer-Identifikationsnummer DE233071449 Redaktion Sherin Prager | webmaster@kvg-bus.de Haftungshinweis Trotz sorgf\u00e4ltiger inhaltlicher Kontrolle \u00fcbernehmen wir keine Haftung f\u00fcr die Inhalte externer Links. F\u00fcr den Inhalt der verlinkten Seiten sind ausschlie\u00dflich deren Betreiber verantwortlich. Zu unseren Datenschutzbestimmungen kommst du hier. Die AGB&#8217;s findest du auf dieser Seite.<\/p>","protected":false},"author":4,"featured_media":1462,"parent":1445,"menu_order":14,"comment_status":"closed","ping_status":"closed","template":"","meta":{"footnotes":""},"class_list":["post-1448","page","type-page","status-publish","has-post-thumbnail","hentry"],"yoast_head":"<!-- This site is optimized with the Yoast SEO plugin v27.4 - https:\/\/yoast.com\/product\/yoast-seo-wordpress\/ -->\n<title>Impressum elbMOBIL - KVG Harburg<\/title>\n<meta name=\"robots\" content=\"index, follow, max-snippet:-1, max-image-preview:large, max-video-preview:-1\" \/>\n<link rel=\"canonical\" href=\"https:\/\/kvg-bus.de\/harburg\/mobilnosc\/elbmobil\/nadruk-elbmobil\/\" \/>\n<meta property=\"og:locale\" content=\"pl_PL\" \/>\n<meta property=\"og:type\" content=\"article\" \/>\n<meta property=\"og:title\" content=\"Impressum elbMOBIL - KVG Harburg\" \/>\n<meta property=\"og:description\" content=\"IMPRESSUM KVG Stade GmbH &amp; Co. KG Harburger Stra\u00dfe 96 21680 Stade 04141 525-0 04141 525-105 info@kvg-bus.de Gesch\u00e4ftsf\u00fchrung Dipl.-Kfm. Jan Behrendt, Betriebswirt (VWA) Michael Fastert Handelsregistereintrag Amtsgericht Tostedt, HRA 100974 Pers\u00f6nlich haftende Gesellschaft: KVG Stade Verwaltungs-GmbH, HRB 101223 Umsatzsteuer-Identifikationsnummer DE233071449 Redaktion Sherin Prager | webmaster@kvg-bus.de Haftungshinweis Trotz sorgf\u00e4ltiger inhaltlicher Kontrolle \u00fcbernehmen wir keine Haftung f\u00fcr die Inhalte externer Links. F\u00fcr den Inhalt der verlinkten Seiten sind ausschlie\u00dflich deren Betreiber verantwortlich. Zu unseren Datenschutzbestimmungen kommst du hier. Die AGB&#8217;s findest du auf dieser Seite.\" \/>\n<meta property=\"og:url\" content=\"https:\/\/kvg-bus.de\/harburg\/mobilnosc\/elbmobil\/nadruk-elbmobil\/\" \/>\n<meta property=\"og:site_name\" content=\"KVG Harburg\" \/>\n<meta property=\"article:modified_time\" content=\"2025-06-04T07:29:02+00:00\" \/>\n<meta name=\"twitter:card\" content=\"summary_large_image\" \/>\n<meta name=\"twitter:label1\" content=\"Szacowany czas czytania\" \/>\n\t<meta name=\"twitter:data1\" content=\"1 minuta\" \/>\n<script type=\"application\/ld+json\" class=\"yoast-schema-graph\">{\"@context\":\"https:\\\/\\\/schema.org\",\"@graph\":[{\"@type\":\"WebPage\",\"@id\":\"https:\\\/\\\/kvg-bus.de\\\/harburg\\\/mobilitaet\\\/elbmobil\\\/impressum-elbmobil\\\/\",\"url\":\"https:\\\/\\\/kvg-bus.de\\\/harburg\\\/mobilitaet\\\/elbmobil\\\/impressum-elbmobil\\\/\",\"name\":\"Impressum elbMOBIL - KVG Harburg\",\"isPartOf\":{\"@id\":\"https:\\\/\\\/kvg-bus.de\\\/harburg\\\/#website\"},\"primaryImageOfPage\":{\"@id\":\"https:\\\/\\\/kvg-bus.de\\\/harburg\\\/mobilitaet\\\/elbmobil\\\/impressum-elbmobil\\\/#primaryimage\"},\"image\":{\"@id\":\"https:\\\/\\\/kvg-bus.de\\\/harburg\\\/mobilitaet\\\/elbmobil\\\/impressum-elbmobil\\\/#primaryimage\"},\"thumbnailUrl\":\"https:\\\/\\\/kvg-bus.de\\\/harburg\\\/wp-content\\\/uploads\\\/sites\\\/14\\\/header_bus-aufstellung-2-scaled.jpg\",\"datePublished\":\"2024-11-04T10:37:42+00:00\",\"dateModified\":\"2025-06-04T07:29:02+00:00\",\"breadcrumb\":{\"@id\":\"https:\\\/\\\/kvg-bus.de\\\/harburg\\\/mobilitaet\\\/elbmobil\\\/impressum-elbmobil\\\/#breadcrumb\"},\"inLanguage\":\"pl-PL\",\"potentialAction\":[{\"@type\":\"ReadAction\",\"target\":[\"https:\\\/\\\/kvg-bus.de\\\/harburg\\\/mobilitaet\\\/elbmobil\\\/impressum-elbmobil\\\/\"]}]},{\"@type\":\"ImageObject\",\"inLanguage\":\"pl-PL\",\"@id\":\"https:\\\/\\\/kvg-bus.de\\\/harburg\\\/mobilitaet\\\/elbmobil\\\/impressum-elbmobil\\\/#primaryimage\",\"url\":\"https:\\\/\\\/kvg-bus.de\\\/harburg\\\/wp-content\\\/uploads\\\/sites\\\/14\\\/header_bus-aufstellung-2-scaled.jpg\",\"contentUrl\":\"https:\\\/\\\/kvg-bus.de\\\/harburg\\\/wp-content\\\/uploads\\\/sites\\\/14\\\/header_bus-aufstellung-2-scaled.jpg\"},{\"@type\":\"BreadcrumbList\",\"@id\":\"https:\\\/\\\/kvg-bus.de\\\/harburg\\\/mobilitaet\\\/elbmobil\\\/impressum-elbmobil\\\/#breadcrumb\",\"itemListElement\":[{\"@type\":\"ListItem\",\"position\":1,\"name\":\"Startseite\",\"item\":\"https:\\\/\\\/kvg-bus.de\\\/harburg\\\/\"},{\"@type\":\"ListItem\",\"position\":2,\"name\":\"Mobilit\u00e4t\",\"item\":\"https:\\\/\\\/kvg-bus.de\\\/harburg\\\/mobilitaet\\\/\"},{\"@type\":\"ListItem\",\"position\":3,\"name\":\"elbMOBIL\",\"item\":\"https:\\\/\\\/kvg-bus.de\\\/harburg\\\/mobilitaet\\\/elbmobil\\\/\"},{\"@type\":\"ListItem\",\"position\":4,\"name\":\"Impressum elbMOBIL\"}]},{\"@type\":\"WebSite\",\"@id\":\"https:\\\/\\\/kvg-bus.de\\\/harburg\\\/#website\",\"url\":\"https:\\\/\\\/kvg-bus.de\\\/harburg\\\/\",\"name\":\"KVG Harburg\",\"description\":\"\",\"publisher\":{\"@id\":\"https:\\\/\\\/kvg-bus.de\\\/harburg\\\/#organization\"},\"potentialAction\":[{\"@type\":\"SearchAction\",\"target\":{\"@type\":\"EntryPoint\",\"urlTemplate\":\"https:\\\/\\\/kvg-bus.de\\\/harburg\\\/?s={search_term_string}\"},\"query-input\":{\"@type\":\"PropertyValueSpecification\",\"valueRequired\":true,\"valueName\":\"search_term_string\"}}],\"inLanguage\":\"pl-PL\"},{\"@type\":\"Organization\",\"@id\":\"https:\\\/\\\/kvg-bus.de\\\/harburg\\\/#organization\",\"name\":\"KVG Harburg\",\"url\":\"https:\\\/\\\/kvg-bus.de\\\/harburg\\\/\",\"logo\":{\"@type\":\"ImageObject\",\"inLanguage\":\"pl-PL\",\"@id\":\"https:\\\/\\\/kvg-bus.de\\\/harburg\\\/#\\\/schema\\\/logo\\\/image\\\/\",\"url\":\"https:\\\/\\\/kvg-bus.de\\\/harburg\\\/wp-content\\\/uploads\\\/sites\\\/14\\\/kvg_logo-1.svg\",\"contentUrl\":\"https:\\\/\\\/kvg-bus.de\\\/harburg\\\/wp-content\\\/uploads\\\/sites\\\/14\\\/kvg_logo-1.svg\",\"caption\":\"KVG Harburg\"},\"image\":{\"@id\":\"https:\\\/\\\/kvg-bus.de\\\/harburg\\\/#\\\/schema\\\/logo\\\/image\\\/\"}}]}<\/script>\n<!-- \/ Yoast SEO plugin. -->","yoast_head_json":{"title":"Imprint elbMOBIL - KVG Harburg","robots":{"index":"index","follow":"follow","max-snippet":"max-snippet:-1","max-image-preview":"max-image-preview:large","max-video-preview":"max-video-preview:-1"},"canonical":"https:\/\/kvg-bus.de\/harburg\/mobilnosc\/elbmobil\/nadruk-elbmobil\/","og_locale":"pl_PL","og_type":"article","og_title":"Impressum elbMOBIL - KVG Harburg","og_description":"IMPRESSUM KVG Stade GmbH &amp; Co. KG Harburger Stra\u00dfe 96 21680 Stade 04141 525-0 04141 525-105 info@kvg-bus.de Gesch\u00e4ftsf\u00fchrung Dipl.-Kfm. Jan Behrendt, Betriebswirt (VWA) Michael Fastert Handelsregistereintrag Amtsgericht Tostedt, HRA 100974 Pers\u00f6nlich haftende Gesellschaft: KVG Stade Verwaltungs-GmbH, HRB 101223 Umsatzsteuer-Identifikationsnummer DE233071449 Redaktion Sherin Prager | webmaster@kvg-bus.de Haftungshinweis Trotz sorgf\u00e4ltiger inhaltlicher Kontrolle \u00fcbernehmen wir keine Haftung f\u00fcr die Inhalte externer Links. F\u00fcr den Inhalt der verlinkten Seiten sind ausschlie\u00dflich deren Betreiber verantwortlich. Zu unseren Datenschutzbestimmungen kommst du hier. Die AGB&#8217;s findest du auf dieser Seite.","og_url":"https:\/\/kvg-bus.de\/harburg\/mobilnosc\/elbmobil\/nadruk-elbmobil\/","og_site_name":"KVG Harburg","article_modified_time":"2025-06-04T07:29:02+00:00","twitter_card":"summary_large_image","twitter_misc":{"Szacowany czas czytania":"1 minuta"},"schema":{"@context":"https:\/\/schema.org","@graph":[{"@type":"WebPage","@id":"https:\/\/kvg-bus.de\/harburg\/mobilitaet\/elbmobil\/impressum-elbmobil\/","url":"https:\/\/kvg-bus.de\/harburg\/mobilitaet\/elbmobil\/impressum-elbmobil\/","name":"Imprint elbMOBIL - KVG Harburg","isPartOf":{"@id":"https:\/\/kvg-bus.de\/harburg\/#website"},"primaryImageOfPage":{"@id":"https:\/\/kvg-bus.de\/harburg\/mobilitaet\/elbmobil\/impressum-elbmobil\/#primaryimage"},"image":{"@id":"https:\/\/kvg-bus.de\/harburg\/mobilitaet\/elbmobil\/impressum-elbmobil\/#primaryimage"},"thumbnailUrl":"https:\/\/kvg-bus.de\/harburg\/wp-content\/uploads\/sites\/14\/header_bus-aufstellung-2-scaled.jpg","datePublished":"2024-11-04T10:37:42+00:00","dateModified":"2025-06-04T07:29:02+00:00","breadcrumb":{"@id":"https:\/\/kvg-bus.de\/harburg\/mobilitaet\/elbmobil\/impressum-elbmobil\/#breadcrumb"},"inLanguage":"pl-PL","potentialAction":[{"@type":"ReadAction","target":["https:\/\/kvg-bus.de\/harburg\/mobilitaet\/elbmobil\/impressum-elbmobil\/"]}]},{"@type":"ImageObject","inLanguage":"pl-PL","@id":"https:\/\/kvg-bus.de\/harburg\/mobilitaet\/elbmobil\/impressum-elbmobil\/#primaryimage","url":"https:\/\/kvg-bus.de\/harburg\/wp-content\/uploads\/sites\/14\/header_bus-aufstellung-2-scaled.jpg","contentUrl":"https:\/\/kvg-bus.de\/harburg\/wp-content\/uploads\/sites\/14\/header_bus-aufstellung-2-scaled.jpg"},{"@type":"BreadcrumbList","@id":"https:\/\/kvg-bus.de\/harburg\/mobilitaet\/elbmobil\/impressum-elbmobil\/#breadcrumb","itemListElement":[{"@type":"ListItem","position":1,"name":"Startseite","item":"https:\/\/kvg-bus.de\/harburg\/"},{"@type":"ListItem","position":2,"name":"Mobilit\u00e4t","item":"https:\/\/kvg-bus.de\/harburg\/mobilitaet\/"},{"@type":"ListItem","position":3,"name":"elbMOBIL","item":"https:\/\/kvg-bus.de\/harburg\/mobilitaet\/elbmobil\/"},{"@type":"ListItem","position":4,"name":"Impressum elbMOBIL"}]},{"@type":"WebSite","@id":"https:\/\/kvg-bus.de\/harburg\/#website","url":"https:\/\/kvg-bus.de\/harburg\/","name":"KVG Harburg","description":"","publisher":{"@id":"https:\/\/kvg-bus.de\/harburg\/#organization"},"potentialAction":[{"@type":"SearchAction","target":{"@type":"EntryPoint","urlTemplate":"https:\/\/kvg-bus.de\/harburg\/?s={search_term_string}"},"query-input":{"@type":"PropertyValueSpecification","valueRequired":true,"valueName":"search_term_string"}}],"inLanguage":"pl-PL"},{"@type":"Organization","@id":"https:\/\/kvg-bus.de\/harburg\/#organization","name":"KVG Harburg","url":"https:\/\/kvg-bus.de\/harburg\/","logo":{"@type":"ImageObject","inLanguage":"pl-PL","@id":"https:\/\/kvg-bus.de\/harburg\/#\/schema\/logo\/image\/","url":"https:\/\/kvg-bus.de\/harburg\/wp-content\/uploads\/sites\/14\/kvg_logo-1.svg","contentUrl":"https:\/\/kvg-bus.de\/harburg\/wp-content\/uploads\/sites\/14\/kvg_logo-1.svg","caption":"KVG Harburg"},"image":{"@id":"https:\/\/kvg-bus.de\/harburg\/#\/schema\/logo\/image\/"}}]}},"_links":{"self":[{"href":"https:\/\/kvg-bus.de\/harburg\/pl\/wp-json\/wp\/v2\/pages\/1448","targetHints":{"allow":["GET"]}}],"collection":[{"href":"https:\/\/kvg-bus.de\/harburg\/pl\/wp-json\/wp\/v2\/pages"}],"about":[{"href":"https:\/\/kvg-bus.de\/harburg\/pl\/wp-json\/wp\/v2\/types\/page"}],"author":[{"embeddable":true,"href":"https:\/\/kvg-bus.de\/harburg\/pl\/wp-json\/wp\/v2\/users\/4"}],"replies":[{"embeddable":true,"href":"https:\/\/kvg-bus.de\/harburg\/pl\/wp-json\/wp\/v2\/comments?post=1448"}],"version-history":[{"count":0,"href":"https:\/\/kvg-bus.de\/harburg\/pl\/wp-json\/wp\/v2\/pages\/1448\/revisions"}],"up":[{"embeddable":true,"href":"https:\/\/kvg-bus.de\/harburg\/pl\/wp-json\/wp\/v2\/pages\/1445"}],"wp:featuredmedia":[{"embeddable":true,"href":"https:\/\/kvg-bus.de\/harburg\/pl\/wp-json\/"}],"wp:attachment":[{"href":"https:\/\/kvg-bus.de\/harburg\/pl\/wp-json\/wp\/v2\/media?parent=1448"}],"curies":[{"name":"wp","href":"https:\/\/api.w.org\/{rel}","templated":true}]}}