{"id":1843,"date":"2026-01-30T08:15:13","date_gmt":"2026-01-30T07:15:13","guid":{"rendered":"https:\/\/kvg-bus.de\/harburg\/?page_id=1843"},"modified":"2026-02-11T14:39:12","modified_gmt":"2026-02-11T13:39:12","slug":"funds","status":"publish","type":"page","link":"https:\/\/kvg-bus.de\/harburg\/en\/service\/fundsachen\/","title":{"rendered":"Lost property"},"content":{"rendered":"<div data-elementor-type=\"wp-page\" data-elementor-id=\"1843\" class=\"elementor elementor-1843\" data-elementor-post-type=\"page\">\n\t\t\t\t\t\t<section class=\"elementor-section elementor-top-section elementor-element elementor-element-cbd8dae elementor-section-boxed elementor-section-height-default elementor-section-height-default wpr-particle-no wpr-jarallax-no wpr-parallax-no wpr-sticky-section-no wpr-equal-height-no\" data-id=\"cbd8dae\" data-element_type=\"section\" data-e-type=\"section\">\n\t\t\t\t\t\t<div class=\"elementor-container elementor-column-gap-default\">\n\t\t\t\t\t<div class=\"elementor-column elementor-col-50 elementor-top-column elementor-element elementor-element-8c543c4\" data-id=\"8c543c4\" data-element_type=\"column\" data-e-type=\"column\">\n\t\t\t<div class=\"elementor-widget-wrap elementor-element-populated\">\n\t\t\t\t\t\t<div class=\"elementor-element elementor-element-45b05e7 elementor-widget elementor-widget-heading\" data-id=\"45b05e7\" data-element_type=\"widget\" data-e-type=\"widget\" data-widget_type=\"heading.default\">\n\t\t\t\t<div class=\"elementor-widget-container\">\n\t\t\t\t\t<h2 class=\"elementor-heading-title elementor-size-default\">YOUR ONLINE LOST PROPERTY OFFICE<\/h2>\t\t\t\t<\/div>\n\t\t\t\t<\/div>\n\t\t\t\t<div class=\"elementor-element elementor-element-174ba58 elementor-widget elementor-widget-text-editor\" data-id=\"174ba58\" data-element_type=\"widget\" data-e-type=\"widget\" data-widget_type=\"text-editor.default\">\n\t\t\t\t<div class=\"elementor-widget-container\">\n\t\t\t\t\t\t\t\t\t<p data-start=\"219\" data-end=\"251\"><strong>Search for lost property online - simply collect it!<\/strong><\/p><p data-start=\"306\" data-end=\"498\">Have you lost something on one of our buses or at a bus stop? With our <strong data-start=\"393\" data-end=\"412\">Online lost property office<\/strong> you can check at any time whether your item has been received by us as a lost property.<\/p>\t\t\t\t\t\t\t\t<\/div>\n\t\t\t\t<\/div>\n\t\t\t\t<div class=\"elementor-element elementor-element-897e377 elementor-widget elementor-widget-spacer\" data-id=\"897e377\" data-element_type=\"widget\" data-e-type=\"widget\" data-widget_type=\"spacer.default\">\n\t\t\t\t<div class=\"elementor-widget-container\">\n\t\t\t\t\t\t\t<div class=\"elementor-spacer\">\n\t\t\t<div class=\"elementor-spacer-inner\"><\/div>\n\t\t<\/div>\n\t\t\t\t\t\t<\/div>\n\t\t\t\t<\/div>\n\t\t\t\t\t<\/div>\n\t\t<\/div>\n\t\t\t\t<div class=\"elementor-column elementor-col-50 elementor-top-column elementor-element elementor-element-bdc0cf4\" data-id=\"bdc0cf4\" data-element_type=\"column\" data-e-type=\"column\">\n\t\t\t<div class=\"elementor-widget-wrap\">\n\t\t\t\t\t\t\t<\/div>\n\t\t<\/div>\n\t\t\t\t\t<\/div>\n\t\t<\/section>\n\t\t<div class=\"elementor-element elementor-element-dba433e e-flex e-con-boxed wpr-particle-no wpr-jarallax-no wpr-parallax-no wpr-sticky-section-no wpr-equal-height-no e-con e-parent\" data-id=\"dba433e\" data-element_type=\"container\" data-e-type=\"container\">\n\t\t\t\t\t<div class=\"e-con-inner\">\n\t\t\t\t<div class=\"elementor-element elementor-element-c1beb03 elementor-widget elementor-widget-text-editor\" data-id=\"c1beb03\" data-element_type=\"widget\" data-e-type=\"widget\" data-widget_type=\"text-editor.default\">\n\t\t\t\t<div class=\"elementor-widget-container\">\n\t\t\t\t\t\t\t\t\t<h3 data-start=\"504\" data-end=\"549\">Note: Online lost property office in maintenance mode<\/h3><p data-start=\"551\" data-end=\"739\">Our online lost property office is currently temporarily unavailable due to maintenance work.<br data-start=\"645\" data-end=\"648\" \/>We are working flat out to reactivate the service as quickly as possible.<\/p><p data-start=\"741\" data-end=\"832\">Please try again at a later date. Thank you for your understanding.<\/p><p data-start=\"741\" data-end=\"832\"><b>During the maintenance work, you can enquire about your lost property by phone or email:<\/b><\/p>\t\t\t\t\t\t\t\t<\/div>\n\t\t\t\t<\/div>\n\t\t\t\t<div class=\"elementor-element elementor-element-fc0e195 elementor-align-start elementor-list-item-link-inline elementor-mobile-align-start elementor-icon-list--layout-traditional elementor-widget elementor-widget-icon-list\" data-id=\"fc0e195\" data-element_type=\"widget\" data-e-type=\"widget\" data-widget_type=\"icon-list.default\">\n\t\t\t\t<div class=\"elementor-widget-container\">\n\t\t\t\t\t\t\t<ul class=\"elementor-icon-list-items\">\n\t\t\t\t\t\t\t<li class=\"elementor-icon-list-item\">\n\t\t\t\t\t\t\t\t\t\t<span class=\"elementor-icon-list-text\">Operation Hittfeld<\/span>\n\t\t\t\t\t\t\t\t\t<\/li>\n\t\t\t\t\t\t\t\t<li class=\"elementor-icon-list-item\">\n\t\t\t\t\t\t\t\t\t\t\t<a href=\"mailto:kundendialog@kvg-bus.de\">\n\n\t\t\t\t\t\t\t\t\t\t\t\t<span class=\"elementor-icon-list-icon\">\n\t\t\t\t\t\t\t<i aria-hidden=\"true\" class=\"fas fa-paper-plane\"><\/i>\t\t\t\t\t\t<\/span>\n\t\t\t\t\t\t\t\t\t\t<span class=\"elementor-icon-list-text\">kundendialog@kvg-bus.de<\/span>\n\t\t\t\t\t\t\t\t\t\t\t<\/a>\n\t\t\t\t\t\t\t\t\t<\/li>\n\t\t\t\t\t\t\t\t<li class=\"elementor-icon-list-item\">\n\t\t\t\t\t\t\t\t\t\t\t<a href=\"tel:0410557200\">\n\n\t\t\t\t\t\t\t\t\t\t\t\t<span class=\"elementor-icon-list-icon\">\n\t\t\t\t\t\t\t<i aria-hidden=\"true\" class=\"fas fa-phone\"><\/i>\t\t\t\t\t\t<\/span>\n\t\t\t\t\t\t\t\t\t\t<span class=\"elementor-icon-list-text\">04105 5720-0<\/span>\n\t\t\t\t\t\t\t\t\t\t\t<\/a>\n\t\t\t\t\t\t\t\t\t<\/li>\n\t\t\t\t\t\t\t\t<li class=\"elementor-icon-list-item\">\n\t\t\t\t\t\t\t\t\t\t\t<span class=\"elementor-icon-list-icon\">\n\t\t\t\t\t\t\t<i aria-hidden=\"true\" class=\"fas fa-clock\"><\/i>\t\t\t\t\t\t<\/span>\n\t\t\t\t\t\t\t\t\t\t<span class=\"elementor-icon-list-text\">Mon - Fri 7 am - 3 pm<\/span>\n\t\t\t\t\t\t\t\t\t<\/li>\n\t\t\t\t\t\t<\/ul>\n\t\t\t\t\t\t<\/div>\n\t\t\t\t<\/div>\n\t\t\t\t<div class=\"elementor-element elementor-element-bd3d698 elementor-widget elementor-widget-spacer\" data-id=\"bd3d698\" data-element_type=\"widget\" data-e-type=\"widget\" data-widget_type=\"spacer.default\">\n\t\t\t\t<div class=\"elementor-widget-container\">\n\t\t\t\t\t\t\t<div class=\"elementor-spacer\">\n\t\t\t<div class=\"elementor-spacer-inner\"><\/div>\n\t\t<\/div>\n\t\t\t\t\t\t<\/div>\n\t\t\t\t<\/div>\n\t\t\t\t\t<\/div>\n\t\t\t\t<\/div>\n\t\t\t\t<\/div>","protected":false},"excerpt":{"rendered":"<p>DEIN ONLINE-FUNDB\u00dcRO Fundsachen online suchen \u2013 einfach abholen! Du hast etwas in einem unserer Busse oder an einer Haltestelle verloren? Mit unserem Online-Fundb\u00fcro kannst du jederzeit pr\u00fcfen, ob dein Gegenstand bei uns als Fundsache eingegangen ist. Hinweis: Online-Fundb\u00fcro im Wartungsmodus Unser Online-Fundb\u00fcro ist derzeit aufgrund von Wartungsarbeiten vor\u00fcbergehend nicht verf\u00fcgbar.Wir arbeiten mit Hochdruck daran, den Service so schnell wie m\u00f6glich wieder freizuschalten. Bitte versuche es zu einem sp\u00e4teren Zeitpunkt erneut. Vielen Dank f\u00fcr dein Verst\u00e4ndnis. W\u00e4hrend der Dauer der Wartungsarbeiten kannst du dich telefonisch oder per Mail nach deiner Fundsache erkundigen: Betrieb Hittfeld kundendialog@kvg-bus.de 04105 5720-0 mo &#8211; fr 7 &#8211; 15 Uhr<\/p>","protected":false},"author":4,"featured_media":4134,"parent":16,"menu_order":0,"comment_status":"closed","ping_status":"closed","template":"","meta":{"footnotes":""},"class_list":["post-1843","page","type-page","status-publish","has-post-thumbnail","hentry"],"yoast_head":"<!-- This site is optimized with the Yoast SEO plugin v27.4 - https:\/\/yoast.com\/product\/yoast-seo-wordpress\/ -->\n<title>Fundsachen - KVG Harburg<\/title>\n<meta name=\"robots\" content=\"index, follow, max-snippet:-1, max-image-preview:large, max-video-preview:-1\" \/>\n<link rel=\"canonical\" href=\"https:\/\/kvg-bus.de\/harburg\/service\/funds\/\" \/>\n<meta property=\"og:locale\" content=\"en_GB\" \/>\n<meta property=\"og:type\" content=\"article\" \/>\n<meta property=\"og:title\" content=\"Fundsachen - KVG Harburg\" \/>\n<meta property=\"og:description\" content=\"DEIN ONLINE-FUNDB\u00dcRO Fundsachen online suchen \u2013 einfach abholen! Du hast etwas in einem unserer Busse oder an einer Haltestelle verloren? Mit unserem Online-Fundb\u00fcro kannst du jederzeit pr\u00fcfen, ob dein Gegenstand bei uns als Fundsache eingegangen ist. Hinweis: Online-Fundb\u00fcro im Wartungsmodus Unser Online-Fundb\u00fcro ist derzeit aufgrund von Wartungsarbeiten vor\u00fcbergehend nicht verf\u00fcgbar.Wir arbeiten mit Hochdruck daran, den Service so schnell wie m\u00f6glich wieder freizuschalten. Bitte versuche es zu einem sp\u00e4teren Zeitpunkt erneut. Vielen Dank f\u00fcr dein Verst\u00e4ndnis. W\u00e4hrend der Dauer der Wartungsarbeiten kannst du dich telefonisch oder per Mail nach deiner Fundsache erkundigen: Betrieb Hittfeld kundendialog@kvg-bus.de 04105 5720-0 mo &#8211; fr 7 &#8211; 15 Uhr\" \/>\n<meta property=\"og:url\" content=\"https:\/\/kvg-bus.de\/harburg\/service\/funds\/\" \/>\n<meta property=\"og:site_name\" content=\"KVG Harburg\" \/>\n<meta property=\"article:modified_time\" content=\"2026-02-11T13:39:12+00:00\" \/>\n<meta name=\"twitter:card\" content=\"summary_large_image\" \/>\n<meta name=\"twitter:label1\" content=\"Estimated reading time\" \/>\n\t<meta name=\"twitter:data1\" content=\"1 minute\" \/>\n<script type=\"application\/ld+json\" class=\"yoast-schema-graph\">{\"@context\":\"https:\\\/\\\/schema.org\",\"@graph\":[{\"@type\":\"WebPage\",\"@id\":\"https:\\\/\\\/kvg-bus.de\\\/harburg\\\/service\\\/fundsachen\\\/\",\"url\":\"https:\\\/\\\/kvg-bus.de\\\/harburg\\\/service\\\/fundsachen\\\/\",\"name\":\"Fundsachen - KVG Harburg\",\"isPartOf\":{\"@id\":\"https:\\\/\\\/kvg-bus.de\\\/harburg\\\/#website\"},\"primaryImageOfPage\":{\"@id\":\"https:\\\/\\\/kvg-bus.de\\\/harburg\\\/service\\\/fundsachen\\\/#primaryimage\"},\"image\":{\"@id\":\"https:\\\/\\\/kvg-bus.de\\\/harburg\\\/service\\\/fundsachen\\\/#primaryimage\"},\"thumbnailUrl\":\"https:\\\/\\\/kvg-bus.de\\\/harburg\\\/wp-content\\\/uploads\\\/sites\\\/14\\\/header-subsite_fundsachen.jpg\",\"datePublished\":\"2026-01-30T07:15:13+00:00\",\"dateModified\":\"2026-02-11T13:39:12+00:00\",\"breadcrumb\":{\"@id\":\"https:\\\/\\\/kvg-bus.de\\\/harburg\\\/service\\\/fundsachen\\\/#breadcrumb\"},\"inLanguage\":\"en-GB\",\"potentialAction\":[{\"@type\":\"ReadAction\",\"target\":[\"https:\\\/\\\/kvg-bus.de\\\/harburg\\\/service\\\/fundsachen\\\/\"]}]},{\"@type\":\"ImageObject\",\"inLanguage\":\"en-GB\",\"@id\":\"https:\\\/\\\/kvg-bus.de\\\/harburg\\\/service\\\/fundsachen\\\/#primaryimage\",\"url\":\"https:\\\/\\\/kvg-bus.de\\\/harburg\\\/wp-content\\\/uploads\\\/sites\\\/14\\\/header-subsite_fundsachen.jpg\",\"contentUrl\":\"https:\\\/\\\/kvg-bus.de\\\/harburg\\\/wp-content\\\/uploads\\\/sites\\\/14\\\/header-subsite_fundsachen.jpg\"},{\"@type\":\"BreadcrumbList\",\"@id\":\"https:\\\/\\\/kvg-bus.de\\\/harburg\\\/service\\\/fundsachen\\\/#breadcrumb\",\"itemListElement\":[{\"@type\":\"ListItem\",\"position\":1,\"name\":\"Startseite\",\"item\":\"https:\\\/\\\/kvg-bus.de\\\/harburg\\\/\"},{\"@type\":\"ListItem\",\"position\":2,\"name\":\"Service\",\"item\":\"https:\\\/\\\/kvg-bus.de\\\/harburg\\\/service\\\/\"},{\"@type\":\"ListItem\",\"position\":3,\"name\":\"Fundsachen\"}]},{\"@type\":\"WebSite\",\"@id\":\"https:\\\/\\\/kvg-bus.de\\\/harburg\\\/#website\",\"url\":\"https:\\\/\\\/kvg-bus.de\\\/harburg\\\/\",\"name\":\"KVG Harburg\",\"description\":\"\",\"publisher\":{\"@id\":\"https:\\\/\\\/kvg-bus.de\\\/harburg\\\/#organization\"},\"potentialAction\":[{\"@type\":\"SearchAction\",\"target\":{\"@type\":\"EntryPoint\",\"urlTemplate\":\"https:\\\/\\\/kvg-bus.de\\\/harburg\\\/?s={search_term_string}\"},\"query-input\":{\"@type\":\"PropertyValueSpecification\",\"valueRequired\":true,\"valueName\":\"search_term_string\"}}],\"inLanguage\":\"en-GB\"},{\"@type\":\"Organization\",\"@id\":\"https:\\\/\\\/kvg-bus.de\\\/harburg\\\/#organization\",\"name\":\"KVG Harburg\",\"url\":\"https:\\\/\\\/kvg-bus.de\\\/harburg\\\/\",\"logo\":{\"@type\":\"ImageObject\",\"inLanguage\":\"en-GB\",\"@id\":\"https:\\\/\\\/kvg-bus.de\\\/harburg\\\/#\\\/schema\\\/logo\\\/image\\\/\",\"url\":\"https:\\\/\\\/kvg-bus.de\\\/harburg\\\/wp-content\\\/uploads\\\/sites\\\/14\\\/kvg_logo-1.svg\",\"contentUrl\":\"https:\\\/\\\/kvg-bus.de\\\/harburg\\\/wp-content\\\/uploads\\\/sites\\\/14\\\/kvg_logo-1.svg\",\"caption\":\"KVG Harburg\"},\"image\":{\"@id\":\"https:\\\/\\\/kvg-bus.de\\\/harburg\\\/#\\\/schema\\\/logo\\\/image\\\/\"}}]}<\/script>\n<!-- \/ Yoast SEO plugin. -->","yoast_head_json":{"title":"Lost property - KVG Harburg","robots":{"index":"index","follow":"follow","max-snippet":"max-snippet:-1","max-image-preview":"max-image-preview:large","max-video-preview":"max-video-preview:-1"},"canonical":"https:\/\/kvg-bus.de\/harburg\/service\/funds\/","og_locale":"en_GB","og_type":"article","og_title":"Fundsachen - KVG Harburg","og_description":"DEIN ONLINE-FUNDB\u00dcRO Fundsachen online suchen \u2013 einfach abholen! Du hast etwas in einem unserer Busse oder an einer Haltestelle verloren? Mit unserem Online-Fundb\u00fcro kannst du jederzeit pr\u00fcfen, ob dein Gegenstand bei uns als Fundsache eingegangen ist. Hinweis: Online-Fundb\u00fcro im Wartungsmodus Unser Online-Fundb\u00fcro ist derzeit aufgrund von Wartungsarbeiten vor\u00fcbergehend nicht verf\u00fcgbar.Wir arbeiten mit Hochdruck daran, den Service so schnell wie m\u00f6glich wieder freizuschalten. Bitte versuche es zu einem sp\u00e4teren Zeitpunkt erneut. Vielen Dank f\u00fcr dein Verst\u00e4ndnis. W\u00e4hrend der Dauer der Wartungsarbeiten kannst du dich telefonisch oder per Mail nach deiner Fundsache erkundigen: Betrieb Hittfeld kundendialog@kvg-bus.de 04105 5720-0 mo &#8211; fr 7 &#8211; 15 Uhr","og_url":"https:\/\/kvg-bus.de\/harburg\/service\/funds\/","og_site_name":"KVG Harburg","article_modified_time":"2026-02-11T13:39:12+00:00","twitter_card":"summary_large_image","twitter_misc":{"Estimated reading time":"1 minute"},"schema":{"@context":"https:\/\/schema.org","@graph":[{"@type":"WebPage","@id":"https:\/\/kvg-bus.de\/harburg\/service\/fundsachen\/","url":"https:\/\/kvg-bus.de\/harburg\/service\/fundsachen\/","name":"Lost property - KVG Harburg","isPartOf":{"@id":"https:\/\/kvg-bus.de\/harburg\/#website"},"primaryImageOfPage":{"@id":"https:\/\/kvg-bus.de\/harburg\/service\/fundsachen\/#primaryimage"},"image":{"@id":"https:\/\/kvg-bus.de\/harburg\/service\/fundsachen\/#primaryimage"},"thumbnailUrl":"https:\/\/kvg-bus.de\/harburg\/wp-content\/uploads\/sites\/14\/header-subsite_fundsachen.jpg","datePublished":"2026-01-30T07:15:13+00:00","dateModified":"2026-02-11T13:39:12+00:00","breadcrumb":{"@id":"https:\/\/kvg-bus.de\/harburg\/service\/fundsachen\/#breadcrumb"},"inLanguage":"en-GB","potentialAction":[{"@type":"ReadAction","target":["https:\/\/kvg-bus.de\/harburg\/service\/fundsachen\/"]}]},{"@type":"ImageObject","inLanguage":"en-GB","@id":"https:\/\/kvg-bus.de\/harburg\/service\/fundsachen\/#primaryimage","url":"https:\/\/kvg-bus.de\/harburg\/wp-content\/uploads\/sites\/14\/header-subsite_fundsachen.jpg","contentUrl":"https:\/\/kvg-bus.de\/harburg\/wp-content\/uploads\/sites\/14\/header-subsite_fundsachen.jpg"},{"@type":"BreadcrumbList","@id":"https:\/\/kvg-bus.de\/harburg\/service\/fundsachen\/#breadcrumb","itemListElement":[{"@type":"ListItem","position":1,"name":"Startseite","item":"https:\/\/kvg-bus.de\/harburg\/"},{"@type":"ListItem","position":2,"name":"Service","item":"https:\/\/kvg-bus.de\/harburg\/service\/"},{"@type":"ListItem","position":3,"name":"Fundsachen"}]},{"@type":"WebSite","@id":"https:\/\/kvg-bus.de\/harburg\/#website","url":"https:\/\/kvg-bus.de\/harburg\/","name":"KVG Harburg","description":"","publisher":{"@id":"https:\/\/kvg-bus.de\/harburg\/#organization"},"potentialAction":[{"@type":"SearchAction","target":{"@type":"EntryPoint","urlTemplate":"https:\/\/kvg-bus.de\/harburg\/?s={search_term_string}"},"query-input":{"@type":"PropertyValueSpecification","valueRequired":true,"valueName":"search_term_string"}}],"inLanguage":"en-GB"},{"@type":"Organization","@id":"https:\/\/kvg-bus.de\/harburg\/#organization","name":"KVG Harburg","url":"https:\/\/kvg-bus.de\/harburg\/","logo":{"@type":"ImageObject","inLanguage":"en-GB","@id":"https:\/\/kvg-bus.de\/harburg\/#\/schema\/logo\/image\/","url":"https:\/\/kvg-bus.de\/harburg\/wp-content\/uploads\/sites\/14\/kvg_logo-1.svg","contentUrl":"https:\/\/kvg-bus.de\/harburg\/wp-content\/uploads\/sites\/14\/kvg_logo-1.svg","caption":"KVG Harburg"},"image":{"@id":"https:\/\/kvg-bus.de\/harburg\/#\/schema\/logo\/image\/"}}]}},"_links":{"self":[{"href":"https:\/\/kvg-bus.de\/harburg\/en\/wp-json\/wp\/v2\/pages\/1843","targetHints":{"allow":["GET"]}}],"collection":[{"href":"https:\/\/kvg-bus.de\/harburg\/en\/wp-json\/wp\/v2\/pages"}],"about":[{"href":"https:\/\/kvg-bus.de\/harburg\/en\/wp-json\/wp\/v2\/types\/page"}],"author":[{"embeddable":true,"href":"https:\/\/kvg-bus.de\/harburg\/en\/wp-json\/wp\/v2\/users\/4"}],"replies":[{"embeddable":true,"href":"https:\/\/kvg-bus.de\/harburg\/en\/wp-json\/wp\/v2\/comments?post=1843"}],"version-history":[{"count":0,"href":"https:\/\/kvg-bus.de\/harburg\/en\/wp-json\/wp\/v2\/pages\/1843\/revisions"}],"up":[{"embeddable":true,"href":"https:\/\/kvg-bus.de\/harburg\/en\/wp-json\/wp\/v2\/pages\/16"}],"wp:featuredmedia":[{"embeddable":true,"href":"https:\/\/kvg-bus.de\/harburg\/en\/wp-json\/"}],"wp:attachment":[{"href":"https:\/\/kvg-bus.de\/harburg\/en\/wp-json\/wp\/v2\/media?parent=1843"}],"curies":[{"name":"wp","href":"https:\/\/api.w.org\/{rel}","templated":true}]}}