{"id":662,"date":"2024-01-23T11:39:14","date_gmt":"2024-01-23T10:39:14","guid":{"rendered":"https:\/\/kvg-bus.de\/harburg\/?page_id=662"},"modified":"2024-04-04T16:16:29","modified_gmt":"2024-04-04T14:16:29","slug":"60-sekund-rychle-aplikace","status":"publish","type":"page","link":"https:\/\/kvg-bus.de\/harburg\/cs\/jobs-und-karriere\/60-sekunden-schnellbewerbung\/","title":{"rendered":"60sekundov\u00e1 rychl\u00e1 aplikace"},"content":{"rendered":"<div data-elementor-type=\"wp-page\" data-elementor-id=\"662\" class=\"elementor elementor-662\" data-elementor-post-type=\"page\">\n\t\t\t\t\t\t<section class=\"elementor-section elementor-top-section elementor-element elementor-element-039ec69 margin-left-0 elementor-section-boxed elementor-section-height-default elementor-section-height-default wpr-particle-no wpr-jarallax-no wpr-parallax-no wpr-sticky-section-no wpr-equal-height-no\" data-id=\"039ec69\" data-element_type=\"section\" data-e-type=\"section\">\n\t\t\t\t\t\t<div class=\"elementor-container elementor-column-gap-default\">\n\t\t\t\t\t<div class=\"elementor-column elementor-col-50 elementor-top-column elementor-element elementor-element-f8127bd\" data-id=\"f8127bd\" data-element_type=\"column\" data-e-type=\"column\">\n\t\t\t<div class=\"elementor-widget-wrap elementor-element-populated\">\n\t\t\t\t\t\t<div class=\"elementor-element elementor-element-6a77178 elementor-widget elementor-widget-heading\" data-id=\"6a77178\" data-element_type=\"widget\" data-e-type=\"widget\" data-widget_type=\"heading.default\">\n\t\t\t\t<div class=\"elementor-widget-container\">\n\t\t\t\t\t<h2 class=\"elementor-heading-title elementor-size-default\">Rychl\u00e1 aplikace<\/h2>\t\t\t\t<\/div>\n\t\t\t\t<\/div>\n\t\t\t\t<div class=\"elementor-element elementor-element-ce60d5d elementor-widget elementor-widget-text-editor\" data-id=\"ce60d5d\" data-element_type=\"widget\" data-e-type=\"widget\" data-widget_type=\"text-editor.default\">\n\t\t\t\t<div class=\"elementor-widget-container\">\n\t\t\t\t\t\t\t\t\t<p class=\"fussnote\">Kontaktujte n\u00e1s do 60 sekund - bez dlouh\u00e9ho motiva\u010dn\u00edho dopisu a \u017eivotopisu. Ozveme se v\u00e1m!<\/p>\t\t\t\t\t\t\t\t<\/div>\n\t\t\t\t<\/div>\n\t\t\t\t<div class=\"elementor-element elementor-element-64f2aab elementor-widget elementor-widget-text-editor\" data-id=\"64f2aab\" data-element_type=\"widget\" data-e-type=\"widget\" data-widget_type=\"text-editor.default\">\n\t\t\t\t<div class=\"elementor-widget-container\">\n\t\t\t\t\t\t\t\t\t<p><strong>Odeslala jsem \u017e\u00e1dost, ale nedostala jsem \u017e\u00e1dnou odpov\u011b\u010f ani zp\u011btnou vazbu: Co m\u00e1m te\u010f d\u011blat?<\/strong><\/p><p>Napi\u0161te n\u00e1m e-mail na adresu: <a href=\"mailto:bewerbung@cebus-celle.de\">bewerbung@cebus-celle.de<\/a><\/p>\t\t\t\t\t\t\t\t<\/div>\n\t\t\t\t<\/div>\n\t\t\t\t\t<\/div>\n\t\t<\/div>\n\t\t\t\t<div class=\"elementor-column elementor-col-50 elementor-top-column elementor-element elementor-element-8b8cfe7\" data-id=\"8b8cfe7\" data-element_type=\"column\" data-e-type=\"column\">\n\t\t\t<div class=\"elementor-widget-wrap\">\n\t\t\t\t\t\t\t<\/div>\n\t\t<\/div>\n\t\t\t\t\t<\/div>\n\t\t<\/section>\n\t\t\t\t<section class=\"elementor-section elementor-top-section elementor-element elementor-element-6f64fa4 elementor-section-boxed elementor-section-height-default elementor-section-height-default wpr-particle-no wpr-jarallax-no wpr-parallax-no wpr-sticky-section-no wpr-equal-height-no\" data-id=\"6f64fa4\" data-element_type=\"section\" data-e-type=\"section\">\n\t\t\t\t\t\t<div class=\"elementor-container elementor-column-gap-default\">\n\t\t\t\t\t<div class=\"elementor-column elementor-col-100 elementor-top-column elementor-element elementor-element-8ce22f1\" data-id=\"8ce22f1\" data-element_type=\"column\" data-e-type=\"column\">\n\t\t\t<div class=\"elementor-widget-wrap elementor-element-populated\">\n\t\t\t\t\t\t<div class=\"elementor-element elementor-element-5a8c132 elementor-widget elementor-widget-spacer\" data-id=\"5a8c132\" data-element_type=\"widget\" data-e-type=\"widget\" data-widget_type=\"spacer.default\">\n\t\t\t\t<div class=\"elementor-widget-container\">\n\t\t\t\t\t\t\t<div class=\"elementor-spacer\">\n\t\t\t<div class=\"elementor-spacer-inner\"><\/div>\n\t\t<\/div>\n\t\t\t\t\t\t<\/div>\n\t\t\t\t<\/div>\n\t\t\t\t\t<\/div>\n\t\t<\/div>\n\t\t\t\t\t<\/div>\n\t\t<\/section>\n\t\t\t\t<section class=\"elementor-section elementor-top-section elementor-element elementor-element-6ec27f2 margin-left-0 elementor-section-boxed elementor-section-height-default elementor-section-height-default wpr-particle-no wpr-jarallax-no wpr-parallax-no wpr-sticky-section-no wpr-equal-height-no\" data-id=\"6ec27f2\" data-element_type=\"section\" data-e-type=\"section\">\n\t\t\t\t\t\t<div class=\"elementor-container elementor-column-gap-default\">\n\t\t\t\t\t<div class=\"elementor-column elementor-col-50 elementor-top-column elementor-element elementor-element-fad2bbb\" data-id=\"fad2bbb\" data-element_type=\"column\" data-e-type=\"column\">\n\t\t\t<div class=\"elementor-widget-wrap elementor-element-populated\">\n\t\t\t\t\t\t<div class=\"elementor-element elementor-element-774dc5c elementor-widget elementor-widget-heading\" data-id=\"774dc5c\" data-element_type=\"widget\" data-e-type=\"widget\" data-widget_type=\"heading.default\">\n\t\t\t\t<div class=\"elementor-widget-container\">\n\t\t\t\t\t<h3 class=\"elementor-heading-title elementor-size-default\">60sekundov\u00e1 rychl\u00e1 aplikace<\/h3>\t\t\t\t<\/div>\n\t\t\t\t<\/div>\n\t\t\t\t\t<\/div>\n\t\t<\/div>\n\t\t\t\t<div class=\"elementor-column elementor-col-50 elementor-top-column elementor-element elementor-element-457debc\" data-id=\"457debc\" data-element_type=\"column\" data-e-type=\"column\">\n\t\t\t<div class=\"elementor-widget-wrap\">\n\t\t\t\t\t\t\t<\/div>\n\t\t<\/div>\n\t\t\t\t\t<\/div>\n\t\t<\/section>\n\t\t\t\t<\/div>","protected":false},"excerpt":{"rendered":"<p>Rychl\u00e1 \u017e\u00e1dost Kontaktujte n\u00e1s do 60 sekund - bez dlouh\u00e9ho motiva\u010dn\u00edho dopisu a \u017eivotopisu. Ozveme se v\u00e1m! Odeslali jste p\u0159ihl\u00e1\u0161ku, ale nedostali jste odpov\u011b\u010f ani zp\u011btnou vazbu: Co te\u010f d\u011blat? Po\u0161lete n\u00e1m e-mail na adresu: bewerbung@cebus-celle.de Rychl\u00e1 \u017e\u00e1dost za 60 vte\u0159in P\u0159\u00edjmen\u00ed(povinn\u00e9) Jm\u00e9no P\u0159\u00edjmen\u00ed E-mail(povinn\u00e9) Telefon(povinn\u00e9)\u0158idi\u010dsk\u00fd pr\u016fkaz(povinn\u00e9)T\u0159\u00edda BCT\u0159\u00edda C \/ CT\u0159\u00edda D \/ DENem\u00e1m \u0159idi\u010dsk\u00fd pr\u016fkazVa\u0161e zpr\u00e1va pro n\u00e1s Jak jste se o n\u00e1s dozv\u011bd\u011bli?(povinn\u00e9) Noviny Plak\u00e1t Zadn\u00ed n\u00e1lepka (autobus) Reklama na autobusu (celoplo\u0161n\u00e1 n\u00e1lepka) Podlahov\u00e1 n\u00e1lepka Reklama na p\u0159\u00edv\u011bsu Banner na plot\u011b Soci\u00e1ln\u00ed m\u00e9dia (Instagram, Facebook) Online reklama Webov\u00e9 str\u00e1nky Burza pr\u00e1ce \/ burza pr\u00e1ce Veletrh \/ akce Doporu\u010den\u00ed zam\u011bstnance P\u0159\u00e1tel\u00e9, zn\u00e1m\u00ed Jin\u00e9 Ochrana osobn\u00edch \u00fadaj\u016f(povinn\u00e9) P\u0159e\u010detl\/a jsem si z\u00e1sady ochrany osobn\u00edch \u00fadaj\u016f a souhlas\u00edm se zpracov\u00e1n\u00edm sv\u00fdch osobn\u00edch \u00fadaj\u016f. Uchov\u00e1v\u00e1n\u00ed \u00fadaj\u016f Souhlas\u00edm s t\u00edm, \u017ee m\u00e9 \u00fadaje mohou b\u00fdt a\u017e do odvol\u00e1n\u00ed uchov\u00e1v\u00e1ny a zpracov\u00e1v\u00e1ny i pro dal\u0161\u00ed vhodn\u00e9 pozice v r\u00e1mci talentov\u00e9ho fondu skupiny spole\u010dnost\u00ed. CAPTCHA<\/p>","protected":false},"author":2,"featured_media":63,"parent":259,"menu_order":55,"comment_status":"closed","ping_status":"closed","template":"","meta":{"footnotes":""},"class_list":["post-662","page","type-page","status-publish","has-post-thumbnail","hentry"],"yoast_head":"<!-- This site is optimized with the Yoast SEO plugin v27.4 - https:\/\/yoast.com\/product\/yoast-seo-wordpress\/ -->\n<title>60-Sekunden-Schnellbewerbung - KVG Harburg<\/title>\n<meta name=\"robots\" content=\"index, follow, max-snippet:-1, max-image-preview:large, max-video-preview:-1\" \/>\n<link rel=\"canonical\" href=\"https:\/\/kvg-bus.de\/harburg\/pracovni-mista-a-kariery\/60-sekund-rychle-aplikace\/\" \/>\n<meta property=\"og:locale\" content=\"cs_CZ\" \/>\n<meta property=\"og:type\" content=\"article\" \/>\n<meta property=\"og:title\" content=\"60-Sekunden-Schnellbewerbung - KVG Harburg\" \/>\n<meta property=\"og:description\" content=\"Schnellbewerbung Kontakt aufnehmen in unter 60 Sekunden &#8211; ganz ohne langes Bewerbungsschreiben und Lebenslauf. Wir melden uns bei dir! Bewerbung versendet, aber keine Antwort oder R\u00fcckmeldung erhalten: Was jetzt tun? Schreib uns eine E-Mail an: bewerbung@cebus-celle.de 60-Sekunden-Schnellbewerbung Name(erforderlich) Vorname Nachname E-Mail(erforderlich) Telefon(erforderlich)F\u00fchrerschein(erforderlich)Klasse BKlasse C \/ CEKlasse D \/ DEIch besitze keinen F\u00fchrerschein.Deine Nachricht an uns Wie bist Du auf uns aufmerksam geworden?(erforderlich) Zeitung Plakat Heckaufkleber (Bus) Buswerbung (Vollbeklebung) Bodenaufkleber Anh\u00e4ngerwerbung Zaunbanner Social Media (Instagram, Facebook) Online-Werbung Website Jobb\u00f6rse \/ Stellenb\u00f6rse Messe \/ Veranstaltung Mitarbeiterempfehlung Freunde, Bekannte Sonstiges Datenschutz(erforderlich) Ich habe die Datenschutzerkl\u00e4rung gelesen und willige in die Verarbeitung meiner personenbezogenen Daten ein. Datenspeicherung Ich willige ein, dass meine Daten bis auf Widerruf auch f\u00fcr weitere auf mich passende Stellen im Talentpool der Unternehmensgruppe gespeichert und verarbeitet werden d\u00fcrfen. CAPTCHA\" \/>\n<meta property=\"og:url\" content=\"https:\/\/kvg-bus.de\/harburg\/pracovni-mista-a-kariery\/60-sekund-rychle-aplikace\/\" \/>\n<meta property=\"og:site_name\" content=\"KVG Harburg\" \/>\n<meta property=\"article:modified_time\" content=\"2024-04-04T14:16:29+00:00\" \/>\n<meta property=\"og:image\" content=\"https:\/\/kvg-bus.de\/harburg\/wp-content\/uploads\/sites\/14\/page-teaser.png\" \/>\n\t<meta property=\"og:image:width\" content=\"1920\" \/>\n\t<meta property=\"og:image:height\" content=\"758\" \/>\n\t<meta property=\"og:image:type\" content=\"image\/png\" \/>\n<meta name=\"twitter:card\" content=\"summary_large_image\" \/>\n<meta name=\"twitter:label1\" content=\"Odhadovan\u00e1 doba \u010dten\u00ed\" \/>\n\t<meta name=\"twitter:data1\" content=\"3 minuty\" \/>\n<script type=\"application\/ld+json\" class=\"yoast-schema-graph\">{\"@context\":\"https:\\\/\\\/schema.org\",\"@graph\":[{\"@type\":\"WebPage\",\"@id\":\"https:\\\/\\\/kvg-bus.de\\\/harburg\\\/jobs-und-karriere\\\/60-sekunden-schnellbewerbung\\\/\",\"url\":\"https:\\\/\\\/kvg-bus.de\\\/harburg\\\/jobs-und-karriere\\\/60-sekunden-schnellbewerbung\\\/\",\"name\":\"60-Sekunden-Schnellbewerbung - KVG Harburg\",\"isPartOf\":{\"@id\":\"https:\\\/\\\/kvg-bus.de\\\/harburg\\\/#website\"},\"primaryImageOfPage\":{\"@id\":\"https:\\\/\\\/kvg-bus.de\\\/harburg\\\/jobs-und-karriere\\\/60-sekunden-schnellbewerbung\\\/#primaryimage\"},\"image\":{\"@id\":\"https:\\\/\\\/kvg-bus.de\\\/harburg\\\/jobs-und-karriere\\\/60-sekunden-schnellbewerbung\\\/#primaryimage\"},\"thumbnailUrl\":\"https:\\\/\\\/kvg-bus.de\\\/harburg\\\/wp-content\\\/uploads\\\/sites\\\/14\\\/page-teaser.png\",\"datePublished\":\"2024-01-23T10:39:14+00:00\",\"dateModified\":\"2024-04-04T14:16:29+00:00\",\"breadcrumb\":{\"@id\":\"https:\\\/\\\/kvg-bus.de\\\/harburg\\\/jobs-und-karriere\\\/60-sekunden-schnellbewerbung\\\/#breadcrumb\"},\"inLanguage\":\"cs\",\"potentialAction\":[{\"@type\":\"ReadAction\",\"target\":[\"https:\\\/\\\/kvg-bus.de\\\/harburg\\\/jobs-und-karriere\\\/60-sekunden-schnellbewerbung\\\/\"]}]},{\"@type\":\"ImageObject\",\"inLanguage\":\"cs\",\"@id\":\"https:\\\/\\\/kvg-bus.de\\\/harburg\\\/jobs-und-karriere\\\/60-sekunden-schnellbewerbung\\\/#primaryimage\",\"url\":\"https:\\\/\\\/kvg-bus.de\\\/harburg\\\/wp-content\\\/uploads\\\/sites\\\/14\\\/page-teaser.png\",\"contentUrl\":\"https:\\\/\\\/kvg-bus.de\\\/harburg\\\/wp-content\\\/uploads\\\/sites\\\/14\\\/page-teaser.png\",\"width\":1920,\"height\":758},{\"@type\":\"BreadcrumbList\",\"@id\":\"https:\\\/\\\/kvg-bus.de\\\/harburg\\\/jobs-und-karriere\\\/60-sekunden-schnellbewerbung\\\/#breadcrumb\",\"itemListElement\":[{\"@type\":\"ListItem\",\"position\":1,\"name\":\"Startseite\",\"item\":\"https:\\\/\\\/kvg-bus.de\\\/harburg\\\/\"},{\"@type\":\"ListItem\",\"position\":2,\"name\":\"Jobs &#038; Karriere\",\"item\":\"https:\\\/\\\/kvg-bus.de\\\/harburg\\\/jobs-und-karriere\\\/\"},{\"@type\":\"ListItem\",\"position\":3,\"name\":\"60-Sekunden-Schnellbewerbung\"}]},{\"@type\":\"WebSite\",\"@id\":\"https:\\\/\\\/kvg-bus.de\\\/harburg\\\/#website\",\"url\":\"https:\\\/\\\/kvg-bus.de\\\/harburg\\\/\",\"name\":\"KVG Harburg\",\"description\":\"\",\"publisher\":{\"@id\":\"https:\\\/\\\/kvg-bus.de\\\/harburg\\\/#organization\"},\"potentialAction\":[{\"@type\":\"SearchAction\",\"target\":{\"@type\":\"EntryPoint\",\"urlTemplate\":\"https:\\\/\\\/kvg-bus.de\\\/harburg\\\/?s={search_term_string}\"},\"query-input\":{\"@type\":\"PropertyValueSpecification\",\"valueRequired\":true,\"valueName\":\"search_term_string\"}}],\"inLanguage\":\"cs\"},{\"@type\":\"Organization\",\"@id\":\"https:\\\/\\\/kvg-bus.de\\\/harburg\\\/#organization\",\"name\":\"KVG Harburg\",\"url\":\"https:\\\/\\\/kvg-bus.de\\\/harburg\\\/\",\"logo\":{\"@type\":\"ImageObject\",\"inLanguage\":\"cs\",\"@id\":\"https:\\\/\\\/kvg-bus.de\\\/harburg\\\/#\\\/schema\\\/logo\\\/image\\\/\",\"url\":\"https:\\\/\\\/kvg-bus.de\\\/harburg\\\/wp-content\\\/uploads\\\/sites\\\/14\\\/kvg_logo-1.svg\",\"contentUrl\":\"https:\\\/\\\/kvg-bus.de\\\/harburg\\\/wp-content\\\/uploads\\\/sites\\\/14\\\/kvg_logo-1.svg\",\"caption\":\"KVG Harburg\"},\"image\":{\"@id\":\"https:\\\/\\\/kvg-bus.de\\\/harburg\\\/#\\\/schema\\\/logo\\\/image\\\/\"}}]}<\/script>\n<!-- \/ Yoast SEO plugin. -->","yoast_head_json":{"title":"60sekundov\u00e1 rychl\u00e1 aplikace - KVG Harburg","robots":{"index":"index","follow":"follow","max-snippet":"max-snippet:-1","max-image-preview":"max-image-preview:large","max-video-preview":"max-video-preview:-1"},"canonical":"https:\/\/kvg-bus.de\/harburg\/pracovni-mista-a-kariery\/60-sekund-rychle-aplikace\/","og_locale":"cs_CZ","og_type":"article","og_title":"60-Sekunden-Schnellbewerbung - KVG Harburg","og_description":"Schnellbewerbung Kontakt aufnehmen in unter 60 Sekunden &#8211; ganz ohne langes Bewerbungsschreiben und Lebenslauf. Wir melden uns bei dir! Bewerbung versendet, aber keine Antwort oder R\u00fcckmeldung erhalten: Was jetzt tun? Schreib uns eine E-Mail an: bewerbung@cebus-celle.de 60-Sekunden-Schnellbewerbung Name(erforderlich) Vorname Nachname E-Mail(erforderlich) Telefon(erforderlich)F\u00fchrerschein(erforderlich)Klasse BKlasse C \/ CEKlasse D \/ DEIch besitze keinen F\u00fchrerschein.Deine Nachricht an uns Wie bist Du auf uns aufmerksam geworden?(erforderlich) Zeitung Plakat Heckaufkleber (Bus) Buswerbung (Vollbeklebung) Bodenaufkleber Anh\u00e4ngerwerbung Zaunbanner Social Media (Instagram, Facebook) Online-Werbung Website Jobb\u00f6rse \/ Stellenb\u00f6rse Messe \/ Veranstaltung Mitarbeiterempfehlung Freunde, Bekannte Sonstiges Datenschutz(erforderlich) Ich habe die Datenschutzerkl\u00e4rung gelesen und willige in die Verarbeitung meiner personenbezogenen Daten ein. Datenspeicherung Ich willige ein, dass meine Daten bis auf Widerruf auch f\u00fcr weitere auf mich passende Stellen im Talentpool der Unternehmensgruppe gespeichert und verarbeitet werden d\u00fcrfen. CAPTCHA","og_url":"https:\/\/kvg-bus.de\/harburg\/pracovni-mista-a-kariery\/60-sekund-rychle-aplikace\/","og_site_name":"KVG Harburg","article_modified_time":"2024-04-04T14:16:29+00:00","og_image":[{"width":1920,"height":758,"url":"https:\/\/kvg-bus.de\/harburg\/wp-content\/uploads\/sites\/14\/page-teaser.png","type":"image\/png"}],"twitter_card":"summary_large_image","twitter_misc":{"Odhadovan\u00e1 doba \u010dten\u00ed":"3 minuty"},"schema":{"@context":"https:\/\/schema.org","@graph":[{"@type":"WebPage","@id":"https:\/\/kvg-bus.de\/harburg\/jobs-und-karriere\/60-sekunden-schnellbewerbung\/","url":"https:\/\/kvg-bus.de\/harburg\/jobs-und-karriere\/60-sekunden-schnellbewerbung\/","name":"60sekundov\u00e1 rychl\u00e1 aplikace - KVG Harburg","isPartOf":{"@id":"https:\/\/kvg-bus.de\/harburg\/#website"},"primaryImageOfPage":{"@id":"https:\/\/kvg-bus.de\/harburg\/jobs-und-karriere\/60-sekunden-schnellbewerbung\/#primaryimage"},"image":{"@id":"https:\/\/kvg-bus.de\/harburg\/jobs-und-karriere\/60-sekunden-schnellbewerbung\/#primaryimage"},"thumbnailUrl":"https:\/\/kvg-bus.de\/harburg\/wp-content\/uploads\/sites\/14\/page-teaser.png","datePublished":"2024-01-23T10:39:14+00:00","dateModified":"2024-04-04T14:16:29+00:00","breadcrumb":{"@id":"https:\/\/kvg-bus.de\/harburg\/jobs-und-karriere\/60-sekunden-schnellbewerbung\/#breadcrumb"},"inLanguage":"cs","potentialAction":[{"@type":"ReadAction","target":["https:\/\/kvg-bus.de\/harburg\/jobs-und-karriere\/60-sekunden-schnellbewerbung\/"]}]},{"@type":"ImageObject","inLanguage":"cs","@id":"https:\/\/kvg-bus.de\/harburg\/jobs-und-karriere\/60-sekunden-schnellbewerbung\/#primaryimage","url":"https:\/\/kvg-bus.de\/harburg\/wp-content\/uploads\/sites\/14\/page-teaser.png","contentUrl":"https:\/\/kvg-bus.de\/harburg\/wp-content\/uploads\/sites\/14\/page-teaser.png","width":1920,"height":758},{"@type":"BreadcrumbList","@id":"https:\/\/kvg-bus.de\/harburg\/jobs-und-karriere\/60-sekunden-schnellbewerbung\/#breadcrumb","itemListElement":[{"@type":"ListItem","position":1,"name":"Startseite","item":"https:\/\/kvg-bus.de\/harburg\/"},{"@type":"ListItem","position":2,"name":"Jobs &#038; Karriere","item":"https:\/\/kvg-bus.de\/harburg\/jobs-und-karriere\/"},{"@type":"ListItem","position":3,"name":"60-Sekunden-Schnellbewerbung"}]},{"@type":"WebSite","@id":"https:\/\/kvg-bus.de\/harburg\/#website","url":"https:\/\/kvg-bus.de\/harburg\/","name":"KVG Harburg","description":"","publisher":{"@id":"https:\/\/kvg-bus.de\/harburg\/#organization"},"potentialAction":[{"@type":"SearchAction","target":{"@type":"EntryPoint","urlTemplate":"https:\/\/kvg-bus.de\/harburg\/?s={search_term_string}"},"query-input":{"@type":"PropertyValueSpecification","valueRequired":true,"valueName":"search_term_string"}}],"inLanguage":"cs"},{"@type":"Organization","@id":"https:\/\/kvg-bus.de\/harburg\/#organization","name":"KVG Harburg","url":"https:\/\/kvg-bus.de\/harburg\/","logo":{"@type":"ImageObject","inLanguage":"cs","@id":"https:\/\/kvg-bus.de\/harburg\/#\/schema\/logo\/image\/","url":"https:\/\/kvg-bus.de\/harburg\/wp-content\/uploads\/sites\/14\/kvg_logo-1.svg","contentUrl":"https:\/\/kvg-bus.de\/harburg\/wp-content\/uploads\/sites\/14\/kvg_logo-1.svg","caption":"KVG Harburg"},"image":{"@id":"https:\/\/kvg-bus.de\/harburg\/#\/schema\/logo\/image\/"}}]}},"_links":{"self":[{"href":"https:\/\/kvg-bus.de\/harburg\/cs\/wp-json\/wp\/v2\/pages\/662","targetHints":{"allow":["GET"]}}],"collection":[{"href":"https:\/\/kvg-bus.de\/harburg\/cs\/wp-json\/wp\/v2\/pages"}],"about":[{"href":"https:\/\/kvg-bus.de\/harburg\/cs\/wp-json\/wp\/v2\/types\/page"}],"author":[{"embeddable":true,"href":"https:\/\/kvg-bus.de\/harburg\/cs\/wp-json\/wp\/v2\/users\/2"}],"replies":[{"embeddable":true,"href":"https:\/\/kvg-bus.de\/harburg\/cs\/wp-json\/wp\/v2\/comments?post=662"}],"version-history":[{"count":0,"href":"https:\/\/kvg-bus.de\/harburg\/cs\/wp-json\/wp\/v2\/pages\/662\/revisions"}],"up":[{"embeddable":true,"href":"https:\/\/kvg-bus.de\/harburg\/cs\/wp-json\/wp\/v2\/pages\/259"}],"wp:featuredmedia":[{"embeddable":true,"href":"https:\/\/kvg-bus.de\/harburg\/cs\/wp-json\/wp\/v2\/media\/63"}],"wp:attachment":[{"href":"https:\/\/kvg-bus.de\/harburg\/cs\/wp-json\/wp\/v2\/media?parent=662"}],"curies":[{"name":"wp","href":"https:\/\/api.w.org\/{rel}","templated":true}]}}