{"id":302,"date":"2023-06-22T13:28:05","date_gmt":"2023-06-22T11:28:05","guid":{"rendered":"https:\/\/kvg-bus.de\/harburg\/?page_id=302"},"modified":"2024-04-04T16:17:05","modified_gmt":"2024-04-04T14:17:05","slug":"online-aplikace","status":"publish","type":"page","link":"https:\/\/kvg-bus.de\/harburg\/cs\/jobs-und-karriere\/online-bewerbung\/","title":{"rendered":"P\u0158IHL\u00c1SIT SE TE\u010e!"},"content":{"rendered":"<div data-elementor-type=\"wp-page\" data-elementor-id=\"302\" class=\"elementor elementor-302\" data-elementor-post-type=\"page\">\n\t\t\t\t\t\t<section class=\"elementor-section elementor-top-section elementor-element elementor-element-039ec69 margin-left-0 elementor-section-boxed elementor-section-height-default elementor-section-height-default wpr-particle-no wpr-jarallax-no wpr-parallax-no wpr-sticky-section-no\" data-id=\"039ec69\" data-element_type=\"section\" data-e-type=\"section\">\n\t\t\t\t\t\t<div class=\"elementor-container elementor-column-gap-default\">\n\t\t\t\t\t<div class=\"elementor-column elementor-col-50 elementor-top-column elementor-element elementor-element-f8127bd\" data-id=\"f8127bd\" data-element_type=\"column\" data-e-type=\"column\">\n\t\t\t<div class=\"elementor-widget-wrap elementor-element-populated\">\n\t\t\t\t\t\t<div class=\"elementor-element elementor-element-6a77178 elementor-widget elementor-widget-heading\" data-id=\"6a77178\" data-element_type=\"widget\" data-e-type=\"widget\" data-widget_type=\"heading.default\">\n\t\t\t\t<div class=\"elementor-widget-container\">\n\t\t\t\t\t<h2 class=\"elementor-heading-title elementor-size-default\">Podejte si p\u0159ihl\u00e1\u0161ku nyn\u00ed<\/h2>\t\t\t\t<\/div>\n\t\t\t\t<\/div>\n\t\t\t\t<div class=\"elementor-element elementor-element-ce60d5d elementor-widget elementor-widget-text-editor\" data-id=\"ce60d5d\" data-element_type=\"widget\" data-e-type=\"widget\" data-widget_type=\"text-editor.default\">\n\t\t\t\t<div class=\"elementor-widget-container\">\n\t\t\t\t\t\t\t\t\t<p><strong>VA\u0160E APLIKACE<\/strong><\/p>\t\t\t\t\t\t\t\t<\/div>\n\t\t\t\t<\/div>\n\t\t\t\t<div class=\"elementor-element elementor-element-64f2aab elementor-widget elementor-widget-text-editor\" data-id=\"64f2aab\" data-element_type=\"widget\" data-e-type=\"widget\" data-widget_type=\"text-editor.default\">\n\t\t\t\t<div class=\"elementor-widget-container\">\n\t\t\t\t\t\t\t\t\t<p>Odeslala jsem \u017e\u00e1dost, ale nedostala jsem \u017e\u00e1dnou odpov\u011b\u010f ani zp\u011btnou vazbu: Co m\u00e1m te\u010f d\u011blat?<\/p><p>Napi\u0161te n\u00e1m e-mail na adresu: <a href=\"mailto:bewerbung@cebus-celle.de\">bewerbung@cebus-celle.de<\/a><\/p>\t\t\t\t\t\t\t\t<\/div>\n\t\t\t\t<\/div>\n\t\t\t\t\t<\/div>\n\t\t<\/div>\n\t\t\t\t<div class=\"elementor-column elementor-col-50 elementor-top-column elementor-element elementor-element-8b8cfe7\" data-id=\"8b8cfe7\" data-element_type=\"column\" data-e-type=\"column\">\n\t\t\t<div class=\"elementor-widget-wrap\">\n\t\t\t\t\t\t\t<\/div>\n\t\t<\/div>\n\t\t\t\t\t<\/div>\n\t\t<\/section>\n\t\t\t\t<section class=\"elementor-section elementor-top-section elementor-element elementor-element-6f64fa4 elementor-section-boxed elementor-section-height-default elementor-section-height-default wpr-particle-no wpr-jarallax-no wpr-parallax-no wpr-sticky-section-no\" data-id=\"6f64fa4\" data-element_type=\"section\" data-e-type=\"section\">\n\t\t\t\t\t\t<div class=\"elementor-container elementor-column-gap-default\">\n\t\t\t\t\t<div class=\"elementor-column elementor-col-100 elementor-top-column elementor-element elementor-element-8ce22f1\" data-id=\"8ce22f1\" data-element_type=\"column\" data-e-type=\"column\">\n\t\t\t<div class=\"elementor-widget-wrap elementor-element-populated\">\n\t\t\t\t\t\t<div class=\"elementor-element elementor-element-5a8c132 elementor-widget elementor-widget-spacer\" data-id=\"5a8c132\" data-element_type=\"widget\" data-e-type=\"widget\" data-widget_type=\"spacer.default\">\n\t\t\t\t<div class=\"elementor-widget-container\">\n\t\t\t\t\t\t\t<div class=\"elementor-spacer\">\n\t\t\t<div class=\"elementor-spacer-inner\"><\/div>\n\t\t<\/div>\n\t\t\t\t\t\t<\/div>\n\t\t\t\t<\/div>\n\t\t\t\t\t<\/div>\n\t\t<\/div>\n\t\t\t\t\t<\/div>\n\t\t<\/section>\n\t\t\t\t<section class=\"elementor-section elementor-top-section elementor-element elementor-element-6ec27f2 margin-left-0 elementor-section-boxed elementor-section-height-default elementor-section-height-default wpr-particle-no wpr-jarallax-no wpr-parallax-no wpr-sticky-section-no\" data-id=\"6ec27f2\" data-element_type=\"section\" data-e-type=\"section\">\n\t\t\t\t\t\t<div class=\"elementor-container elementor-column-gap-default\">\n\t\t\t\t\t<div class=\"elementor-column elementor-col-50 elementor-top-column elementor-element elementor-element-fad2bbb\" data-id=\"fad2bbb\" data-element_type=\"column\" data-e-type=\"column\">\n\t\t\t<div class=\"elementor-widget-wrap elementor-element-populated\">\n\t\t\t\t\t\t<div class=\"elementor-element elementor-element-774dc5c elementor-widget elementor-widget-heading\" data-id=\"774dc5c\" data-element_type=\"widget\" data-e-type=\"widget\" data-widget_type=\"heading.default\">\n\t\t\t\t<div class=\"elementor-widget-container\">\n\t\t\t\t\t<h3 class=\"elementor-heading-title elementor-size-default\">Online formul\u00e1\u0159 \u017e\u00e1dosti<\/h3>\t\t\t\t<\/div>\n\t\t\t\t<\/div>\n\t\t\t\t\t<\/div>\n\t\t<\/div>\n\t\t\t\t<div class=\"elementor-column elementor-col-50 elementor-top-column elementor-element elementor-element-457debc\" data-id=\"457debc\" data-element_type=\"column\" data-e-type=\"column\">\n\t\t\t<div class=\"elementor-widget-wrap\">\n\t\t\t\t\t\t\t<\/div>\n\t\t<\/div>\n\t\t\t\t\t<\/div>\n\t\t<\/section>\n\t\t\t\t<\/div>","protected":false},"excerpt":{"rendered":"<p>P\u0159ihlaste se nyn\u00ed VA\u0160E P\u0158IHL\u00c1\u0160KA P\u0159ihl\u00e1\u0161ka byla odesl\u00e1na, ale nedostali jste \u017e\u00e1dnou odpov\u011b\u010f ani zp\u011btnou vazbu: Co te\u010f? Napi\u0161te n\u00e1m e-mail na: bewerbung@cebus-celle.de Online p\u0159ihl\u00e1\u0161ka \u201e*\u201c ozna\u010duje povinn\u00e1 pole P\u0159ihl\u00e1\u0161ka jako* Osobn\u00ed \u00fadaje Osloven\u00edPan\u00edPaneR\u016fzn\u00e9bez uveden\u00ed Jm\u00e9no* P\u0159\u00edjmen\u00ed Adresa* Adresa M\u00edsto PS\u010c Afgh\u00e1nist\u00e1nAlb\u00e1nieAl\u017e\u00edrskoAmerika-SamoaAmerick\u00e9 Panensk\u00e9 ostrovyAndorraAngolaAnguillaAntarktidaAntigua a BarbudaArgentinaArm\u00e9nieAruba\u00c1zerb\u00e1jd\u017e\u00e1nAustr\u00e1lieBahamyBahrajnBanglad\u00e9\u0161BarbadosBelgieBelizeBeninBermudyBh\u00fat\u00e1nBol\u00edvieBosna a HercegovinaBotswanaBouvet\u016fv ostrovBraz\u00edlieBritsk\u00e9 Panensk\u00e9 ostrovyBritsk\u00e9 \u00fazem\u00ed v Indick\u00e9m oce\u00e1nuBrunej DarussalamBulharskoBurkina FasoBurundiKajmansk\u00e9 ostrovyChile\u010c\u00ednaCookovy ostrovyKostarikaCura\u00e7aoPob\u0159e\u017e\u00ed slonovinyLaossk\u00e1 lidov\u011b demokratick\u00e1 republikaN\u011bmeckoD\u017eibutiDominikaDominik\u00e1nsk\u00e1 republikaD\u00e1nskoEkv\u00e1dorSalvadorEritreaEstonskoEswatiniFalklandsk\u00e9 ostrovyFid\u017eiFinskoFrancieFrancouzsk\u00e1-GuyanaFrancouzsk\u00e1 Polyn\u00e9sieFrancouzsk\u00e9 ji\u017en\u00ed a antarktick\u00e9 \u00fazem\u00edFutuna (Wallis a Futuna)Faersk\u00e9 ostrovyGabunGambieGruzieGhanaGibraltarGrenada\u0158eckoVelk\u00e1 Brit\u00e1nieGr\u00f3nskoGuadeloupeGuamGuatemalaGuernseyGuineaGuinea-BissauGuyanaHaitiHeardovy a McDonaldovy ostrovySvat\u00fd stolecHondurasHongkongIndieIndon\u00e9sieIr\u00e1k\u00cdr\u00e1nIrskoIslandOstrov ManIzraelIt\u00e1lieJamajkaJaponskoJemenJerseyJord\u00e1nskoKambod\u017eaKamerunKanadaKapverdyKaribsk\u00e9 NizozemskoKazachst\u00e1nKatarKe\u0148aKirgizskoKiribatiKokosov\u00e9 ostrovyKolumbieKomoryKongoKongo, Demokratick\u00e1 republika Korea. Korejsk\u00e1 lidov\u011b demokratick\u00e1 republikaChorvatskoKubaKuvajtLesothoLoty\u0161skoLibanonLib\u00e9rieLibyeLichten\u0161tejnskoLitvaLucemburskoMacaoMadagaskarMalawiMalajsieMaledivyMaliMaltaMarokoMarshallovyOstrovy, Martinik, Mauret\u00e1nie, Mauricius, Mayotte, Mexiko, Mikron\u00e9sie, Moldavsko, Monako, Mongolsko, \u010cern\u00e1 Hora, Montserrat, Mosambik, Myanmar, Namibie, Nauru, Nep\u00e1l, Nov\u00e1 Kaledonie, Nov\u00fd Z\u00e9land, Nikaragua, Nizozemsko, Niger, Nig\u00e9rie, Niue, Severn\u00ed Makedonie, Norfolksk\u00fd ostrov, Norsko, Severn\u00ed Mariany, Om\u00e1n, V\u00fdchodn\u00ed Timor, P\u00e1kist\u00e1n, Palau, Palestina, PanamaPapua-Nov\u00e1 GuineaParaguayPeruFilip\u00ednyPitcairnovy ostrovyPolskoPortugalskoPortorikoRwandaRumunskoRusk\u00e1 federaceR\u00e9unionSaint-Barth\u00e9lemySaint-Pierre a Miquelon\u0160alamounovy ostrovyZambieSamoaSan MarinoSa\u00fadsk\u00e1Arabsk\u00e1 republika, \u0160v\u00e9dsko, \u0160v\u00fdcarsko, Senegal, Srbsko, Seychely, Sierra Leone, Zimbabwe, Singapur, Sint Maarten, Slovinsko, Slovensko, Som\u00e1lsko, \u0160pan\u011blsko, Sr\u00ed Lanka, Svat\u00e1 Helena, Ascension a Tristan da Cunha, Svat\u00fd Kry\u0161tof a Nevis, Svat\u00e1 Lucie, Svat\u00fd Martin, Svat\u00fd Vincenc a Grenadiny, S\u00fad\u00e1n, Surinam, Svalbard a Jan Mayen, S\u00fdrie, Arabsk\u00e1 republika, Jihoafrick\u00e1 republika, Ji\u017en\u00ed Georgie a Ji\u017en\u00ed Sandwichovy ostrovy, Ji\u017en\u00ed Korea, Ji\u017en\u00ed S\u00fad\u00e1n, T\u00e1d\u017eikist\u00e1n, Tchaj-wan, Tanzanie, Sjednocen\u00e1 republika, Thajsko, Togo, Tokelau, Tonga, Trinidad a Tobago, \u010cad, \u010cesko, Tunisko, Turkmenist\u00e1n, Turks a Caicos, Tuvalu, Turecko, U.S.A.US Minor Outlying IslandsUgandaUkrajinaUruguayUzbekist\u00e1nVanuatuVenezuelaSpojen\u00e9 arabsk\u00e9 emir\u00e1tyVietnamV\u00e1no\u010dn\u00ed ostrovB\u011bloruskoZ\u00e1padn\u00ed SaharaSt\u0159edoafrick\u00e1 republikaKyprEgyptRovn\u00edkov\u00e1 GuineaEtiopie\u00c5landinselnRakousko Zem\u011b Datum narozen\u00ed MM\/DD\/RRRR Kontaktn\u00ed e-mail* Telefon* Dostupnost N\u00e1stup do zam\u011bstn\u00e1n\u00ed od MM\/DD\/RRRR Motiva\u010dn\u00ed dopis a \u017eivotopis nahrajte pros\u00edm samostatn\u011b. Motiva\u010dn\u00ed dopisMax. velikost souboru: 32 MB. Alternativa: Napsat motiva\u010dn\u00ed dopis Napsat motiva\u010dn\u00ed dopis\u017divotopis*Max. velikost souboru: 32 MB. Dal\u0161\u00ed p\u0159\u00edlohy (osv\u011bd\u010den\u00ed, certifik\u00e1ty, doklady\u2026) P\u0159et\u00e1hn\u011bte soubory sem nebo vyberte soubory Max. velikost souboru: 32 MB, max. po\u010det soubor\u016f: 10. Jak jste se o n\u00e1s dozv\u011bd\u011bli?* Noviny Plak\u00e1t N\u00e1lepka na zadn\u00ed \u010d\u00e1st autobusu N\u00e1lepka na podlahu Reklama na p\u0159\u00edv\u011bsu Plak\u00e1t na plotu Soci\u00e1ln\u00ed m\u00e9dia (Instagram, Facebook\u2026) Online reklama Webov\u00e9 str\u00e1nky Burza pr\u00e1ce \/ pracovn\u00ed nab\u00eddky Veletrh \/ akce Doporu\u010den\u00ed zam\u011bstnanc\u016f P\u0159\u00e1tel\u00e9 \/ zn\u00e1m\u00ed Ostatn\u00ed Ochrana osobn\u00edch \u00fadaj\u016f* P\u0159e\u010detl\/a jsem si prohl\u00e1\u0161en\u00ed o ochran\u011b osobn\u00edch \u00fadaj\u016f a souhlas\u00edm se zpracov\u00e1n\u00edm sv\u00fdch osobn\u00edch \u00fadaj\u016f. Ukl\u00e1d\u00e1n\u00ed \u00fadaj\u016f Souhlas\u00edm s t\u00edm, \u017ee moje \u00fadaje mohou b\u00fdt a\u017e do odvol\u00e1n\u00ed ulo\u017eeny a zpracov\u00e1ny v talentov\u00e9m fondu skupiny spole\u010dnost\u00ed tak\u00e9 pro dal\u0161\u00ed pracovn\u00ed pozice, kter\u00e9 mi budou vyhovovat. CAPTCHA<\/p>","protected":false},"author":2,"featured_media":0,"parent":259,"menu_order":56,"comment_status":"closed","ping_status":"closed","template":"","meta":{"footnotes":""},"class_list":["post-302","page","type-page","status-publish","hentry"],"yoast_head":"<!-- This site is optimized with the Yoast SEO plugin v27.3 - https:\/\/yoast.com\/product\/yoast-seo-wordpress\/ -->\n<title>JETZT BEWERBEN! - KVG Harburg<\/title>\n<meta name=\"robots\" content=\"index, follow, max-snippet:-1, max-image-preview:large, max-video-preview:-1\" \/>\n<link rel=\"canonical\" href=\"https:\/\/kvg-bus.de\/harburg\/pracovni-mista-a-kariery\/online-aplikace\/\" \/>\n<meta property=\"og:locale\" content=\"cs_CZ\" \/>\n<meta property=\"og:type\" content=\"article\" \/>\n<meta property=\"og:title\" content=\"JETZT BEWERBEN! - KVG Harburg\" \/>\n<meta property=\"og:description\" content=\"Jetzt Bewerben DEINE BEWERBUNG Bewerbung versendet, aber keine Antwort oder R\u00fcckmeldung erhalten: Was jetzt tun? Schreib uns eine E-Mail an: bewerbung@cebus-celle.de Online-Bewerbungsformular \u201e*\u201c zeigt erforderliche Felder an Bewerbung als* Pers\u00f6nliche Angaben AnredeFrauHerrDiversohne Angabe Name* Vorname Nachname Anschrift* Anschrift Ort PLZ AfghanistanAlbanienAlgerienAmerikanisch-SamoaAmerikanische JungferninselnAndorraAngolaAnguillaAntarktisAntigua und BarbudaArgentinienArmenienArubaAserbaidschanAustralienBahamasBahrainBangladeshBarbadosBelgienBelizeBeninBermudaBhutanBolivienBosnien und HerzegowinaBotswanaBouvetinselBrasilienBritische JungferninselnBritisches Territorium im Indischen OzeanBrunei DarussalamBulgarienBurkina FasoBurundiCaymen InselnChileChinaCookinselnCosta RicaCura\u00e7aoC\u00f4te d&#039;IvoireDemokratische Volksrepublik LaosDeutschlandDjiboutiDominicaDominikanische RepublikD\u00e4nemarkEcuadorEl SalvadorEritreaEstlandEswatiniFalklandinselnFidschiFinnlandFrankreichFranz\u00f6sisch-GuayanaFranz\u00f6sisch-PolynesienFranz\u00f6sische S\u00fcd- und AntarktisgebieteFutuna (Wallis und Futuna)F\u00e4r\u00f6er-InselnGabunGambiaGeorgiaGhanaGibraltarGrenadaGriechenlandGro\u00dfbritannienGr\u00f6nlandGuadeloupeGuamGuatemalaGuernseyGuineaGuinea-BissauGuyanaHaitiHeard und McDonaldinselnHeiliger StuhlHondurasHongkongIndienIndonesienIrakIranIrlandIslandIsle of ManIsraelItalienJamaikaJapanJemenJerseyJordanienKambodschaKamerunKanadaKap VerdeKaribische NiederlandeKasachstanKatarKeniaKirgistanKiribatiKokosinselnKolumbienKomorenKongoKongo, Demokratische Republik desKorea. Demokratische VolksrepublikKroatienKubaKuwaitLesothoLettlandLibanonLiberiaLibyenLiechtensteinLitauenLuxemburgMacauMadagaskarMalawiMalaysiaMaledivenMaliMaltaMarokkoMarshall-InselnMartiniqueMauretanienMauritiusMayotteMexikoMikronesienMoldawienMonacoMongoleiMontenegroMontserratMosambikMyanmarNamibiaNauruNepalNeukaledonienNeuseelandNicaraguaNiederlandeNigerNigeriaNiueNordmazedonienNorfolkinselNorwegenN\u00f6rdliche MarianenOmanOsttimorPakistanPalauPal\u00e4stina, BundesstaatPanamaPapua Neu GuineaParaguayPeruPhilippinenPitcairninselnPolenPortugalPuerto RicoRuandaRum\u00e4nienRussische F\u00f6derationR\u00e9unionSaint-Barth\u00e9lemySaint-Pierre und MiquelonSalomonenSambiaSamoaSan MarinoSaudi-ArabienSchwedenSchweizSenegalSerbienSeychellenSierra LeoneSimbabweSingapurSint MaartenSlovenienSlowakeiSomaliaSpanienSri LankaSt. Helena, Ascension und Tristan da CunhaSt. Kitts und NevisSt. LuciaSt. MartinSt. Vincent und die GrenadinenSudanSurinamSvalbard und Jan MayenSyrien, Arabische RepublikS\u00e3o Tom\u00e9 und Pr\u00edncipeS\u00fcdafrikaS\u00fcdgeorgien und die S\u00fcdlichen SandwichinselnS\u00fcdkoreaS\u00fcdsudanTadschikistanTaiwanTansania, Vereinte RepublikThailandTogoTokelauTongaTrinidad und TobagoTschadTschechienTunesienTurkmenistanTurks- und CaicosinselnTuvaluT\u00fcrkeiU.S.A.US Minor Outlying IslandsUgandaUkraineUngarnUruguayUsbekistanVanuatuVenezuelaVereinigte Arabische EmirateVietnamWeihnachtsinselWei\u00dfrusslandWestsaharaZentralafrikanische RepublikZypern\u00c4gypten\u00c4quatorial Guinea\u00c4thopien\u00c5landinseln\u00d6sterreich Land Geburtsdatum MM Schr\u00e4gstrich TT Schr\u00e4gstrich JJJJ Kontakt E-Mail* Telefon* Verf\u00fcgbarkeit Antritt der Stelle ab MM Schr\u00e4gstrich TT Schr\u00e4gstrich JJJJ Anschreiben &#038; Lebenslauf bitte getrennt voneinander hochladen. AnschreibenMax. Dateigr\u00f6\u00dfe: 32 MB. Alternativ: Anschreiben verfassen Anschreiben verfassenLebenslauf*Max. Dateigr\u00f6\u00dfe: 32 MB. Weitere Anlagen (Zeugnisse, Bescheinigungen, Nachweise&#8230;) Ziehe Dateien hier her oder W\u00e4hle Dateien aus Max. Dateigr\u00f6\u00dfe: 32 MB, Max. Dateien: 10. Wie sind Sie auf uns aufmerksam geworden?* Zeitung Plakat Heckaufkleber (Bus) Bodenaufkleber Anh\u00e4ngerwerbung Zaunbanner Social Media (Instagram, Facebook&#8230;) Online-Werbung Website Jobb\u00f6rse \/ Stellenb\u00f6rse Messe \/ Veranstaltung Mitarbeiterempfehlung Freunde \/ Bekannte Sonstiges Datenschutz* Ich habe die Datenschutzerkl\u00e4rung gelesen und willige in die Verarbeitung meiner personenbezogenen Daten ein. Datenspeicherung Ich willige ein, dass meine Daten bis auf Widerruf auch f\u00fcr weitere auf mich passende Stellen im Talentpool der Unternehmensgruppe gespeichert und verarbeitet werden d\u00fcrfen. CAPTCHA\" \/>\n<meta property=\"og:url\" content=\"https:\/\/kvg-bus.de\/harburg\/pracovni-mista-a-kariery\/online-aplikace\/\" \/>\n<meta property=\"og:site_name\" content=\"KVG Harburg\" \/>\n<meta property=\"article:modified_time\" content=\"2024-04-04T14:17:05+00:00\" \/>\n<meta name=\"twitter:card\" content=\"summary_large_image\" \/>\n<meta name=\"twitter:label1\" content=\"Odhadovan\u00e1 doba \u010dten\u00ed\" \/>\n\t<meta name=\"twitter:data1\" content=\"5 minut\" \/>\n<script type=\"application\/ld+json\" class=\"yoast-schema-graph\">{\"@context\":\"https:\\\/\\\/schema.org\",\"@graph\":[{\"@type\":\"WebPage\",\"@id\":\"https:\\\/\\\/kvg-bus.de\\\/harburg\\\/jobs-und-karriere\\\/online-bewerbung\\\/\",\"url\":\"https:\\\/\\\/kvg-bus.de\\\/harburg\\\/jobs-und-karriere\\\/online-bewerbung\\\/\",\"name\":\"JETZT BEWERBEN! - KVG Harburg\",\"isPartOf\":{\"@id\":\"https:\\\/\\\/kvg-bus.de\\\/harburg\\\/#website\"},\"datePublished\":\"2023-06-22T11:28:05+00:00\",\"dateModified\":\"2024-04-04T14:17:05+00:00\",\"breadcrumb\":{\"@id\":\"https:\\\/\\\/kvg-bus.de\\\/harburg\\\/jobs-und-karriere\\\/online-bewerbung\\\/#breadcrumb\"},\"inLanguage\":\"cs\",\"potentialAction\":[{\"@type\":\"ReadAction\",\"target\":[\"https:\\\/\\\/kvg-bus.de\\\/harburg\\\/jobs-und-karriere\\\/online-bewerbung\\\/\"]}]},{\"@type\":\"BreadcrumbList\",\"@id\":\"https:\\\/\\\/kvg-bus.de\\\/harburg\\\/jobs-und-karriere\\\/online-bewerbung\\\/#breadcrumb\",\"itemListElement\":[{\"@type\":\"ListItem\",\"position\":1,\"name\":\"Startseite\",\"item\":\"https:\\\/\\\/kvg-bus.de\\\/harburg\\\/\"},{\"@type\":\"ListItem\",\"position\":2,\"name\":\"Jobs &#038; Karriere\",\"item\":\"https:\\\/\\\/kvg-bus.de\\\/harburg\\\/jobs-und-karriere\\\/\"},{\"@type\":\"ListItem\",\"position\":3,\"name\":\"JETZT BEWERBEN!\"}]},{\"@type\":\"WebSite\",\"@id\":\"https:\\\/\\\/kvg-bus.de\\\/harburg\\\/#website\",\"url\":\"https:\\\/\\\/kvg-bus.de\\\/harburg\\\/\",\"name\":\"KVG Harburg\",\"description\":\"\",\"publisher\":{\"@id\":\"https:\\\/\\\/kvg-bus.de\\\/harburg\\\/#organization\"},\"potentialAction\":[{\"@type\":\"SearchAction\",\"target\":{\"@type\":\"EntryPoint\",\"urlTemplate\":\"https:\\\/\\\/kvg-bus.de\\\/harburg\\\/?s={search_term_string}\"},\"query-input\":{\"@type\":\"PropertyValueSpecification\",\"valueRequired\":true,\"valueName\":\"search_term_string\"}}],\"inLanguage\":\"cs\"},{\"@type\":\"Organization\",\"@id\":\"https:\\\/\\\/kvg-bus.de\\\/harburg\\\/#organization\",\"name\":\"KVG Harburg\",\"url\":\"https:\\\/\\\/kvg-bus.de\\\/harburg\\\/\",\"logo\":{\"@type\":\"ImageObject\",\"inLanguage\":\"cs\",\"@id\":\"https:\\\/\\\/kvg-bus.de\\\/harburg\\\/#\\\/schema\\\/logo\\\/image\\\/\",\"url\":\"https:\\\/\\\/kvg-bus.de\\\/harburg\\\/wp-content\\\/uploads\\\/sites\\\/14\\\/kvg_logo-1.svg\",\"contentUrl\":\"https:\\\/\\\/kvg-bus.de\\\/harburg\\\/wp-content\\\/uploads\\\/sites\\\/14\\\/kvg_logo-1.svg\",\"caption\":\"KVG Harburg\"},\"image\":{\"@id\":\"https:\\\/\\\/kvg-bus.de\\\/harburg\\\/#\\\/schema\\\/logo\\\/image\\\/\"}}]}<\/script>\n<!-- \/ Yoast SEO plugin. -->","yoast_head_json":{"title":"P\u0158IHL\u00c1SIT SE TE\u010e! - KVG Harburg","robots":{"index":"index","follow":"follow","max-snippet":"max-snippet:-1","max-image-preview":"max-image-preview:large","max-video-preview":"max-video-preview:-1"},"canonical":"https:\/\/kvg-bus.de\/harburg\/pracovni-mista-a-kariery\/online-aplikace\/","og_locale":"cs_CZ","og_type":"article","og_title":"JETZT BEWERBEN! - KVG Harburg","og_description":"Jetzt Bewerben DEINE BEWERBUNG Bewerbung versendet, aber keine Antwort oder R\u00fcckmeldung erhalten: Was jetzt tun? Schreib uns eine E-Mail an: bewerbung@cebus-celle.de Online-Bewerbungsformular \u201e*\u201c zeigt erforderliche Felder an Bewerbung als* Pers\u00f6nliche Angaben AnredeFrauHerrDiversohne Angabe Name* Vorname Nachname Anschrift* Anschrift Ort PLZ AfghanistanAlbanienAlgerienAmerikanisch-SamoaAmerikanische JungferninselnAndorraAngolaAnguillaAntarktisAntigua und BarbudaArgentinienArmenienArubaAserbaidschanAustralienBahamasBahrainBangladeshBarbadosBelgienBelizeBeninBermudaBhutanBolivienBosnien und HerzegowinaBotswanaBouvetinselBrasilienBritische JungferninselnBritisches Territorium im Indischen OzeanBrunei DarussalamBulgarienBurkina FasoBurundiCaymen InselnChileChinaCookinselnCosta RicaCura\u00e7aoC\u00f4te d&#039;IvoireDemokratische Volksrepublik LaosDeutschlandDjiboutiDominicaDominikanische RepublikD\u00e4nemarkEcuadorEl SalvadorEritreaEstlandEswatiniFalklandinselnFidschiFinnlandFrankreichFranz\u00f6sisch-GuayanaFranz\u00f6sisch-PolynesienFranz\u00f6sische S\u00fcd- und AntarktisgebieteFutuna (Wallis und Futuna)F\u00e4r\u00f6er-InselnGabunGambiaGeorgiaGhanaGibraltarGrenadaGriechenlandGro\u00dfbritannienGr\u00f6nlandGuadeloupeGuamGuatemalaGuernseyGuineaGuinea-BissauGuyanaHaitiHeard und McDonaldinselnHeiliger StuhlHondurasHongkongIndienIndonesienIrakIranIrlandIslandIsle of ManIsraelItalienJamaikaJapanJemenJerseyJordanienKambodschaKamerunKanadaKap VerdeKaribische NiederlandeKasachstanKatarKeniaKirgistanKiribatiKokosinselnKolumbienKomorenKongoKongo, Demokratische Republik desKorea. Demokratische VolksrepublikKroatienKubaKuwaitLesothoLettlandLibanonLiberiaLibyenLiechtensteinLitauenLuxemburgMacauMadagaskarMalawiMalaysiaMaledivenMaliMaltaMarokkoMarshall-InselnMartiniqueMauretanienMauritiusMayotteMexikoMikronesienMoldawienMonacoMongoleiMontenegroMontserratMosambikMyanmarNamibiaNauruNepalNeukaledonienNeuseelandNicaraguaNiederlandeNigerNigeriaNiueNordmazedonienNorfolkinselNorwegenN\u00f6rdliche MarianenOmanOsttimorPakistanPalauPal\u00e4stina, BundesstaatPanamaPapua Neu GuineaParaguayPeruPhilippinenPitcairninselnPolenPortugalPuerto RicoRuandaRum\u00e4nienRussische F\u00f6derationR\u00e9unionSaint-Barth\u00e9lemySaint-Pierre und MiquelonSalomonenSambiaSamoaSan MarinoSaudi-ArabienSchwedenSchweizSenegalSerbienSeychellenSierra LeoneSimbabweSingapurSint MaartenSlovenienSlowakeiSomaliaSpanienSri LankaSt. Helena, Ascension und Tristan da CunhaSt. Kitts und NevisSt. LuciaSt. MartinSt. Vincent und die GrenadinenSudanSurinamSvalbard und Jan MayenSyrien, Arabische RepublikS\u00e3o Tom\u00e9 und Pr\u00edncipeS\u00fcdafrikaS\u00fcdgeorgien und die S\u00fcdlichen SandwichinselnS\u00fcdkoreaS\u00fcdsudanTadschikistanTaiwanTansania, Vereinte RepublikThailandTogoTokelauTongaTrinidad und TobagoTschadTschechienTunesienTurkmenistanTurks- und CaicosinselnTuvaluT\u00fcrkeiU.S.A.US Minor Outlying IslandsUgandaUkraineUngarnUruguayUsbekistanVanuatuVenezuelaVereinigte Arabische EmirateVietnamWeihnachtsinselWei\u00dfrusslandWestsaharaZentralafrikanische RepublikZypern\u00c4gypten\u00c4quatorial Guinea\u00c4thopien\u00c5landinseln\u00d6sterreich Land Geburtsdatum MM Schr\u00e4gstrich TT Schr\u00e4gstrich JJJJ Kontakt E-Mail* Telefon* Verf\u00fcgbarkeit Antritt der Stelle ab MM Schr\u00e4gstrich TT Schr\u00e4gstrich JJJJ Anschreiben &#038; Lebenslauf bitte getrennt voneinander hochladen. AnschreibenMax. Dateigr\u00f6\u00dfe: 32 MB. Alternativ: Anschreiben verfassen Anschreiben verfassenLebenslauf*Max. Dateigr\u00f6\u00dfe: 32 MB. Weitere Anlagen (Zeugnisse, Bescheinigungen, Nachweise&#8230;) Ziehe Dateien hier her oder W\u00e4hle Dateien aus Max. Dateigr\u00f6\u00dfe: 32 MB, Max. Dateien: 10. Wie sind Sie auf uns aufmerksam geworden?* Zeitung Plakat Heckaufkleber (Bus) Bodenaufkleber Anh\u00e4ngerwerbung Zaunbanner Social Media (Instagram, Facebook&#8230;) Online-Werbung Website Jobb\u00f6rse \/ Stellenb\u00f6rse Messe \/ Veranstaltung Mitarbeiterempfehlung Freunde \/ Bekannte Sonstiges Datenschutz* Ich habe die Datenschutzerkl\u00e4rung gelesen und willige in die Verarbeitung meiner personenbezogenen Daten ein. Datenspeicherung Ich willige ein, dass meine Daten bis auf Widerruf auch f\u00fcr weitere auf mich passende Stellen im Talentpool der Unternehmensgruppe gespeichert und verarbeitet werden d\u00fcrfen. CAPTCHA","og_url":"https:\/\/kvg-bus.de\/harburg\/pracovni-mista-a-kariery\/online-aplikace\/","og_site_name":"KVG Harburg","article_modified_time":"2024-04-04T14:17:05+00:00","twitter_card":"summary_large_image","twitter_misc":{"Odhadovan\u00e1 doba \u010dten\u00ed":"5 minut"},"schema":{"@context":"https:\/\/schema.org","@graph":[{"@type":"WebPage","@id":"https:\/\/kvg-bus.de\/harburg\/jobs-und-karriere\/online-bewerbung\/","url":"https:\/\/kvg-bus.de\/harburg\/jobs-und-karriere\/online-bewerbung\/","name":"P\u0158IHL\u00c1SIT SE TE\u010e! - KVG Harburg","isPartOf":{"@id":"https:\/\/kvg-bus.de\/harburg\/#website"},"datePublished":"2023-06-22T11:28:05+00:00","dateModified":"2024-04-04T14:17:05+00:00","breadcrumb":{"@id":"https:\/\/kvg-bus.de\/harburg\/jobs-und-karriere\/online-bewerbung\/#breadcrumb"},"inLanguage":"cs","potentialAction":[{"@type":"ReadAction","target":["https:\/\/kvg-bus.de\/harburg\/jobs-und-karriere\/online-bewerbung\/"]}]},{"@type":"BreadcrumbList","@id":"https:\/\/kvg-bus.de\/harburg\/jobs-und-karriere\/online-bewerbung\/#breadcrumb","itemListElement":[{"@type":"ListItem","position":1,"name":"Startseite","item":"https:\/\/kvg-bus.de\/harburg\/"},{"@type":"ListItem","position":2,"name":"Jobs &#038; Karriere","item":"https:\/\/kvg-bus.de\/harburg\/jobs-und-karriere\/"},{"@type":"ListItem","position":3,"name":"JETZT BEWERBEN!"}]},{"@type":"WebSite","@id":"https:\/\/kvg-bus.de\/harburg\/#website","url":"https:\/\/kvg-bus.de\/harburg\/","name":"KVG Harburg","description":"","publisher":{"@id":"https:\/\/kvg-bus.de\/harburg\/#organization"},"potentialAction":[{"@type":"SearchAction","target":{"@type":"EntryPoint","urlTemplate":"https:\/\/kvg-bus.de\/harburg\/?s={search_term_string}"},"query-input":{"@type":"PropertyValueSpecification","valueRequired":true,"valueName":"search_term_string"}}],"inLanguage":"cs"},{"@type":"Organization","@id":"https:\/\/kvg-bus.de\/harburg\/#organization","name":"KVG Harburg","url":"https:\/\/kvg-bus.de\/harburg\/","logo":{"@type":"ImageObject","inLanguage":"cs","@id":"https:\/\/kvg-bus.de\/harburg\/#\/schema\/logo\/image\/","url":"https:\/\/kvg-bus.de\/harburg\/wp-content\/uploads\/sites\/14\/kvg_logo-1.svg","contentUrl":"https:\/\/kvg-bus.de\/harburg\/wp-content\/uploads\/sites\/14\/kvg_logo-1.svg","caption":"KVG Harburg"},"image":{"@id":"https:\/\/kvg-bus.de\/harburg\/#\/schema\/logo\/image\/"}}]}},"_links":{"self":[{"href":"https:\/\/kvg-bus.de\/harburg\/cs\/wp-json\/wp\/v2\/pages\/302","targetHints":{"allow":["GET"]}}],"collection":[{"href":"https:\/\/kvg-bus.de\/harburg\/cs\/wp-json\/wp\/v2\/pages"}],"about":[{"href":"https:\/\/kvg-bus.de\/harburg\/cs\/wp-json\/wp\/v2\/types\/page"}],"author":[{"embeddable":true,"href":"https:\/\/kvg-bus.de\/harburg\/cs\/wp-json\/wp\/v2\/users\/2"}],"replies":[{"embeddable":true,"href":"https:\/\/kvg-bus.de\/harburg\/cs\/wp-json\/wp\/v2\/comments?post=302"}],"version-history":[{"count":0,"href":"https:\/\/kvg-bus.de\/harburg\/cs\/wp-json\/wp\/v2\/pages\/302\/revisions"}],"up":[{"embeddable":true,"href":"https:\/\/kvg-bus.de\/harburg\/cs\/wp-json\/wp\/v2\/pages\/259"}],"wp:attachment":[{"href":"https:\/\/kvg-bus.de\/harburg\/cs\/wp-json\/wp\/v2\/media?parent=302"}],"curies":[{"name":"wp","href":"https:\/\/api.w.org\/{rel}","templated":true}]}}