{"id":5,"date":"2022-12-12T16:01:17","date_gmt":"2022-12-12T15:01:17","guid":{"rendered":"https:\/\/kvg-bus.de\/cuxhaven\/?page_id=5"},"modified":"2026-01-06T16:23:56","modified_gmt":"2026-01-06T15:23:56","slug":"kontakt","status":"publish","type":"page","link":"https:\/\/kvg-bus.de\/cuxhaven\/pl\/kontakt\/","title":{"rendered":"Skontaktuj si\u0119 z nami"},"content":{"rendered":"<div data-elementor-type=\"wp-page\" data-elementor-id=\"5\" class=\"elementor elementor-5\" data-elementor-post-type=\"page\">\n\t\t\t\t\t\t<section class=\"elementor-section elementor-top-section elementor-element elementor-element-1567b4e margin-left-0 elementor-section-boxed elementor-section-height-default elementor-section-height-default wpr-particle-no wpr-jarallax-no wpr-parallax-no wpr-sticky-section-no\" data-id=\"1567b4e\" data-element_type=\"section\" data-e-type=\"section\">\n\t\t\t\t\t\t<div class=\"elementor-container elementor-column-gap-default\">\n\t\t\t\t\t<div class=\"elementor-column elementor-col-50 elementor-top-column elementor-element elementor-element-efd988e\" data-id=\"efd988e\" data-element_type=\"column\" data-e-type=\"column\">\n\t\t\t<div class=\"elementor-widget-wrap elementor-element-populated\">\n\t\t\t\t\t\t<div class=\"elementor-element elementor-element-4a884de elementor-widget elementor-widget-heading\" data-id=\"4a884de\" data-element_type=\"widget\" data-e-type=\"widget\" data-widget_type=\"heading.default\">\n\t\t\t\t<div class=\"elementor-widget-container\">\n\t\t\t\t\t<h2 class=\"elementor-heading-title elementor-size-default\">KONTAKT DO NAS!<\/h2>\t\t\t\t<\/div>\n\t\t\t\t<\/div>\n\t\t\t\t<div class=\"elementor-element elementor-element-d03d2b6 elementor-widget elementor-widget-text-editor\" data-id=\"d03d2b6\" data-element_type=\"widget\" data-e-type=\"widget\" data-widget_type=\"text-editor.default\">\n\t\t\t\t<div class=\"elementor-widget-container\">\n\t\t\t\t\t\t\t\t\t<p>Niezale\u017cnie od tego, czy chodzi o sugesti\u0119, czy pochwa\u0142\u0119 \u2013 Twoja opinia pomaga nam ulepsza\u0107 us\u0142ugi transportu autobusowego. Mo\u017cesz skontaktowa\u0107 si\u0119 z nami telefonicznie lub poczt\u0105 elektroniczn\u0105. Jeszcze \u0142atwiej jest skorzysta\u0107 z naszego formularza kontaktowego, dzi\u0119ki kt\u00f3remu mo\u017cesz szybko i w prosty spos\u00f3b przedstawi\u0107 nam swoj\u0105 spraw\u0119.<\/p>\t\t\t\t\t\t\t\t<\/div>\n\t\t\t\t<\/div>\n\t\t\t\t\t<\/div>\n\t\t<\/div>\n\t\t\t\t<div class=\"elementor-column elementor-col-50 elementor-top-column elementor-element elementor-element-8c9df4a\" data-id=\"8c9df4a\" data-element_type=\"column\" data-e-type=\"column\">\n\t\t\t<div class=\"elementor-widget-wrap\">\n\t\t\t\t\t\t\t<\/div>\n\t\t<\/div>\n\t\t\t\t\t<\/div>\n\t\t<\/section>\n\t\t<div class=\"elementor-element elementor-element-373b596 e-flex e-con-boxed wpr-particle-no wpr-jarallax-no wpr-parallax-no wpr-sticky-section-no e-con e-parent\" data-id=\"373b596\" data-element_type=\"container\" data-e-type=\"container\">\n\t\t\t\t\t<div class=\"e-con-inner\">\n\t\t<div class=\"elementor-element elementor-element-b75c048 e-con-full e-flex wpr-particle-no wpr-jarallax-no wpr-parallax-no wpr-sticky-section-no e-con e-child\" data-id=\"b75c048\" data-element_type=\"container\" data-e-type=\"container\">\n\t\t\t\t<div class=\"elementor-element elementor-element-3612fe4 elementor-widget elementor-widget-button\" data-id=\"3612fe4\" data-element_type=\"widget\" data-e-type=\"widget\" data-widget_type=\"button.default\">\n\t\t\t\t<div class=\"elementor-widget-container\">\n\t\t\t\t\t\t\t\t\t<div class=\"elementor-button-wrapper\">\n\t\t\t\t\t<a class=\"elementor-button elementor-button-link elementor-size-sm\" href=\"https:\/\/link.kvg-bus.de\/destination.php?wohin=d3kontaktkvg\" target=\"_blank\">\n\t\t\t\t\t\t<span class=\"elementor-button-content-wrapper\">\n\t\t\t\t\t\t<span class=\"elementor-button-icon\">\n\t\t\t\t<i aria-hidden=\"true\" class=\"fas fa-arrow-alt-circle-right\"><\/i>\t\t\t<\/span>\n\t\t\t\t\t\t\t\t\t<span class=\"elementor-button-text\">DO FORMULARZA KONTAKTOWEGO<\/span>\n\t\t\t\t\t<\/span>\n\t\t\t\t\t<\/a>\n\t\t\t\t<\/div>\n\t\t\t\t\t\t\t\t<\/div>\n\t\t\t\t<\/div>\n\t\t\t\t<div class=\"elementor-element elementor-element-c4cc789 elementor-widget elementor-widget-spacer\" data-id=\"c4cc789\" data-element_type=\"widget\" data-e-type=\"widget\" data-widget_type=\"spacer.default\">\n\t\t\t\t<div class=\"elementor-widget-container\">\n\t\t\t\t\t\t\t<div class=\"elementor-spacer\">\n\t\t\t<div class=\"elementor-spacer-inner\"><\/div>\n\t\t<\/div>\n\t\t\t\t\t\t<\/div>\n\t\t\t\t<\/div>\n\t\t\t\t<div class=\"elementor-element elementor-element-7342e6a elementor-widget elementor-widget-heading\" data-id=\"7342e6a\" data-element_type=\"widget\" data-e-type=\"widget\" data-widget_type=\"heading.default\">\n\t\t\t\t<div class=\"elementor-widget-container\">\n\t\t\t\t\t<h4 class=\"elementor-heading-title elementor-size-default\">Jak si\u0119 z nami skontaktowa\u0107<\/h4>\t\t\t\t<\/div>\n\t\t\t\t<\/div>\n\t\t\t\t<div class=\"elementor-element elementor-element-6a0a7cb elementor-align-start elementor-list-item-link-inline elementor-mobile-align-start elementor-icon-list--layout-traditional elementor-widget elementor-widget-icon-list\" data-id=\"6a0a7cb\" data-element_type=\"widget\" data-e-type=\"widget\" data-widget_type=\"icon-list.default\">\n\t\t\t\t<div class=\"elementor-widget-container\">\n\t\t\t\t\t\t\t<ul class=\"elementor-icon-list-items\">\n\t\t\t\t\t\t\t<li class=\"elementor-icon-list-item\">\n\t\t\t\t\t\t\t\t\t\t\t<a href=\"https:\/\/link.kvg-bus.de\/destination.php?wohin=d3kontaktkvg\" target=\"_blank\">\n\n\t\t\t\t\t\t\t\t\t\t\t\t<span class=\"elementor-icon-list-icon\">\n\t\t\t\t\t\t\t<i aria-hidden=\"true\" class=\"fas fa-comment-alt-smile\"><\/i>\t\t\t\t\t\t<\/span>\n\t\t\t\t\t\t\t\t\t\t<span class=\"elementor-icon-list-text\">Formularz kontaktowy<\/span>\n\t\t\t\t\t\t\t\t\t\t\t<\/a>\n\t\t\t\t\t\t\t\t\t<\/li>\n\t\t\t\t\t\t\t\t<li class=\"elementor-icon-list-item\">\n\t\t\t\t\t\t\t\t\t\t\t<a href=\"mailto:info@kvg-bus.de\">\n\n\t\t\t\t\t\t\t\t\t\t\t\t<span class=\"elementor-icon-list-icon\">\n\t\t\t\t\t\t\t<i aria-hidden=\"true\" class=\"fas fa-paper-plane\"><\/i>\t\t\t\t\t\t<\/span>\n\t\t\t\t\t\t\t\t\t\t<span class=\"elementor-icon-list-text\">info@kvg-bus.de<\/span>\n\t\t\t\t\t\t\t\t\t\t\t<\/a>\n\t\t\t\t\t\t\t\t\t<\/li>\n\t\t\t\t\t\t\t\t<li class=\"elementor-icon-list-item\">\n\t\t\t\t\t\t\t\t\t\t\t<a href=\"tel:0472179770\">\n\n\t\t\t\t\t\t\t\t\t\t\t\t<span class=\"elementor-icon-list-icon\">\n\t\t\t\t\t\t\t<i aria-hidden=\"true\" class=\"fas fa-phone-alt\"><\/i>\t\t\t\t\t\t<\/span>\n\t\t\t\t\t\t\t\t\t\t<span class=\"elementor-icon-list-text\">04721 7977-0<\/span>\n\t\t\t\t\t\t\t\t\t\t\t<\/a>\n\t\t\t\t\t\t\t\t\t<\/li>\n\t\t\t\t\t\t\t\t<li class=\"elementor-icon-list-item\">\n\t\t\t\t\t\t\t\t\t\t\t<span class=\"elementor-icon-list-icon\">\n\t\t\t\t\t\t\t<i aria-hidden=\"true\" class=\"fas fa-clock\"><\/i>\t\t\t\t\t\t<\/span>\n\t\t\t\t\t\t\t\t\t\t<span class=\"elementor-icon-list-text\">Poniedzia\u0142ek - czwartek 7:00-17:00 | Pi\u0105tek 7:00-15:00<\/span>\n\t\t\t\t\t\t\t\t\t<\/li>\n\t\t\t\t\t\t<\/ul>\n\t\t\t\t\t\t<\/div>\n\t\t\t\t<\/div>\n\t\t\t\t<div class=\"elementor-element elementor-element-c65a16a elementor-widget elementor-widget-spacer\" data-id=\"c65a16a\" data-element_type=\"widget\" data-e-type=\"widget\" data-widget_type=\"spacer.default\">\n\t\t\t\t<div class=\"elementor-widget-container\">\n\t\t\t\t\t\t\t<div class=\"elementor-spacer\">\n\t\t\t<div class=\"elementor-spacer-inner\"><\/div>\n\t\t<\/div>\n\t\t\t\t\t\t<\/div>\n\t\t\t\t<\/div>\n\t\t\t\t<\/div>\n\t\t\t\t\t<\/div>\n\t\t\t\t<\/div>\n\t\t\t\t<\/div>","protected":false},"excerpt":{"rendered":"<p>KONTAKT Z NAMI! Niezale\u017cnie od tego, czy masz sugestie, czy pochwa\u0142y - Twoja opinia pomaga nam ulepsza\u0107 nasze us\u0142ugi autobusowe. Mo\u017cesz skontaktowa\u0107 si\u0119 z nami telefonicznie lub mailowo. Nasz formularz kontaktowy sprawia, \u017ce jeszcze \u0142atwiej i szybciej mo\u017cesz przekaza\u0107 nam swoje uwagi. DO FORMULARZA KONTAKTOWEGO W ten spos\u00f3b mo\u017cesz si\u0119 z nami skontaktowa\u0107 Formularz kontaktowy info@kvg-bus.de 04721 7977-0 pon - wt 7.00 - 17.00 | czw 7.00 - 15.00<\/p>","protected":false},"author":1,"featured_media":1567,"parent":0,"menu_order":56,"comment_status":"closed","ping_status":"closed","template":"","meta":{"footnotes":""},"class_list":["post-5","page","type-page","status-publish","has-post-thumbnail","hentry"],"yoast_head":"<!-- This site is optimized with the Yoast SEO plugin v27.3 - https:\/\/yoast.com\/product\/yoast-seo-wordpress\/ -->\n<title>Kontakt - KVG Cuxhaven<\/title>\n<meta name=\"robots\" content=\"index, follow, max-snippet:-1, max-image-preview:large, max-video-preview:-1\" \/>\n<link rel=\"canonical\" href=\"https:\/\/kvg-bus.de\/cuxhaven\/kontakt\/\" \/>\n<meta property=\"og:locale\" content=\"pl_PL\" \/>\n<meta property=\"og:type\" content=\"article\" \/>\n<meta property=\"og:title\" content=\"Kontakt - KVG Cuxhaven\" \/>\n<meta property=\"og:description\" content=\"DEIN KONTAKT ZU UNS! Egal ob Anregung oder Lob &#8211; dein Feedback hilft uns den Busverkehr zu verbessern. Du kannst uns telefonisch oder per E-Mail erreichen.\u00a0Noch leichter macht es dir unser Kontaktformular, mit dem du uns schnell und unkompliziert dein Anliegen schildern kannst. ZUM KONTAKTFORMULAR So kannst du uns erreichen Kontaktformular info@kvg-bus.de 04721 7977-0 mo &#8211; do 7 &#8211; 17 Uhr | fr 7 &#8211; 15 Uhr\" \/>\n<meta property=\"og:url\" content=\"https:\/\/kvg-bus.de\/cuxhaven\/kontakt\/\" \/>\n<meta property=\"og:site_name\" content=\"KVG Cuxhaven\" \/>\n<meta property=\"article:modified_time\" content=\"2026-01-06T15:23:56+00:00\" \/>\n<meta name=\"twitter:card\" content=\"summary_large_image\" \/>\n<meta name=\"twitter:label1\" content=\"Szacowany czas czytania\" \/>\n\t<meta name=\"twitter:data1\" content=\"1 minuta\" \/>\n<script type=\"application\/ld+json\" class=\"yoast-schema-graph\">{\"@context\":\"https:\\\/\\\/schema.org\",\"@graph\":[{\"@type\":\"WebPage\",\"@id\":\"https:\\\/\\\/kvg-bus.de\\\/cuxhaven\\\/kontakt\\\/\",\"url\":\"https:\\\/\\\/kvg-bus.de\\\/cuxhaven\\\/kontakt\\\/\",\"name\":\"Kontakt - KVG Cuxhaven\",\"isPartOf\":{\"@id\":\"https:\\\/\\\/kvg-bus.de\\\/cuxhaven\\\/#website\"},\"primaryImageOfPage\":{\"@id\":\"https:\\\/\\\/kvg-bus.de\\\/cuxhaven\\\/kontakt\\\/#primaryimage\"},\"image\":{\"@id\":\"https:\\\/\\\/kvg-bus.de\\\/cuxhaven\\\/kontakt\\\/#primaryimage\"},\"thumbnailUrl\":\"https:\\\/\\\/kvg-bus.de\\\/cuxhaven\\\/wp-content\\\/uploads\\\/sites\\\/14\\\/header_fuer_den_fahrgast.png\",\"datePublished\":\"2022-12-12T15:01:17+00:00\",\"dateModified\":\"2026-01-06T15:23:56+00:00\",\"breadcrumb\":{\"@id\":\"https:\\\/\\\/kvg-bus.de\\\/cuxhaven\\\/kontakt\\\/#breadcrumb\"},\"inLanguage\":\"pl-PL\",\"potentialAction\":[{\"@type\":\"ReadAction\",\"target\":[\"https:\\\/\\\/kvg-bus.de\\\/cuxhaven\\\/kontakt\\\/\"]}]},{\"@type\":\"ImageObject\",\"inLanguage\":\"pl-PL\",\"@id\":\"https:\\\/\\\/kvg-bus.de\\\/cuxhaven\\\/kontakt\\\/#primaryimage\",\"url\":\"https:\\\/\\\/kvg-bus.de\\\/cuxhaven\\\/wp-content\\\/uploads\\\/sites\\\/14\\\/header_fuer_den_fahrgast.png\",\"contentUrl\":\"https:\\\/\\\/kvg-bus.de\\\/cuxhaven\\\/wp-content\\\/uploads\\\/sites\\\/14\\\/header_fuer_den_fahrgast.png\"},{\"@type\":\"BreadcrumbList\",\"@id\":\"https:\\\/\\\/kvg-bus.de\\\/cuxhaven\\\/kontakt\\\/#breadcrumb\",\"itemListElement\":[{\"@type\":\"ListItem\",\"position\":1,\"name\":\"Startseite\",\"item\":\"https:\\\/\\\/kvg-bus.de\\\/cuxhaven\\\/\"},{\"@type\":\"ListItem\",\"position\":2,\"name\":\"Kontakt\"}]},{\"@type\":\"WebSite\",\"@id\":\"https:\\\/\\\/kvg-bus.de\\\/cuxhaven\\\/#website\",\"url\":\"https:\\\/\\\/kvg-bus.de\\\/cuxhaven\\\/\",\"name\":\"KVG Cuxhaven\",\"description\":\"\",\"publisher\":{\"@id\":\"https:\\\/\\\/kvg-bus.de\\\/cuxhaven\\\/#organization\"},\"potentialAction\":[{\"@type\":\"SearchAction\",\"target\":{\"@type\":\"EntryPoint\",\"urlTemplate\":\"https:\\\/\\\/kvg-bus.de\\\/cuxhaven\\\/?s={search_term_string}\"},\"query-input\":{\"@type\":\"PropertyValueSpecification\",\"valueRequired\":true,\"valueName\":\"search_term_string\"}}],\"inLanguage\":\"pl-PL\"},{\"@type\":\"Organization\",\"@id\":\"https:\\\/\\\/kvg-bus.de\\\/cuxhaven\\\/#organization\",\"name\":\"KVG Cuxhaven\",\"url\":\"https:\\\/\\\/kvg-bus.de\\\/cuxhaven\\\/\",\"logo\":{\"@type\":\"ImageObject\",\"inLanguage\":\"pl-PL\",\"@id\":\"https:\\\/\\\/kvg-bus.de\\\/cuxhaven\\\/#\\\/schema\\\/logo\\\/image\\\/\",\"url\":\"https:\\\/\\\/kvg-bus.de\\\/cuxhaven\\\/wp-content\\\/uploads\\\/sites\\\/14\\\/kvg_logo-1.svg\",\"contentUrl\":\"https:\\\/\\\/kvg-bus.de\\\/cuxhaven\\\/wp-content\\\/uploads\\\/sites\\\/14\\\/kvg_logo-1.svg\",\"caption\":\"KVG Cuxhaven\"},\"image\":{\"@id\":\"https:\\\/\\\/kvg-bus.de\\\/cuxhaven\\\/#\\\/schema\\\/logo\\\/image\\\/\"}}]}<\/script>\n<!-- \/ Yoast SEO plugin. -->","yoast_head_json":{"title":"Kontakt - KVG Cuxhaven","robots":{"index":"index","follow":"follow","max-snippet":"max-snippet:-1","max-image-preview":"max-image-preview:large","max-video-preview":"max-video-preview:-1"},"canonical":"https:\/\/kvg-bus.de\/cuxhaven\/kontakt\/","og_locale":"pl_PL","og_type":"article","og_title":"Kontakt - KVG Cuxhaven","og_description":"DEIN KONTAKT ZU UNS! Egal ob Anregung oder Lob &#8211; dein Feedback hilft uns den Busverkehr zu verbessern. Du kannst uns telefonisch oder per E-Mail erreichen.\u00a0Noch leichter macht es dir unser Kontaktformular, mit dem du uns schnell und unkompliziert dein Anliegen schildern kannst. ZUM KONTAKTFORMULAR So kannst du uns erreichen Kontaktformular info@kvg-bus.de 04721 7977-0 mo &#8211; do 7 &#8211; 17 Uhr | fr 7 &#8211; 15 Uhr","og_url":"https:\/\/kvg-bus.de\/cuxhaven\/kontakt\/","og_site_name":"KVG Cuxhaven","article_modified_time":"2026-01-06T15:23:56+00:00","twitter_card":"summary_large_image","twitter_misc":{"Szacowany czas czytania":"1 minuta"},"schema":{"@context":"https:\/\/schema.org","@graph":[{"@type":"WebPage","@id":"https:\/\/kvg-bus.de\/cuxhaven\/kontakt\/","url":"https:\/\/kvg-bus.de\/cuxhaven\/kontakt\/","name":"Kontakt - KVG Cuxhaven","isPartOf":{"@id":"https:\/\/kvg-bus.de\/cuxhaven\/#website"},"primaryImageOfPage":{"@id":"https:\/\/kvg-bus.de\/cuxhaven\/kontakt\/#primaryimage"},"image":{"@id":"https:\/\/kvg-bus.de\/cuxhaven\/kontakt\/#primaryimage"},"thumbnailUrl":"https:\/\/kvg-bus.de\/cuxhaven\/wp-content\/uploads\/sites\/14\/header_fuer_den_fahrgast.png","datePublished":"2022-12-12T15:01:17+00:00","dateModified":"2026-01-06T15:23:56+00:00","breadcrumb":{"@id":"https:\/\/kvg-bus.de\/cuxhaven\/kontakt\/#breadcrumb"},"inLanguage":"pl-PL","potentialAction":[{"@type":"ReadAction","target":["https:\/\/kvg-bus.de\/cuxhaven\/kontakt\/"]}]},{"@type":"ImageObject","inLanguage":"pl-PL","@id":"https:\/\/kvg-bus.de\/cuxhaven\/kontakt\/#primaryimage","url":"https:\/\/kvg-bus.de\/cuxhaven\/wp-content\/uploads\/sites\/14\/header_fuer_den_fahrgast.png","contentUrl":"https:\/\/kvg-bus.de\/cuxhaven\/wp-content\/uploads\/sites\/14\/header_fuer_den_fahrgast.png"},{"@type":"BreadcrumbList","@id":"https:\/\/kvg-bus.de\/cuxhaven\/kontakt\/#breadcrumb","itemListElement":[{"@type":"ListItem","position":1,"name":"Startseite","item":"https:\/\/kvg-bus.de\/cuxhaven\/"},{"@type":"ListItem","position":2,"name":"Kontakt"}]},{"@type":"WebSite","@id":"https:\/\/kvg-bus.de\/cuxhaven\/#website","url":"https:\/\/kvg-bus.de\/cuxhaven\/","name":"KVG Cuxhaven","description":"","publisher":{"@id":"https:\/\/kvg-bus.de\/cuxhaven\/#organization"},"potentialAction":[{"@type":"SearchAction","target":{"@type":"EntryPoint","urlTemplate":"https:\/\/kvg-bus.de\/cuxhaven\/?s={search_term_string}"},"query-input":{"@type":"PropertyValueSpecification","valueRequired":true,"valueName":"search_term_string"}}],"inLanguage":"pl-PL"},{"@type":"Organization","@id":"https:\/\/kvg-bus.de\/cuxhaven\/#organization","name":"KVG Cuxhaven","url":"https:\/\/kvg-bus.de\/cuxhaven\/","logo":{"@type":"ImageObject","inLanguage":"pl-PL","@id":"https:\/\/kvg-bus.de\/cuxhaven\/#\/schema\/logo\/image\/","url":"https:\/\/kvg-bus.de\/cuxhaven\/wp-content\/uploads\/sites\/14\/kvg_logo-1.svg","contentUrl":"https:\/\/kvg-bus.de\/cuxhaven\/wp-content\/uploads\/sites\/14\/kvg_logo-1.svg","caption":"KVG Cuxhaven"},"image":{"@id":"https:\/\/kvg-bus.de\/cuxhaven\/#\/schema\/logo\/image\/"}}]}},"_links":{"self":[{"href":"https:\/\/kvg-bus.de\/cuxhaven\/pl\/wp-json\/wp\/v2\/pages\/5","targetHints":{"allow":["GET"]}}],"collection":[{"href":"https:\/\/kvg-bus.de\/cuxhaven\/pl\/wp-json\/wp\/v2\/pages"}],"about":[{"href":"https:\/\/kvg-bus.de\/cuxhaven\/pl\/wp-json\/wp\/v2\/types\/page"}],"author":[{"embeddable":true,"href":"https:\/\/kvg-bus.de\/cuxhaven\/pl\/wp-json\/wp\/v2\/users\/1"}],"replies":[{"embeddable":true,"href":"https:\/\/kvg-bus.de\/cuxhaven\/pl\/wp-json\/wp\/v2\/comments?post=5"}],"version-history":[{"count":0,"href":"https:\/\/kvg-bus.de\/cuxhaven\/pl\/wp-json\/wp\/v2\/pages\/5\/revisions"}],"wp:featuredmedia":[{"embeddable":true,"href":"https:\/\/kvg-bus.de\/cuxhaven\/pl\/wp-json\/"}],"wp:attachment":[{"href":"https:\/\/kvg-bus.de\/cuxhaven\/pl\/wp-json\/wp\/v2\/media?parent=5"}],"curies":[{"name":"wp","href":"https:\/\/api.w.org\/{rel}","templated":true}]}}