{"id":662,"date":"2024-01-23T11:39:14","date_gmt":"2024-01-23T10:39:14","guid":{"rendered":"https:\/\/kvg-bus.de\/cuxhaven\/?page_id=662"},"modified":"2024-04-04T16:16:29","modified_gmt":"2024-04-04T14:16:29","slug":"aplicacion-rapida-en-60-segundos","status":"publish","type":"page","link":"https:\/\/kvg-bus.de\/cuxhaven\/es\/jobs-und-karriere\/60-sekunden-schnellbewerbung\/","title":{"rendered":"Aplicaci\u00f3n r\u00e1pida en 60 segundos"},"content":{"rendered":"<div data-elementor-type=\"wp-page\" data-elementor-id=\"662\" class=\"elementor elementor-662\" data-elementor-post-type=\"page\">\n\t\t\t\t\t\t<section class=\"elementor-section elementor-top-section elementor-element elementor-element-039ec69 margin-left-0 elementor-section-boxed elementor-section-height-default elementor-section-height-default wpr-particle-no wpr-jarallax-no wpr-parallax-no wpr-sticky-section-no wpr-equal-height-no\" data-id=\"039ec69\" data-element_type=\"section\" data-e-type=\"section\">\n\t\t\t\t\t\t<div class=\"elementor-container elementor-column-gap-default\">\n\t\t\t\t\t<div class=\"elementor-column elementor-col-50 elementor-top-column elementor-element elementor-element-f8127bd\" data-id=\"f8127bd\" data-element_type=\"column\" data-e-type=\"column\">\n\t\t\t<div class=\"elementor-widget-wrap elementor-element-populated\">\n\t\t\t\t\t\t<div class=\"elementor-element elementor-element-6a77178 elementor-widget elementor-widget-heading\" data-id=\"6a77178\" data-element_type=\"widget\" data-e-type=\"widget\" data-widget_type=\"heading.default\">\n\t\t\t\t<div class=\"elementor-widget-container\">\n\t\t\t\t\t<h2 class=\"elementor-heading-title elementor-size-default\">Aplicaci\u00f3n r\u00e1pida<\/h2>\t\t\t\t<\/div>\n\t\t\t\t<\/div>\n\t\t\t\t<div class=\"elementor-element elementor-element-ce60d5d elementor-widget elementor-widget-text-editor\" data-id=\"ce60d5d\" data-element_type=\"widget\" data-e-type=\"widget\" data-widget_type=\"text-editor.default\">\n\t\t\t\t<div class=\"elementor-widget-container\">\n\t\t\t\t\t\t\t\t\t<p class=\"fussnote\">P\u00f3ngase en contacto con nosotros en menos de 60 segundos, sin largas cartas de presentaci\u00f3n ni curr\u00edculos. Nos pondremos en contacto con usted.<\/p>\t\t\t\t\t\t\t\t<\/div>\n\t\t\t\t<\/div>\n\t\t\t\t<div class=\"elementor-element elementor-element-64f2aab elementor-widget elementor-widget-text-editor\" data-id=\"64f2aab\" data-element_type=\"widget\" data-e-type=\"widget\" data-widget_type=\"text-editor.default\">\n\t\t\t\t<div class=\"elementor-widget-container\">\n\t\t\t\t\t\t\t\t\t<p><strong>He enviado una solicitud, pero no he recibido respuesta ni comentarios: \u00bfQu\u00e9 debo hacer ahora?<\/strong><\/p><p>Escr\u00edbanos un correo electr\u00f3nico a <a href=\"mailto:bewerbung@cebus-celle.de\">bewerbung@cebus-celle.de<\/a><\/p>\t\t\t\t\t\t\t\t<\/div>\n\t\t\t\t<\/div>\n\t\t\t\t\t<\/div>\n\t\t<\/div>\n\t\t\t\t<div class=\"elementor-column elementor-col-50 elementor-top-column elementor-element elementor-element-8b8cfe7\" data-id=\"8b8cfe7\" data-element_type=\"column\" data-e-type=\"column\">\n\t\t\t<div class=\"elementor-widget-wrap\">\n\t\t\t\t\t\t\t<\/div>\n\t\t<\/div>\n\t\t\t\t\t<\/div>\n\t\t<\/section>\n\t\t\t\t<section class=\"elementor-section elementor-top-section elementor-element elementor-element-6f64fa4 elementor-section-boxed elementor-section-height-default elementor-section-height-default wpr-particle-no wpr-jarallax-no wpr-parallax-no wpr-sticky-section-no wpr-equal-height-no\" data-id=\"6f64fa4\" data-element_type=\"section\" data-e-type=\"section\">\n\t\t\t\t\t\t<div class=\"elementor-container elementor-column-gap-default\">\n\t\t\t\t\t<div class=\"elementor-column elementor-col-100 elementor-top-column elementor-element elementor-element-8ce22f1\" data-id=\"8ce22f1\" data-element_type=\"column\" data-e-type=\"column\">\n\t\t\t<div class=\"elementor-widget-wrap elementor-element-populated\">\n\t\t\t\t\t\t<div class=\"elementor-element elementor-element-5a8c132 elementor-widget elementor-widget-spacer\" data-id=\"5a8c132\" data-element_type=\"widget\" data-e-type=\"widget\" data-widget_type=\"spacer.default\">\n\t\t\t\t<div class=\"elementor-widget-container\">\n\t\t\t\t\t\t\t<div class=\"elementor-spacer\">\n\t\t\t<div class=\"elementor-spacer-inner\"><\/div>\n\t\t<\/div>\n\t\t\t\t\t\t<\/div>\n\t\t\t\t<\/div>\n\t\t\t\t\t<\/div>\n\t\t<\/div>\n\t\t\t\t\t<\/div>\n\t\t<\/section>\n\t\t\t\t<section class=\"elementor-section elementor-top-section elementor-element elementor-element-6ec27f2 margin-left-0 elementor-section-boxed elementor-section-height-default elementor-section-height-default wpr-particle-no wpr-jarallax-no wpr-parallax-no wpr-sticky-section-no wpr-equal-height-no\" data-id=\"6ec27f2\" data-element_type=\"section\" data-e-type=\"section\">\n\t\t\t\t\t\t<div class=\"elementor-container elementor-column-gap-default\">\n\t\t\t\t\t<div class=\"elementor-column elementor-col-50 elementor-top-column elementor-element elementor-element-fad2bbb\" data-id=\"fad2bbb\" data-element_type=\"column\" data-e-type=\"column\">\n\t\t\t<div class=\"elementor-widget-wrap elementor-element-populated\">\n\t\t\t\t\t\t<div class=\"elementor-element elementor-element-774dc5c elementor-widget elementor-widget-heading\" data-id=\"774dc5c\" data-element_type=\"widget\" data-e-type=\"widget\" data-widget_type=\"heading.default\">\n\t\t\t\t<div class=\"elementor-widget-container\">\n\t\t\t\t\t<h3 class=\"elementor-heading-title elementor-size-default\">Aplicaci\u00f3n r\u00e1pida en 60 segundos<\/h3>\t\t\t\t<\/div>\n\t\t\t\t<\/div>\n\t\t\t\t\t<\/div>\n\t\t<\/div>\n\t\t\t\t<div class=\"elementor-column elementor-col-50 elementor-top-column elementor-element elementor-element-457debc\" data-id=\"457debc\" data-element_type=\"column\" data-e-type=\"column\">\n\t\t\t<div class=\"elementor-widget-wrap\">\n\t\t\t\t\t\t\t<\/div>\n\t\t<\/div>\n\t\t\t\t\t<\/div>\n\t\t<\/section>\n\t\t\t\t<\/div>","protected":false},"excerpt":{"rendered":"<p>Solicitud r\u00e1pida P\u00f3ngase en contacto con nosotros en menos de 60 segundos, sin largas cartas de solicitud ni curr\u00edculos. Nos pondremos en contacto con usted. Ha enviado su solicitud pero no ha recibido respuesta ni comentarios: \u00bfQu\u00e9 hacer ahora? Env\u00edenos un correo electr\u00f3nico a: bewerbung@cebus-celle.de Solicitud r\u00e1pida en 60 segundos Apellidos(obligatorio) Nombre Apellidos Correo electr\u00f3nico(obligatorio) Tel\u00e9fono(obligatorio)Permiso de conducir(obligatorio)Clase BCClase C \/ CClase D \/ DEI no tengo permiso de conducirSu mensaje para nosotros \u00bfC\u00f3mo nos ha conocido?(obligatorio) Peri\u00f3dico P\u00f3ster Adhesivo trasero (autob\u00fas) Publicidad en autob\u00fas (adhesivo completo) Adhesivo en el suelo Publicidad en el remolque Banderola en la valla Redes sociales (Instagram, Facebook) Publicidad online P\u00e1gina web Bolsa de trabajo \/ bolsa de empleo Feria \/ evento Recomendaci\u00f3n de un empleado Amigos, conocidos Otros Protecci\u00f3n de datos(obligatorio) He le\u00eddo la pol\u00edtica de privacidad y doy mi consentimiento para el tratamiento de mis datos personales. Almacenamiento de datos Acepto que mis datos tambi\u00e9n se almacenen y procesen para otros puestos adecuados en la reserva de talentos del grupo de empresas hasta nuevo aviso. CAPTCHA<\/p>","protected":false},"author":2,"featured_media":63,"parent":259,"menu_order":53,"comment_status":"closed","ping_status":"closed","template":"","meta":{"footnotes":""},"class_list":["post-662","page","type-page","status-publish","has-post-thumbnail","hentry"],"yoast_head":"<!-- This site is optimized with the Yoast SEO plugin v27.4 - https:\/\/yoast.com\/product\/yoast-seo-wordpress\/ -->\n<title>60-Sekunden-Schnellbewerbung - KVG Cuxhaven<\/title>\n<meta name=\"robots\" content=\"index, follow, max-snippet:-1, max-image-preview:large, max-video-preview:-1\" \/>\n<link rel=\"canonical\" href=\"https:\/\/kvg-bus.de\/cuxhaven\/empleos-y-carreras\/aplicacion-rapida-en-60-segundos\/\" \/>\n<meta property=\"og:locale\" content=\"es_ES\" \/>\n<meta property=\"og:type\" content=\"article\" \/>\n<meta property=\"og:title\" content=\"60-Sekunden-Schnellbewerbung - KVG Cuxhaven\" \/>\n<meta property=\"og:description\" content=\"Schnellbewerbung Kontakt aufnehmen in unter 60 Sekunden &#8211; ganz ohne langes Bewerbungsschreiben und Lebenslauf. Wir melden uns bei dir! Bewerbung versendet, aber keine Antwort oder R\u00fcckmeldung erhalten: Was jetzt tun? Schreib uns eine E-Mail an: bewerbung@cebus-celle.de 60-Sekunden-Schnellbewerbung Name(erforderlich) Vorname Nachname E-Mail(erforderlich) Telefon(erforderlich)F\u00fchrerschein(erforderlich)Klasse BKlasse C \/ CEKlasse D \/ DEIch besitze keinen F\u00fchrerschein.Deine Nachricht an uns Wie bist Du auf uns aufmerksam geworden?(erforderlich) Zeitung Plakat Heckaufkleber (Bus) Buswerbung (Vollbeklebung) Bodenaufkleber Anh\u00e4ngerwerbung Zaunbanner Social Media (Instagram, Facebook) Online-Werbung Website Jobb\u00f6rse \/ Stellenb\u00f6rse Messe \/ Veranstaltung Mitarbeiterempfehlung Freunde, Bekannte Sonstiges Datenschutz(erforderlich) Ich habe die Datenschutzerkl\u00e4rung gelesen und willige in die Verarbeitung meiner personenbezogenen Daten ein. Datenspeicherung Ich willige ein, dass meine Daten bis auf Widerruf auch f\u00fcr weitere auf mich passende Stellen im Talentpool der Unternehmensgruppe gespeichert und verarbeitet werden d\u00fcrfen. CAPTCHA\" \/>\n<meta property=\"og:url\" content=\"https:\/\/kvg-bus.de\/cuxhaven\/empleos-y-carreras\/aplicacion-rapida-en-60-segundos\/\" \/>\n<meta property=\"og:site_name\" content=\"KVG Cuxhaven\" \/>\n<meta property=\"article:modified_time\" content=\"2024-04-04T14:16:29+00:00\" \/>\n<meta property=\"og:image\" content=\"https:\/\/kvg-bus.de\/cuxhaven\/wp-content\/uploads\/sites\/15\/page-teaser.png\" \/>\n\t<meta property=\"og:image:width\" content=\"1920\" \/>\n\t<meta property=\"og:image:height\" content=\"758\" \/>\n\t<meta property=\"og:image:type\" content=\"image\/png\" \/>\n<meta name=\"twitter:card\" content=\"summary_large_image\" \/>\n<meta name=\"twitter:label1\" content=\"Tiempo de lectura\" \/>\n\t<meta name=\"twitter:data1\" content=\"3 minutos\" \/>\n<script type=\"application\/ld+json\" class=\"yoast-schema-graph\">{\"@context\":\"https:\\\/\\\/schema.org\",\"@graph\":[{\"@type\":\"WebPage\",\"@id\":\"https:\\\/\\\/kvg-bus.de\\\/cuxhaven\\\/jobs-und-karriere\\\/60-sekunden-schnellbewerbung\\\/\",\"url\":\"https:\\\/\\\/kvg-bus.de\\\/cuxhaven\\\/jobs-und-karriere\\\/60-sekunden-schnellbewerbung\\\/\",\"name\":\"60-Sekunden-Schnellbewerbung - KVG Cuxhaven\",\"isPartOf\":{\"@id\":\"https:\\\/\\\/kvg-bus.de\\\/cuxhaven\\\/#website\"},\"primaryImageOfPage\":{\"@id\":\"https:\\\/\\\/kvg-bus.de\\\/cuxhaven\\\/jobs-und-karriere\\\/60-sekunden-schnellbewerbung\\\/#primaryimage\"},\"image\":{\"@id\":\"https:\\\/\\\/kvg-bus.de\\\/cuxhaven\\\/jobs-und-karriere\\\/60-sekunden-schnellbewerbung\\\/#primaryimage\"},\"thumbnailUrl\":\"https:\\\/\\\/kvg-bus.de\\\/cuxhaven\\\/wp-content\\\/uploads\\\/sites\\\/14\\\/page-teaser.png\",\"datePublished\":\"2024-01-23T10:39:14+00:00\",\"dateModified\":\"2024-04-04T14:16:29+00:00\",\"breadcrumb\":{\"@id\":\"https:\\\/\\\/kvg-bus.de\\\/cuxhaven\\\/jobs-und-karriere\\\/60-sekunden-schnellbewerbung\\\/#breadcrumb\"},\"inLanguage\":\"es\",\"potentialAction\":[{\"@type\":\"ReadAction\",\"target\":[\"https:\\\/\\\/kvg-bus.de\\\/cuxhaven\\\/jobs-und-karriere\\\/60-sekunden-schnellbewerbung\\\/\"]}]},{\"@type\":\"ImageObject\",\"inLanguage\":\"es\",\"@id\":\"https:\\\/\\\/kvg-bus.de\\\/cuxhaven\\\/jobs-und-karriere\\\/60-sekunden-schnellbewerbung\\\/#primaryimage\",\"url\":\"https:\\\/\\\/kvg-bus.de\\\/cuxhaven\\\/wp-content\\\/uploads\\\/sites\\\/14\\\/page-teaser.png\",\"contentUrl\":\"https:\\\/\\\/kvg-bus.de\\\/cuxhaven\\\/wp-content\\\/uploads\\\/sites\\\/14\\\/page-teaser.png\",\"width\":1920,\"height\":758},{\"@type\":\"BreadcrumbList\",\"@id\":\"https:\\\/\\\/kvg-bus.de\\\/cuxhaven\\\/jobs-und-karriere\\\/60-sekunden-schnellbewerbung\\\/#breadcrumb\",\"itemListElement\":[{\"@type\":\"ListItem\",\"position\":1,\"name\":\"Startseite\",\"item\":\"https:\\\/\\\/kvg-bus.de\\\/cuxhaven\\\/\"},{\"@type\":\"ListItem\",\"position\":2,\"name\":\"Jobs &#038; Karriere\",\"item\":\"https:\\\/\\\/kvg-bus.de\\\/cuxhaven\\\/jobs-und-karriere\\\/\"},{\"@type\":\"ListItem\",\"position\":3,\"name\":\"60-Sekunden-Schnellbewerbung\"}]},{\"@type\":\"WebSite\",\"@id\":\"https:\\\/\\\/kvg-bus.de\\\/cuxhaven\\\/#website\",\"url\":\"https:\\\/\\\/kvg-bus.de\\\/cuxhaven\\\/\",\"name\":\"KVG Cuxhaven\",\"description\":\"\",\"publisher\":{\"@id\":\"https:\\\/\\\/kvg-bus.de\\\/cuxhaven\\\/#organization\"},\"potentialAction\":[{\"@type\":\"SearchAction\",\"target\":{\"@type\":\"EntryPoint\",\"urlTemplate\":\"https:\\\/\\\/kvg-bus.de\\\/cuxhaven\\\/?s={search_term_string}\"},\"query-input\":{\"@type\":\"PropertyValueSpecification\",\"valueRequired\":true,\"valueName\":\"search_term_string\"}}],\"inLanguage\":\"es\"},{\"@type\":\"Organization\",\"@id\":\"https:\\\/\\\/kvg-bus.de\\\/cuxhaven\\\/#organization\",\"name\":\"KVG Cuxhaven\",\"url\":\"https:\\\/\\\/kvg-bus.de\\\/cuxhaven\\\/\",\"logo\":{\"@type\":\"ImageObject\",\"inLanguage\":\"es\",\"@id\":\"https:\\\/\\\/kvg-bus.de\\\/cuxhaven\\\/#\\\/schema\\\/logo\\\/image\\\/\",\"url\":\"https:\\\/\\\/kvg-bus.de\\\/cuxhaven\\\/wp-content\\\/uploads\\\/sites\\\/14\\\/kvg_logo-1.svg\",\"contentUrl\":\"https:\\\/\\\/kvg-bus.de\\\/cuxhaven\\\/wp-content\\\/uploads\\\/sites\\\/14\\\/kvg_logo-1.svg\",\"caption\":\"KVG Cuxhaven\"},\"image\":{\"@id\":\"https:\\\/\\\/kvg-bus.de\\\/cuxhaven\\\/#\\\/schema\\\/logo\\\/image\\\/\"}}]}<\/script>\n<!-- \/ Yoast SEO plugin. -->","yoast_head_json":{"title":"Aplicaci\u00f3n r\u00e1pida en 60 segundos - KVG Cuxhaven","robots":{"index":"index","follow":"follow","max-snippet":"max-snippet:-1","max-image-preview":"max-image-preview:large","max-video-preview":"max-video-preview:-1"},"canonical":"https:\/\/kvg-bus.de\/cuxhaven\/empleos-y-carreras\/aplicacion-rapida-en-60-segundos\/","og_locale":"es_ES","og_type":"article","og_title":"60-Sekunden-Schnellbewerbung - KVG Cuxhaven","og_description":"Schnellbewerbung Kontakt aufnehmen in unter 60 Sekunden &#8211; ganz ohne langes Bewerbungsschreiben und Lebenslauf. Wir melden uns bei dir! Bewerbung versendet, aber keine Antwort oder R\u00fcckmeldung erhalten: Was jetzt tun? Schreib uns eine E-Mail an: bewerbung@cebus-celle.de 60-Sekunden-Schnellbewerbung Name(erforderlich) Vorname Nachname E-Mail(erforderlich) Telefon(erforderlich)F\u00fchrerschein(erforderlich)Klasse BKlasse C \/ CEKlasse D \/ DEIch besitze keinen F\u00fchrerschein.Deine Nachricht an uns Wie bist Du auf uns aufmerksam geworden?(erforderlich) Zeitung Plakat Heckaufkleber (Bus) Buswerbung (Vollbeklebung) Bodenaufkleber Anh\u00e4ngerwerbung Zaunbanner Social Media (Instagram, Facebook) Online-Werbung Website Jobb\u00f6rse \/ Stellenb\u00f6rse Messe \/ Veranstaltung Mitarbeiterempfehlung Freunde, Bekannte Sonstiges Datenschutz(erforderlich) Ich habe die Datenschutzerkl\u00e4rung gelesen und willige in die Verarbeitung meiner personenbezogenen Daten ein. Datenspeicherung Ich willige ein, dass meine Daten bis auf Widerruf auch f\u00fcr weitere auf mich passende Stellen im Talentpool der Unternehmensgruppe gespeichert und verarbeitet werden d\u00fcrfen. CAPTCHA","og_url":"https:\/\/kvg-bus.de\/cuxhaven\/empleos-y-carreras\/aplicacion-rapida-en-60-segundos\/","og_site_name":"KVG Cuxhaven","article_modified_time":"2024-04-04T14:16:29+00:00","og_image":[{"width":1920,"height":758,"url":"https:\/\/kvg-bus.de\/cuxhaven\/wp-content\/uploads\/sites\/15\/page-teaser.png","type":"image\/png"}],"twitter_card":"summary_large_image","twitter_misc":{"Tiempo de lectura":"3 minutos"},"schema":{"@context":"https:\/\/schema.org","@graph":[{"@type":"WebPage","@id":"https:\/\/kvg-bus.de\/cuxhaven\/jobs-und-karriere\/60-sekunden-schnellbewerbung\/","url":"https:\/\/kvg-bus.de\/cuxhaven\/jobs-und-karriere\/60-sekunden-schnellbewerbung\/","name":"Aplicaci\u00f3n r\u00e1pida en 60 segundos - KVG Cuxhaven","isPartOf":{"@id":"https:\/\/kvg-bus.de\/cuxhaven\/#website"},"primaryImageOfPage":{"@id":"https:\/\/kvg-bus.de\/cuxhaven\/jobs-und-karriere\/60-sekunden-schnellbewerbung\/#primaryimage"},"image":{"@id":"https:\/\/kvg-bus.de\/cuxhaven\/jobs-und-karriere\/60-sekunden-schnellbewerbung\/#primaryimage"},"thumbnailUrl":"https:\/\/kvg-bus.de\/cuxhaven\/wp-content\/uploads\/sites\/14\/page-teaser.png","datePublished":"2024-01-23T10:39:14+00:00","dateModified":"2024-04-04T14:16:29+00:00","breadcrumb":{"@id":"https:\/\/kvg-bus.de\/cuxhaven\/jobs-und-karriere\/60-sekunden-schnellbewerbung\/#breadcrumb"},"inLanguage":"es","potentialAction":[{"@type":"ReadAction","target":["https:\/\/kvg-bus.de\/cuxhaven\/jobs-und-karriere\/60-sekunden-schnellbewerbung\/"]}]},{"@type":"ImageObject","inLanguage":"es","@id":"https:\/\/kvg-bus.de\/cuxhaven\/jobs-und-karriere\/60-sekunden-schnellbewerbung\/#primaryimage","url":"https:\/\/kvg-bus.de\/cuxhaven\/wp-content\/uploads\/sites\/14\/page-teaser.png","contentUrl":"https:\/\/kvg-bus.de\/cuxhaven\/wp-content\/uploads\/sites\/14\/page-teaser.png","width":1920,"height":758},{"@type":"BreadcrumbList","@id":"https:\/\/kvg-bus.de\/cuxhaven\/jobs-und-karriere\/60-sekunden-schnellbewerbung\/#breadcrumb","itemListElement":[{"@type":"ListItem","position":1,"name":"Startseite","item":"https:\/\/kvg-bus.de\/cuxhaven\/"},{"@type":"ListItem","position":2,"name":"Jobs &#038; Karriere","item":"https:\/\/kvg-bus.de\/cuxhaven\/jobs-und-karriere\/"},{"@type":"ListItem","position":3,"name":"60-Sekunden-Schnellbewerbung"}]},{"@type":"WebSite","@id":"https:\/\/kvg-bus.de\/cuxhaven\/#website","url":"https:\/\/kvg-bus.de\/cuxhaven\/","name":"KVG Cuxhaven","description":"","publisher":{"@id":"https:\/\/kvg-bus.de\/cuxhaven\/#organization"},"potentialAction":[{"@type":"SearchAction","target":{"@type":"EntryPoint","urlTemplate":"https:\/\/kvg-bus.de\/cuxhaven\/?s={search_term_string}"},"query-input":{"@type":"PropertyValueSpecification","valueRequired":true,"valueName":"search_term_string"}}],"inLanguage":"es"},{"@type":"Organization","@id":"https:\/\/kvg-bus.de\/cuxhaven\/#organization","name":"KVG Cuxhaven","url":"https:\/\/kvg-bus.de\/cuxhaven\/","logo":{"@type":"ImageObject","inLanguage":"es","@id":"https:\/\/kvg-bus.de\/cuxhaven\/#\/schema\/logo\/image\/","url":"https:\/\/kvg-bus.de\/cuxhaven\/wp-content\/uploads\/sites\/14\/kvg_logo-1.svg","contentUrl":"https:\/\/kvg-bus.de\/cuxhaven\/wp-content\/uploads\/sites\/14\/kvg_logo-1.svg","caption":"KVG Cuxhaven"},"image":{"@id":"https:\/\/kvg-bus.de\/cuxhaven\/#\/schema\/logo\/image\/"}}]}},"_links":{"self":[{"href":"https:\/\/kvg-bus.de\/cuxhaven\/es\/wp-json\/wp\/v2\/pages\/662","targetHints":{"allow":["GET"]}}],"collection":[{"href":"https:\/\/kvg-bus.de\/cuxhaven\/es\/wp-json\/wp\/v2\/pages"}],"about":[{"href":"https:\/\/kvg-bus.de\/cuxhaven\/es\/wp-json\/wp\/v2\/types\/page"}],"author":[{"embeddable":true,"href":"https:\/\/kvg-bus.de\/cuxhaven\/es\/wp-json\/wp\/v2\/users\/2"}],"replies":[{"embeddable":true,"href":"https:\/\/kvg-bus.de\/cuxhaven\/es\/wp-json\/wp\/v2\/comments?post=662"}],"version-history":[{"count":0,"href":"https:\/\/kvg-bus.de\/cuxhaven\/es\/wp-json\/wp\/v2\/pages\/662\/revisions"}],"up":[{"embeddable":true,"href":"https:\/\/kvg-bus.de\/cuxhaven\/es\/wp-json\/wp\/v2\/pages\/259"}],"wp:featuredmedia":[{"embeddable":true,"href":"https:\/\/kvg-bus.de\/cuxhaven\/es\/wp-json\/wp\/v2\/media\/63"}],"wp:attachment":[{"href":"https:\/\/kvg-bus.de\/cuxhaven\/es\/wp-json\/wp\/v2\/media?parent=662"}],"curies":[{"name":"wp","href":"https:\/\/api.w.org\/{rel}","templated":true}]}}