{"id":302,"date":"2023-06-22T13:28:05","date_gmt":"2023-06-22T11:28:05","guid":{"rendered":"https:\/\/kvg-bus.de\/cuxhaven\/?page_id=302"},"modified":"2024-04-04T16:17:05","modified_gmt":"2024-04-04T14:17:05","slug":"online-application","status":"publish","type":"page","link":"https:\/\/kvg-bus.de\/cuxhaven\/en\/jobs-und-karriere\/online-bewerbung\/","title":{"rendered":"APPLY NOW!"},"content":{"rendered":"<div data-elementor-type=\"wp-page\" data-elementor-id=\"302\" class=\"elementor elementor-302\" data-elementor-post-type=\"page\">\n\t\t\t\t\t\t<section class=\"elementor-section elementor-top-section elementor-element elementor-element-039ec69 margin-left-0 elementor-section-boxed elementor-section-height-default elementor-section-height-default wpr-particle-no wpr-jarallax-no wpr-parallax-no wpr-sticky-section-no wpr-equal-height-no\" data-id=\"039ec69\" data-element_type=\"section\" data-e-type=\"section\">\n\t\t\t\t\t\t<div class=\"elementor-container elementor-column-gap-default\">\n\t\t\t\t\t<div class=\"elementor-column elementor-col-50 elementor-top-column elementor-element elementor-element-f8127bd\" data-id=\"f8127bd\" data-element_type=\"column\" data-e-type=\"column\">\n\t\t\t<div class=\"elementor-widget-wrap elementor-element-populated\">\n\t\t\t\t\t\t<div class=\"elementor-element elementor-element-6a77178 elementor-widget elementor-widget-heading\" data-id=\"6a77178\" data-element_type=\"widget\" data-e-type=\"widget\" data-widget_type=\"heading.default\">\n\t\t\t\t<div class=\"elementor-widget-container\">\n\t\t\t\t\t<h2 class=\"elementor-heading-title elementor-size-default\">Apply now<\/h2>\t\t\t\t<\/div>\n\t\t\t\t<\/div>\n\t\t\t\t<div class=\"elementor-element elementor-element-ce60d5d elementor-widget elementor-widget-text-editor\" data-id=\"ce60d5d\" data-element_type=\"widget\" data-e-type=\"widget\" data-widget_type=\"text-editor.default\">\n\t\t\t\t<div class=\"elementor-widget-container\">\n\t\t\t\t\t\t\t\t\t<p><strong>YOUR APPLICATION<\/strong><\/p>\t\t\t\t\t\t\t\t<\/div>\n\t\t\t\t<\/div>\n\t\t\t\t<div class=\"elementor-element elementor-element-64f2aab elementor-widget elementor-widget-text-editor\" data-id=\"64f2aab\" data-element_type=\"widget\" data-e-type=\"widget\" data-widget_type=\"text-editor.default\">\n\t\t\t\t<div class=\"elementor-widget-container\">\n\t\t\t\t\t\t\t\t\t<p>Sent an application but received no reply or feedback: What should I do now?<\/p><p>Write us an e-mail to: <a href=\"mailto:bewerbung@cebus-celle.de\">bewerbung@cebus-celle.de<\/a><\/p>\t\t\t\t\t\t\t\t<\/div>\n\t\t\t\t<\/div>\n\t\t\t\t\t<\/div>\n\t\t<\/div>\n\t\t\t\t<div class=\"elementor-column elementor-col-50 elementor-top-column elementor-element elementor-element-8b8cfe7\" data-id=\"8b8cfe7\" data-element_type=\"column\" data-e-type=\"column\">\n\t\t\t<div class=\"elementor-widget-wrap\">\n\t\t\t\t\t\t\t<\/div>\n\t\t<\/div>\n\t\t\t\t\t<\/div>\n\t\t<\/section>\n\t\t\t\t<section class=\"elementor-section elementor-top-section elementor-element elementor-element-6f64fa4 elementor-section-boxed elementor-section-height-default elementor-section-height-default wpr-particle-no wpr-jarallax-no wpr-parallax-no wpr-sticky-section-no wpr-equal-height-no\" data-id=\"6f64fa4\" data-element_type=\"section\" data-e-type=\"section\">\n\t\t\t\t\t\t<div class=\"elementor-container elementor-column-gap-default\">\n\t\t\t\t\t<div class=\"elementor-column elementor-col-100 elementor-top-column elementor-element elementor-element-8ce22f1\" data-id=\"8ce22f1\" data-element_type=\"column\" data-e-type=\"column\">\n\t\t\t<div class=\"elementor-widget-wrap elementor-element-populated\">\n\t\t\t\t\t\t<div class=\"elementor-element elementor-element-5a8c132 elementor-widget elementor-widget-spacer\" data-id=\"5a8c132\" data-element_type=\"widget\" data-e-type=\"widget\" data-widget_type=\"spacer.default\">\n\t\t\t\t<div class=\"elementor-widget-container\">\n\t\t\t\t\t\t\t<div class=\"elementor-spacer\">\n\t\t\t<div class=\"elementor-spacer-inner\"><\/div>\n\t\t<\/div>\n\t\t\t\t\t\t<\/div>\n\t\t\t\t<\/div>\n\t\t\t\t\t<\/div>\n\t\t<\/div>\n\t\t\t\t\t<\/div>\n\t\t<\/section>\n\t\t\t\t<section class=\"elementor-section elementor-top-section elementor-element elementor-element-6ec27f2 margin-left-0 elementor-section-boxed elementor-section-height-default elementor-section-height-default wpr-particle-no wpr-jarallax-no wpr-parallax-no wpr-sticky-section-no wpr-equal-height-no\" data-id=\"6ec27f2\" data-element_type=\"section\" data-e-type=\"section\">\n\t\t\t\t\t\t<div class=\"elementor-container elementor-column-gap-default\">\n\t\t\t\t\t<div class=\"elementor-column elementor-col-50 elementor-top-column elementor-element elementor-element-fad2bbb\" data-id=\"fad2bbb\" data-element_type=\"column\" data-e-type=\"column\">\n\t\t\t<div class=\"elementor-widget-wrap elementor-element-populated\">\n\t\t\t\t\t\t<div class=\"elementor-element elementor-element-774dc5c elementor-widget elementor-widget-heading\" data-id=\"774dc5c\" data-element_type=\"widget\" data-e-type=\"widget\" data-widget_type=\"heading.default\">\n\t\t\t\t<div class=\"elementor-widget-container\">\n\t\t\t\t\t<h3 class=\"elementor-heading-title elementor-size-default\">Online application form<\/h3>\t\t\t\t<\/div>\n\t\t\t\t<\/div>\n\t\t\t\t\t<\/div>\n\t\t<\/div>\n\t\t\t\t<div class=\"elementor-column elementor-col-50 elementor-top-column elementor-element elementor-element-457debc\" data-id=\"457debc\" data-element_type=\"column\" data-e-type=\"column\">\n\t\t\t<div class=\"elementor-widget-wrap\">\n\t\t\t\t\t\t\t<\/div>\n\t\t<\/div>\n\t\t\t\t\t<\/div>\n\t\t<\/section>\n\t\t\t\t<\/div>","protected":false},"excerpt":{"rendered":"<p>Apply now YOUR APPLICATION Sent your application, but received no reply or feedback: What to do now? Send us an e-mail to: SamoaAmerican Virgin IslandsAndorraAngolaAnguillaAntarcticaAntigua and BarbudaArgentinaArmeniaArubaAzerbaijanAustraliaBahamasBahrainBangladeshBarbadosBelgiumBelizeBeninBermudaBhutanBoliviaBosnia and HerzegovinaBotswanaBouvet IslandBrazilBritish Virgin IslandsBritish Indian Ocean TerritoryBrunei Indian OceanBrunei DarussalamBulgariaBurkina FasoBurundiCaymen IslandsChileChinaCook IslandsCosta RicaCura\u00e7aoC\u00f4te d'IvoireLaos Democratic People's RepublicDenmarkDjiboutiDominicaDominican RepublicEcuadorEl SalvadorEritreaEstoniaEswatiniFalkland IslandsFijiFinlandFranceFrench GuianaFranceFrench GuianaFrench PolynesiaFrench Southern and Antarctic TerritoriesFutuna (Wallis and Futuna)Faroe IslandsGabonGambiaGeorgiaGhanaGibraltarGrenadaGreeceGreat BritainGreenlandGuadeloupeGuamGuatemalaGuernseyGuineaGuinea-BissauGuyanaHaitiHeard and McDonaldIslandsHoly SeeHondurasHong KongIndiaIndonesiaIraqIranIrelandIsle of ManIsraelItalyJamaicaJapanJerseyJordanCambodiaCameroonCanadaCape VerdeCaribbean NetherlandsKazakhstanKenyaKyrgyzstanKiribatiCocos IslandsCongoCongo, Democratic Republic of theKorea Democratic People's Republic ofCroatiaCubaKuwaitLesothoLatviaLebanonLiberiaLibyaLiechtensteinLithuaniaLuxembourgMacauMadagascarMalawiMalaysiaMaldivesMaliMaltaMoroccoMarshall-IslandsMartiniqueMauritaniaMauritiusMayotteMexicoMicronesiaMoldovaMonacoMongoliaMontenegroMontserratMozambiqueMyanmarNamibiaNauruNepalNew CaledoniaNew ZealandNicaraguaNetherlandsNigerNigeriaNiueNorth MacedoniaNorfolk IslandNorwayNorthern Mariana IslandsOmanEast TimorPakistanPalauPalestine, PalauPalestinePanamaPapua New GuineaParaguayPeruPhilippinesPitcairn IslandsPolandPortugalPuerto RicoRwandaRomaniaRussian FederationR\u00e9unionSaint-Barth\u00e9lemySaint-Pierre and MiquelonSalomon IslandsZambiaSamoaSan MarinoSaudi ArabiaSwedenSenegalSerbiaSeychellesSierra LeoneZimbabweSingaporeSint MaartenSloveniaSlovakiaSomaliaSpainSri LankaSt. Helena, Ascension and Tristan da CunhaSt. Kitts and NevisSt. LuciaSt. MartinSt. Vincent and the GrenadinesSudanSurinamSvalbard and Jan MayenSyria, Arab RepublicS\u00e3o Tom\u00e9 and Pr\u00edncipeSouth AfricaSouth Georgia and the South Sandwich IslandsSouth KoreaSouth SudanTajikistanTaiwanTanzania, United Republic ofThailandTogoTokelauTongaTrinidad and TobagoCzech RepublicTunisiaTurkmenistanTurks and Caicos IslandsTuvaluTurkeyU.S.A.US Minor Outlying IslandsUgandaUkraineHungaryUruguayUsbekistanVanuatuVenezuelaUnited Arab EmiratesVietnamChristmas IslandBelarusWestern SaharaCentral African RepublicCyprusEgyptEquatorial GuineaEthiopia\u00c5land IslandsAustria Country Date of birth MM slash DD slash YYYY Contact E-Mail* Phone* Availability Starting date MM slash DD slash YYYY Please upload cover letter &amp; CV separately. Cover letterMax. File size: 32 MB. Alternatively: Compose cover letter Compose cover letterCV*Max. file size: 32 MB. File size: 32 MB. Other attachments (certificates, attestations, supporting documents...) Drag files here or select files Max. file size: 32 MB. File size: 32 MB, Max. files: 10. How did you hear about us? Newspaper Poster Rear sticker (bus) Floor sticker Trailer advertising Fence banner Social media (Instagram, Facebook...) Online advertising Website Job exchange \/ job board Trade fair \/ event Employee recommendation Friends \/ acquaintances Other Data protection* I have read the privacy policy and consent to the processing of my personal data. Data storage I agree that my data may be stored and processed for other suitable positions in the talent pool of the group of companies until further notice. CAPTCHA<\/p>","protected":false},"author":2,"featured_media":0,"parent":259,"menu_order":54,"comment_status":"closed","ping_status":"closed","template":"","meta":{"footnotes":""},"class_list":["post-302","page","type-page","status-publish","hentry"],"yoast_head":"<!-- This site is optimized with the Yoast SEO plugin v27.4 - https:\/\/yoast.com\/product\/yoast-seo-wordpress\/ -->\n<title>JETZT BEWERBEN! - KVG Cuxhaven<\/title>\n<meta name=\"robots\" content=\"index, follow, max-snippet:-1, max-image-preview:large, max-video-preview:-1\" \/>\n<link rel=\"canonical\" href=\"https:\/\/kvg-bus.de\/cuxhaven\/jobs-and-careers\/online-application\/\" \/>\n<meta property=\"og:locale\" content=\"en_GB\" \/>\n<meta property=\"og:type\" content=\"article\" \/>\n<meta property=\"og:title\" content=\"JETZT BEWERBEN! - KVG Cuxhaven\" \/>\n<meta property=\"og:description\" content=\"Jetzt Bewerben DEINE BEWERBUNG Bewerbung versendet, aber keine Antwort oder R\u00fcckmeldung erhalten: Was jetzt tun? Schreib uns eine E-Mail an: bewerbung@cebus-celle.de Online-Bewerbungsformular \u201e*\u201c zeigt erforderliche Felder an Bewerbung als* Pers\u00f6nliche Angaben AnredeFrauHerrDiversohne Angabe Name* Vorname Nachname Anschrift* Anschrift Ort PLZ AfghanistanAlbanienAlgerienAmerikanisch-SamoaAmerikanische JungferninselnAndorraAngolaAnguillaAntarktisAntigua und BarbudaArgentinienArmenienArubaAserbaidschanAustralienBahamasBahrainBangladeshBarbadosBelgienBelizeBeninBermudaBhutanBolivienBosnien und HerzegowinaBotswanaBouvetinselBrasilienBritische JungferninselnBritisches Territorium im Indischen OzeanBrunei DarussalamBulgarienBurkina FasoBurundiCaymen InselnChileChinaCookinselnCosta RicaCura\u00e7aoC\u00f4te d&#039;IvoireDemokratische Volksrepublik LaosDeutschlandDjiboutiDominicaDominikanische RepublikD\u00e4nemarkEcuadorEl SalvadorEritreaEstlandEswatiniFalklandinselnFidschiFinnlandFrankreichFranz\u00f6sisch-GuayanaFranz\u00f6sisch-PolynesienFranz\u00f6sische S\u00fcd- und AntarktisgebieteFutuna (Wallis und Futuna)F\u00e4r\u00f6er-InselnGabunGambiaGeorgiaGhanaGibraltarGrenadaGriechenlandGro\u00dfbritannienGr\u00f6nlandGuadeloupeGuamGuatemalaGuernseyGuineaGuinea-BissauGuyanaHaitiHeard und McDonaldinselnHeiliger StuhlHondurasHongkongIndienIndonesienIrakIranIrlandIslandIsle of ManIsraelItalienJamaikaJapanJemenJerseyJordanienKambodschaKamerunKanadaKap VerdeKaribische NiederlandeKasachstanKatarKeniaKirgistanKiribatiKokosinselnKolumbienKomorenKongoKongo, Demokratische Republik desKorea. Demokratische VolksrepublikKroatienKubaKuwaitLesothoLettlandLibanonLiberiaLibyenLiechtensteinLitauenLuxemburgMacauMadagaskarMalawiMalaysiaMaledivenMaliMaltaMarokkoMarshall-InselnMartiniqueMauretanienMauritiusMayotteMexikoMikronesienMoldawienMonacoMongoleiMontenegroMontserratMosambikMyanmarNamibiaNauruNepalNeukaledonienNeuseelandNicaraguaNiederlandeNigerNigeriaNiueNordmazedonienNorfolkinselNorwegenN\u00f6rdliche MarianenOmanOsttimorPakistanPalauPal\u00e4stina, BundesstaatPanamaPapua Neu GuineaParaguayPeruPhilippinenPitcairninselnPolenPortugalPuerto RicoRuandaRum\u00e4nienRussische F\u00f6derationR\u00e9unionSaint-Barth\u00e9lemySaint-Pierre und MiquelonSalomonenSambiaSamoaSan MarinoSaudi-ArabienSchwedenSchweizSenegalSerbienSeychellenSierra LeoneSimbabweSingapurSint MaartenSlovenienSlowakeiSomaliaSpanienSri LankaSt. Helena, Ascension und Tristan da CunhaSt. Kitts und NevisSt. LuciaSt. MartinSt. Vincent und die GrenadinenSudanSurinamSvalbard und Jan MayenSyrien, Arabische RepublikS\u00e3o Tom\u00e9 und Pr\u00edncipeS\u00fcdafrikaS\u00fcdgeorgien und die S\u00fcdlichen SandwichinselnS\u00fcdkoreaS\u00fcdsudanTadschikistanTaiwanTansania, Vereinte RepublikThailandTogoTokelauTongaTrinidad und TobagoTschadTschechienTunesienTurkmenistanTurks- und CaicosinselnTuvaluT\u00fcrkeiU.S.A.US Minor Outlying IslandsUgandaUkraineUngarnUruguayUsbekistanVanuatuVenezuelaVereinigte Arabische EmirateVietnamWeihnachtsinselWei\u00dfrusslandWestsaharaZentralafrikanische RepublikZypern\u00c4gypten\u00c4quatorial Guinea\u00c4thopien\u00c5landinseln\u00d6sterreich Land Geburtsdatum MM Schr\u00e4gstrich TT Schr\u00e4gstrich JJJJ Kontakt E-Mail* Telefon* Verf\u00fcgbarkeit Antritt der Stelle ab MM Schr\u00e4gstrich TT Schr\u00e4gstrich JJJJ Anschreiben &#038; Lebenslauf bitte getrennt voneinander hochladen. AnschreibenMax. Dateigr\u00f6\u00dfe: 32 MB. Alternativ: Anschreiben verfassen Anschreiben verfassenLebenslauf*Max. Dateigr\u00f6\u00dfe: 32 MB. Weitere Anlagen (Zeugnisse, Bescheinigungen, Nachweise&#8230;) Ziehe Dateien hier her oder W\u00e4hle Dateien aus Max. Dateigr\u00f6\u00dfe: 32 MB, Max. Dateien: 10. Wie sind Sie auf uns aufmerksam geworden?* Zeitung Plakat Heckaufkleber (Bus) Bodenaufkleber Anh\u00e4ngerwerbung Zaunbanner Social Media (Instagram, Facebook&#8230;) Online-Werbung Website Jobb\u00f6rse \/ Stellenb\u00f6rse Messe \/ Veranstaltung Mitarbeiterempfehlung Freunde \/ Bekannte Sonstiges Datenschutz* Ich habe die Datenschutzerkl\u00e4rung gelesen und willige in die Verarbeitung meiner personenbezogenen Daten ein. Datenspeicherung Ich willige ein, dass meine Daten bis auf Widerruf auch f\u00fcr weitere auf mich passende Stellen im Talentpool der Unternehmensgruppe gespeichert und verarbeitet werden d\u00fcrfen. CAPTCHA\" \/>\n<meta property=\"og:url\" content=\"https:\/\/kvg-bus.de\/cuxhaven\/jobs-and-careers\/online-application\/\" \/>\n<meta property=\"og:site_name\" content=\"KVG Cuxhaven\" \/>\n<meta property=\"article:modified_time\" content=\"2024-04-04T14:17:05+00:00\" \/>\n<meta name=\"twitter:card\" content=\"summary_large_image\" \/>\n<meta name=\"twitter:label1\" content=\"Estimated reading time\" \/>\n\t<meta name=\"twitter:data1\" content=\"5 minutes\" \/>\n<script type=\"application\/ld+json\" class=\"yoast-schema-graph\">{\"@context\":\"https:\\\/\\\/schema.org\",\"@graph\":[{\"@type\":\"WebPage\",\"@id\":\"https:\\\/\\\/kvg-bus.de\\\/cuxhaven\\\/jobs-und-karriere\\\/online-bewerbung\\\/\",\"url\":\"https:\\\/\\\/kvg-bus.de\\\/cuxhaven\\\/jobs-und-karriere\\\/online-bewerbung\\\/\",\"name\":\"JETZT BEWERBEN! - KVG Cuxhaven\",\"isPartOf\":{\"@id\":\"https:\\\/\\\/kvg-bus.de\\\/cuxhaven\\\/#website\"},\"datePublished\":\"2023-06-22T11:28:05+00:00\",\"dateModified\":\"2024-04-04T14:17:05+00:00\",\"breadcrumb\":{\"@id\":\"https:\\\/\\\/kvg-bus.de\\\/cuxhaven\\\/jobs-und-karriere\\\/online-bewerbung\\\/#breadcrumb\"},\"inLanguage\":\"en-GB\",\"potentialAction\":[{\"@type\":\"ReadAction\",\"target\":[\"https:\\\/\\\/kvg-bus.de\\\/cuxhaven\\\/jobs-und-karriere\\\/online-bewerbung\\\/\"]}]},{\"@type\":\"BreadcrumbList\",\"@id\":\"https:\\\/\\\/kvg-bus.de\\\/cuxhaven\\\/jobs-und-karriere\\\/online-bewerbung\\\/#breadcrumb\",\"itemListElement\":[{\"@type\":\"ListItem\",\"position\":1,\"name\":\"Startseite\",\"item\":\"https:\\\/\\\/kvg-bus.de\\\/cuxhaven\\\/\"},{\"@type\":\"ListItem\",\"position\":2,\"name\":\"Jobs &#038; Karriere\",\"item\":\"https:\\\/\\\/kvg-bus.de\\\/cuxhaven\\\/jobs-und-karriere\\\/\"},{\"@type\":\"ListItem\",\"position\":3,\"name\":\"JETZT BEWERBEN!\"}]},{\"@type\":\"WebSite\",\"@id\":\"https:\\\/\\\/kvg-bus.de\\\/cuxhaven\\\/#website\",\"url\":\"https:\\\/\\\/kvg-bus.de\\\/cuxhaven\\\/\",\"name\":\"KVG Cuxhaven\",\"description\":\"\",\"publisher\":{\"@id\":\"https:\\\/\\\/kvg-bus.de\\\/cuxhaven\\\/#organization\"},\"potentialAction\":[{\"@type\":\"SearchAction\",\"target\":{\"@type\":\"EntryPoint\",\"urlTemplate\":\"https:\\\/\\\/kvg-bus.de\\\/cuxhaven\\\/?s={search_term_string}\"},\"query-input\":{\"@type\":\"PropertyValueSpecification\",\"valueRequired\":true,\"valueName\":\"search_term_string\"}}],\"inLanguage\":\"en-GB\"},{\"@type\":\"Organization\",\"@id\":\"https:\\\/\\\/kvg-bus.de\\\/cuxhaven\\\/#organization\",\"name\":\"KVG Cuxhaven\",\"url\":\"https:\\\/\\\/kvg-bus.de\\\/cuxhaven\\\/\",\"logo\":{\"@type\":\"ImageObject\",\"inLanguage\":\"en-GB\",\"@id\":\"https:\\\/\\\/kvg-bus.de\\\/cuxhaven\\\/#\\\/schema\\\/logo\\\/image\\\/\",\"url\":\"https:\\\/\\\/kvg-bus.de\\\/cuxhaven\\\/wp-content\\\/uploads\\\/sites\\\/14\\\/kvg_logo-1.svg\",\"contentUrl\":\"https:\\\/\\\/kvg-bus.de\\\/cuxhaven\\\/wp-content\\\/uploads\\\/sites\\\/14\\\/kvg_logo-1.svg\",\"caption\":\"KVG Cuxhaven\"},\"image\":{\"@id\":\"https:\\\/\\\/kvg-bus.de\\\/cuxhaven\\\/#\\\/schema\\\/logo\\\/image\\\/\"}}]}<\/script>\n<!-- \/ Yoast SEO plugin. -->","yoast_head_json":{"title":"APPLY NOW! - KVG Cuxhaven","robots":{"index":"index","follow":"follow","max-snippet":"max-snippet:-1","max-image-preview":"max-image-preview:large","max-video-preview":"max-video-preview:-1"},"canonical":"https:\/\/kvg-bus.de\/cuxhaven\/jobs-and-careers\/online-application\/","og_locale":"en_GB","og_type":"article","og_title":"JETZT BEWERBEN! - KVG Cuxhaven","og_description":"Jetzt Bewerben DEINE BEWERBUNG Bewerbung versendet, aber keine Antwort oder R\u00fcckmeldung erhalten: Was jetzt tun? Schreib uns eine E-Mail an: bewerbung@cebus-celle.de Online-Bewerbungsformular \u201e*\u201c zeigt erforderliche Felder an Bewerbung als* Pers\u00f6nliche Angaben AnredeFrauHerrDiversohne Angabe Name* Vorname Nachname Anschrift* Anschrift Ort PLZ AfghanistanAlbanienAlgerienAmerikanisch-SamoaAmerikanische JungferninselnAndorraAngolaAnguillaAntarktisAntigua und BarbudaArgentinienArmenienArubaAserbaidschanAustralienBahamasBahrainBangladeshBarbadosBelgienBelizeBeninBermudaBhutanBolivienBosnien und HerzegowinaBotswanaBouvetinselBrasilienBritische JungferninselnBritisches Territorium im Indischen OzeanBrunei DarussalamBulgarienBurkina FasoBurundiCaymen InselnChileChinaCookinselnCosta RicaCura\u00e7aoC\u00f4te d&#039;IvoireDemokratische Volksrepublik LaosDeutschlandDjiboutiDominicaDominikanische RepublikD\u00e4nemarkEcuadorEl SalvadorEritreaEstlandEswatiniFalklandinselnFidschiFinnlandFrankreichFranz\u00f6sisch-GuayanaFranz\u00f6sisch-PolynesienFranz\u00f6sische S\u00fcd- und AntarktisgebieteFutuna (Wallis und Futuna)F\u00e4r\u00f6er-InselnGabunGambiaGeorgiaGhanaGibraltarGrenadaGriechenlandGro\u00dfbritannienGr\u00f6nlandGuadeloupeGuamGuatemalaGuernseyGuineaGuinea-BissauGuyanaHaitiHeard und McDonaldinselnHeiliger StuhlHondurasHongkongIndienIndonesienIrakIranIrlandIslandIsle of ManIsraelItalienJamaikaJapanJemenJerseyJordanienKambodschaKamerunKanadaKap VerdeKaribische NiederlandeKasachstanKatarKeniaKirgistanKiribatiKokosinselnKolumbienKomorenKongoKongo, Demokratische Republik desKorea. Demokratische VolksrepublikKroatienKubaKuwaitLesothoLettlandLibanonLiberiaLibyenLiechtensteinLitauenLuxemburgMacauMadagaskarMalawiMalaysiaMaledivenMaliMaltaMarokkoMarshall-InselnMartiniqueMauretanienMauritiusMayotteMexikoMikronesienMoldawienMonacoMongoleiMontenegroMontserratMosambikMyanmarNamibiaNauruNepalNeukaledonienNeuseelandNicaraguaNiederlandeNigerNigeriaNiueNordmazedonienNorfolkinselNorwegenN\u00f6rdliche MarianenOmanOsttimorPakistanPalauPal\u00e4stina, BundesstaatPanamaPapua Neu GuineaParaguayPeruPhilippinenPitcairninselnPolenPortugalPuerto RicoRuandaRum\u00e4nienRussische F\u00f6derationR\u00e9unionSaint-Barth\u00e9lemySaint-Pierre und MiquelonSalomonenSambiaSamoaSan MarinoSaudi-ArabienSchwedenSchweizSenegalSerbienSeychellenSierra LeoneSimbabweSingapurSint MaartenSlovenienSlowakeiSomaliaSpanienSri LankaSt. Helena, Ascension und Tristan da CunhaSt. Kitts und NevisSt. LuciaSt. MartinSt. Vincent und die GrenadinenSudanSurinamSvalbard und Jan MayenSyrien, Arabische RepublikS\u00e3o Tom\u00e9 und Pr\u00edncipeS\u00fcdafrikaS\u00fcdgeorgien und die S\u00fcdlichen SandwichinselnS\u00fcdkoreaS\u00fcdsudanTadschikistanTaiwanTansania, Vereinte RepublikThailandTogoTokelauTongaTrinidad und TobagoTschadTschechienTunesienTurkmenistanTurks- und CaicosinselnTuvaluT\u00fcrkeiU.S.A.US Minor Outlying IslandsUgandaUkraineUngarnUruguayUsbekistanVanuatuVenezuelaVereinigte Arabische EmirateVietnamWeihnachtsinselWei\u00dfrusslandWestsaharaZentralafrikanische RepublikZypern\u00c4gypten\u00c4quatorial Guinea\u00c4thopien\u00c5landinseln\u00d6sterreich Land Geburtsdatum MM Schr\u00e4gstrich TT Schr\u00e4gstrich JJJJ Kontakt E-Mail* Telefon* Verf\u00fcgbarkeit Antritt der Stelle ab MM Schr\u00e4gstrich TT Schr\u00e4gstrich JJJJ Anschreiben &#038; Lebenslauf bitte getrennt voneinander hochladen. AnschreibenMax. Dateigr\u00f6\u00dfe: 32 MB. Alternativ: Anschreiben verfassen Anschreiben verfassenLebenslauf*Max. Dateigr\u00f6\u00dfe: 32 MB. Weitere Anlagen (Zeugnisse, Bescheinigungen, Nachweise&#8230;) Ziehe Dateien hier her oder W\u00e4hle Dateien aus Max. Dateigr\u00f6\u00dfe: 32 MB, Max. Dateien: 10. Wie sind Sie auf uns aufmerksam geworden?* Zeitung Plakat Heckaufkleber (Bus) Bodenaufkleber Anh\u00e4ngerwerbung Zaunbanner Social Media (Instagram, Facebook&#8230;) Online-Werbung Website Jobb\u00f6rse \/ Stellenb\u00f6rse Messe \/ Veranstaltung Mitarbeiterempfehlung Freunde \/ Bekannte Sonstiges Datenschutz* Ich habe die Datenschutzerkl\u00e4rung gelesen und willige in die Verarbeitung meiner personenbezogenen Daten ein. Datenspeicherung Ich willige ein, dass meine Daten bis auf Widerruf auch f\u00fcr weitere auf mich passende Stellen im Talentpool der Unternehmensgruppe gespeichert und verarbeitet werden d\u00fcrfen. CAPTCHA","og_url":"https:\/\/kvg-bus.de\/cuxhaven\/jobs-and-careers\/online-application\/","og_site_name":"KVG Cuxhaven","article_modified_time":"2024-04-04T14:17:05+00:00","twitter_card":"summary_large_image","twitter_misc":{"Estimated reading time":"5 minutes"},"schema":{"@context":"https:\/\/schema.org","@graph":[{"@type":"WebPage","@id":"https:\/\/kvg-bus.de\/cuxhaven\/jobs-und-karriere\/online-bewerbung\/","url":"https:\/\/kvg-bus.de\/cuxhaven\/jobs-und-karriere\/online-bewerbung\/","name":"APPLY NOW! - KVG Cuxhaven","isPartOf":{"@id":"https:\/\/kvg-bus.de\/cuxhaven\/#website"},"datePublished":"2023-06-22T11:28:05+00:00","dateModified":"2024-04-04T14:17:05+00:00","breadcrumb":{"@id":"https:\/\/kvg-bus.de\/cuxhaven\/jobs-und-karriere\/online-bewerbung\/#breadcrumb"},"inLanguage":"en-GB","potentialAction":[{"@type":"ReadAction","target":["https:\/\/kvg-bus.de\/cuxhaven\/jobs-und-karriere\/online-bewerbung\/"]}]},{"@type":"BreadcrumbList","@id":"https:\/\/kvg-bus.de\/cuxhaven\/jobs-und-karriere\/online-bewerbung\/#breadcrumb","itemListElement":[{"@type":"ListItem","position":1,"name":"Startseite","item":"https:\/\/kvg-bus.de\/cuxhaven\/"},{"@type":"ListItem","position":2,"name":"Jobs &#038; Karriere","item":"https:\/\/kvg-bus.de\/cuxhaven\/jobs-und-karriere\/"},{"@type":"ListItem","position":3,"name":"JETZT BEWERBEN!"}]},{"@type":"WebSite","@id":"https:\/\/kvg-bus.de\/cuxhaven\/#website","url":"https:\/\/kvg-bus.de\/cuxhaven\/","name":"KVG Cuxhaven","description":"","publisher":{"@id":"https:\/\/kvg-bus.de\/cuxhaven\/#organization"},"potentialAction":[{"@type":"SearchAction","target":{"@type":"EntryPoint","urlTemplate":"https:\/\/kvg-bus.de\/cuxhaven\/?s={search_term_string}"},"query-input":{"@type":"PropertyValueSpecification","valueRequired":true,"valueName":"search_term_string"}}],"inLanguage":"en-GB"},{"@type":"Organization","@id":"https:\/\/kvg-bus.de\/cuxhaven\/#organization","name":"KVG Cuxhaven","url":"https:\/\/kvg-bus.de\/cuxhaven\/","logo":{"@type":"ImageObject","inLanguage":"en-GB","@id":"https:\/\/kvg-bus.de\/cuxhaven\/#\/schema\/logo\/image\/","url":"https:\/\/kvg-bus.de\/cuxhaven\/wp-content\/uploads\/sites\/14\/kvg_logo-1.svg","contentUrl":"https:\/\/kvg-bus.de\/cuxhaven\/wp-content\/uploads\/sites\/14\/kvg_logo-1.svg","caption":"KVG Cuxhaven"},"image":{"@id":"https:\/\/kvg-bus.de\/cuxhaven\/#\/schema\/logo\/image\/"}}]}},"_links":{"self":[{"href":"https:\/\/kvg-bus.de\/cuxhaven\/en\/wp-json\/wp\/v2\/pages\/302","targetHints":{"allow":["GET"]}}],"collection":[{"href":"https:\/\/kvg-bus.de\/cuxhaven\/en\/wp-json\/wp\/v2\/pages"}],"about":[{"href":"https:\/\/kvg-bus.de\/cuxhaven\/en\/wp-json\/wp\/v2\/types\/page"}],"author":[{"embeddable":true,"href":"https:\/\/kvg-bus.de\/cuxhaven\/en\/wp-json\/wp\/v2\/users\/2"}],"replies":[{"embeddable":true,"href":"https:\/\/kvg-bus.de\/cuxhaven\/en\/wp-json\/wp\/v2\/comments?post=302"}],"version-history":[{"count":0,"href":"https:\/\/kvg-bus.de\/cuxhaven\/en\/wp-json\/wp\/v2\/pages\/302\/revisions"}],"up":[{"embeddable":true,"href":"https:\/\/kvg-bus.de\/cuxhaven\/en\/wp-json\/wp\/v2\/pages\/259"}],"wp:attachment":[{"href":"https:\/\/kvg-bus.de\/cuxhaven\/en\/wp-json\/wp\/v2\/media?parent=302"}],"curies":[{"name":"wp","href":"https:\/\/api.w.org\/{rel}","templated":true}]}}