{"id":24,"date":"2024-07-10T11:42:20","date_gmt":"2024-07-10T09:42:20","guid":{"rendered":"https:\/\/kvg-bus.de\/?page_id=24"},"modified":"2024-07-10T12:04:11","modified_gmt":"2024-07-10T10:04:11","slug":"ochrana-udaju","status":"publish","type":"page","link":"https:\/\/kvg-bus.de\/cs\/datenschutz\/","title":{"rendered":"Ochrana \u00fadaj\u016f"},"content":{"rendered":"<div data-elementor-type=\"wp-page\" data-elementor-id=\"24\" class=\"elementor elementor-24\" data-elementor-post-type=\"page\">\n\t\t\t\t<div class=\"elementor-element elementor-element-5c27d0f e-flex e-con-boxed wpr-particle-no wpr-jarallax-no wpr-parallax-no wpr-sticky-section-no wpr-equal-height-no e-con e-parent\" data-id=\"5c27d0f\" data-element_type=\"container\" data-e-type=\"container\">\n\t\t\t\t\t<div class=\"e-con-inner\">\n\t\t\t\t<div class=\"elementor-element elementor-element-3cc7d10 elementor-widget elementor-widget-heading\" data-id=\"3cc7d10\" data-element_type=\"widget\" data-e-type=\"widget\" data-widget_type=\"heading.default\">\n\t\t\t\t<div class=\"elementor-widget-container\">\n\t\t\t\t\t<h2 class=\"elementor-heading-title elementor-size-default\">OCHRANA \u00daDAJ\u016e<\/h2>\t\t\t\t<\/div>\n\t\t\t\t<\/div>\n\t\t\t\t<div class=\"elementor-element elementor-element-554b6fb elementor-widget elementor-widget-heading\" data-id=\"554b6fb\" data-element_type=\"widget\" data-e-type=\"widget\" data-widget_type=\"heading.default\">\n\t\t\t\t<div class=\"elementor-widget-container\">\n\t\t\t\t\t<h4 class=\"elementor-heading-title elementor-size-default\">V\u0161e na prvn\u00ed pohled<\/h4>\t\t\t\t<\/div>\n\t\t\t\t<\/div>\n\t\t\t\t<div class=\"elementor-element elementor-element-3022eb7 elementor-widget elementor-widget-text-editor\" data-id=\"3022eb7\" data-element_type=\"widget\" data-e-type=\"widget\" data-widget_type=\"text-editor.default\">\n\t\t\t\t<div class=\"elementor-widget-container\">\n\t\t\t\t\t\t\t\t\t<p>N\u00e1sleduj\u00edc\u00ed informace poskytuj\u00ed jednoduch\u00fd p\u0159ehled o tom, co se d\u011bje s va\u0161imi osobn\u00edmi \u00fadaji, kdy\u017e nav\u0161t\u00edv\u00edte tyto webov\u00e9 str\u00e1nky. Osobn\u00ed \u00fadaje jsou ve\u0161ker\u00e9 \u00fadaje, kter\u00e9 lze pou\u017e\u00edt k va\u0161\u00ed osobn\u00ed identifikaci. Podrobn\u00e9 informace o ochran\u011b osobn\u00edch \u00fadaj\u016f naleznete v na\u0161ich z\u00e1sad\u00e1ch ochrany osobn\u00edch \u00fadaj\u016f uveden\u00fdch pod t\u00edmto textem.<\/p>\t\t\t\t\t\t\t\t<\/div>\n\t\t\t\t<\/div>\n\t\t\t\t\t<\/div>\n\t\t\t\t<\/div>\n\t\t<div class=\"elementor-element elementor-element-0add625 e-flex e-con-boxed wpr-particle-no wpr-jarallax-no wpr-parallax-no wpr-sticky-section-no wpr-equal-height-no e-con e-parent\" data-id=\"0add625\" data-element_type=\"container\" data-e-type=\"container\">\n\t\t\t\t\t<div class=\"e-con-inner\">\n\t\t\t\t<div class=\"elementor-element elementor-element-6ff6ee1 elementor-widget elementor-widget-heading\" data-id=\"6ff6ee1\" data-element_type=\"widget\" data-e-type=\"widget\" data-widget_type=\"heading.default\">\n\t\t\t\t<div class=\"elementor-widget-container\">\n\t\t\t\t\t<h2 class=\"elementor-heading-title elementor-size-default\">Brzy jich tu bude mnohem v\u00edc, ale... no... v\u0161eho do \u010dasu.<\/h2>\t\t\t\t<\/div>\n\t\t\t\t<\/div>\n\t\t\t\t\t<\/div>\n\t\t\t\t<\/div>\n\t\t\t\t<\/div>","protected":false},"excerpt":{"rendered":"<p>OCHRANA \u00daDAJ\u016e V\u0161e na prvn\u00ed pohled N\u00e1sleduj\u00edc\u00ed informace poskytuj\u00ed jednoduch\u00fd p\u0159ehled o tom, co se d\u011bje s va\u0161imi osobn\u00edmi \u00fadaji, kdy\u017e nav\u0161t\u00edv\u00edte tyto webov\u00e9 str\u00e1nky. Osobn\u00ed \u00fadaje jsou ve\u0161ker\u00e9 \u00fadaje, kter\u00e9 lze pou\u017e\u00edt k va\u0161\u00ed osobn\u00ed identifikaci. Podrobn\u00e9 informace k t\u00e9matu ochrany osobn\u00edch \u00fadaj\u016f naleznete v na\u0161ich z\u00e1sad\u00e1ch ochrany osobn\u00edch \u00fadaj\u016f uveden\u00fdch pod t\u00edmto textem. Brzy se zde objev\u00ed mnohem v\u00edce informac\u00ed, ale... no... v\u0161eho do \u010dasu.<\/p>","protected":false},"author":1,"featured_media":0,"parent":0,"menu_order":0,"comment_status":"closed","ping_status":"closed","template":"","meta":{"footnotes":""},"class_list":["post-24","page","type-page","status-publish","hentry"],"yoast_head":"<!-- This site is optimized with the Yoast SEO plugin v27.4 - https:\/\/yoast.com\/product\/yoast-seo-wordpress\/ -->\n<title>Datenschutz - KVG Bus Portalseite<\/title>\n<meta name=\"robots\" content=\"index, follow, max-snippet:-1, max-image-preview:large, max-video-preview:-1\" \/>\n<link rel=\"canonical\" href=\"https:\/\/kvg-bus.de\/cs\/ochrana-udaju\/\" \/>\n<meta property=\"og:locale\" content=\"cs_CZ\" \/>\n<meta property=\"og:type\" content=\"article\" \/>\n<meta property=\"og:title\" content=\"Datenschutz - KVG Bus Portalseite\" \/>\n<meta property=\"og:description\" content=\"DATENSCHUTZ Alles auf einen Blick Die folgenden Hinweise geben einen einfachen \u00dcberblick dar\u00fcber, was mit deinen personenbezogenen Daten passiert, wenn du diese Website besuchst. Personenbezogene Daten sind alle Daten, mit denen du pers\u00f6nlich identifiziert werden kannst. Ausf\u00fchrliche Informationen zum Thema Datenschutz entnehme unserer unter diesem Text aufgef\u00fchrten Datenschutzerkl\u00e4rung. Hier wird bald um einiges mehr stehen, aber&#8230; nun&#8230; alles zu seiner Zeit.\" \/>\n<meta property=\"og:url\" content=\"https:\/\/kvg-bus.de\/cs\/ochrana-udaju\/\" \/>\n<meta property=\"og:site_name\" content=\"KVG Bus Portalseite\" \/>\n<meta property=\"article:modified_time\" content=\"2024-07-10T10:04:11+00:00\" \/>\n<meta name=\"twitter:card\" content=\"summary_large_image\" \/>\n<meta name=\"twitter:label1\" content=\"Odhadovan\u00e1 doba \u010dten\u00ed\" \/>\n\t<meta name=\"twitter:data1\" content=\"1 minuta\" \/>\n<script type=\"application\/ld+json\" class=\"yoast-schema-graph\">{\"@context\":\"https:\\\/\\\/schema.org\",\"@graph\":[{\"@type\":\"WebPage\",\"@id\":\"https:\\\/\\\/kvg-bus.de\\\/datenschutz\\\/\",\"url\":\"https:\\\/\\\/kvg-bus.de\\\/datenschutz\\\/\",\"name\":\"Datenschutz - KVG Bus Portalseite\",\"isPartOf\":{\"@id\":\"https:\\\/\\\/kvg-bus.de\\\/#website\"},\"datePublished\":\"2024-07-10T09:42:20+00:00\",\"dateModified\":\"2024-07-10T10:04:11+00:00\",\"breadcrumb\":{\"@id\":\"https:\\\/\\\/kvg-bus.de\\\/datenschutz\\\/#breadcrumb\"},\"inLanguage\":\"cs\",\"potentialAction\":[{\"@type\":\"ReadAction\",\"target\":[\"https:\\\/\\\/kvg-bus.de\\\/datenschutz\\\/\"]}]},{\"@type\":\"BreadcrumbList\",\"@id\":\"https:\\\/\\\/kvg-bus.de\\\/datenschutz\\\/#breadcrumb\",\"itemListElement\":[{\"@type\":\"ListItem\",\"position\":1,\"name\":\"Startseite\",\"item\":\"https:\\\/\\\/kvg-bus.de\\\/\"},{\"@type\":\"ListItem\",\"position\":2,\"name\":\"Datenschutz\"}]},{\"@type\":\"WebSite\",\"@id\":\"https:\\\/\\\/kvg-bus.de\\\/#website\",\"url\":\"https:\\\/\\\/kvg-bus.de\\\/\",\"name\":\"KVG Bus Portalseite\",\"description\":\"\",\"publisher\":{\"@id\":\"https:\\\/\\\/kvg-bus.de\\\/#organization\"},\"potentialAction\":[{\"@type\":\"SearchAction\",\"target\":{\"@type\":\"EntryPoint\",\"urlTemplate\":\"https:\\\/\\\/kvg-bus.de\\\/?s={search_term_string}\"},\"query-input\":{\"@type\":\"PropertyValueSpecification\",\"valueRequired\":true,\"valueName\":\"search_term_string\"}}],\"inLanguage\":\"cs\"},{\"@type\":\"Organization\",\"@id\":\"https:\\\/\\\/kvg-bus.de\\\/#organization\",\"name\":\"KVG Bus Portalseite\",\"url\":\"https:\\\/\\\/kvg-bus.de\\\/\",\"logo\":{\"@type\":\"ImageObject\",\"inLanguage\":\"cs\",\"@id\":\"https:\\\/\\\/kvg-bus.de\\\/#\\\/schema\\\/logo\\\/image\\\/\",\"url\":\"https:\\\/\\\/kvg-bus.de\\\/wp-content\\\/uploads\\\/sites\\\/14\\\/kvg_logo-1.svg\",\"contentUrl\":\"https:\\\/\\\/kvg-bus.de\\\/wp-content\\\/uploads\\\/sites\\\/14\\\/kvg_logo-1.svg\",\"caption\":\"KVG Bus Portalseite\"},\"image\":{\"@id\":\"https:\\\/\\\/kvg-bus.de\\\/#\\\/schema\\\/logo\\\/image\\\/\"}}]}<\/script>\n<!-- \/ Yoast SEO plugin. -->","yoast_head_json":{"title":"Ochrana \u00fadaj\u016f - str\u00e1nka port\u00e1lu KVG Bus","robots":{"index":"index","follow":"follow","max-snippet":"max-snippet:-1","max-image-preview":"max-image-preview:large","max-video-preview":"max-video-preview:-1"},"canonical":"https:\/\/kvg-bus.de\/cs\/ochrana-udaju\/","og_locale":"cs_CZ","og_type":"article","og_title":"Datenschutz - KVG Bus Portalseite","og_description":"DATENSCHUTZ Alles auf einen Blick Die folgenden Hinweise geben einen einfachen \u00dcberblick dar\u00fcber, was mit deinen personenbezogenen Daten passiert, wenn du diese Website besuchst. Personenbezogene Daten sind alle Daten, mit denen du pers\u00f6nlich identifiziert werden kannst. Ausf\u00fchrliche Informationen zum Thema Datenschutz entnehme unserer unter diesem Text aufgef\u00fchrten Datenschutzerkl\u00e4rung. Hier wird bald um einiges mehr stehen, aber&#8230; nun&#8230; alles zu seiner Zeit.","og_url":"https:\/\/kvg-bus.de\/cs\/ochrana-udaju\/","og_site_name":"KVG Bus Portalseite","article_modified_time":"2024-07-10T10:04:11+00:00","twitter_card":"summary_large_image","twitter_misc":{"Odhadovan\u00e1 doba \u010dten\u00ed":"1 minuta"},"schema":{"@context":"https:\/\/schema.org","@graph":[{"@type":"WebPage","@id":"https:\/\/kvg-bus.de\/datenschutz\/","url":"https:\/\/kvg-bus.de\/datenschutz\/","name":"Ochrana \u00fadaj\u016f - str\u00e1nka port\u00e1lu KVG Bus","isPartOf":{"@id":"https:\/\/kvg-bus.de\/#website"},"datePublished":"2024-07-10T09:42:20+00:00","dateModified":"2024-07-10T10:04:11+00:00","breadcrumb":{"@id":"https:\/\/kvg-bus.de\/datenschutz\/#breadcrumb"},"inLanguage":"cs","potentialAction":[{"@type":"ReadAction","target":["https:\/\/kvg-bus.de\/datenschutz\/"]}]},{"@type":"BreadcrumbList","@id":"https:\/\/kvg-bus.de\/datenschutz\/#breadcrumb","itemListElement":[{"@type":"ListItem","position":1,"name":"Startseite","item":"https:\/\/kvg-bus.de\/"},{"@type":"ListItem","position":2,"name":"Datenschutz"}]},{"@type":"WebSite","@id":"https:\/\/kvg-bus.de\/#website","url":"https:\/\/kvg-bus.de\/","name":"Str\u00e1nka port\u00e1lu KVG Bus","description":"","publisher":{"@id":"https:\/\/kvg-bus.de\/#organization"},"potentialAction":[{"@type":"SearchAction","target":{"@type":"EntryPoint","urlTemplate":"https:\/\/kvg-bus.de\/?s={search_term_string}"},"query-input":{"@type":"PropertyValueSpecification","valueRequired":true,"valueName":"search_term_string"}}],"inLanguage":"cs"},{"@type":"Organization","@id":"https:\/\/kvg-bus.de\/#organization","name":"Str\u00e1nka port\u00e1lu KVG Bus","url":"https:\/\/kvg-bus.de\/","logo":{"@type":"ImageObject","inLanguage":"cs","@id":"https:\/\/kvg-bus.de\/#\/schema\/logo\/image\/","url":"https:\/\/kvg-bus.de\/wp-content\/uploads\/sites\/14\/kvg_logo-1.svg","contentUrl":"https:\/\/kvg-bus.de\/wp-content\/uploads\/sites\/14\/kvg_logo-1.svg","caption":"KVG Bus Portalseite"},"image":{"@id":"https:\/\/kvg-bus.de\/#\/schema\/logo\/image\/"}}]}},"_links":{"self":[{"href":"https:\/\/kvg-bus.de\/cs\/wp-json\/wp\/v2\/pages\/24","targetHints":{"allow":["GET"]}}],"collection":[{"href":"https:\/\/kvg-bus.de\/cs\/wp-json\/wp\/v2\/pages"}],"about":[{"href":"https:\/\/kvg-bus.de\/cs\/wp-json\/wp\/v2\/types\/page"}],"author":[{"embeddable":true,"href":"https:\/\/kvg-bus.de\/cs\/wp-json\/wp\/v2\/users\/1"}],"replies":[{"embeddable":true,"href":"https:\/\/kvg-bus.de\/cs\/wp-json\/wp\/v2\/comments?post=24"}],"version-history":[{"count":0,"href":"https:\/\/kvg-bus.de\/cs\/wp-json\/wp\/v2\/pages\/24\/revisions"}],"wp:attachment":[{"href":"https:\/\/kvg-bus.de\/cs\/wp-json\/wp\/v2\/media?parent=24"}],"curies":[{"name":"wp","href":"https:\/\/api.w.org\/{rel}","templated":true}]}}