{"id":304,"date":"2025-06-25T13:07:33","date_gmt":"2025-06-25T11:07:33","guid":{"rendered":"https:\/\/kvg-bus.de\/cebus\/impressum\/"},"modified":"2025-06-25T13:08:43","modified_gmt":"2025-06-25T11:08:43","slug":"impressum","status":"publish","type":"page","link":"https:\/\/kvg-bus.de\/cebus\/impressum\/","title":{"rendered":"Impressum"},"content":{"rendered":"\t\t<div data-elementor-type=\"wp-page\" data-elementor-id=\"304\" class=\"elementor elementor-304\" data-elementor-post-type=\"page\">\n\t\t\t\t\t\t<section class=\"elementor-section elementor-top-section elementor-element elementor-element-3874a439 margin-left-0 elementor-section-boxed elementor-section-height-default elementor-section-height-default wpr-particle-no wpr-jarallax-no wpr-parallax-no wpr-sticky-section-no wpr-equal-height-no\" data-id=\"3874a439\" data-element_type=\"section\" data-e-type=\"section\">\n\t\t\t\t\t\t<div class=\"elementor-container elementor-column-gap-default\">\n\t\t\t\t\t<div class=\"elementor-column elementor-col-50 elementor-top-column elementor-element elementor-element-7461be2b\" data-id=\"7461be2b\" data-element_type=\"column\" data-e-type=\"column\">\n\t\t\t<div class=\"elementor-widget-wrap elementor-element-populated\">\n\t\t\t\t\t\t<div class=\"elementor-element elementor-element-106e42a5 elementor-widget elementor-widget-heading\" data-id=\"106e42a5\" data-element_type=\"widget\" data-e-type=\"widget\" data-widget_type=\"heading.default\">\n\t\t\t\t<div class=\"elementor-widget-container\">\n\t\t\t\t\t<h2 class=\"elementor-heading-title elementor-size-default\">IMPRESSUM<\/h2>\t\t\t\t<\/div>\n\t\t\t\t<\/div>\n\t\t\t\t<div class=\"elementor-element elementor-element-27ab4603 mb-0 elementor-widget elementor-widget-text-editor\" data-id=\"27ab4603\" data-element_type=\"widget\" data-e-type=\"widget\" data-widget_type=\"text-editor.default\">\n\t\t\t\t<div class=\"elementor-widget-container\">\n\t\t\t\t\t\t\t\t\t<p><strong>CeBus GmbH &amp; Co. KG<\/strong><\/p>\t\t\t\t\t\t\t\t<\/div>\n\t\t\t\t<\/div>\n\t\t\t\t<div class=\"elementor-element elementor-element-467bda7d mb-1 elementor-widget elementor-widget-text-editor\" data-id=\"467bda7d\" data-element_type=\"widget\" data-e-type=\"widget\" data-widget_type=\"text-editor.default\">\n\t\t\t\t<div class=\"elementor-widget-container\">\n\t\t\t\t\t\t\t\t\t<p>Nienburger Str. 50<br \/>29225 Celle<\/p>\t\t\t\t\t\t\t\t<\/div>\n\t\t\t\t<\/div>\n\t\t\t\t<div class=\"elementor-element elementor-element-20e9bf89 elementor-align-start elementor-list-item-link-inline elementor-mobile-align-start elementor-icon-list--layout-traditional elementor-widget elementor-widget-icon-list\" data-id=\"20e9bf89\" data-element_type=\"widget\" data-e-type=\"widget\" data-widget_type=\"icon-list.default\">\n\t\t\t\t<div class=\"elementor-widget-container\">\n\t\t\t\t\t\t\t<ul class=\"elementor-icon-list-items\">\n\t\t\t\t\t\t\t<li class=\"elementor-icon-list-item\">\n\t\t\t\t\t\t\t\t\t\t\t<a href=\"tel:05130583830\">\n\n\t\t\t\t\t\t\t\t\t\t\t\t<span class=\"elementor-icon-list-icon\">\n\t\t\t\t\t\t\t<svg aria-hidden=\"true\" class=\"e-font-icon-svg e-fas-phone-alt\" viewBox=\"0 0 512 512\" xmlns=\"http:\/\/www.w3.org\/2000\/svg\"><path d=\"M497.39 361.8l-112-48a24 24 0 0 0-28 6.9l-49.6 60.6A370.66 370.66 0 0 1 130.6 204.11l60.6-49.6a23.94 23.94 0 0 0 6.9-28l-48-112A24.16 24.16 0 0 0 122.6.61l-104 24A24 24 0 0 0 0 48c0 256.5 207.9 464 464 464a24 24 0 0 0 23.4-18.6l24-104a24.29 24.29 0 0 0-14.01-27.6z\"><\/path><\/svg>\t\t\t\t\t\t<\/span>\n\t\t\t\t\t\t\t\t\t\t<span class=\"elementor-icon-list-text\">05141 48708-0<\/span>\n\t\t\t\t\t\t\t\t\t\t\t<\/a>\n\t\t\t\t\t\t\t\t\t<\/li>\n\t\t\t\t\t\t\t\t<li class=\"elementor-icon-list-item\">\n\t\t\t\t\t\t\t\t\t\t\t<a href=\"fax:051414870839\">\n\n\t\t\t\t\t\t\t\t\t\t\t\t<span class=\"elementor-icon-list-icon\">\n\t\t\t\t\t\t\t<svg aria-hidden=\"true\" class=\"e-font-icon-svg e-fas-fax\" viewBox=\"0 0 512 512\" xmlns=\"http:\/\/www.w3.org\/2000\/svg\"><path d=\"M480 160V77.25a32 32 0 0 0-9.38-22.63L425.37 9.37A32 32 0 0 0 402.75 0H160a32 32 0 0 0-32 32v448a32 32 0 0 0 32 32h320a32 32 0 0 0 32-32V192a32 32 0 0 0-32-32zM288 432a16 16 0 0 1-16 16h-32a16 16 0 0 1-16-16v-32a16 16 0 0 1 16-16h32a16 16 0 0 1 16 16zm0-128a16 16 0 0 1-16 16h-32a16 16 0 0 1-16-16v-32a16 16 0 0 1 16-16h32a16 16 0 0 1 16 16zm128 128a16 16 0 0 1-16 16h-32a16 16 0 0 1-16-16v-32a16 16 0 0 1 16-16h32a16 16 0 0 1 16 16zm0-128a16 16 0 0 1-16 16h-32a16 16 0 0 1-16-16v-32a16 16 0 0 1 16-16h32a16 16 0 0 1 16 16zm0-112H192V64h160v48a16 16 0 0 0 16 16h48zM64 128H32a32 32 0 0 0-32 32v320a32 32 0 0 0 32 32h32a32 32 0 0 0 32-32V160a32 32 0 0 0-32-32z\"><\/path><\/svg>\t\t\t\t\t\t<\/span>\n\t\t\t\t\t\t\t\t\t\t<span class=\"elementor-icon-list-text\">05141 48708-39<\/span>\n\t\t\t\t\t\t\t\t\t\t\t<\/a>\n\t\t\t\t\t\t\t\t\t<\/li>\n\t\t\t\t\t\t\t\t<li class=\"elementor-icon-list-item\">\n\t\t\t\t\t\t\t\t\t\t\t<a href=\"mailto:info@cebus-celle.de\">\n\n\t\t\t\t\t\t\t\t\t\t\t\t<span class=\"elementor-icon-list-icon\">\n\t\t\t\t\t\t\t<svg aria-hidden=\"true\" class=\"e-font-icon-svg e-fas-paper-plane\" viewBox=\"0 0 512 512\" xmlns=\"http:\/\/www.w3.org\/2000\/svg\"><path d=\"M476 3.2L12.5 270.6c-18.1 10.4-15.8 35.6 2.2 43.2L121 358.4l287.3-253.2c5.5-4.9 13.3 2.6 8.6 8.3L176 407v80.5c0 23.6 28.5 32.9 42.5 15.8L282 426l124.6 52.2c14.2 6 30.4-2.9 33-18.2l72-432C515 7.8 493.3-6.8 476 3.2z\"><\/path><\/svg>\t\t\t\t\t\t<\/span>\n\t\t\t\t\t\t\t\t\t\t<span class=\"elementor-icon-list-text\">info@cebus-celle.de<\/span>\n\t\t\t\t\t\t\t\t\t\t\t<\/a>\n\t\t\t\t\t\t\t\t\t<\/li>\n\t\t\t\t\t\t<\/ul>\n\t\t\t\t\t\t<\/div>\n\t\t\t\t<\/div>\n\t\t\t\t<div class=\"elementor-element elementor-element-390ea8a6 elementor-widget elementor-widget-text-editor\" data-id=\"390ea8a6\" data-element_type=\"widget\" data-e-type=\"widget\" data-widget_type=\"text-editor.default\">\n\t\t\t\t<div class=\"elementor-widget-container\">\n\t\t\t\t\t\t\t\t\t<p><strong>Gesch\u00e4ftsf\u00fchrung<\/strong><br \/>Dipl.-Kfm. Stefan Koschick, Dipl. Kffr. Katrin Driver<\/p>\n<p><strong>Handelsregistereintrag<\/strong><br \/>Amtsgericht L\u00fcneburg, HRA 100744<\/p>\n<p><strong>Umsatzsteuer-Identifikationsnummer<\/strong><br \/>DE813590475\u00a0<\/p>\n<p><strong>Redaktion <\/strong><\/p>\n<p>Sherin Prager, Birgit Peters\u00a0<\/p>\n<p><!-- \/wp:heading --><\/p>\t\t\t\t\t\t\t\t<\/div>\n\t\t\t\t<\/div>\n\t\t\t\t<div class=\"elementor-element elementor-element-1a835422 elementor-align-start elementor-list-item-link-inline elementor-mobile-align-start elementor-icon-list--layout-traditional elementor-widget elementor-widget-icon-list\" data-id=\"1a835422\" data-element_type=\"widget\" data-e-type=\"widget\" data-widget_type=\"icon-list.default\">\n\t\t\t\t<div class=\"elementor-widget-container\">\n\t\t\t\t\t\t\t<ul class=\"elementor-icon-list-items\">\n\t\t\t\t\t\t\t<li class=\"elementor-icon-list-item\">\n\t\t\t\t\t\t\t\t\t\t\t<a href=\"mailto:webmaster@cebus-celle.de\">\n\n\t\t\t\t\t\t\t\t\t\t\t\t<span class=\"elementor-icon-list-icon\">\n\t\t\t\t\t\t\t<svg aria-hidden=\"true\" class=\"e-font-icon-svg e-fas-paper-plane\" viewBox=\"0 0 512 512\" xmlns=\"http:\/\/www.w3.org\/2000\/svg\"><path d=\"M476 3.2L12.5 270.6c-18.1 10.4-15.8 35.6 2.2 43.2L121 358.4l287.3-253.2c5.5-4.9 13.3 2.6 8.6 8.3L176 407v80.5c0 23.6 28.5 32.9 42.5 15.8L282 426l124.6 52.2c14.2 6 30.4-2.9 33-18.2l72-432C515 7.8 493.3-6.8 476 3.2z\"><\/path><\/svg>\t\t\t\t\t\t<\/span>\n\t\t\t\t\t\t\t\t\t\t<span class=\"elementor-icon-list-text\">webmaster@cebus-celle.de<\/span>\n\t\t\t\t\t\t\t\t\t\t\t<\/a>\n\t\t\t\t\t\t\t\t\t<\/li>\n\t\t\t\t\t\t<\/ul>\n\t\t\t\t\t\t<\/div>\n\t\t\t\t<\/div>\n\t\t\t\t<div class=\"elementor-element elementor-element-60d17740 elementor-widget elementor-widget-text-editor\" data-id=\"60d17740\" data-element_type=\"widget\" data-e-type=\"widget\" data-widget_type=\"text-editor.default\">\n\t\t\t\t<div class=\"elementor-widget-container\">\n\t\t\t\t\t\t\t\t\t<p><strong>Genehmigungen <\/strong><\/p>\n<p>F\u00fcr Genehmigungen nach \u00a7 42 und \u00a7 43 PBefG ist in Niedersachen die Landesnahverkehrsgesellschaft Niedersachsen mbH (LNVG), Kurt-Schumacher-Stra\u00dfe 5, 30159 Hannover zust\u00e4ndig.<\/p>\n<p>F\u00fcr die Genehmigungen nach \u00a7 48 und \u00a7 49 PBefG ist in Niedersachsen jeweils die Untere Verkehrsbeh\u00f6rde (Landkreis, Region, kreisfreie Stadt) am Betriebssitz des Unternehmens zust\u00e4ndig.\u00a0<\/p>\n<p><strong>Haftungshinweis <\/strong><\/p>\n<p>Trotz sorgf\u00e4ltiger inhaltlicher Kontrolle \u00fcbernehmen wir keine Haftung f\u00fcr die Inhalte externer Links. F\u00fcr den Inhalt der verlinkten Seiten sind ausschlie\u00dflich deren Betreiber verantwortlich.\u00a0<\/p>\n<p><strong>Design &amp; Umsetzung <\/strong><\/p>\n<p><a href=\"https:\/\/blauzweig.de\/\" target=\"_blank\" rel=\"noopener\">blauzweig.de<\/a><\/p>\n<p><strong>Bildrechte<\/strong><\/p>\n<p>Soweit nicht anders angegeben:<br \/>\u00a9 CeBus GmbH &amp; Co.KG<\/p>\t\t\t\t\t\t\t\t<\/div>\n\t\t\t\t<\/div>\n\t\t\t\t\t<\/div>\n\t\t<\/div>\n\t\t\t\t<div class=\"elementor-column elementor-col-50 elementor-top-column elementor-element elementor-element-350d21e\" data-id=\"350d21e\" data-element_type=\"column\" data-e-type=\"column\">\n\t\t\t<div class=\"elementor-widget-wrap\">\n\t\t\t\t\t\t\t<\/div>\n\t\t<\/div>\n\t\t\t\t\t<\/div>\n\t\t<\/section>\n\t\t\t\t<\/div>\n\t\t","protected":false},"excerpt":{"rendered":"<p>IMPRESSUM CeBus GmbH &amp; Co. KG Nienburger Str. 5029225 Celle 05141 48708-0 05141 48708-39 info@cebus-celle.de Gesch\u00e4ftsf\u00fchrungDipl.-Kfm. Stefan Koschick, Dipl. Kffr. Katrin Driver HandelsregistereintragAmtsgericht L\u00fcneburg, HRA 100744 Umsatzsteuer-IdentifikationsnummerDE813590475\u00a0 Redaktion Sherin Prager, Birgit Peters\u00a0 webmaster@cebus-celle.de Genehmigungen F\u00fcr Genehmigungen nach \u00a7 42 und \u00a7 43 PBefG ist in Niedersachen die Landesnahverkehrsgesellschaft Niedersachsen mbH (LNVG), Kurt-Schumacher-Stra\u00dfe 5, 30159 Hannover zust\u00e4ndig. F\u00fcr die Genehmigungen nach \u00a7 48 und \u00a7 49 PBefG ist in Niedersachsen jeweils die Untere Verkehrsbeh\u00f6rde (Landkreis, Region, kreisfreie Stadt) am Betriebssitz des Unternehmens zust\u00e4ndig.\u00a0 Haftungshinweis Trotz sorgf\u00e4ltiger inhaltlicher Kontrolle \u00fcbernehmen wir keine Haftung f\u00fcr die Inhalte externer Links. F\u00fcr den Inhalt der verlinkten Seiten sind ausschlie\u00dflich deren Betreiber verantwortlich.\u00a0 Design &amp; Umsetzung blauzweig.de Bildrechte Soweit nicht anders angegeben:\u00a9 CeBus GmbH &amp; Co.KG<\/p>\n","protected":false},"author":1,"featured_media":0,"parent":0,"menu_order":0,"comment_status":"closed","ping_status":"closed","template":"","meta":{"footnotes":""},"class_list":["post-304","page","type-page","status-publish","hentry"],"yoast_head":"<!-- This site is optimized with the Yoast SEO plugin v27.4 - https:\/\/yoast.com\/product\/yoast-seo-wordpress\/ -->\n<title>Impressum - cebus<\/title>\n<meta name=\"robots\" content=\"index, follow, max-snippet:-1, max-image-preview:large, max-video-preview:-1\" \/>\n<link rel=\"canonical\" href=\"https:\/\/kvg-bus.de\/cebus\/impressum\/\" \/>\n<meta property=\"og:locale\" content=\"de_DE\" \/>\n<meta property=\"og:type\" content=\"article\" \/>\n<meta property=\"og:title\" content=\"Impressum - cebus\" \/>\n<meta property=\"og:description\" content=\"IMPRESSUM CeBus GmbH &amp; Co. KG Nienburger Str. 5029225 Celle 05141 48708-0 05141 48708-39 info@cebus-celle.de Gesch\u00e4ftsf\u00fchrungDipl.-Kfm. Stefan Koschick, Dipl. Kffr. Katrin Driver HandelsregistereintragAmtsgericht L\u00fcneburg, HRA 100744 Umsatzsteuer-IdentifikationsnummerDE813590475\u00a0 Redaktion Sherin Prager, Birgit Peters\u00a0 webmaster@cebus-celle.de Genehmigungen F\u00fcr Genehmigungen nach \u00a7 42 und \u00a7 43 PBefG ist in Niedersachen die Landesnahverkehrsgesellschaft Niedersachsen mbH (LNVG), Kurt-Schumacher-Stra\u00dfe 5, 30159 Hannover zust\u00e4ndig. F\u00fcr die Genehmigungen nach \u00a7 48 und \u00a7 49 PBefG ist in Niedersachsen jeweils die Untere Verkehrsbeh\u00f6rde (Landkreis, Region, kreisfreie Stadt) am Betriebssitz des Unternehmens zust\u00e4ndig.\u00a0 Haftungshinweis Trotz sorgf\u00e4ltiger inhaltlicher Kontrolle \u00fcbernehmen wir keine Haftung f\u00fcr die Inhalte externer Links. F\u00fcr den Inhalt der verlinkten Seiten sind ausschlie\u00dflich deren Betreiber verantwortlich.\u00a0 Design &amp; Umsetzung blauzweig.de Bildrechte Soweit nicht anders angegeben:\u00a9 CeBus GmbH &amp; Co.KG\" \/>\n<meta property=\"og:url\" content=\"https:\/\/kvg-bus.de\/cebus\/impressum\/\" \/>\n<meta property=\"og:site_name\" content=\"cebus\" \/>\n<meta property=\"article:modified_time\" content=\"2025-06-25T11:08:43+00:00\" \/>\n<meta name=\"twitter:card\" content=\"summary_large_image\" \/>\n<meta name=\"twitter:label1\" content=\"Gesch\u00e4tzte Lesezeit\" \/>\n\t<meta name=\"twitter:data1\" content=\"1\u00a0Minute\" \/>\n<script type=\"application\/ld+json\" class=\"yoast-schema-graph\">{\"@context\":\"https:\\\/\\\/schema.org\",\"@graph\":[{\"@type\":\"WebPage\",\"@id\":\"https:\\\/\\\/kvg-bus.de\\\/cebus\\\/impressum\\\/\",\"url\":\"https:\\\/\\\/kvg-bus.de\\\/cebus\\\/impressum\\\/\",\"name\":\"Impressum - cebus\",\"isPartOf\":{\"@id\":\"https:\\\/\\\/kvg-bus.de\\\/cebus\\\/#website\"},\"datePublished\":\"2025-06-25T11:07:33+00:00\",\"dateModified\":\"2025-06-25T11:08:43+00:00\",\"breadcrumb\":{\"@id\":\"https:\\\/\\\/kvg-bus.de\\\/cebus\\\/impressum\\\/#breadcrumb\"},\"inLanguage\":\"de\",\"potentialAction\":[{\"@type\":\"ReadAction\",\"target\":[\"https:\\\/\\\/kvg-bus.de\\\/cebus\\\/impressum\\\/\"]}]},{\"@type\":\"BreadcrumbList\",\"@id\":\"https:\\\/\\\/kvg-bus.de\\\/cebus\\\/impressum\\\/#breadcrumb\",\"itemListElement\":[{\"@type\":\"ListItem\",\"position\":1,\"name\":\"Startseite\",\"item\":\"https:\\\/\\\/kvg-bus.de\\\/cebus\\\/\"},{\"@type\":\"ListItem\",\"position\":2,\"name\":\"Impressum\"}]},{\"@type\":\"WebSite\",\"@id\":\"https:\\\/\\\/kvg-bus.de\\\/cebus\\\/#website\",\"url\":\"https:\\\/\\\/kvg-bus.de\\\/cebus\\\/\",\"name\":\"cebus\",\"description\":\"\",\"potentialAction\":[{\"@type\":\"SearchAction\",\"target\":{\"@type\":\"EntryPoint\",\"urlTemplate\":\"https:\\\/\\\/kvg-bus.de\\\/cebus\\\/?s={search_term_string}\"},\"query-input\":{\"@type\":\"PropertyValueSpecification\",\"valueRequired\":true,\"valueName\":\"search_term_string\"}}],\"inLanguage\":\"de\"}]}<\/script>\n<!-- \/ Yoast SEO plugin. -->","yoast_head_json":{"title":"Impressum - cebus","robots":{"index":"index","follow":"follow","max-snippet":"max-snippet:-1","max-image-preview":"max-image-preview:large","max-video-preview":"max-video-preview:-1"},"canonical":"https:\/\/kvg-bus.de\/cebus\/impressum\/","og_locale":"de_DE","og_type":"article","og_title":"Impressum - cebus","og_description":"IMPRESSUM CeBus GmbH &amp; Co. KG Nienburger Str. 5029225 Celle 05141 48708-0 05141 48708-39 info@cebus-celle.de Gesch\u00e4ftsf\u00fchrungDipl.-Kfm. Stefan Koschick, Dipl. Kffr. Katrin Driver HandelsregistereintragAmtsgericht L\u00fcneburg, HRA 100744 Umsatzsteuer-IdentifikationsnummerDE813590475\u00a0 Redaktion Sherin Prager, Birgit Peters\u00a0 webmaster@cebus-celle.de Genehmigungen F\u00fcr Genehmigungen nach \u00a7 42 und \u00a7 43 PBefG ist in Niedersachen die Landesnahverkehrsgesellschaft Niedersachsen mbH (LNVG), Kurt-Schumacher-Stra\u00dfe 5, 30159 Hannover zust\u00e4ndig. F\u00fcr die Genehmigungen nach \u00a7 48 und \u00a7 49 PBefG ist in Niedersachsen jeweils die Untere Verkehrsbeh\u00f6rde (Landkreis, Region, kreisfreie Stadt) am Betriebssitz des Unternehmens zust\u00e4ndig.\u00a0 Haftungshinweis Trotz sorgf\u00e4ltiger inhaltlicher Kontrolle \u00fcbernehmen wir keine Haftung f\u00fcr die Inhalte externer Links. F\u00fcr den Inhalt der verlinkten Seiten sind ausschlie\u00dflich deren Betreiber verantwortlich.\u00a0 Design &amp; Umsetzung blauzweig.de Bildrechte Soweit nicht anders angegeben:\u00a9 CeBus GmbH &amp; Co.KG","og_url":"https:\/\/kvg-bus.de\/cebus\/impressum\/","og_site_name":"cebus","article_modified_time":"2025-06-25T11:08:43+00:00","twitter_card":"summary_large_image","twitter_misc":{"Gesch\u00e4tzte Lesezeit":"1\u00a0Minute"},"schema":{"@context":"https:\/\/schema.org","@graph":[{"@type":"WebPage","@id":"https:\/\/kvg-bus.de\/cebus\/impressum\/","url":"https:\/\/kvg-bus.de\/cebus\/impressum\/","name":"Impressum - cebus","isPartOf":{"@id":"https:\/\/kvg-bus.de\/cebus\/#website"},"datePublished":"2025-06-25T11:07:33+00:00","dateModified":"2025-06-25T11:08:43+00:00","breadcrumb":{"@id":"https:\/\/kvg-bus.de\/cebus\/impressum\/#breadcrumb"},"inLanguage":"de","potentialAction":[{"@type":"ReadAction","target":["https:\/\/kvg-bus.de\/cebus\/impressum\/"]}]},{"@type":"BreadcrumbList","@id":"https:\/\/kvg-bus.de\/cebus\/impressum\/#breadcrumb","itemListElement":[{"@type":"ListItem","position":1,"name":"Startseite","item":"https:\/\/kvg-bus.de\/cebus\/"},{"@type":"ListItem","position":2,"name":"Impressum"}]},{"@type":"WebSite","@id":"https:\/\/kvg-bus.de\/cebus\/#website","url":"https:\/\/kvg-bus.de\/cebus\/","name":"cebus","description":"","potentialAction":[{"@type":"SearchAction","target":{"@type":"EntryPoint","urlTemplate":"https:\/\/kvg-bus.de\/cebus\/?s={search_term_string}"},"query-input":{"@type":"PropertyValueSpecification","valueRequired":true,"valueName":"search_term_string"}}],"inLanguage":"de"}]}},"_links":{"self":[{"href":"https:\/\/kvg-bus.de\/cebus\/wp-json\/wp\/v2\/pages\/304","targetHints":{"allow":["GET"]}}],"collection":[{"href":"https:\/\/kvg-bus.de\/cebus\/wp-json\/wp\/v2\/pages"}],"about":[{"href":"https:\/\/kvg-bus.de\/cebus\/wp-json\/wp\/v2\/types\/page"}],"author":[{"embeddable":true,"href":"https:\/\/kvg-bus.de\/cebus\/wp-json\/wp\/v2\/users\/1"}],"replies":[{"embeddable":true,"href":"https:\/\/kvg-bus.de\/cebus\/wp-json\/wp\/v2\/comments?post=304"}],"version-history":[{"count":0,"href":"https:\/\/kvg-bus.de\/cebus\/wp-json\/wp\/v2\/pages\/304\/revisions"}],"wp:attachment":[{"href":"https:\/\/kvg-bus.de\/cebus\/wp-json\/wp\/v2\/media?parent=304"}],"curies":[{"name":"wp","href":"https:\/\/api.w.org\/{rel}","templated":true}]}}