{"id":177,"date":"2025-06-25T13:04:01","date_gmt":"2025-06-25T11:04:01","guid":{"rendered":"https:\/\/kvg-bus.de\/cebus\/buergerbusse\/"},"modified":"2025-06-25T13:08:11","modified_gmt":"2025-06-25T11:08:11","slug":"buergerbusse","status":"publish","type":"page","link":"https:\/\/kvg-bus.de\/cebus\/buergerbusse\/","title":{"rendered":"B\u00fcrgerbusse"},"content":{"rendered":"\t\t<div data-elementor-type=\"wp-page\" data-elementor-id=\"177\" class=\"elementor elementor-177\" data-elementor-post-type=\"page\">\n\t\t\t\t\t\t<section class=\"elementor-section elementor-top-section elementor-element elementor-element-b023b85 elementor-section-boxed elementor-section-height-default elementor-section-height-default wpr-particle-no wpr-jarallax-no wpr-parallax-no wpr-sticky-section-no wpr-equal-height-no\" data-id=\"b023b85\" data-element_type=\"section\" data-e-type=\"section\">\n\t\t\t\t\t\t<div class=\"elementor-container elementor-column-gap-default\">\n\t\t\t\t\t<div class=\"elementor-column elementor-col-50 elementor-top-column elementor-element elementor-element-22e66514\" data-id=\"22e66514\" data-element_type=\"column\" data-e-type=\"column\">\n\t\t\t<div class=\"elementor-widget-wrap elementor-element-populated\">\n\t\t\t\t\t\t<div class=\"elementor-element elementor-element-19fe2f81 elementor-widget elementor-widget-heading\" data-id=\"19fe2f81\" data-element_type=\"widget\" data-e-type=\"widget\" data-widget_type=\"heading.default\">\n\t\t\t\t<div class=\"elementor-widget-container\">\n\t\t\t\t\t<h2 class=\"elementor-heading-title elementor-size-default\">B\u00dcRGERBUSSE<\/h2>\t\t\t\t<\/div>\n\t\t\t\t<\/div>\n\t\t\t\t\t<\/div>\n\t\t<\/div>\n\t\t\t\t<div class=\"elementor-column elementor-col-50 elementor-top-column elementor-element elementor-element-62d1efba\" data-id=\"62d1efba\" data-element_type=\"column\" data-e-type=\"column\">\n\t\t\t<div class=\"elementor-widget-wrap\">\n\t\t\t\t\t\t\t<\/div>\n\t\t<\/div>\n\t\t\t\t\t<\/div>\n\t\t<\/section>\n\t\t\t\t<section class=\"elementor-section elementor-top-section elementor-element elementor-element-70c7ca89 elementor-section-boxed elementor-section-height-default elementor-section-height-default wpr-particle-no wpr-jarallax-no wpr-parallax-no wpr-sticky-section-no wpr-equal-height-no\" data-id=\"70c7ca89\" data-element_type=\"section\" data-e-type=\"section\">\n\t\t\t\t\t\t<div class=\"elementor-container elementor-column-gap-default\">\n\t\t\t\t\t<div class=\"elementor-column elementor-col-50 elementor-top-column elementor-element elementor-element-1c869e10\" data-id=\"1c869e10\" data-element_type=\"column\" data-e-type=\"column\">\n\t\t\t<div class=\"elementor-widget-wrap elementor-element-populated\">\n\t\t\t\t\t\t<div class=\"elementor-element elementor-element-24f0b2e1 elementor-widget elementor-widget-text-editor\" data-id=\"24f0b2e1\" data-element_type=\"widget\" data-e-type=\"widget\" data-widget_type=\"text-editor.default\">\n\t\t\t\t<div class=\"elementor-widget-container\">\n\t\t\t\t\t\t\t\t\t<p>In einigen Gemeinden im Landkreis Celle sind B\u00fcrgerbusse unterwegs. Die B\u00fcrgerbusse fahren mit einem Kleinbussen (9-Sitzer) in Siedlungen wo wir mit unseren Bussen nicht fahren k\u00f6nnen und binden Ortschaften mit wenig Nachfrage an den \u00d6PNV an.<\/p><p>Diese f\u00fcnf B\u00fcrgerbusse sind im Landkreis Celle aktiv:<\/p><ul><li><a href=\"https:\/\/buergerbus-suedheide.de\/\" target=\"_blank\" rel=\"noopener\">B\u00fcrgerbus S\u00fcdheide e.V.<\/a><\/li><li><a href=\"https:\/\/fassberger-buergerbus.de\/\" target=\"_blank\" rel=\"noopener\">Fa\u00dfberger B\u00fcrgerbus e.V.<\/a><\/li><li><a href=\"https:\/\/www.buergerbus-eschede.de\/\" target=\"_blank\" rel=\"noopener\">B\u00fcrgerBus Eschede e.V.<\/a><\/li><li><a href=\"https:\/\/www.b\u00fcrgerbus-flotwedel.de\/\" target=\"_blank\" rel=\"noopener\">B\u00fcrgerbus f\u00fcr Flotwedel e.V.<\/a><\/li><li><a href=\"http:\/\/www.buergerbus-winsen.de\/\" target=\"_blank\" rel=\"noopener\">B\u00fcrgerbus Winsen\/Aller e.V.<\/a><\/li><\/ul><p>Die Fahrpl\u00e4ne findest du auf der jeweiligen Internetseite der B\u00fcrgerbusse.<\/p>\t\t\t\t\t\t\t\t<\/div>\n\t\t\t\t<\/div>\n\t\t\t\t\t<\/div>\n\t\t<\/div>\n\t\t\t\t<div class=\"elementor-column elementor-col-50 elementor-top-column elementor-element elementor-element-6e0080a1\" data-id=\"6e0080a1\" data-element_type=\"column\" data-e-type=\"column\">\n\t\t\t<div class=\"elementor-widget-wrap\">\n\t\t\t\t\t\t\t<\/div>\n\t\t<\/div>\n\t\t\t\t\t<\/div>\n\t\t<\/section>\n\t\t\t\t<section class=\"elementor-section elementor-top-section elementor-element elementor-element-180dd246 elementor-section-boxed elementor-section-height-default elementor-section-height-default wpr-particle-no wpr-jarallax-no wpr-parallax-no wpr-sticky-section-no wpr-equal-height-no\" data-id=\"180dd246\" data-element_type=\"section\" data-e-type=\"section\">\n\t\t\t\t\t\t<div class=\"elementor-container elementor-column-gap-default\">\n\t\t\t\t\t<div class=\"elementor-column elementor-col-100 elementor-top-column elementor-element elementor-element-46507c9c\" data-id=\"46507c9c\" data-element_type=\"column\" data-e-type=\"column\">\n\t\t\t<div class=\"elementor-widget-wrap elementor-element-populated\">\n\t\t\t\t\t\t<div class=\"elementor-element elementor-element-664b9b1d elementor-widget elementor-widget-spacer\" data-id=\"664b9b1d\" data-element_type=\"widget\" data-e-type=\"widget\" data-widget_type=\"spacer.default\">\n\t\t\t\t<div class=\"elementor-widget-container\">\n\t\t\t\t\t\t\t<div class=\"elementor-spacer\">\n\t\t\t<div class=\"elementor-spacer-inner\"><\/div>\n\t\t<\/div>\n\t\t\t\t\t\t<\/div>\n\t\t\t\t<\/div>\n\t\t\t\t\t<\/div>\n\t\t<\/div>\n\t\t\t\t\t<\/div>\n\t\t<\/section>\n\t\t\t\t<section class=\"elementor-section elementor-top-section elementor-element elementor-element-bb3bd7 elementor-section-boxed elementor-section-height-default elementor-section-height-default wpr-particle-no wpr-jarallax-no wpr-parallax-no wpr-sticky-section-no wpr-equal-height-no\" data-id=\"bb3bd7\" data-element_type=\"section\" data-e-type=\"section\">\n\t\t\t\t\t\t<div class=\"elementor-container elementor-column-gap-default\">\n\t\t\t\t\t<div class=\"elementor-column elementor-col-100 elementor-top-column elementor-element elementor-element-736e2878\" data-id=\"736e2878\" data-element_type=\"column\" data-e-type=\"column\">\n\t\t\t<div class=\"elementor-widget-wrap elementor-element-populated\">\n\t\t\t\t\t\t<div class=\"elementor-element elementor-element-4a5d1a39 elementor-widget elementor-widget-spacer\" data-id=\"4a5d1a39\" data-element_type=\"widget\" data-e-type=\"widget\" data-widget_type=\"spacer.default\">\n\t\t\t\t<div class=\"elementor-widget-container\">\n\t\t\t\t\t\t\t<div class=\"elementor-spacer\">\n\t\t\t<div class=\"elementor-spacer-inner\"><\/div>\n\t\t<\/div>\n\t\t\t\t\t\t<\/div>\n\t\t\t\t<\/div>\n\t\t\t\t\t<\/div>\n\t\t<\/div>\n\t\t\t\t\t<\/div>\n\t\t<\/section>\n\t\t\t\t<\/div>\n\t\t","protected":false},"excerpt":{"rendered":"<p>B\u00dcRGERBUSSE In einigen Gemeinden im Landkreis Celle sind B\u00fcrgerbusse unterwegs. Die B\u00fcrgerbusse fahren mit einem Kleinbussen (9-Sitzer) in Siedlungen wo wir mit unseren Bussen nicht fahren k\u00f6nnen und binden Ortschaften mit wenig Nachfrage an den \u00d6PNV an. Diese f\u00fcnf B\u00fcrgerbusse sind im Landkreis Celle aktiv: B\u00fcrgerbus S\u00fcdheide e.V. Fa\u00dfberger B\u00fcrgerbus e.V. B\u00fcrgerBus Eschede e.V. B\u00fcrgerbus f\u00fcr Flotwedel e.V. B\u00fcrgerbus Winsen\/Aller e.V. Die Fahrpl\u00e4ne findest du auf der jeweiligen Internetseite der B\u00fcrgerbusse.<\/p>\n","protected":false},"author":1,"featured_media":0,"parent":0,"menu_order":0,"comment_status":"closed","ping_status":"closed","template":"","meta":{"footnotes":""},"class_list":["post-177","page","type-page","status-publish","hentry"],"yoast_head":"<!-- This site is optimized with the Yoast SEO plugin v27.4 - https:\/\/yoast.com\/product\/yoast-seo-wordpress\/ -->\n<title>B\u00fcrgerbusse - cebus<\/title>\n<meta name=\"robots\" content=\"index, follow, max-snippet:-1, max-image-preview:large, max-video-preview:-1\" \/>\n<link rel=\"canonical\" href=\"https:\/\/kvg-bus.de\/cebus\/buergerbusse\/\" \/>\n<meta property=\"og:locale\" content=\"de_DE\" \/>\n<meta property=\"og:type\" content=\"article\" \/>\n<meta property=\"og:title\" content=\"B\u00fcrgerbusse - cebus\" \/>\n<meta property=\"og:description\" content=\"B\u00dcRGERBUSSE In einigen Gemeinden im Landkreis Celle sind B\u00fcrgerbusse unterwegs. Die B\u00fcrgerbusse fahren mit einem Kleinbussen (9-Sitzer) in Siedlungen wo wir mit unseren Bussen nicht fahren k\u00f6nnen und binden Ortschaften mit wenig Nachfrage an den \u00d6PNV an. Diese f\u00fcnf B\u00fcrgerbusse sind im Landkreis Celle aktiv: B\u00fcrgerbus S\u00fcdheide e.V. Fa\u00dfberger B\u00fcrgerbus e.V. B\u00fcrgerBus Eschede e.V. B\u00fcrgerbus f\u00fcr Flotwedel e.V. B\u00fcrgerbus Winsen\/Aller e.V. Die Fahrpl\u00e4ne findest du auf der jeweiligen Internetseite der B\u00fcrgerbusse.\" \/>\n<meta property=\"og:url\" content=\"https:\/\/kvg-bus.de\/cebus\/buergerbusse\/\" \/>\n<meta property=\"og:site_name\" content=\"cebus\" \/>\n<meta property=\"article:modified_time\" content=\"2025-06-25T11:08:11+00:00\" \/>\n<meta name=\"twitter:card\" content=\"summary_large_image\" \/>\n<script type=\"application\/ld+json\" class=\"yoast-schema-graph\">{\"@context\":\"https:\\\/\\\/schema.org\",\"@graph\":[{\"@type\":\"WebPage\",\"@id\":\"https:\\\/\\\/kvg-bus.de\\\/cebus\\\/buergerbusse\\\/\",\"url\":\"https:\\\/\\\/kvg-bus.de\\\/cebus\\\/buergerbusse\\\/\",\"name\":\"B\u00fcrgerbusse - cebus\",\"isPartOf\":{\"@id\":\"https:\\\/\\\/kvg-bus.de\\\/cebus\\\/#website\"},\"datePublished\":\"2025-06-25T11:04:01+00:00\",\"dateModified\":\"2025-06-25T11:08:11+00:00\",\"breadcrumb\":{\"@id\":\"https:\\\/\\\/kvg-bus.de\\\/cebus\\\/buergerbusse\\\/#breadcrumb\"},\"inLanguage\":\"de\",\"potentialAction\":[{\"@type\":\"ReadAction\",\"target\":[\"https:\\\/\\\/kvg-bus.de\\\/cebus\\\/buergerbusse\\\/\"]}]},{\"@type\":\"BreadcrumbList\",\"@id\":\"https:\\\/\\\/kvg-bus.de\\\/cebus\\\/buergerbusse\\\/#breadcrumb\",\"itemListElement\":[{\"@type\":\"ListItem\",\"position\":1,\"name\":\"Startseite\",\"item\":\"https:\\\/\\\/kvg-bus.de\\\/cebus\\\/\"},{\"@type\":\"ListItem\",\"position\":2,\"name\":\"B\u00fcrgerbusse\"}]},{\"@type\":\"WebSite\",\"@id\":\"https:\\\/\\\/kvg-bus.de\\\/cebus\\\/#website\",\"url\":\"https:\\\/\\\/kvg-bus.de\\\/cebus\\\/\",\"name\":\"cebus\",\"description\":\"\",\"potentialAction\":[{\"@type\":\"SearchAction\",\"target\":{\"@type\":\"EntryPoint\",\"urlTemplate\":\"https:\\\/\\\/kvg-bus.de\\\/cebus\\\/?s={search_term_string}\"},\"query-input\":{\"@type\":\"PropertyValueSpecification\",\"valueRequired\":true,\"valueName\":\"search_term_string\"}}],\"inLanguage\":\"de\"}]}<\/script>\n<!-- \/ Yoast SEO plugin. -->","yoast_head_json":{"title":"B\u00fcrgerbusse - cebus","robots":{"index":"index","follow":"follow","max-snippet":"max-snippet:-1","max-image-preview":"max-image-preview:large","max-video-preview":"max-video-preview:-1"},"canonical":"https:\/\/kvg-bus.de\/cebus\/buergerbusse\/","og_locale":"de_DE","og_type":"article","og_title":"B\u00fcrgerbusse - cebus","og_description":"B\u00dcRGERBUSSE In einigen Gemeinden im Landkreis Celle sind B\u00fcrgerbusse unterwegs. Die B\u00fcrgerbusse fahren mit einem Kleinbussen (9-Sitzer) in Siedlungen wo wir mit unseren Bussen nicht fahren k\u00f6nnen und binden Ortschaften mit wenig Nachfrage an den \u00d6PNV an. Diese f\u00fcnf B\u00fcrgerbusse sind im Landkreis Celle aktiv: B\u00fcrgerbus S\u00fcdheide e.V. Fa\u00dfberger B\u00fcrgerbus e.V. B\u00fcrgerBus Eschede e.V. B\u00fcrgerbus f\u00fcr Flotwedel e.V. B\u00fcrgerbus Winsen\/Aller e.V. Die Fahrpl\u00e4ne findest du auf der jeweiligen Internetseite der B\u00fcrgerbusse.","og_url":"https:\/\/kvg-bus.de\/cebus\/buergerbusse\/","og_site_name":"cebus","article_modified_time":"2025-06-25T11:08:11+00:00","twitter_card":"summary_large_image","schema":{"@context":"https:\/\/schema.org","@graph":[{"@type":"WebPage","@id":"https:\/\/kvg-bus.de\/cebus\/buergerbusse\/","url":"https:\/\/kvg-bus.de\/cebus\/buergerbusse\/","name":"B\u00fcrgerbusse - cebus","isPartOf":{"@id":"https:\/\/kvg-bus.de\/cebus\/#website"},"datePublished":"2025-06-25T11:04:01+00:00","dateModified":"2025-06-25T11:08:11+00:00","breadcrumb":{"@id":"https:\/\/kvg-bus.de\/cebus\/buergerbusse\/#breadcrumb"},"inLanguage":"de","potentialAction":[{"@type":"ReadAction","target":["https:\/\/kvg-bus.de\/cebus\/buergerbusse\/"]}]},{"@type":"BreadcrumbList","@id":"https:\/\/kvg-bus.de\/cebus\/buergerbusse\/#breadcrumb","itemListElement":[{"@type":"ListItem","position":1,"name":"Startseite","item":"https:\/\/kvg-bus.de\/cebus\/"},{"@type":"ListItem","position":2,"name":"B\u00fcrgerbusse"}]},{"@type":"WebSite","@id":"https:\/\/kvg-bus.de\/cebus\/#website","url":"https:\/\/kvg-bus.de\/cebus\/","name":"cebus","description":"","potentialAction":[{"@type":"SearchAction","target":{"@type":"EntryPoint","urlTemplate":"https:\/\/kvg-bus.de\/cebus\/?s={search_term_string}"},"query-input":{"@type":"PropertyValueSpecification","valueRequired":true,"valueName":"search_term_string"}}],"inLanguage":"de"}]}},"_links":{"self":[{"href":"https:\/\/kvg-bus.de\/cebus\/wp-json\/wp\/v2\/pages\/177","targetHints":{"allow":["GET"]}}],"collection":[{"href":"https:\/\/kvg-bus.de\/cebus\/wp-json\/wp\/v2\/pages"}],"about":[{"href":"https:\/\/kvg-bus.de\/cebus\/wp-json\/wp\/v2\/types\/page"}],"author":[{"embeddable":true,"href":"https:\/\/kvg-bus.de\/cebus\/wp-json\/wp\/v2\/users\/1"}],"replies":[{"embeddable":true,"href":"https:\/\/kvg-bus.de\/cebus\/wp-json\/wp\/v2\/comments?post=177"}],"version-history":[{"count":0,"href":"https:\/\/kvg-bus.de\/cebus\/wp-json\/wp\/v2\/pages\/177\/revisions"}],"wp:attachment":[{"href":"https:\/\/kvg-bus.de\/cebus\/wp-json\/wp\/v2\/media?parent=177"}],"curies":[{"name":"wp","href":"https:\/\/api.w.org\/{rel}","templated":true}]}}